{"id":127386,"date":"2025-08-06T17:20:40","date_gmt":"2025-08-06T17:20:40","guid":{"rendered":"https:\/\/www.gcx.com\/?page_id=127386"},"modified":"2025-09-26T17:40:05","modified_gmt":"2025-09-26T17:40:05","slug":"brochures-sur-les-produits","status":"publish","type":"page","link":"https:\/\/www.gcx.com\/fr\/a-propos-de-gcx\/brochures-sur-les-produits\/","title":{"rendered":"Code de conduite des fournisseurs"},"content":{"rendered":"\n<section id=\"content-block_3ebb26e56ef7c0ba4fcc55ea81560ab4\"  class=\"pt-5 pb-5\">\n  <div class=\"container\">\n  <div class=\"row\">\n    <div class=\"col-12\">\n      <div class=\"text-editor text-center fs-md\">\n        <p>GCX Corporation s&rsquo;engage \u00e0 respecter les valeurs de partenariat, d&rsquo;int\u00e9grit\u00e9 et d&rsquo;engagement dans tout ce qu&rsquo;elle fait. Des normes de conduite \u00e9lev\u00e9es sont importantes pour maintenir la confiance de nos employ\u00e9s, de nos clients et de leurs patients, des organes directeurs, de nos collaborateurs, de nos actionnaires, des autres personnes avec lesquelles nous faisons des affaires et des communaut\u00e9s dans lesquelles nous vivons et travaillons. Tous les fournisseurs de GCX et les fournisseurs tiers de biens ou de services sont tenus de faire preuve d&rsquo;int\u00e9grit\u00e9 personnelle et professionnelle.  <\/p>\n              <\/div>\n    <\/div>\n  <\/div>\n<\/div>\n<\/section>\n\n  <div id=\"brochures-block_39a794427ec78bb1a5403e4e2603bcb5\"  class=\"pt-5 pb-5 \">\n    <div class=\"container\">\n      <div class=\"row row-cols-2 row-cols-lg-4 justify-content-center g-3\">\n                            <div>\n            <div class=\"resource-card\">\n              <a href=\"https:\/\/www.gcx.com\/wp-content\/uploads\/2025\/08\/Supplier-Handbook-Code-of-Conduct.pdf\" target=\"_blank\" class=\"resource-card-image\">\n                <img decoding=\"async\" src=\"https:\/\/www.gcx.com\/wp-content\/uploads\/2025\/08\/Supplier-Handbook-Code-of-Conduct-IMAGE.jpg\" alt=\"\">\n              <\/a>\n              <h6 class=\"resource-card-title\">\n                <a href=\"https:\/\/www.gcx.com\/wp-content\/uploads\/2025\/08\/Supplier-Handbook-Code-of-Conduct.pdf\" target=\"_blank\">\n                  <i class=\"fa-regular fa-file-pdf fa-lg me-1\"><\/i>Manuel du fournisseur et code de conduite                <\/a>\n              <\/h6>\n            <\/div>\n          <\/div>\n              <\/div>\n          <\/div>\n  <\/div>\n","protected":false},"excerpt":{"rendered":"","protected":false},"author":10,"featured_media":0,"parent":113987,"menu_order":0,"comment_status":"open","ping_status":"closed","template":"","meta":{"_acf_changed":false,"content-type":"","footnotes":""},"class_list":["post-127386","page","type-page","status-publish","hentry"],"acf":[],"yoast_head":"<!-- This site is optimized with the Yoast SEO plugin v27.3 - https:\/\/yoast.com\/product\/yoast-seo-wordpress\/ -->\n<title>Code de conduite des fournisseurs - GCX Medical Mounting Solutions<\/title>\n<meta name=\"description\" content=\"La m\u00e9ta-description n&#039;est pas d\u00e9finie.\" \/>\n<meta name=\"robots\" content=\"index, follow, max-snippet:-1, max-image-preview:large, max-video-preview:-1\" \/>\n<link rel=\"canonical\" href=\"https:\/\/www.gcx.com\/fr\/a-propos-de-gcx\/brochures-sur-les-produits\/\" \/>\n<meta property=\"og:locale\" content=\"fr_FR\" \/>\n<meta property=\"og:type\" content=\"article\" \/>\n<meta property=\"og:title\" content=\"Code de conduite des fournisseurs - GCX Medical Mounting Solutions\" \/>\n<meta property=\"og:description\" content=\"La m\u00e9ta-description n&#039;est pas d\u00e9finie.\" \/>\n<meta property=\"og:url\" content=\"https:\/\/www.gcx.com\/fr\/a-propos-de-gcx\/brochures-sur-les-produits\/\" \/>\n<meta property=\"og:site_name\" content=\"Solutions de montage GCX Medical\" \/>\n<meta property=\"article:publisher\" content=\"https:\/\/www.facebook.com\/GCXMountingSolutions\/\" \/>\n<meta property=\"article:modified_time\" content=\"2025-09-26T17:40:05+00:00\" \/>\n<meta property=\"og:image\" content=\"https:\/\/www.gcx.com\/wp-content\/uploads\/2024\/02\/gcx_logo.png\" \/>\n\t<meta property=\"og:image:width\" content=\"400\" \/>\n\t<meta property=\"og:image:height\" content=\"166\" \/>\n\t<meta property=\"og:image:type\" content=\"image\/png\" \/>\n<meta name=\"twitter:card\" content=\"summary_large_image\" \/>\n<meta name=\"twitter:site\" content=\"@gcxcorp\" \/>\n<script type=\"application\/ld+json\" class=\"yoast-schema-graph\">{\"@context\":\"https:\\\/\\\/schema.org\",\"@graph\":[{\"@type\":\"WebPage\",\"@id\":\"https:\\\/\\\/www.gcx.com\\\/fr\\\/a-propos-de-gcx\\\/brochures-sur-les-produits\\\/\",\"url\":\"https:\\\/\\\/www.gcx.com\\\/fr\\\/a-propos-de-gcx\\\/brochures-sur-les-produits\\\/\",\"name\":\"Code de conduite des fournisseurs - GCX Medical Mounting Solutions\",\"isPartOf\":{\"@id\":\"https:\\\/\\\/www.gcx.com\\\/fr\\\/#website\"},\"datePublished\":\"2025-08-06T17:20:40+00:00\",\"dateModified\":\"2025-09-26T17:40:05+00:00\",\"description\":\"La m\u00e9ta-description n'est pas d\u00e9finie.\",\"breadcrumb\":{\"@id\":\"https:\\\/\\\/www.gcx.com\\\/fr\\\/a-propos-de-gcx\\\/brochures-sur-les-produits\\\/#breadcrumb\"},\"inLanguage\":\"fr-FR\",\"potentialAction\":[{\"@type\":\"ReadAction\",\"target\":[\"https:\\\/\\\/www.gcx.com\\\/fr\\\/a-propos-de-gcx\\\/brochures-sur-les-produits\\\/\"]}]},{\"@type\":\"BreadcrumbList\",\"@id\":\"https:\\\/\\\/www.gcx.com\\\/fr\\\/a-propos-de-gcx\\\/brochures-sur-les-produits\\\/#breadcrumb\",\"itemListElement\":[{\"@type\":\"ListItem\",\"position\":1,\"name\":\"Home\",\"item\":\"https:\\\/\\\/www.gcx.com\\\/fr\\\/\"},{\"@type\":\"ListItem\",\"position\":2,\"name\":\"\u00c0 propos de GCX\",\"item\":\"https:\\\/\\\/www.gcx.com\\\/fr\\\/a-propos-de-gcx\\\/\"},{\"@type\":\"ListItem\",\"position\":3,\"name\":\"Code de conduite des fournisseurs\"}]},{\"@type\":\"WebSite\",\"@id\":\"https:\\\/\\\/www.gcx.com\\\/fr\\\/#website\",\"url\":\"https:\\\/\\\/www.gcx.com\\\/fr\\\/\",\"name\":\"GCX Medical Mounting Solutions\",\"description\":\"\",\"publisher\":{\"@id\":\"https:\\\/\\\/www.gcx.com\\\/fr\\\/#organization\"},\"alternateName\":\"GCX\",\"potentialAction\":[{\"@type\":\"SearchAction\",\"target\":{\"@type\":\"EntryPoint\",\"urlTemplate\":\"https:\\\/\\\/www.gcx.com\\\/fr\\\/?s={search_term_string}\"},\"query-input\":{\"@type\":\"PropertyValueSpecification\",\"valueRequired\":true,\"valueName\":\"search_term_string\"}}],\"inLanguage\":\"fr-FR\"},{\"@type\":\"Organization\",\"@id\":\"https:\\\/\\\/www.gcx.com\\\/fr\\\/#organization\",\"name\":\"GCX Medical Mounting Solutions\",\"alternateName\":\"GCX\",\"url\":\"https:\\\/\\\/www.gcx.com\\\/fr\\\/\",\"logo\":{\"@type\":\"ImageObject\",\"inLanguage\":\"fr-FR\",\"@id\":\"https:\\\/\\\/www.gcx.com\\\/fr\\\/#\\\/schema\\\/logo\\\/image\\\/\",\"url\":\"https:\\\/\\\/www.gcx.com\\\/wp-content\\\/uploads\\\/2024\\\/02\\\/gcx_logo.png\",\"contentUrl\":\"https:\\\/\\\/www.gcx.com\\\/wp-content\\\/uploads\\\/2024\\\/02\\\/gcx_logo.png\",\"width\":400,\"height\":166,\"caption\":\"GCX Medical Mounting Solutions\"},\"image\":{\"@id\":\"https:\\\/\\\/www.gcx.com\\\/fr\\\/#\\\/schema\\\/logo\\\/image\\\/\"},\"sameAs\":[\"https:\\\/\\\/www.facebook.com\\\/GCXMountingSolutions\\\/\",\"https:\\\/\\\/x.com\\\/gcxcorp\",\"https:\\\/\\\/linkedin.com\\\/company\\\/gcx\",\"https:\\\/\\\/www.instagram.com\\\/gcxcorp\",\"https:\\\/\\\/www.youtube.com\\\/gcxcorp\"]}]}<\/script>\n<!-- \/ Yoast SEO plugin. -->","yoast_head_json":{"title":"Code de conduite des fournisseurs - GCX Medical Mounting Solutions","description":"La m\u00e9ta-description n'est pas d\u00e9finie.","robots":{"index":"index","follow":"follow","max-snippet":"max-snippet:-1","max-image-preview":"max-image-preview:large","max-video-preview":"max-video-preview:-1"},"canonical":"https:\/\/www.gcx.com\/fr\/a-propos-de-gcx\/brochures-sur-les-produits\/","og_locale":"fr_FR","og_type":"article","og_title":"Code de conduite des fournisseurs - GCX Medical Mounting Solutions","og_description":"La m\u00e9ta-description n'est pas d\u00e9finie.","og_url":"https:\/\/www.gcx.com\/fr\/a-propos-de-gcx\/brochures-sur-les-produits\/","og_site_name":"Solutions de montage GCX Medical","article_publisher":"https:\/\/www.facebook.com\/GCXMountingSolutions\/","article_modified_time":"2025-09-26T17:40:05+00:00","og_image":[{"width":400,"height":166,"url":"https:\/\/www.gcx.com\/wp-content\/uploads\/2024\/02\/gcx_logo.png","type":"image\/png"}],"twitter_card":"summary_large_image","twitter_site":"@gcxcorp","schema":{"@context":"https:\/\/schema.org","@graph":[{"@type":"WebPage","@id":"https:\/\/www.gcx.com\/fr\/a-propos-de-gcx\/brochures-sur-les-produits\/","url":"https:\/\/www.gcx.com\/fr\/a-propos-de-gcx\/brochures-sur-les-produits\/","name":"Code de conduite des fournisseurs - GCX Medical Mounting Solutions","isPartOf":{"@id":"https:\/\/www.gcx.com\/fr\/#website"},"datePublished":"2025-08-06T17:20:40+00:00","dateModified":"2025-09-26T17:40:05+00:00","description":"La m\u00e9ta-description n'est pas d\u00e9finie.","breadcrumb":{"@id":"https:\/\/www.gcx.com\/fr\/a-propos-de-gcx\/brochures-sur-les-produits\/#breadcrumb"},"inLanguage":"fr-FR","potentialAction":[{"@type":"ReadAction","target":["https:\/\/www.gcx.com\/fr\/a-propos-de-gcx\/brochures-sur-les-produits\/"]}]},{"@type":"BreadcrumbList","@id":"https:\/\/www.gcx.com\/fr\/a-propos-de-gcx\/brochures-sur-les-produits\/#breadcrumb","itemListElement":[{"@type":"ListItem","position":1,"name":"Home","item":"https:\/\/www.gcx.com\/fr\/"},{"@type":"ListItem","position":2,"name":"\u00c0 propos de GCX","item":"https:\/\/www.gcx.com\/fr\/a-propos-de-gcx\/"},{"@type":"ListItem","position":3,"name":"Code de conduite des fournisseurs"}]},{"@type":"WebSite","@id":"https:\/\/www.gcx.com\/fr\/#website","url":"https:\/\/www.gcx.com\/fr\/","name":"GCX Medical Mounting Solutions","description":"","publisher":{"@id":"https:\/\/www.gcx.com\/fr\/#organization"},"alternateName":"GCX","potentialAction":[{"@type":"SearchAction","target":{"@type":"EntryPoint","urlTemplate":"https:\/\/www.gcx.com\/fr\/?s={search_term_string}"},"query-input":{"@type":"PropertyValueSpecification","valueRequired":true,"valueName":"search_term_string"}}],"inLanguage":"fr-FR"},{"@type":"Organization","@id":"https:\/\/www.gcx.com\/fr\/#organization","name":"GCX Medical Mounting Solutions","alternateName":"GCX","url":"https:\/\/www.gcx.com\/fr\/","logo":{"@type":"ImageObject","inLanguage":"fr-FR","@id":"https:\/\/www.gcx.com\/fr\/#\/schema\/logo\/image\/","url":"https:\/\/www.gcx.com\/wp-content\/uploads\/2024\/02\/gcx_logo.png","contentUrl":"https:\/\/www.gcx.com\/wp-content\/uploads\/2024\/02\/gcx_logo.png","width":400,"height":166,"caption":"GCX Medical Mounting Solutions"},"image":{"@id":"https:\/\/www.gcx.com\/fr\/#\/schema\/logo\/image\/"},"sameAs":["https:\/\/www.facebook.com\/GCXMountingSolutions\/","https:\/\/x.com\/gcxcorp","https:\/\/linkedin.com\/company\/gcx","https:\/\/www.instagram.com\/gcxcorp","https:\/\/www.youtube.com\/gcxcorp"]}]}},"_links":{"self":[{"href":"https:\/\/www.gcx.com\/fr\/wp-json\/wp\/v2\/pages\/127386","targetHints":{"allow":["GET"]}}],"collection":[{"href":"https:\/\/www.gcx.com\/fr\/wp-json\/wp\/v2\/pages"}],"about":[{"href":"https:\/\/www.gcx.com\/fr\/wp-json\/wp\/v2\/types\/page"}],"author":[{"embeddable":true,"href":"https:\/\/www.gcx.com\/fr\/wp-json\/wp\/v2\/users\/10"}],"replies":[{"embeddable":true,"href":"https:\/\/www.gcx.com\/fr\/wp-json\/wp\/v2\/comments?post=127386"}],"version-history":[{"count":0,"href":"https:\/\/www.gcx.com\/fr\/wp-json\/wp\/v2\/pages\/127386\/revisions"}],"up":[{"embeddable":true,"href":"https:\/\/www.gcx.com\/fr\/wp-json\/wp\/v2\/pages\/113987"}],"wp:attachment":[{"href":"https:\/\/www.gcx.com\/fr\/wp-json\/wp\/v2\/media?parent=127386"}],"curies":[{"name":"wp","href":"https:\/\/api.w.org\/{rel}","templated":true}]}}