{"id":127048,"date":"2025-06-30T19:05:43","date_gmt":"2025-06-30T19:05:43","guid":{"rendered":"https:\/\/www.gcx.com\/?page_id=127048"},"modified":"2025-06-30T19:05:44","modified_gmt":"2025-06-30T19:05:44","slug":"table-de-lit-pour-lengagement-des-patients-3","status":"publish","type":"page","link":"https:\/\/www.gcx.com\/fr\/solutions\/zones-de-soins\/table-de-lit-pour-lengagement-des-patients-3\/","title":{"rendered":"Table de lit pour l&rsquo;engagement des patients"},"content":{"rendered":"\n<section id=\"content-block_a9d26d7b6e50562852c8a162ff29f6da\"  class=\"pb-5 bg-white\">\n  <div class=\"container\">\n  <div class=\"row flex-md-row-reverse\">\n          <div class=\"col-md-4 mb-4 mb-md-0\">\n                              <img decoding=\"async\" class=\"img-fluid \" src=\"https:\/\/www.gcx.com\/wp-content\/uploads\/2024\/03\/PEImage1_rev2b_0a21d3d1c1e7dbdfff1fe2c6345827e3.jpg\" alt=\"\">\n          \n              <\/div>\n        <div class=\"col-md-8\">\n      <div class=\"text-editor fs-md\">\n        <p><strong>Notre table de nuit prim\u00e9e avec le bras de tablette <sup>PRO-ADJUSTTM<\/sup> prot\u00e8ge votre investissement technologique et r\u00e9siste \u00e0 de nombreuses mises \u00e0 jour technologiques. Vos patients appr\u00e9cieront toutes les options de l&rsquo;application mobile, tandis que vos infirmi\u00e8res appr\u00e9cieront le fait qu&rsquo;il y ait moins d&rsquo;appels en salle pour des t\u00e2ches de routine d\u00e9sormais effectu\u00e9es sur une tablette.<\/strong><\/p>\n<p>L&rsquo;utilisation des tablettes par les patients se d\u00e9veloppe \u00e0 mesure que les h\u00f4pitaux d\u00e9couvrent le r\u00f4le des appareils mobiles dans l&rsquo;am\u00e9lioration de la prestation des soins tout en augmentant le taux de satisfaction des patients et du personnel infirmier. Depuis que nous avons lanc\u00e9 notre table de lit compatible avec les tablettes en 2018, GCX a \u00e9t\u00e9 \u00e0 l&rsquo;avant-garde de la fourniture de solutions de montage pour une utilisation s\u00fbre et inviolable des tablettes par les patients. Aujourd&rsquo;hui, notre table de lit r\u00e9volutionnaire pour l&rsquo;engagement des patients, dot\u00e9e du bras de tablette <sup>PRO-ADJUSTTM<\/sup>, offre encore plus d&rsquo;options au lit et au fauteuil pour les patients et leurs soignants pendant les hospitalisations et les s\u00e9jours en ambulatoire.<\/p>\n                  <div class=\"mt-3 mb-n1\">\n                          <a class=\"mb-1 btn btn-primary btn-sm\" href=\"\/solutions\/it-emr\/tablets#patient-engagement-table\">Voir les configurations <\/a>                      <\/div>\n              <\/div>\n    <\/div>\n  <\/div>\n<\/div>\n<\/section>\n\n<section id=\"content-block_c3c9776894d9f2baee63e127ff6f26e8\"  class=\"pt-5 pb-5\">\n  <div class=\"container\">\n  <div class=\"row\">\n          <div class=\"col-md-6 mb-4 mb-md-0\">\n                              <img decoding=\"async\" class=\"img-fluid \" src=\"https:\/\/www.gcx.com\/wp-content\/uploads\/2024\/03\/PE_Image2_rev2_0a21d3d1c1e7dbdfff1fe2c6345827e3.jpg\" alt=\"\">\n          \n              <\/div>\n        <div class=\"col-md-6\">\n      <div class=\"text-editor fs-md\">\n        <h2>Utilisation s\u00fbre et confortable de la tablette&nbsp;<\/h2>\n<p>Parmi les principales caract\u00e9ristiques de la table de mobilisation des patients, on trouve un bras articul\u00e9 pour des positions de visualisation optimales et une utilisation s\u00e9curis\u00e9e de l&rsquo;appareil&nbsp;.<\/p>\n<ul>\n<li>Le bras <sup>PRO-ADJUSTTM<\/sup> (\u00e9galement connu sous le nom de VHM-T) est solidement fix\u00e9 \u00e0 la table pour un positionnement stable de la plupart des appareils de la taille d&rsquo;une tablette&nbsp;.<\/li>\n<li>Le bras de la tablette peut \u00eatre rapidement repli\u00e9 en cas d&rsquo;urgence ou lorsqu&rsquo;il n&rsquo;est pas utilis\u00e9 sur le site&nbsp;.<\/li>\n<li>Deux leviers \u00e0 palette permettent de r\u00e9gler facilement la hauteur de la table, avec une fonction de rel\u00e8vement automatique qui \u00e9vite aux patients de se blesser. Si n\u00e9cessaire, une seule palette de chaque c\u00f4t\u00e9 peut \u00eatre utilis\u00e9e pour&nbsp;.<\/li>\n<li>Les nouvelles roulettes facilitent le d\u00e9placement (pas de d\u00e9rapage), tandis que la base \u00e0 profil bas&nbsp;s&rsquo;adapte sous la plupart des lits&nbsp;.<\/li>\n<\/ul>\n<h2>S\u00e9curit\u00e9 forte de l&rsquo;appareil&nbsp;<\/h2>\n<p>Prot\u00e9gez les tablettes d&rsquo;un retrait involontaire ou d&rsquo;une mauvaise utilisation \u00e0 l&rsquo;adresse&nbsp;.&nbsp;<\/p>\n<ul>\n<li>Le support de tablette verrouill\u00e9 en option emp\u00eache le retrait de l&rsquo;appareil&nbsp;.<\/li>\n<li>Le bras de la tablette <sup>PRO-ADJUSTTM<\/sup>, solidement fix\u00e9 \u00e0 la table, r\u00e9duit le risque que les patients fassent tomber accidentellement ou endommagent des appareils autrement autoportants.<\/li>\n<li>Port de charge USB pour que les patients ne d\u00e9branchent pas l&rsquo;\u00e9quipement m\u00e9dical important&nbsp;.<\/li>\n<\/ul>\n              <\/div>\n    <\/div>\n  <\/div>\n<\/div>\n<\/section>\n\n<section id=\"content-block_658df7f15a46402de790f7b3c7c5cb75\"  class=\"pt-5 pb-5 bg-white\">\n  <div class=\"container\">\n  <div class=\"row flex-md-row-reverse\">\n          <div class=\"col-md-6 mb-4 mb-md-0\">\n                              <img decoding=\"async\" class=\"img-fluid \" src=\"https:\/\/www.gcx.com\/wp-content\/uploads\/2024\/03\/PE_Image3_rev_0a21d3d1c1e7dbdfff1fe2c6345827e3.jpg\" alt=\"\">\n          \n              <\/div>\n        <div class=\"col-md-6\">\n      <div class=\"text-editor fs-md\">\n        <h2>Construction durable<\/h2>\n<p>D\u00e9sormais dot\u00e9 d&rsquo;une colonne plus fine, le canal GCX dissimule les c\u00e2bles tout en facilitant l&rsquo;int\u00e9gration du mat\u00e9riel informatique.<\/p>\n<ul>\n<li>Fabriqu\u00e9 avec des mat\u00e9riaux de qualit\u00e9 m\u00e9dicale qui peuvent r\u00e9sister \u00e0 un usage intensif et \u00e0 des produits de nettoyage de qualit\u00e9 hospitali\u00e8re.<\/li>\n<li>Les c\u00e2bles sont astucieusement dissimul\u00e9s \u00e0 l&rsquo;int\u00e9rieur pour \u00e9viter qu&rsquo;ils ne soient pinc\u00e9s ou endommag\u00e9s et pour donner un aspect \u00e9l\u00e9gant et propre.<\/li>\n<li>Le pare-chocs de la table offre une protection suppl\u00e9mentaire et une protection contre les d\u00e9versements autour de la table pour faciliter le nettoyage.<\/li>\n<li>Garantie de 5 ans et fabrication selon les normes de qualit\u00e9 certifi\u00e9es ISO 13485.<\/li>\n<\/ul>\n<h2>Plus d&rsquo;accessoires et une installation plus facile<\/h2>\n<p>S\u00e9lectionnez la finition et les accessoires qui correspondent le mieux aux besoins de votre h\u00f4pital.<\/p>\n<ul>\n<li>Nouveau tiroir \u00e0 double sens, crochets pour cordons, porte-gobelet et\/ou bacs\/paniers de rangement.<\/li>\n<li>Nouveau choix de couleurs pour la table et cordon d&rsquo;alimentation droit ou spiral\u00e9.<\/li>\n<li>Modules de charge USB C et A \u00e0 port\u00e9e de main du patient et des membres de sa famille.<\/li>\n<li>Installation et configuration simplifi\u00e9es et rationalis\u00e9es.<\/li>\n<\/ul>\n              <\/div>\n    <\/div>\n  <\/div>\n<\/div>\n<\/section>\n\n<section id=\"content-block_dd6acb8ec38d0b88f797adef370d059d\"  class=\"pt-5 pb-5\">\n  <div class=\"container\">\n  <div class=\"row\">\n        <div class=\"col-md-8\">\n      <div class=\"text-editor fs-md\">\n        <h2>Sp\u00e9cifications techniques<\/h2>\n<ul>\n<li>Mat\u00e9riau du plateau : stratifi\u00e9 avec bord de protection surmoul\u00e9<\/li>\n<li>Dimensions du plateau de table, hors tout p\/d : 19&Prime; x 31&Prime; \/48.26 x 78.74 cm<\/li>\n<li>Dimensions du plateau de table, zone encastr\u00e9e w\/d : 17&Prime; x 28&Prime; \/43,18 x 71,12 cm<\/li>\n<li>Plage de r\u00e9glage de la hauteur : 15.75&Prime; \/40 cm<\/li>\n<li>Hauteur du plateau de table, du minimum au maximum : 28,25 \u00e0 44&Prime; \/71,76 x 111,76 cm<\/li>\n<li>Hauteur de la colonne principale : 46&Prime; \/116,8 cm sans poign\u00e9e, 47&Prime; \/119,38 cm avec poign\u00e9e<\/li>\n<li>Hauteur libre de la base : 2&Prime; \/5,1 cm<\/li>\n<li>Diam\u00e8tre des roulettes : 1.38&Prime; \/3.5<\/li>\n<\/ul>\n              <\/div>\n    <\/div>\n  <\/div>\n<\/div>\n<\/section>\n\n<section id=\"content-block_9034d508c662284849bc865e17ed6fd4\"  class=\"pt-5 pb-5 bg-white\">\n  <div class=\"container\">\n  <div class=\"row\">\n          <div class=\"col-md-6 mb-4 mb-md-0\">\n                              <img decoding=\"async\" class=\"img-fluid \" src=\"https:\/\/www.gcx.com\/wp-content\/uploads\/2024\/03\/PE_Image5_rev2_0a21d3d1c1e7dbdfff1fe2c6345827e3.jpg\" alt=\"\">\n          \n              <\/div>\n        <div class=\"col-md-6\">\n      <div class=\"text-editor fs-md\">\n        <h2>So Many Options and\u00a0Uses<\/h2>\n<p>Choose from our full-size or compact Patient Engagement Overbed Tables. Both are made of high-quality materials in improved packaging and are easy to assemble. The compact version features the same functionality as the full-sized version, but with a\u00a0space-saving footprint. Perfect size for pediatrics, intake, infusion areas, and\u00a0more.<\/p>\n<h2>Upgrade your Existing\u00a0Table<\/h2>\n<p><a href=\"https:\/\/www.gcx.com\/product\/tablet-integration-upgrade-kit-for-hillrom-and-stryker-overbed-tables\/\">Retrofit your current Hillrom or Stryker overbed table<\/a> with a\u00a0GCX tablet arm upgrade kit. The PRO-ADJUST<sup>TM<\/sup> tablet arm is <em>the <\/em>medical-grade support arm designed expressly for tablets, complete with optional power strip and USB chargers that can mount directly to the tablet arm interface. Extend the life of your existing overbed table by outfitting it with mobile technology your patients want and nurses\u00a0welcome.<\/p>\n              <\/div>\n    <\/div>\n  <\/div>\n<\/div>\n<\/section>\n","protected":false},"excerpt":{"rendered":"<p>L&rsquo;utilisation des tablettes pour une nouvelle \u00e8re dans les soins de sant\u00e9<\/p>\n","protected":false},"author":10,"featured_media":127143,"parent":115929,"menu_order":0,"comment_status":"open","ping_status":"open","template":"","meta":{"_acf_changed":false,"content-type":"","footnotes":""},"class_list":["post-127048","page","type-page","status-publish","has-post-thumbnail","hentry"],"acf":[],"yoast_head":"<!-- This site is optimized with the Yoast SEO plugin v27.3 - https:\/\/yoast.com\/product\/yoast-seo-wordpress\/ -->\n<title>Table de lit pour l&#039;engagement des patients | Solutions de montage GCX Medical<\/title>\n<meta name=\"robots\" content=\"index, follow, max-snippet:-1, max-image-preview:large, max-video-preview:-1\" \/>\n<link rel=\"canonical\" href=\"https:\/\/www.gcx.com\/fr\/solutions\/zones-de-soins\/table-de-lit-pour-lengagement-des-patients-3\/\" \/>\n<meta property=\"og:locale\" content=\"fr_FR\" \/>\n<meta property=\"og:type\" content=\"article\" \/>\n<meta property=\"og:title\" content=\"Table de lit pour l&#039;engagement des patients | Solutions de montage GCX Medical\" \/>\n<meta property=\"og:description\" content=\"L&#039;utilisation des tablettes pour une nouvelle \u00e8re dans les soins de sant\u00e9\" \/>\n<meta property=\"og:url\" content=\"https:\/\/www.gcx.com\/fr\/solutions\/zones-de-soins\/table-de-lit-pour-lengagement-des-patients-3\/\" \/>\n<meta property=\"og:site_name\" content=\"Solutions de montage GCX Medical\" \/>\n<meta property=\"article:publisher\" content=\"https:\/\/www.facebook.com\/GCXMountingSolutions\/\" \/>\n<meta property=\"article:modified_time\" content=\"2025-06-30T19:05:44+00:00\" \/>\n<meta property=\"og:image\" content=\"https:\/\/www.gcx.com\/wp-content\/uploads\/2025\/06\/Untitled-design-10.png\" \/>\n\t<meta property=\"og:image:width\" content=\"940\" \/>\n\t<meta property=\"og:image:height\" content=\"788\" \/>\n\t<meta property=\"og:image:type\" content=\"image\/png\" \/>\n<meta name=\"twitter:card\" content=\"summary_large_image\" \/>\n<meta name=\"twitter:site\" content=\"@gcxcorp\" \/>\n<script type=\"application\/ld+json\" class=\"yoast-schema-graph\">{\"@context\":\"https:\\\/\\\/schema.org\",\"@graph\":[{\"@type\":\"WebPage\",\"@id\":\"https:\\\/\\\/www.gcx.com\\\/fr\\\/solutions\\\/zones-de-soins\\\/table-de-lit-pour-lengagement-des-patients-3\\\/\",\"url\":\"https:\\\/\\\/www.gcx.com\\\/fr\\\/solutions\\\/zones-de-soins\\\/table-de-lit-pour-lengagement-des-patients-3\\\/\",\"name\":\"Table de lit pour l'engagement des patients | Solutions de montage GCX Medical\",\"isPartOf\":{\"@id\":\"https:\\\/\\\/www.gcx.com\\\/fr\\\/#website\"},\"primaryImageOfPage\":{\"@id\":\"https:\\\/\\\/www.gcx.com\\\/fr\\\/solutions\\\/zones-de-soins\\\/table-de-lit-pour-lengagement-des-patients-3\\\/#primaryimage\"},\"image\":{\"@id\":\"https:\\\/\\\/www.gcx.com\\\/fr\\\/solutions\\\/zones-de-soins\\\/table-de-lit-pour-lengagement-des-patients-3\\\/#primaryimage\"},\"thumbnailUrl\":\"https:\\\/\\\/www.gcx.com\\\/wp-content\\\/uploads\\\/2025\\\/06\\\/Untitled-design-10.png\",\"datePublished\":\"2025-06-30T19:05:43+00:00\",\"dateModified\":\"2025-06-30T19:05:44+00:00\",\"breadcrumb\":{\"@id\":\"https:\\\/\\\/www.gcx.com\\\/fr\\\/solutions\\\/zones-de-soins\\\/table-de-lit-pour-lengagement-des-patients-3\\\/#breadcrumb\"},\"inLanguage\":\"fr-FR\",\"potentialAction\":[{\"@type\":\"ReadAction\",\"target\":[\"https:\\\/\\\/www.gcx.com\\\/fr\\\/solutions\\\/zones-de-soins\\\/table-de-lit-pour-lengagement-des-patients-3\\\/\"]}]},{\"@type\":\"ImageObject\",\"inLanguage\":\"fr-FR\",\"@id\":\"https:\\\/\\\/www.gcx.com\\\/fr\\\/solutions\\\/zones-de-soins\\\/table-de-lit-pour-lengagement-des-patients-3\\\/#primaryimage\",\"url\":\"https:\\\/\\\/www.gcx.com\\\/wp-content\\\/uploads\\\/2025\\\/06\\\/Untitled-design-10.png\",\"contentUrl\":\"https:\\\/\\\/www.gcx.com\\\/wp-content\\\/uploads\\\/2025\\\/06\\\/Untitled-design-10.png\",\"width\":940,\"height\":788},{\"@type\":\"BreadcrumbList\",\"@id\":\"https:\\\/\\\/www.gcx.com\\\/fr\\\/solutions\\\/zones-de-soins\\\/table-de-lit-pour-lengagement-des-patients-3\\\/#breadcrumb\",\"itemListElement\":[{\"@type\":\"ListItem\",\"position\":1,\"name\":\"Home\",\"item\":\"https:\\\/\\\/www.gcx.com\\\/fr\\\/\"},{\"@type\":\"ListItem\",\"position\":2,\"name\":\"Solutions\",\"item\":\"https:\\\/\\\/www.gcx.com\\\/fr\\\/solutions\\\/\"},{\"@type\":\"ListItem\",\"position\":3,\"name\":\"Zones de soins\",\"item\":\"https:\\\/\\\/www.gcx.com\\\/fr\\\/solutions\\\/zones-de-soins\\\/\"},{\"@type\":\"ListItem\",\"position\":4,\"name\":\"Table de lit pour l&rsquo;engagement des patients\"}]},{\"@type\":\"WebSite\",\"@id\":\"https:\\\/\\\/www.gcx.com\\\/fr\\\/#website\",\"url\":\"https:\\\/\\\/www.gcx.com\\\/fr\\\/\",\"name\":\"GCX Medical Mounting Solutions\",\"description\":\"\",\"publisher\":{\"@id\":\"https:\\\/\\\/www.gcx.com\\\/fr\\\/#organization\"},\"alternateName\":\"GCX\",\"potentialAction\":[{\"@type\":\"SearchAction\",\"target\":{\"@type\":\"EntryPoint\",\"urlTemplate\":\"https:\\\/\\\/www.gcx.com\\\/fr\\\/?s={search_term_string}\"},\"query-input\":{\"@type\":\"PropertyValueSpecification\",\"valueRequired\":true,\"valueName\":\"search_term_string\"}}],\"inLanguage\":\"fr-FR\"},{\"@type\":\"Organization\",\"@id\":\"https:\\\/\\\/www.gcx.com\\\/fr\\\/#organization\",\"name\":\"GCX Medical Mounting Solutions\",\"alternateName\":\"GCX\",\"url\":\"https:\\\/\\\/www.gcx.com\\\/fr\\\/\",\"logo\":{\"@type\":\"ImageObject\",\"inLanguage\":\"fr-FR\",\"@id\":\"https:\\\/\\\/www.gcx.com\\\/fr\\\/#\\\/schema\\\/logo\\\/image\\\/\",\"url\":\"https:\\\/\\\/www.gcx.com\\\/wp-content\\\/uploads\\\/2024\\\/02\\\/gcx_logo.png\",\"contentUrl\":\"https:\\\/\\\/www.gcx.com\\\/wp-content\\\/uploads\\\/2024\\\/02\\\/gcx_logo.png\",\"width\":400,\"height\":166,\"caption\":\"GCX Medical Mounting Solutions\"},\"image\":{\"@id\":\"https:\\\/\\\/www.gcx.com\\\/fr\\\/#\\\/schema\\\/logo\\\/image\\\/\"},\"sameAs\":[\"https:\\\/\\\/www.facebook.com\\\/GCXMountingSolutions\\\/\",\"https:\\\/\\\/x.com\\\/gcxcorp\",\"https:\\\/\\\/linkedin.com\\\/company\\\/gcx\",\"https:\\\/\\\/www.instagram.com\\\/gcxcorp\",\"https:\\\/\\\/www.youtube.com\\\/gcxcorp\"]}]}<\/script>\n<!-- \/ Yoast SEO plugin. -->","yoast_head_json":{"title":"Table de lit pour l'engagement des patients | Solutions de montage GCX Medical","robots":{"index":"index","follow":"follow","max-snippet":"max-snippet:-1","max-image-preview":"max-image-preview:large","max-video-preview":"max-video-preview:-1"},"canonical":"https:\/\/www.gcx.com\/fr\/solutions\/zones-de-soins\/table-de-lit-pour-lengagement-des-patients-3\/","og_locale":"fr_FR","og_type":"article","og_title":"Table de lit pour l'engagement des patients | Solutions de montage GCX Medical","og_description":"L'utilisation des tablettes pour une nouvelle \u00e8re dans les soins de sant\u00e9","og_url":"https:\/\/www.gcx.com\/fr\/solutions\/zones-de-soins\/table-de-lit-pour-lengagement-des-patients-3\/","og_site_name":"Solutions de montage GCX Medical","article_publisher":"https:\/\/www.facebook.com\/GCXMountingSolutions\/","article_modified_time":"2025-06-30T19:05:44+00:00","og_image":[{"width":940,"height":788,"url":"https:\/\/www.gcx.com\/wp-content\/uploads\/2025\/06\/Untitled-design-10.png","type":"image\/png"}],"twitter_card":"summary_large_image","twitter_site":"@gcxcorp","schema":{"@context":"https:\/\/schema.org","@graph":[{"@type":"WebPage","@id":"https:\/\/www.gcx.com\/fr\/solutions\/zones-de-soins\/table-de-lit-pour-lengagement-des-patients-3\/","url":"https:\/\/www.gcx.com\/fr\/solutions\/zones-de-soins\/table-de-lit-pour-lengagement-des-patients-3\/","name":"Table de lit pour l'engagement des patients | Solutions de montage GCX Medical","isPartOf":{"@id":"https:\/\/www.gcx.com\/fr\/#website"},"primaryImageOfPage":{"@id":"https:\/\/www.gcx.com\/fr\/solutions\/zones-de-soins\/table-de-lit-pour-lengagement-des-patients-3\/#primaryimage"},"image":{"@id":"https:\/\/www.gcx.com\/fr\/solutions\/zones-de-soins\/table-de-lit-pour-lengagement-des-patients-3\/#primaryimage"},"thumbnailUrl":"https:\/\/www.gcx.com\/wp-content\/uploads\/2025\/06\/Untitled-design-10.png","datePublished":"2025-06-30T19:05:43+00:00","dateModified":"2025-06-30T19:05:44+00:00","breadcrumb":{"@id":"https:\/\/www.gcx.com\/fr\/solutions\/zones-de-soins\/table-de-lit-pour-lengagement-des-patients-3\/#breadcrumb"},"inLanguage":"fr-FR","potentialAction":[{"@type":"ReadAction","target":["https:\/\/www.gcx.com\/fr\/solutions\/zones-de-soins\/table-de-lit-pour-lengagement-des-patients-3\/"]}]},{"@type":"ImageObject","inLanguage":"fr-FR","@id":"https:\/\/www.gcx.com\/fr\/solutions\/zones-de-soins\/table-de-lit-pour-lengagement-des-patients-3\/#primaryimage","url":"https:\/\/www.gcx.com\/wp-content\/uploads\/2025\/06\/Untitled-design-10.png","contentUrl":"https:\/\/www.gcx.com\/wp-content\/uploads\/2025\/06\/Untitled-design-10.png","width":940,"height":788},{"@type":"BreadcrumbList","@id":"https:\/\/www.gcx.com\/fr\/solutions\/zones-de-soins\/table-de-lit-pour-lengagement-des-patients-3\/#breadcrumb","itemListElement":[{"@type":"ListItem","position":1,"name":"Home","item":"https:\/\/www.gcx.com\/fr\/"},{"@type":"ListItem","position":2,"name":"Solutions","item":"https:\/\/www.gcx.com\/fr\/solutions\/"},{"@type":"ListItem","position":3,"name":"Zones de soins","item":"https:\/\/www.gcx.com\/fr\/solutions\/zones-de-soins\/"},{"@type":"ListItem","position":4,"name":"Table de lit pour l&rsquo;engagement des patients"}]},{"@type":"WebSite","@id":"https:\/\/www.gcx.com\/fr\/#website","url":"https:\/\/www.gcx.com\/fr\/","name":"GCX Medical Mounting Solutions","description":"","publisher":{"@id":"https:\/\/www.gcx.com\/fr\/#organization"},"alternateName":"GCX","potentialAction":[{"@type":"SearchAction","target":{"@type":"EntryPoint","urlTemplate":"https:\/\/www.gcx.com\/fr\/?s={search_term_string}"},"query-input":{"@type":"PropertyValueSpecification","valueRequired":true,"valueName":"search_term_string"}}],"inLanguage":"fr-FR"},{"@type":"Organization","@id":"https:\/\/www.gcx.com\/fr\/#organization","name":"GCX Medical Mounting Solutions","alternateName":"GCX","url":"https:\/\/www.gcx.com\/fr\/","logo":{"@type":"ImageObject","inLanguage":"fr-FR","@id":"https:\/\/www.gcx.com\/fr\/#\/schema\/logo\/image\/","url":"https:\/\/www.gcx.com\/wp-content\/uploads\/2024\/02\/gcx_logo.png","contentUrl":"https:\/\/www.gcx.com\/wp-content\/uploads\/2024\/02\/gcx_logo.png","width":400,"height":166,"caption":"GCX Medical Mounting Solutions"},"image":{"@id":"https:\/\/www.gcx.com\/fr\/#\/schema\/logo\/image\/"},"sameAs":["https:\/\/www.facebook.com\/GCXMountingSolutions\/","https:\/\/x.com\/gcxcorp","https:\/\/linkedin.com\/company\/gcx","https:\/\/www.instagram.com\/gcxcorp","https:\/\/www.youtube.com\/gcxcorp"]}]}},"_links":{"self":[{"href":"https:\/\/www.gcx.com\/fr\/wp-json\/wp\/v2\/pages\/127048","targetHints":{"allow":["GET"]}}],"collection":[{"href":"https:\/\/www.gcx.com\/fr\/wp-json\/wp\/v2\/pages"}],"about":[{"href":"https:\/\/www.gcx.com\/fr\/wp-json\/wp\/v2\/types\/page"}],"author":[{"embeddable":true,"href":"https:\/\/www.gcx.com\/fr\/wp-json\/wp\/v2\/users\/10"}],"replies":[{"embeddable":true,"href":"https:\/\/www.gcx.com\/fr\/wp-json\/wp\/v2\/comments?post=127048"}],"version-history":[{"count":0,"href":"https:\/\/www.gcx.com\/fr\/wp-json\/wp\/v2\/pages\/127048\/revisions"}],"up":[{"embeddable":true,"href":"https:\/\/www.gcx.com\/fr\/wp-json\/wp\/v2\/pages\/115929"}],"wp:featuredmedia":[{"embeddable":true,"href":"https:\/\/www.gcx.com\/fr\/wp-json\/wp\/v2\/media\/127143"}],"wp:attachment":[{"href":"https:\/\/www.gcx.com\/fr\/wp-json\/wp\/v2\/media?parent=127048"}],"curies":[{"name":"wp","href":"https:\/\/api.w.org\/{rel}","templated":true}]}}