{"id":116891,"date":"2024-02-23T09:29:29","date_gmt":"2024-02-23T09:29:29","guid":{"rendered":"https:\/\/www.gcx.com\/services-sur-place\/installations-de-produits\/"},"modified":"2024-05-03T21:09:59","modified_gmt":"2024-05-03T21:09:59","slug":"installations-de-produits","status":"publish","type":"page","link":"https:\/\/www.gcx.com\/fr\/services-sur-place\/installations-de-produits\/","title":{"rendered":"Installations de produits"},"content":{"rendered":"\n<section id=\"content-block_a74e26ea08da4f5aa714d3ce56b7d84e\"  class=\"pt-5 pb-5 bg-white\">\n  <div class=\"container\">\n  <div class=\"row\">\n          <div class=\"col-md-4 mb-4 mb-md-0\">\n                              <img decoding=\"async\" class=\"img-fluid \" src=\"https:\/\/www.gcx.com\/wp-content\/uploads\/2024\/02\/product_installs_1.jpg\" alt=\"Product installs 1\">\n          \n              <\/div>\n        <div class=\"col-md-8\">\n      <div class=\"text-editor fs-md\">\n        <h4 class=\"text-primary\">INSTALLATIONS DE NOUVEAUX PRODUITS<\/h4>\n<h2>Installation par des experts pour une utilisation correcte de l&rsquo;\u00e9quipement<\/h2>\n<p>Il est important qu&rsquo;une solution de montage soit correctement install\u00e9e pour convenir \u00e0 tous les utilisateurs et pour s&rsquo;adapter facilement et en toute s\u00e9curit\u00e9 \u00e0 n&rsquo;importe quelle situation. Cette flexibilit\u00e9 et cet avantage ergonomique permettent d&rsquo;\u00e9viter les blessures et les pertes de productivit\u00e9 dues \u00e0 une mauvaise configuration de l&rsquo;\u00e9quipement. Notre personnel peut installer et configurer ou ajuster de mani\u00e8re experte les solutions de montage GCX pour tous les appareils informatiques, les moniteurs de patients, les unit\u00e9s centrales et plus encore dans les zones actives et les chambres occup\u00e9es. Lors de l&rsquo;installation, nous dissimulons et g\u00e9rons \u00e9galement tous les c\u00e2bles qui se connectent aux appareils pour plus de s\u00e9curit\u00e9 et de contr\u00f4le des infections.<\/p>\n              <\/div>\n    <\/div>\n  <\/div>\n<\/div>\n<\/section>\n\n<section id=\"content-block_5ad13c579d16e277253bde31a39606a0\"  class=\"pt-5 pb-5 bg-white\">\n  <div class=\"container\">\n  <div class=\"row flex-md-row-reverse\">\n          <div class=\"col-md-4 mb-4 mb-md-0\">\n                              <img decoding=\"async\" class=\"img-fluid \" src=\"https:\/\/www.gcx.com\/wp-content\/uploads\/2024\/02\/product_installs_2.jpg\" alt=\"Product installs 2\">\n          \n              <\/div>\n        <div class=\"col-md-8\">\n      <div class=\"text-editor fs-md\">\n        <h4 class=\"text-primary\">COORDINATION DES ZONES ACTIVES<\/h4>\n<h2>Assemblage avec un minimum de perturbations<\/h2>\n<p>Les soins de sant\u00e9 sont continus, m\u00eame pendant l&rsquo;installation ou l&rsquo;inspection d&rsquo;un nouveau produit. Nous assemblons et entretenons l&rsquo;\u00e9quipement aux moments que vous choisissez afin de garantir que les flux de travail et les soins aux patients ne soient pas affect\u00e9s. Cela inclut les salles d&rsquo;op\u00e9ration, les unit\u00e9s de travail et d&rsquo;accouchement et toute zone o\u00f9 il y a une activit\u00e9 permanente.<\/p>\n<p>Les chambres des patients sont des lieux agit\u00e9s, et les cliniciens travaillent \u00e0 un rythme rapide. Les membres de GCX OSS comprennent ces environnements et peuvent installer des \u00e9quipements, fixer en toute s\u00e9curit\u00e9 des dispositifs m\u00e9dicaux sur un support et acheminer les c\u00e2bles des machines en minimisant les interruptions de soins.<\/p>\n              <\/div>\n    <\/div>\n  <\/div>\n<\/div>\n<\/section>\n\n<section id=\"content-block_1e8fd8200723b7d3ddfe6fbced155f63\"  class=\"pt-5 pb-5 bg-white\">\n  <div class=\"container\">\n  <div class=\"row\">\n          <div class=\"col-md-4 mb-4 mb-md-0\">\n                              <img decoding=\"async\" class=\"img-fluid \" src=\"https:\/\/www.gcx.com\/wp-content\/uploads\/2024\/02\/product_installs_3.jpg\" alt=\"Product installs 3\">\n          \n              <\/div>\n        <div class=\"col-md-8\">\n      <div class=\"text-editor fs-md\">\n        <h4 class=\"text-primary\">NOUVELLE CONSTRUCTION<\/h4>\n<h2>Assistance de la conception au d\u00e9ploiement<\/h2>\n<p>Travailler autour d&rsquo;une nouvelle construction pr\u00e9sente des d\u00e9fis uniques et n\u00e9cessite une gestion et une ex\u00e9cution de projet expertes. Le personnel de GCX peut vous assister dans la conception de la pr\u00e9-construction et vous proposer des d\u00e9monstrations de nos solutions de montage. Si vous pr\u00e9voyez d&rsquo;avoir une pi\u00e8ce fictive pour tester votre nouvel am\u00e9nagement, nous pouvons vous fournir plusieurs solutions d&rsquo;essai \u00e0 des fins d&rsquo;examen.<\/p>\n<p>En outre, nous comprenons l&rsquo;importance des d\u00e9lais et pouvons travailler \u00e0 un rythme rapide sans compromettre la qualit\u00e9. Nous pouvons assembler jusqu&rsquo;\u00e0 100 postes de travail par jour pour mettre rapidement les op\u00e9rations en ligne. Nous pouvons \u00e9galement nous adapter facilement \u00e0 des configurations personnalis\u00e9es si n\u00e9cessaire.<\/p>\n<p>Le fait qu&rsquo;un professionnel du logiciel libre installe correctement le support et l&rsquo;\u00e9quipement informatique ou m\u00e9dical qu&rsquo;il prend en charge prolonge le cycle de vie des produits, ce qui permet d&rsquo;\u00e9conomiser de l&rsquo;argent en r\u00e9duisant le nombre de remplacements au fil du temps. Enfin, les membres de l&rsquo;\u00e9quipe OSS de GCX sont enti\u00e8rement accr\u00e9dit\u00e9s et se conformeront \u00e0 toutes les exigences suppl\u00e9mentaires sp\u00e9cifiques \u00e0 l&rsquo;h\u00f4pital.<\/p>\n              <\/div>\n    <\/div>\n  <\/div>\n<\/div>\n<\/section>\n\n<section id=\"content-block_91222e0057bdfbf22c2be3420e6f9475\"  class=\"pt-5 pb-5 bg-white\">\n  <div class=\"container\">\n  <div class=\"row flex-md-row-reverse\">\n          <div class=\"col-md-4 mb-4 mb-md-0\">\n                              <img decoding=\"async\" class=\"img-fluid \" src=\"https:\/\/www.gcx.com\/wp-content\/uploads\/2024\/02\/product_installs_4.jpg\" alt=\"Product installs 4\">\n          \n              <\/div>\n        <div class=\"col-md-8\">\n      <div class=\"text-editor fs-md\">\n        <h4 class=\"text-primary\">MISE \u00c0 NIVEAU TECHNOLOGIQUE<\/h4>\n<h2>Maximiser la valeur d&rsquo;une mise \u00e0 jour technologique<\/h2>\n<p>Lorsque le moment est venu de proc\u00e9der \u00e0 une mise \u00e0 niveau technologique, nous pouvons monter vos nouveaux appareils sur l&rsquo;\u00e9quipement GCX existant, ce qui vous permet d&rsquo;\u00e9conomiser du temps et de l&rsquo;argent. En demandant aux membres de GCX OSS d&rsquo;installer rapidement le mat\u00e9riel informatique ou l&rsquo;\u00e9quipement m\u00e9dical de remplacement sur un support GCX et de g\u00e9rer correctement tous les c\u00e2bles, vous pouvez plus rapidement profiter des avantages des nouveaux achats pour am\u00e9liorer \u00e0 la fois les flux de travail cliniques et les r\u00e9sultats pour les patients.<\/p>\n              <\/div>\n    <\/div>\n  <\/div>\n<\/div>\n<\/section>\n\n<section id=\"cta-block_27e9ddcfa3365e26304ae2414d456119\"  class=\"cta bg-secondary-blue pt-5 pb-5\" style=\"background: url(https:\/\/www.gcx.com\/wp-content\/themes\/gcx\/assets\/images\/content\/form_bkgd_gears.jpg) no-repeat bottom right\">\n  <div class=\"container\">\n    <div class=\"row\">\n      <div class=\"col-md-6\">\n                  <div class=\"text-editor text-white\">\n            <h3>\u00c9valuation et d\u00e9monstrations du VHM<\/h3>\n<p>GCX propose une \u00e9valuation gratuite des performances du VHM pour les clients existants et des d\u00e9monstrations de produits pour les clients potentiels.<\/p>\n          <\/div>\n                          <div class=\"mt-3 mb-n1\">\n                          <a class=\"mb-1 btn btn-secondary btn-sm\" href=\"https:\/\/www.gcx.com\/on-site-services\/audits-and-assessments\/\">Planifier une \u00e9valuation <\/a>                          <a class=\"mb-1 btn btn-secondary btn-sm\" href=\"https:\/\/www.gcx.com\/on-site-services\/product-demonstrations\/\">Demandez une d\u00e9monstration <\/a>                      <\/div>\n              <\/div>\n    <\/div>\n  <\/div>\n<\/section>\n","protected":false},"excerpt":{"rendered":"<p>Nos \u00e9quipes GCX OSS peuvent installer de mani\u00e8re experte des supports d&rsquo;appareils m\u00e9dicaux dans n&rsquo;importe quelle zone de soins aux patients, qu&rsquo;elle soit en service ou en cours de construction.<\/p>\n","protected":false},"author":1,"featured_media":0,"parent":115650,"menu_order":0,"comment_status":"open","ping_status":"closed","template":"","meta":{"_acf_changed":false,"content-type":"","footnotes":""},"class_list":["post-116891","page","type-page","status-publish","hentry"],"acf":[],"yoast_head":"<!-- This site is optimized with the Yoast SEO plugin v27.3 - https:\/\/yoast.com\/product\/yoast-seo-wordpress\/ -->\n<title>Installations de produits - GCX Medical Mounting Solutions<\/title>\n<meta name=\"description\" content=\"La m\u00e9ta-description n&#039;est pas d\u00e9finie.\" \/>\n<meta name=\"robots\" content=\"index, follow, max-snippet:-1, max-image-preview:large, max-video-preview:-1\" \/>\n<link rel=\"canonical\" href=\"https:\/\/www.gcx.com\/fr\/services-sur-place\/installations-de-produits\/\" \/>\n<meta property=\"og:locale\" content=\"fr_FR\" \/>\n<meta property=\"og:type\" content=\"article\" \/>\n<meta property=\"og:title\" content=\"Installations de produits - GCX Medical Mounting Solutions\" \/>\n<meta property=\"og:description\" content=\"La m\u00e9ta-description n&#039;est pas d\u00e9finie.\" \/>\n<meta property=\"og:url\" content=\"https:\/\/www.gcx.com\/fr\/services-sur-place\/installations-de-produits\/\" \/>\n<meta property=\"og:site_name\" content=\"Solutions de montage GCX Medical\" \/>\n<meta property=\"article:publisher\" content=\"https:\/\/www.facebook.com\/GCXMountingSolutions\/\" \/>\n<meta property=\"article:modified_time\" content=\"2024-05-03T21:09:59+00:00\" \/>\n<meta property=\"og:image\" content=\"https:\/\/www.gcx.com\/wp-content\/uploads\/2024\/02\/gcx_logo.png\" \/>\n\t<meta property=\"og:image:width\" content=\"400\" \/>\n\t<meta property=\"og:image:height\" content=\"166\" \/>\n\t<meta property=\"og:image:type\" content=\"image\/png\" \/>\n<meta name=\"twitter:card\" content=\"summary_large_image\" \/>\n<meta name=\"twitter:site\" content=\"@gcxcorp\" \/>\n<script type=\"application\/ld+json\" class=\"yoast-schema-graph\">{\"@context\":\"https:\\\/\\\/schema.org\",\"@graph\":[{\"@type\":\"WebPage\",\"@id\":\"https:\\\/\\\/www.gcx.com\\\/fr\\\/services-sur-place\\\/installations-de-produits\\\/\",\"url\":\"https:\\\/\\\/www.gcx.com\\\/fr\\\/services-sur-place\\\/installations-de-produits\\\/\",\"name\":\"Installations de produits - GCX Medical Mounting Solutions\",\"isPartOf\":{\"@id\":\"https:\\\/\\\/www.gcx.com\\\/fr\\\/#website\"},\"datePublished\":\"2024-02-23T09:29:29+00:00\",\"dateModified\":\"2024-05-03T21:09:59+00:00\",\"description\":\"La m\u00e9ta-description n'est pas d\u00e9finie.\",\"breadcrumb\":{\"@id\":\"https:\\\/\\\/www.gcx.com\\\/fr\\\/services-sur-place\\\/installations-de-produits\\\/#breadcrumb\"},\"inLanguage\":\"fr-FR\",\"potentialAction\":[{\"@type\":\"ReadAction\",\"target\":[\"https:\\\/\\\/www.gcx.com\\\/fr\\\/services-sur-place\\\/installations-de-produits\\\/\"]}]},{\"@type\":\"BreadcrumbList\",\"@id\":\"https:\\\/\\\/www.gcx.com\\\/fr\\\/services-sur-place\\\/installations-de-produits\\\/#breadcrumb\",\"itemListElement\":[{\"@type\":\"ListItem\",\"position\":1,\"name\":\"Home\",\"item\":\"https:\\\/\\\/www.gcx.com\\\/fr\\\/\"},{\"@type\":\"ListItem\",\"position\":2,\"name\":\"Services sur place\",\"item\":\"https:\\\/\\\/www.gcx.com\\\/fr\\\/services-sur-place\\\/\"},{\"@type\":\"ListItem\",\"position\":3,\"name\":\"Installations de produits\"}]},{\"@type\":\"WebSite\",\"@id\":\"https:\\\/\\\/www.gcx.com\\\/fr\\\/#website\",\"url\":\"https:\\\/\\\/www.gcx.com\\\/fr\\\/\",\"name\":\"GCX Medical Mounting Solutions\",\"description\":\"\",\"publisher\":{\"@id\":\"https:\\\/\\\/www.gcx.com\\\/fr\\\/#organization\"},\"alternateName\":\"GCX\",\"potentialAction\":[{\"@type\":\"SearchAction\",\"target\":{\"@type\":\"EntryPoint\",\"urlTemplate\":\"https:\\\/\\\/www.gcx.com\\\/fr\\\/?s={search_term_string}\"},\"query-input\":{\"@type\":\"PropertyValueSpecification\",\"valueRequired\":true,\"valueName\":\"search_term_string\"}}],\"inLanguage\":\"fr-FR\"},{\"@type\":\"Organization\",\"@id\":\"https:\\\/\\\/www.gcx.com\\\/fr\\\/#organization\",\"name\":\"GCX Medical Mounting Solutions\",\"alternateName\":\"GCX\",\"url\":\"https:\\\/\\\/www.gcx.com\\\/fr\\\/\",\"logo\":{\"@type\":\"ImageObject\",\"inLanguage\":\"fr-FR\",\"@id\":\"https:\\\/\\\/www.gcx.com\\\/fr\\\/#\\\/schema\\\/logo\\\/image\\\/\",\"url\":\"https:\\\/\\\/www.gcx.com\\\/wp-content\\\/uploads\\\/2024\\\/02\\\/gcx_logo.png\",\"contentUrl\":\"https:\\\/\\\/www.gcx.com\\\/wp-content\\\/uploads\\\/2024\\\/02\\\/gcx_logo.png\",\"width\":400,\"height\":166,\"caption\":\"GCX Medical Mounting Solutions\"},\"image\":{\"@id\":\"https:\\\/\\\/www.gcx.com\\\/fr\\\/#\\\/schema\\\/logo\\\/image\\\/\"},\"sameAs\":[\"https:\\\/\\\/www.facebook.com\\\/GCXMountingSolutions\\\/\",\"https:\\\/\\\/x.com\\\/gcxcorp\",\"https:\\\/\\\/linkedin.com\\\/company\\\/gcx\",\"https:\\\/\\\/www.instagram.com\\\/gcxcorp\",\"https:\\\/\\\/www.youtube.com\\\/gcxcorp\"]}]}<\/script>\n<!-- \/ Yoast SEO plugin. -->","yoast_head_json":{"title":"Installations de produits - GCX Medical Mounting Solutions","description":"La m\u00e9ta-description n'est pas d\u00e9finie.","robots":{"index":"index","follow":"follow","max-snippet":"max-snippet:-1","max-image-preview":"max-image-preview:large","max-video-preview":"max-video-preview:-1"},"canonical":"https:\/\/www.gcx.com\/fr\/services-sur-place\/installations-de-produits\/","og_locale":"fr_FR","og_type":"article","og_title":"Installations de produits - GCX Medical Mounting Solutions","og_description":"La m\u00e9ta-description n'est pas d\u00e9finie.","og_url":"https:\/\/www.gcx.com\/fr\/services-sur-place\/installations-de-produits\/","og_site_name":"Solutions de montage GCX Medical","article_publisher":"https:\/\/www.facebook.com\/GCXMountingSolutions\/","article_modified_time":"2024-05-03T21:09:59+00:00","og_image":[{"width":400,"height":166,"url":"https:\/\/www.gcx.com\/wp-content\/uploads\/2024\/02\/gcx_logo.png","type":"image\/png"}],"twitter_card":"summary_large_image","twitter_site":"@gcxcorp","schema":{"@context":"https:\/\/schema.org","@graph":[{"@type":"WebPage","@id":"https:\/\/www.gcx.com\/fr\/services-sur-place\/installations-de-produits\/","url":"https:\/\/www.gcx.com\/fr\/services-sur-place\/installations-de-produits\/","name":"Installations de produits - GCX Medical Mounting Solutions","isPartOf":{"@id":"https:\/\/www.gcx.com\/fr\/#website"},"datePublished":"2024-02-23T09:29:29+00:00","dateModified":"2024-05-03T21:09:59+00:00","description":"La m\u00e9ta-description n'est pas d\u00e9finie.","breadcrumb":{"@id":"https:\/\/www.gcx.com\/fr\/services-sur-place\/installations-de-produits\/#breadcrumb"},"inLanguage":"fr-FR","potentialAction":[{"@type":"ReadAction","target":["https:\/\/www.gcx.com\/fr\/services-sur-place\/installations-de-produits\/"]}]},{"@type":"BreadcrumbList","@id":"https:\/\/www.gcx.com\/fr\/services-sur-place\/installations-de-produits\/#breadcrumb","itemListElement":[{"@type":"ListItem","position":1,"name":"Home","item":"https:\/\/www.gcx.com\/fr\/"},{"@type":"ListItem","position":2,"name":"Services sur place","item":"https:\/\/www.gcx.com\/fr\/services-sur-place\/"},{"@type":"ListItem","position":3,"name":"Installations de produits"}]},{"@type":"WebSite","@id":"https:\/\/www.gcx.com\/fr\/#website","url":"https:\/\/www.gcx.com\/fr\/","name":"GCX Medical Mounting Solutions","description":"","publisher":{"@id":"https:\/\/www.gcx.com\/fr\/#organization"},"alternateName":"GCX","potentialAction":[{"@type":"SearchAction","target":{"@type":"EntryPoint","urlTemplate":"https:\/\/www.gcx.com\/fr\/?s={search_term_string}"},"query-input":{"@type":"PropertyValueSpecification","valueRequired":true,"valueName":"search_term_string"}}],"inLanguage":"fr-FR"},{"@type":"Organization","@id":"https:\/\/www.gcx.com\/fr\/#organization","name":"GCX Medical Mounting Solutions","alternateName":"GCX","url":"https:\/\/www.gcx.com\/fr\/","logo":{"@type":"ImageObject","inLanguage":"fr-FR","@id":"https:\/\/www.gcx.com\/fr\/#\/schema\/logo\/image\/","url":"https:\/\/www.gcx.com\/wp-content\/uploads\/2024\/02\/gcx_logo.png","contentUrl":"https:\/\/www.gcx.com\/wp-content\/uploads\/2024\/02\/gcx_logo.png","width":400,"height":166,"caption":"GCX Medical Mounting Solutions"},"image":{"@id":"https:\/\/www.gcx.com\/fr\/#\/schema\/logo\/image\/"},"sameAs":["https:\/\/www.facebook.com\/GCXMountingSolutions\/","https:\/\/x.com\/gcxcorp","https:\/\/linkedin.com\/company\/gcx","https:\/\/www.instagram.com\/gcxcorp","https:\/\/www.youtube.com\/gcxcorp"]}]}},"_links":{"self":[{"href":"https:\/\/www.gcx.com\/fr\/wp-json\/wp\/v2\/pages\/116891","targetHints":{"allow":["GET"]}}],"collection":[{"href":"https:\/\/www.gcx.com\/fr\/wp-json\/wp\/v2\/pages"}],"about":[{"href":"https:\/\/www.gcx.com\/fr\/wp-json\/wp\/v2\/types\/page"}],"author":[{"embeddable":true,"href":"https:\/\/www.gcx.com\/fr\/wp-json\/wp\/v2\/users\/1"}],"replies":[{"embeddable":true,"href":"https:\/\/www.gcx.com\/fr\/wp-json\/wp\/v2\/comments?post=116891"}],"version-history":[{"count":0,"href":"https:\/\/www.gcx.com\/fr\/wp-json\/wp\/v2\/pages\/116891\/revisions"}],"up":[{"embeddable":true,"href":"https:\/\/www.gcx.com\/fr\/wp-json\/wp\/v2\/pages\/115650"}],"wp:attachment":[{"href":"https:\/\/www.gcx.com\/fr\/wp-json\/wp\/v2\/media?parent=116891"}],"curies":[{"name":"wp","href":"https:\/\/api.w.org\/{rel}","templated":true}]}}