{"id":115725,"date":"2024-02-23T09:28:46","date_gmt":"2024-02-23T09:28:46","guid":{"rendered":"https:\/\/www.gcx.com\/accessoires\/supports-pour-dispositifs-de-capture-de-donnees\/"},"modified":"2024-02-23T09:28:46","modified_gmt":"2024-02-23T09:28:46","slug":"supports-pour-dispositifs-de-capture-de-donnees","status":"publish","type":"page","link":"https:\/\/www.gcx.com\/fr\/produits\/accessoires\/supports-pour-dispositifs-de-capture-de-donnees\/","title":{"rendered":"Supports pour dispositifs de capture de donn\u00e9es"},"content":{"rendered":"","protected":false},"excerpt":{"rendered":"","protected":false},"author":1,"featured_media":0,"parent":114804,"menu_order":70,"comment_status":"open","ping_status":"closed","template":"templates\/product-series-single-template.php","meta":{"_acf_changed":false,"content-type":"","footnotes":""},"class_list":["post-115725","page","type-page","status-publish","hentry"],"acf":[],"yoast_head":"<!-- This site is optimized with the Yoast SEO plugin v27.2 - https:\/\/yoast.com\/product\/yoast-seo-wordpress\/ -->\n<title>Supports pour dispositifs de capture de donn\u00e9es | Solutions de montage GCX Medical<\/title>\n<meta name=\"description\" content=\"La m\u00e9ta-description n&#039;est pas d\u00e9finie.\" \/>\n<meta name=\"robots\" content=\"index, follow, max-snippet:-1, max-image-preview:large, max-video-preview:-1\" \/>\n<link rel=\"canonical\" href=\"https:\/\/www.gcx.com\/fr\/produits\/accessoires\/supports-pour-dispositifs-de-capture-de-donnees\/\" \/>\n<meta property=\"og:locale\" content=\"fr_FR\" \/>\n<meta property=\"og:type\" content=\"article\" \/>\n<meta property=\"og:title\" content=\"Supports pour dispositifs de capture de donn\u00e9es | Solutions de montage GCX Medical\" \/>\n<meta property=\"og:description\" content=\"La m\u00e9ta-description n&#039;est pas d\u00e9finie.\" \/>\n<meta property=\"og:url\" content=\"https:\/\/www.gcx.com\/fr\/produits\/accessoires\/supports-pour-dispositifs-de-capture-de-donnees\/\" \/>\n<meta property=\"og:site_name\" content=\"Solutions de montage GCX Medical\" \/>\n<meta property=\"article:publisher\" content=\"https:\/\/www.facebook.com\/GCXMountingSolutions\/\" \/>\n<meta property=\"og:image\" content=\"https:\/\/www.gcx.com\/wp-content\/uploads\/2024\/02\/gcx_logo.png\" \/>\n\t<meta property=\"og:image:width\" content=\"400\" \/>\n\t<meta property=\"og:image:height\" content=\"166\" \/>\n\t<meta property=\"og:image:type\" content=\"image\/png\" \/>\n<meta name=\"twitter:card\" content=\"summary_large_image\" \/>\n<meta name=\"twitter:site\" content=\"@gcxcorp\" \/>\n<script type=\"application\/ld+json\" class=\"yoast-schema-graph\">{\"@context\":\"https:\/\/schema.org\",\"@graph\":[{\"@type\":\"WebPage\",\"@id\":\"https:\/\/www.gcx.com\/fr\/produits\/accessoires\/supports-pour-dispositifs-de-capture-de-donnees\/\",\"url\":\"https:\/\/www.gcx.com\/fr\/produits\/accessoires\/supports-pour-dispositifs-de-capture-de-donnees\/\",\"name\":\"Supports pour dispositifs de capture de donn\u00e9es | Solutions de montage GCX Medical\",\"isPartOf\":{\"@id\":\"https:\/\/www.gcx.com\/fr\/#website\"},\"datePublished\":\"2024-02-23T09:28:46+00:00\",\"description\":\"La m\u00e9ta-description n'est pas d\u00e9finie.\",\"breadcrumb\":{\"@id\":\"https:\/\/www.gcx.com\/fr\/produits\/accessoires\/supports-pour-dispositifs-de-capture-de-donnees\/#breadcrumb\"},\"inLanguage\":\"fr-FR\",\"potentialAction\":[{\"@type\":\"ReadAction\",\"target\":[\"https:\/\/www.gcx.com\/fr\/produits\/accessoires\/supports-pour-dispositifs-de-capture-de-donnees\/\"]}]},{\"@type\":\"BreadcrumbList\",\"@id\":\"https:\/\/www.gcx.com\/fr\/produits\/accessoires\/supports-pour-dispositifs-de-capture-de-donnees\/#breadcrumb\",\"itemListElement\":[{\"@type\":\"ListItem\",\"position\":1,\"name\":\"Home\",\"item\":\"https:\/\/www.gcx.com\/fr\/\"},{\"@type\":\"ListItem\",\"position\":2,\"name\":\"Produits\",\"item\":\"https:\/\/www.gcx.com\/fr\/produits\/\"},{\"@type\":\"ListItem\",\"position\":3,\"name\":\"Accessoires\",\"item\":\"https:\/\/www.gcx.com\/fr\/produits\/accessoires\/\"},{\"@type\":\"ListItem\",\"position\":4,\"name\":\"Supports pour dispositifs de capture de donn\u00e9es\"}]},{\"@type\":\"WebSite\",\"@id\":\"https:\/\/www.gcx.com\/fr\/#website\",\"url\":\"https:\/\/www.gcx.com\/fr\/\",\"name\":\"GCX Medical Mounting Solutions\",\"description\":\"\",\"publisher\":{\"@id\":\"https:\/\/www.gcx.com\/fr\/#organization\"},\"alternateName\":\"GCX\",\"potentialAction\":[{\"@type\":\"SearchAction\",\"target\":{\"@type\":\"EntryPoint\",\"urlTemplate\":\"https:\/\/www.gcx.com\/fr\/?s={search_term_string}\"},\"query-input\":{\"@type\":\"PropertyValueSpecification\",\"valueRequired\":true,\"valueName\":\"search_term_string\"}}],\"inLanguage\":\"fr-FR\"},{\"@type\":\"Organization\",\"@id\":\"https:\/\/www.gcx.com\/fr\/#organization\",\"name\":\"GCX Medical Mounting Solutions\",\"alternateName\":\"GCX\",\"url\":\"https:\/\/www.gcx.com\/fr\/\",\"logo\":{\"@type\":\"ImageObject\",\"inLanguage\":\"fr-FR\",\"@id\":\"https:\/\/www.gcx.com\/fr\/#\/schema\/logo\/image\/\",\"url\":\"https:\/\/www.gcx.com\/wp-content\/uploads\/2024\/02\/gcx_logo.png\",\"contentUrl\":\"https:\/\/www.gcx.com\/wp-content\/uploads\/2024\/02\/gcx_logo.png\",\"width\":400,\"height\":166,\"caption\":\"GCX Medical Mounting Solutions\"},\"image\":{\"@id\":\"https:\/\/www.gcx.com\/fr\/#\/schema\/logo\/image\/\"},\"sameAs\":[\"https:\/\/www.facebook.com\/GCXMountingSolutions\/\",\"https:\/\/x.com\/gcxcorp\",\"https:\/\/linkedin.com\/company\/gcx\",\"https:\/\/www.instagram.com\/gcxcorp\",\"https:\/\/www.youtube.com\/gcxcorp\"]}]}<\/script>\n<!-- \/ Yoast SEO plugin. -->","yoast_head_json":{"title":"Supports pour dispositifs de capture de donn\u00e9es | Solutions de montage GCX Medical","description":"La m\u00e9ta-description n'est pas d\u00e9finie.","robots":{"index":"index","follow":"follow","max-snippet":"max-snippet:-1","max-image-preview":"max-image-preview:large","max-video-preview":"max-video-preview:-1"},"canonical":"https:\/\/www.gcx.com\/fr\/produits\/accessoires\/supports-pour-dispositifs-de-capture-de-donnees\/","og_locale":"fr_FR","og_type":"article","og_title":"Supports pour dispositifs de capture de donn\u00e9es | Solutions de montage GCX Medical","og_description":"La m\u00e9ta-description n'est pas d\u00e9finie.","og_url":"https:\/\/www.gcx.com\/fr\/produits\/accessoires\/supports-pour-dispositifs-de-capture-de-donnees\/","og_site_name":"Solutions de montage GCX Medical","article_publisher":"https:\/\/www.facebook.com\/GCXMountingSolutions\/","og_image":[{"width":400,"height":166,"url":"https:\/\/www.gcx.com\/wp-content\/uploads\/2024\/02\/gcx_logo.png","type":"image\/png"}],"twitter_card":"summary_large_image","twitter_site":"@gcxcorp","schema":{"@context":"https:\/\/schema.org","@graph":[{"@type":"WebPage","@id":"https:\/\/www.gcx.com\/fr\/produits\/accessoires\/supports-pour-dispositifs-de-capture-de-donnees\/","url":"https:\/\/www.gcx.com\/fr\/produits\/accessoires\/supports-pour-dispositifs-de-capture-de-donnees\/","name":"Supports pour dispositifs de capture de donn\u00e9es | Solutions de montage GCX Medical","isPartOf":{"@id":"https:\/\/www.gcx.com\/fr\/#website"},"datePublished":"2024-02-23T09:28:46+00:00","description":"La m\u00e9ta-description n'est pas d\u00e9finie.","breadcrumb":{"@id":"https:\/\/www.gcx.com\/fr\/produits\/accessoires\/supports-pour-dispositifs-de-capture-de-donnees\/#breadcrumb"},"inLanguage":"fr-FR","potentialAction":[{"@type":"ReadAction","target":["https:\/\/www.gcx.com\/fr\/produits\/accessoires\/supports-pour-dispositifs-de-capture-de-donnees\/"]}]},{"@type":"BreadcrumbList","@id":"https:\/\/www.gcx.com\/fr\/produits\/accessoires\/supports-pour-dispositifs-de-capture-de-donnees\/#breadcrumb","itemListElement":[{"@type":"ListItem","position":1,"name":"Home","item":"https:\/\/www.gcx.com\/fr\/"},{"@type":"ListItem","position":2,"name":"Produits","item":"https:\/\/www.gcx.com\/fr\/produits\/"},{"@type":"ListItem","position":3,"name":"Accessoires","item":"https:\/\/www.gcx.com\/fr\/produits\/accessoires\/"},{"@type":"ListItem","position":4,"name":"Supports pour dispositifs de capture de donn\u00e9es"}]},{"@type":"WebSite","@id":"https:\/\/www.gcx.com\/fr\/#website","url":"https:\/\/www.gcx.com\/fr\/","name":"GCX Medical Mounting Solutions","description":"","publisher":{"@id":"https:\/\/www.gcx.com\/fr\/#organization"},"alternateName":"GCX","potentialAction":[{"@type":"SearchAction","target":{"@type":"EntryPoint","urlTemplate":"https:\/\/www.gcx.com\/fr\/?s={search_term_string}"},"query-input":{"@type":"PropertyValueSpecification","valueRequired":true,"valueName":"search_term_string"}}],"inLanguage":"fr-FR"},{"@type":"Organization","@id":"https:\/\/www.gcx.com\/fr\/#organization","name":"GCX Medical Mounting Solutions","alternateName":"GCX","url":"https:\/\/www.gcx.com\/fr\/","logo":{"@type":"ImageObject","inLanguage":"fr-FR","@id":"https:\/\/www.gcx.com\/fr\/#\/schema\/logo\/image\/","url":"https:\/\/www.gcx.com\/wp-content\/uploads\/2024\/02\/gcx_logo.png","contentUrl":"https:\/\/www.gcx.com\/wp-content\/uploads\/2024\/02\/gcx_logo.png","width":400,"height":166,"caption":"GCX Medical Mounting Solutions"},"image":{"@id":"https:\/\/www.gcx.com\/fr\/#\/schema\/logo\/image\/"},"sameAs":["https:\/\/www.facebook.com\/GCXMountingSolutions\/","https:\/\/x.com\/gcxcorp","https:\/\/linkedin.com\/company\/gcx","https:\/\/www.instagram.com\/gcxcorp","https:\/\/www.youtube.com\/gcxcorp"]}]}},"_links":{"self":[{"href":"https:\/\/www.gcx.com\/fr\/wp-json\/wp\/v2\/pages\/115725","targetHints":{"allow":["GET"]}}],"collection":[{"href":"https:\/\/www.gcx.com\/fr\/wp-json\/wp\/v2\/pages"}],"about":[{"href":"https:\/\/www.gcx.com\/fr\/wp-json\/wp\/v2\/types\/page"}],"author":[{"embeddable":true,"href":"https:\/\/www.gcx.com\/fr\/wp-json\/wp\/v2\/users\/1"}],"replies":[{"embeddable":true,"href":"https:\/\/www.gcx.com\/fr\/wp-json\/wp\/v2\/comments?post=115725"}],"version-history":[{"count":0,"href":"https:\/\/www.gcx.com\/fr\/wp-json\/wp\/v2\/pages\/115725\/revisions"}],"up":[{"embeddable":true,"href":"https:\/\/www.gcx.com\/fr\/wp-json\/wp\/v2\/pages\/114804"}],"wp:attachment":[{"href":"https:\/\/www.gcx.com\/fr\/wp-json\/wp\/v2\/media?parent=115725"}],"curies":[{"name":"wp","href":"https:\/\/api.w.org\/{rel}","templated":true}]}}