{"id":115650,"date":"2024-02-23T09:29:29","date_gmt":"2024-02-23T09:29:29","guid":{"rendered":"https:\/\/www.gcx.com\/services-sur-place\/"},"modified":"2024-05-06T09:08:17","modified_gmt":"2024-05-06T09:08:17","slug":"services-sur-place","status":"publish","type":"page","link":"https:\/\/www.gcx.com\/fr\/services-sur-place\/","title":{"rendered":"Services sur place"},"content":{"rendered":"<section class=\"hero hero-sm\">\n      <div class=\"hero-bg\">\n      <img decoding=\"async\" src=\"https:\/\/www.gcx.com\/wp-content\/uploads\/2024\/02\/banner_oss-1.jpg\" alt=\"Banner oss\">\n    <\/div>\n      <\/section>\n\n\n\n\n<section id=\"content-block_15d1330ac8edb583dbbe8302f50890a6\"  class=\"pt-5 pb-5 bg-primary\">\n  <div class=\"container\">\n  <div class=\"row\">\n    <div class=\"col-12\">\n      <div class=\"text-editor text-white text-center fs-md\">\n        <h1>Services sur place<\/h1>\n<h2 class=\"lead\">GCX On-Site Services (OSS) est un service cl\u00e9 en main transparent, rentable et expert pour le d\u00e9ploiement et la maintenance des produits GCX.<\/h2>\n<p>GCX On-Site Services\u00ae permet aux clients de prolonger la valeur et la dur\u00e9e de vie de nos solutions de montage gr\u00e2ce \u00e0 des installations configur\u00e9es par des experts, des \u00e9valuations p\u00e9riodiques, des contr\u00f4les de maintenance et des mises \u00e0 niveau. De l&rsquo;installation de nouveaux produits aux audits de bras en passant par le remplacement d&rsquo;\u00e9quipements, notre personnel OSS travaille avec une grande efficacit\u00e9 et un minimum de perturbations dans une grande vari\u00e9t\u00e9 d&rsquo;\u00e9tablissements de soins de sant\u00e9.<\/p>\n              <\/div>\n    <\/div>\n  <\/div>\n<\/div>\n<\/section>\n\n\n\n<section id=\"content-block_b40e92a9f621ba41a6a91fdcef65091d\"  class=\"pt-5 bg-white\">\n  <div class=\"container\">\n  <div class=\"row align-items-center\">\n          <div class=\"col-md-4 mb-4 mb-md-0\">\n                              <img decoding=\"async\" class=\"img-fluid \" src=\"https:\/\/www.gcx.com\/wp-content\/uploads\/2024\/02\/oss_lp_2.jpg\" alt=\"Oss lp 2\">\n          \n              <\/div>\n        <div class=\"col-md-8\">\n      <div class=\"text-editor fs-md\">\n        <h3>Audits et \u00e9valuations<\/h3>\n<p>Les \u00e9quipes OSS de GCX \u00e9valuent rapidement et discr\u00e8tement les supports actuels et recommandent des remplacements ou des mises \u00e0 niveau rentables avec un minimum d&rsquo;interruptions de l&rsquo;\u00e9quipe de soins.<\/p>\n                  <div class=\"mt-3 mb-n1\">\n                          <a class=\"mb-1 btn btn-outline-primary btn-sm\" href=\"https:\/\/www.gcx.com\/fr\/services-sur-place\/audits-et-evaluations\/\">En savoir plus <\/a>                      <\/div>\n              <\/div>\n    <\/div>\n  <\/div>\n<\/div>\n<\/section>\n\n\n\n<section id=\"content-block_73cb19a74f8a7f973597eac895aec62b\"  class=\"pt-5 bg-white\">\n  <div class=\"container\">\n  <div class=\"row flex-md-row-reverse align-items-center\">\n          <div class=\"col-md-4 mb-4 mb-md-0\">\n                              <img decoding=\"async\" class=\"img-fluid \" src=\"https:\/\/www.gcx.com\/wp-content\/uploads\/2024\/02\/oss_lp_1.jpg\" alt=\"Oss lp 1\">\n          \n              <\/div>\n        <div class=\"col-md-8\">\n      <div class=\"text-editor fs-md\">\n        <h3>Installations de produits<\/h3>\n<p>Laissez les experts GCX installer et configurer correctement les supports pour qu&rsquo;ils fonctionnent en toute s\u00e9curit\u00e9 et de mani\u00e8re transparente avec les appareils m\u00e9dicaux ou le mat\u00e9riel informatique dans n&rsquo;importe quelle zone de soins aux patients.<\/p>\n                  <div class=\"mt-3 mb-n1\">\n                          <a class=\"mb-1 btn btn-outline-primary btn-sm\" href=\"https:\/\/www.gcx.com\/fr\/services-sur-place\/installations-de-produits\/\">En savoir plus <\/a>                      <\/div>\n              <\/div>\n    <\/div>\n  <\/div>\n<\/div>\n<\/section>\n\n\n\n<section id=\"content-block_5e0376f9350299ef9fc3d12c3f1309a0\"  class=\"pb-5 bg-white\">\n  <div class=\"container\">\n  <div class=\"row align-items-center\">\n          <div class=\"col-md-4 mb-4 mb-md-0\">\n                              <img decoding=\"async\" class=\"img-fluid \" src=\"https:\/\/www.gcx.com\/wp-content\/uploads\/2024\/02\/oss_lp_3.png-v2.png\" alt=\"Oss lp 3 png v2\">\n          \n              <\/div>\n        <div class=\"col-md-8\">\n      <div class=\"text-editor fs-md\">\n        <h3>D\u00e9monstrations de produits<\/h3>\n<p>Obtenez des d\u00e9monstrations de produits sur site ou virtuelles pour voir comment un support GCX am\u00e9liorera l&rsquo;acc\u00e8s des \u00e9quipes soignantes aux moniteurs de patients et autres dispositifs m\u00e9dicaux dans l&rsquo;endroit choisi.<\/p>\n                  <div class=\"mt-3 mb-n1\">\n                          <a class=\"mb-1 btn btn-outline-primary btn-sm\" href=\"https:\/\/www.gcx.com\/fr\/services-sur-place\/demonstrations-de-produits\/\">En savoir plus <\/a>                      <\/div>\n              <\/div>\n    <\/div>\n  <\/div>\n<\/div>\n<\/section>\n\n\n\n<section id=\"content-block_bd4365c0ddc3e8b01d2b445257d8244a\"  class=\"pb-5 bg-white\">\n  <div class=\"container\">\n  <div class=\"row flex-md-row-reverse align-items-center\">\n          <div class=\"col-md-4 mb-4 mb-md-0\">\n                              <img decoding=\"async\" class=\"img-fluid \" src=\"https:\/\/www.gcx.com\/wp-content\/uploads\/2024\/02\/oss_lp_4.jpg\" alt=\"Oss lp 4\">\n          \n              <\/div>\n        <div class=\"col-md-8\">\n      <div class=\"text-editor fs-md\">\n        <h3>Avantages des services sur site<\/h3>\n<p>En permettant \u00e0 nos \u00e9quipes OSS d&rsquo;introduire, d&rsquo;installer, d&rsquo;auditer et d&rsquo;entretenir les montages supportant les technologies de sant\u00e9, les \u00e9quipes biom\u00e9dicales, informatiques et cliniques disposent de plus de temps et de main d&rsquo;\u0153uvre pour d&rsquo;autres t\u00e2ches importantes.<\/p>\n                  <div class=\"mt-3 mb-n1\">\n                          <a class=\"mb-1 btn btn-outline-primary btn-sm\" href=\"https:\/\/www.gcx.com\/fr\/services-sur-place\/avantages-des-services-sur-site-de-gcx\/\">En savoir plus <\/a>                      <\/div>\n              <\/div>\n    <\/div>\n  <\/div>\n<\/div>\n<\/section>\n\n\n\n<section id=\"cta-block_2f0e643d26814ac9a6d3143ee4e77531\"  class=\"cta bg-secondary-blue pt-5 pb-5\" style=\"background: url(https:\/\/www.gcx.com\/wp-content\/themes\/gcx\/assets\/images\/content\/form_bkgd_gears.jpg) no-repeat bottom right\">\n  <div class=\"container\">\n    <div class=\"row\">\n      <div class=\"col-md-6\">\n                  <div class=\"text-editor text-white\">\n            <h3>\u00c9valuation et d\u00e9monstrations du VHM<\/h3>\n<p>GCX propose une \u00e9valuation gratuite des performances du VHM pour les clients existants et des d\u00e9monstrations de produits pour les clients potentiels.<\/p>\n          <\/div>\n                          <div class=\"mt-3 mb-n1\">\n                          <a class=\"mb-1 btn btn-secondary btn-sm\" href=\"https:\/\/www.gcx.com\/on-site-services\/audits-and-assessments\/\">Planifier une \u00e9valuation <\/a>                          <a class=\"mb-1 btn btn-secondary btn-sm\" href=\"https:\/\/www.gcx.com\/on-site-services\/product-demonstrations\/\">Demandez une d\u00e9monstration <\/a>                      <\/div>\n              <\/div>\n    <\/div>\n  <\/div>\n<\/section>\n","protected":false},"excerpt":{"rendered":"","protected":false},"author":1,"featured_media":0,"parent":0,"menu_order":0,"comment_status":"open","ping_status":"open","template":"","meta":{"_acf_changed":false,"content-type":"","footnotes":""},"class_list":["post-115650","page","type-page","status-publish","hentry"],"acf":[],"yoast_head":"<!-- This site is optimized with the Yoast SEO plugin v27.3 - https:\/\/yoast.com\/product\/yoast-seo-wordpress\/ -->\n<title>Services sur place | Solutions de montage GCX Medical<\/title>\n<meta name=\"robots\" content=\"index, follow, max-snippet:-1, max-image-preview:large, max-video-preview:-1\" \/>\n<link rel=\"canonical\" href=\"https:\/\/www.gcx.com\/fr\/services-sur-place\/\" \/>\n<meta property=\"og:locale\" content=\"fr_FR\" \/>\n<meta property=\"og:type\" content=\"article\" \/>\n<meta property=\"og:title\" content=\"Services sur place | Solutions de montage GCX Medical\" \/>\n<meta property=\"og:url\" content=\"https:\/\/www.gcx.com\/fr\/services-sur-place\/\" \/>\n<meta property=\"og:site_name\" content=\"Solutions de montage GCX Medical\" \/>\n<meta property=\"article:publisher\" content=\"https:\/\/www.facebook.com\/GCXMountingSolutions\/\" \/>\n<meta property=\"article:modified_time\" content=\"2024-05-06T09:08:17+00:00\" \/>\n<meta property=\"og:image\" content=\"https:\/\/www.gcx.com\/wp-content\/uploads\/2024\/02\/gcx_logo.png\" \/>\n\t<meta property=\"og:image:width\" content=\"400\" \/>\n\t<meta property=\"og:image:height\" content=\"166\" \/>\n\t<meta property=\"og:image:type\" content=\"image\/png\" \/>\n<meta name=\"twitter:card\" content=\"summary_large_image\" \/>\n<meta name=\"twitter:site\" content=\"@gcxcorp\" \/>\n<script type=\"application\/ld+json\" class=\"yoast-schema-graph\">{\"@context\":\"https:\\\/\\\/schema.org\",\"@graph\":[{\"@type\":\"WebPage\",\"@id\":\"https:\\\/\\\/www.gcx.com\\\/fr\\\/services-sur-place\\\/\",\"url\":\"https:\\\/\\\/www.gcx.com\\\/fr\\\/services-sur-place\\\/\",\"name\":\"Services sur place | Solutions de montage GCX Medical\",\"isPartOf\":{\"@id\":\"https:\\\/\\\/www.gcx.com\\\/fr\\\/#website\"},\"datePublished\":\"2024-02-23T09:29:29+00:00\",\"dateModified\":\"2024-05-06T09:08:17+00:00\",\"breadcrumb\":{\"@id\":\"https:\\\/\\\/www.gcx.com\\\/fr\\\/services-sur-place\\\/#breadcrumb\"},\"inLanguage\":\"fr-FR\",\"potentialAction\":[{\"@type\":\"ReadAction\",\"target\":[\"https:\\\/\\\/www.gcx.com\\\/fr\\\/services-sur-place\\\/\"]}]},{\"@type\":\"BreadcrumbList\",\"@id\":\"https:\\\/\\\/www.gcx.com\\\/fr\\\/services-sur-place\\\/#breadcrumb\",\"itemListElement\":[{\"@type\":\"ListItem\",\"position\":1,\"name\":\"Home\",\"item\":\"https:\\\/\\\/www.gcx.com\\\/fr\\\/\"},{\"@type\":\"ListItem\",\"position\":2,\"name\":\"Services sur place\"}]},{\"@type\":\"WebSite\",\"@id\":\"https:\\\/\\\/www.gcx.com\\\/fr\\\/#website\",\"url\":\"https:\\\/\\\/www.gcx.com\\\/fr\\\/\",\"name\":\"GCX Medical Mounting Solutions\",\"description\":\"\",\"publisher\":{\"@id\":\"https:\\\/\\\/www.gcx.com\\\/fr\\\/#organization\"},\"alternateName\":\"GCX\",\"potentialAction\":[{\"@type\":\"SearchAction\",\"target\":{\"@type\":\"EntryPoint\",\"urlTemplate\":\"https:\\\/\\\/www.gcx.com\\\/fr\\\/?s={search_term_string}\"},\"query-input\":{\"@type\":\"PropertyValueSpecification\",\"valueRequired\":true,\"valueName\":\"search_term_string\"}}],\"inLanguage\":\"fr-FR\"},{\"@type\":\"Organization\",\"@id\":\"https:\\\/\\\/www.gcx.com\\\/fr\\\/#organization\",\"name\":\"GCX Medical Mounting Solutions\",\"alternateName\":\"GCX\",\"url\":\"https:\\\/\\\/www.gcx.com\\\/fr\\\/\",\"logo\":{\"@type\":\"ImageObject\",\"inLanguage\":\"fr-FR\",\"@id\":\"https:\\\/\\\/www.gcx.com\\\/fr\\\/#\\\/schema\\\/logo\\\/image\\\/\",\"url\":\"https:\\\/\\\/www.gcx.com\\\/wp-content\\\/uploads\\\/2024\\\/02\\\/gcx_logo.png\",\"contentUrl\":\"https:\\\/\\\/www.gcx.com\\\/wp-content\\\/uploads\\\/2024\\\/02\\\/gcx_logo.png\",\"width\":400,\"height\":166,\"caption\":\"GCX Medical Mounting Solutions\"},\"image\":{\"@id\":\"https:\\\/\\\/www.gcx.com\\\/fr\\\/#\\\/schema\\\/logo\\\/image\\\/\"},\"sameAs\":[\"https:\\\/\\\/www.facebook.com\\\/GCXMountingSolutions\\\/\",\"https:\\\/\\\/x.com\\\/gcxcorp\",\"https:\\\/\\\/linkedin.com\\\/company\\\/gcx\",\"https:\\\/\\\/www.instagram.com\\\/gcxcorp\",\"https:\\\/\\\/www.youtube.com\\\/gcxcorp\"]}]}<\/script>\n<!-- \/ Yoast SEO plugin. -->","yoast_head_json":{"title":"Services sur place | Solutions de montage GCX Medical","robots":{"index":"index","follow":"follow","max-snippet":"max-snippet:-1","max-image-preview":"max-image-preview:large","max-video-preview":"max-video-preview:-1"},"canonical":"https:\/\/www.gcx.com\/fr\/services-sur-place\/","og_locale":"fr_FR","og_type":"article","og_title":"Services sur place | Solutions de montage GCX Medical","og_url":"https:\/\/www.gcx.com\/fr\/services-sur-place\/","og_site_name":"Solutions de montage GCX Medical","article_publisher":"https:\/\/www.facebook.com\/GCXMountingSolutions\/","article_modified_time":"2024-05-06T09:08:17+00:00","og_image":[{"width":400,"height":166,"url":"https:\/\/www.gcx.com\/wp-content\/uploads\/2024\/02\/gcx_logo.png","type":"image\/png"}],"twitter_card":"summary_large_image","twitter_site":"@gcxcorp","schema":{"@context":"https:\/\/schema.org","@graph":[{"@type":"WebPage","@id":"https:\/\/www.gcx.com\/fr\/services-sur-place\/","url":"https:\/\/www.gcx.com\/fr\/services-sur-place\/","name":"Services sur place | Solutions de montage GCX Medical","isPartOf":{"@id":"https:\/\/www.gcx.com\/fr\/#website"},"datePublished":"2024-02-23T09:29:29+00:00","dateModified":"2024-05-06T09:08:17+00:00","breadcrumb":{"@id":"https:\/\/www.gcx.com\/fr\/services-sur-place\/#breadcrumb"},"inLanguage":"fr-FR","potentialAction":[{"@type":"ReadAction","target":["https:\/\/www.gcx.com\/fr\/services-sur-place\/"]}]},{"@type":"BreadcrumbList","@id":"https:\/\/www.gcx.com\/fr\/services-sur-place\/#breadcrumb","itemListElement":[{"@type":"ListItem","position":1,"name":"Home","item":"https:\/\/www.gcx.com\/fr\/"},{"@type":"ListItem","position":2,"name":"Services sur place"}]},{"@type":"WebSite","@id":"https:\/\/www.gcx.com\/fr\/#website","url":"https:\/\/www.gcx.com\/fr\/","name":"GCX Medical Mounting Solutions","description":"","publisher":{"@id":"https:\/\/www.gcx.com\/fr\/#organization"},"alternateName":"GCX","potentialAction":[{"@type":"SearchAction","target":{"@type":"EntryPoint","urlTemplate":"https:\/\/www.gcx.com\/fr\/?s={search_term_string}"},"query-input":{"@type":"PropertyValueSpecification","valueRequired":true,"valueName":"search_term_string"}}],"inLanguage":"fr-FR"},{"@type":"Organization","@id":"https:\/\/www.gcx.com\/fr\/#organization","name":"GCX Medical Mounting Solutions","alternateName":"GCX","url":"https:\/\/www.gcx.com\/fr\/","logo":{"@type":"ImageObject","inLanguage":"fr-FR","@id":"https:\/\/www.gcx.com\/fr\/#\/schema\/logo\/image\/","url":"https:\/\/www.gcx.com\/wp-content\/uploads\/2024\/02\/gcx_logo.png","contentUrl":"https:\/\/www.gcx.com\/wp-content\/uploads\/2024\/02\/gcx_logo.png","width":400,"height":166,"caption":"GCX Medical Mounting Solutions"},"image":{"@id":"https:\/\/www.gcx.com\/fr\/#\/schema\/logo\/image\/"},"sameAs":["https:\/\/www.facebook.com\/GCXMountingSolutions\/","https:\/\/x.com\/gcxcorp","https:\/\/linkedin.com\/company\/gcx","https:\/\/www.instagram.com\/gcxcorp","https:\/\/www.youtube.com\/gcxcorp"]}]}},"_links":{"self":[{"href":"https:\/\/www.gcx.com\/fr\/wp-json\/wp\/v2\/pages\/115650","targetHints":{"allow":["GET"]}}],"collection":[{"href":"https:\/\/www.gcx.com\/fr\/wp-json\/wp\/v2\/pages"}],"about":[{"href":"https:\/\/www.gcx.com\/fr\/wp-json\/wp\/v2\/types\/page"}],"author":[{"embeddable":true,"href":"https:\/\/www.gcx.com\/fr\/wp-json\/wp\/v2\/users\/1"}],"replies":[{"embeddable":true,"href":"https:\/\/www.gcx.com\/fr\/wp-json\/wp\/v2\/comments?post=115650"}],"version-history":[{"count":0,"href":"https:\/\/www.gcx.com\/fr\/wp-json\/wp\/v2\/pages\/115650\/revisions"}],"wp:attachment":[{"href":"https:\/\/www.gcx.com\/fr\/wp-json\/wp\/v2\/media?parent=115650"}],"curies":[{"name":"wp","href":"https:\/\/api.w.org\/{rel}","templated":true}]}}