{"id":115601,"date":"2024-03-15T16:25:47","date_gmt":"2024-03-15T16:25:47","guid":{"rendered":"https:\/\/www.gcx.com\/produits\/support-a-roulettes-pour-tablettes\/"},"modified":"2024-04-26T16:25:16","modified_gmt":"2024-04-26T16:25:16","slug":"support-a-roulettes-pour-tablettes","status":"publish","type":"page","link":"https:\/\/www.gcx.com\/fr\/produits\/support-a-roulettes-pour-tablettes\/","title":{"rendered":"Support \u00e0 roulettes pour tablettes"},"content":{"rendered":"\n<section id=\"content-block_8e633dcd62d366b30fd0a6de76de7537\"  class=\"pt-5 pb-5 bg-white\">\n  <div class=\"container\">\n  <div class=\"row flex-md-row-reverse\">\n          <div class=\"col-md-4 mb-4 mb-md-0\">\n                              <img decoding=\"async\" class=\"img-fluid \" src=\"https:\/\/www.gcx.com\/wp-content\/uploads\/2024\/03\/Tablet_Rollstand_3images_square_332b5084d1115ba5d545153097aef7e1.jpeg\" alt=\"\">\n          \n              <\/div>\n        <div class=\"col-md-8\">\n      <div class=\"text-editor fs-md\">\n        <p>Pour que les soins virtuels sur tablette fonctionnent comme pr\u00e9vu, les appareils doivent \u00eatre accessibles \u00e0 la demande. Le GCX\u00ae Tablet Roll Stand est \u00e9quip\u00e9 d&rsquo;un bras de tablette \u00e0 hauteur fixe ou variable pour une visualisation et un acc\u00e8s optimaux \u00e0 la vid\u00e9oconf\u00e9rence, aux dossiers m\u00e9dicaux \u00e9lectroniques et aux services aux patients depuis n&rsquo;importe quel endroit de l&rsquo;h\u00f4pital.<\/p>\n<p>Qu&rsquo;il s&rsquo;agisse d&rsquo;applications de traduction, d&rsquo;enregistrement en ligne des patients, de visites virtuelles ou de t\u00e9l\u00e9m\u00e9decine, notre support pour tablette GCX permet aux infirmi\u00e8res, aux cliniciens et aux m\u00e9decins press\u00e9s par le temps de rencontrer des patients et des sp\u00e9cialistes o\u00f9 qu&rsquo;ils se trouvent, et sans ralentir les flux de travail. Dans le m\u00eame temps, les patients b\u00e9n\u00e9ficient d&rsquo;une prestation de soins moderne qui met la barre plus haut en ce qui concerne l&rsquo;exp\u00e9rience du patient.<\/p>\n                  <div class=\"mt-3 mb-n1\">\n                          <a class=\"mb-1 btn btn-primary btn-sm\" href=\"#configurations\">Voir les solutions <\/a>                      <\/div>\n              <\/div>\n    <\/div>\n  <\/div>\n<\/div>\n<\/section>\n\n<section id=\"content-block_af3be45247aeb4c054a10085f1c7aed0\"  class=\"pt-5 pb-5\">\n  <div class=\"container\">\n  <div class=\"row\">\n          <div class=\"col-md-4 mb-4 mb-md-0\">\n                              <img decoding=\"async\" class=\"img-fluid \" src=\"https:\/\/www.gcx.com\/wp-content\/uploads\/2024\/03\/TabletRollStand_Accessories_0a21d3d1c1e7dbdfff1fe2c6345827e3.png\" alt=\"\">\n          \n              <\/div>\n        <div class=\"col-md-8\">\n      <div class=\"text-editor fs-md\">\n        <h3>Utilisation optimale de la tablette pour chaque utilisateur<\/h3>\n<p><em>L&rsquo;un des principaux avantages du GCX Tablet Roll Stand est sa capacit\u00e9 \u00e0 s&rsquo;adapter \u00e0 la hauteur et \u00e0 la port\u00e9e de chaque utilisateur.  <\/em><\/p>\n<ul>\n<li>Le <strong>bras de tablette PROADJUST\u2122<\/strong> en option permet \u00e0 l&rsquo;utilisateur de repositionner la tablette tout en restant fermement fix\u00e9 au roll stand, r\u00e9duisant ainsi les risques de chutes accidentelles.<\/li>\n<li>Une <strong>base stable de 18 pouces sur 18<\/strong> pouces et des roulettes verrouillables de 4 pouces permettent de d\u00e9placer le roll stand sans probl\u00e8me dans et hors d&rsquo;une pi\u00e8ce ou d&rsquo;une zone de visualisation.<\/li>\n<li><strong>Bo\u00eetier d&rsquo;alimentation<\/strong> pour fixer un adaptateur CA ou un concentrateur USB le long du canal afin d&rsquo;\u00e9viter tout d\u00e9branchement accidentel ou intentionnel.<\/li>\n<\/ul>\n              <\/div>\n    <\/div>\n  <\/div>\n<\/div>\n<\/section>\n\n<section id=\"content-block_798f22b97b78831f5b5703c19f93ddf0\"  class=\"pt-5 pb-5 bg-white\">\n  <div class=\"container\">\n  <div class=\"row flex-md-row-reverse align-items-center\">\n          <div class=\"col-md-6 mb-4 mb-md-0\">\n                              <img decoding=\"async\" class=\"img-fluid \" src=\"https:\/\/www.gcx.com\/wp-content\/uploads\/2024\/03\/TabletRollStand_hiddencord_0a21d3d1c1e7dbdfff1fe2c6345827e3-1.jpeg\" alt=\"\">\n          \n              <\/div>\n        <div class=\"col-md-6\">\n      <div class=\"text-editor fs-md\">\n        <h3>Excellente gestion des c\u00e2bles<\/h3>\n<p><em>Ce support de rouleau est con\u00e7u pour emp\u00eacher les c\u00e2bles expos\u00e9s de propager des germes ou de cr\u00e9er des risques pour la s\u00e9curit\u00e9.<\/em><\/p>\n<ul>\n<li>Jusqu&rsquo;\u00e0 100 % de dissimulation des c\u00e2bles pour un meilleur contr\u00f4le des infections et une gestion sup\u00e9rieure des c\u00e2bles.<\/li>\n<li>Un bo\u00eetier d&rsquo;alimentation pour fixer un adaptateur CA ou un concentrateur USB le long du canal afin d&rsquo;\u00e9viter tout d\u00e9branchement accidentel ou intentionnel pour recharger d&rsquo;autres appareils.<\/li>\n<\/ul>\n<h3>Options d&rsquo;accessoires et look moderne<\/h3>\n<p><em>Accessoires en option et nouvelles couleurs pour les \u00e9tablissements de sant\u00e9 d&rsquo;aujourd&rsquo;hui.<\/em><\/p>\n<ul>\n<li>Supports de haut-parleurs optionnels de diff\u00e9rentes formes et tailles.<\/li>\n<li>Des accessoires tels que des bacs pour un rangement suppl\u00e9mentaire.<\/li>\n<li>Nouveau, moderne et d&rsquo;un blanc \u00e9clatant pour s&rsquo;harmoniser avec les autres \u00e9quipements m\u00e9dicaux de la pi\u00e8ce.<\/li>\n<\/ul>\n              <\/div>\n    <\/div>\n  <\/div>\n<\/div>\n<\/section>\n\n<section id=\"content-block_6ceb7d0f0a71f4cc26f6b3517b7d0c50\"  class=\"pt-5 pb-5\">\n  <div class=\"container\">\n  <div class=\"row\">\n    <div class=\"col-12\">\n      <div class=\"text-editor\">\n        <h3>Sp\u00e9cifications techniques<\/h3>\n<ul>\n<li>Bras de tablette \u00e0 hauteur variable Plage de charge : 1,5 &#8211; 6,0 \/.7 &#8211; 2,7 kg<\/li>\n<li>Port\u00e9e du bras : 15.1&Prime; &#8211; 17.6&Prime; \/44.7 cm<\/li>\n<li>R\u00e9glage portrait\/paysage avec verrouillage<\/li>\n<li>Plage d&rsquo;inclinaison vers le haut : 75\u00b0<\/li>\n<li>Inclinaison vers le bas : 90<\/li>\n<li>Dimensions de la base : 18.22&Prime; x 18.22&Prime; \/46.28 x 46.28 cm<\/li>\n<li>Comprend un contrepoids de 6,5 kg.<\/li>\n<li>Roulettes de 3&Prime;\/7,62 cm de diam\u00e8tre (4 bloquantes) pour faciliter le passage sur des surfaces irr\u00e9guli\u00e8res.<\/li>\n<li>Le chemin de c\u00e2bles s&rsquo;adapte \u00e0 2 cordons USB de 0,2&Prime; ou 5 mm de diam\u00e8tre chacun et comprend un couvercle pour dissimuler les c\u00e2bles.<\/li>\n<li>Plage de r\u00e9glage de la hauteur : 43&Prime; &#8211; 55&Prime; \/109 &#8211; 140 cm<\/li>\n<\/ul>\n      <\/div>\n    <\/div>\n  <\/div>\n<\/div><\/section>\n\n<section id=\"configurations\"  class=\"pt-5 pb-5 \">\n  <div class=\"container pb-1\">\n    <div class=\"row\">\n      <div class=\"col-md-8\">\n              <\/div>\n          <\/div>\n  <\/div>\n  \n    <section class=\"pb-5 js-product-and-pages-grid-parent\" id=\"\">\n        <div class=\"container\">\n                                                                <div class=\"row \">\n                        <div class=\"col-12\">\n                                                    <div class=\"d-flex align-items-center\">\n                                                                    <h3 id=\"configurations\" class=\"mb-0\">Configurations<\/h3>\n                                                                                                    <div class=\"ms-auto\">\n                                        <div class=\"btn-group\">\n                                            <button class=\"btn btn-sm btn-outline-secondary active js-toggle-grid-view\" title=\"Grid View\"><i class=\"fa-solid fa-table-cells fa-lg\"><\/i><\/button>\n                                            <button class=\"btn btn-sm btn-outline-secondary js-toggle-list-view\" title=\"List View\"><i class=\"fa-solid fa-table-list fa-lg\"><\/i><\/button>\n                                        <\/div>\n                                    <\/div>\n                                                            <\/div>\n                            <hr>\n\n                            <div class=\"row row-cols-2 row-cols-md-4 row-cols-lg-6 g-2 js-products js-products-grid\">\n                                \n                                    <div>\n                                        <div class=\"product-card\">\n                                                                                            <a href=\"https:\/\/www.gcx.com\/products\/gcx\/variable-height-roll-stand-with-pro-adjust-tablet-arm\/\" class=\"product-card-image\">\n                                                    <img decoding=\"async\" src=\"https:\/\/www.gcx.com\/wp-content\/uploads\/2023\/11\/TRS-0002-61_VariableRollstand_Power_Handle_L_724ac0c542d0a2c54b82d5d604bc6637-200x200.jpg\" alt=\"\">\n                                                <\/a>\n                                                                                        <h6 class=\"product-card-title\">\n                                                <a href=\"https:\/\/www.gcx.com\/products\/gcx\/variable-height-roll-stand-with-pro-adjust-tablet-arm\/\">\n                                                                                                        Support roulant \u00e0 hauteur variable avec bras PRO-ADJUST\u2122 pour tablette                                                <\/a>\n                                            <\/h6>\n                                        <\/div>\n                                    <\/div>\n                                \n                                    <div>\n                                        <div class=\"product-card\">\n                                                                                            <a href=\"https:\/\/www.gcx.com\/products\/gcx\/fixed-height-roll-stand-with-pro-adjust-tablet-arm\/\" class=\"product-card-image\">\n                                                    <img decoding=\"async\" src=\"https:\/\/www.gcx.com\/wp-content\/uploads\/2024\/04\/TRS-0003-64_FixedRollstand_Power_Handle_L-200x200.jpg\" alt=\"TRS 0003 64 Fixed Rollstand Power Handle L\">\n                                                <\/a>\n                                                                                        <h6 class=\"product-card-title\">\n                                                <a href=\"https:\/\/www.gcx.com\/products\/gcx\/fixed-height-roll-stand-with-pro-adjust-tablet-arm\/\">\n                                                                                                        Variable Height Roll Stand with PRO-ADJUST\u2122 Tablet Arm                                                <\/a>\n                                            <\/h6>\n                                        <\/div>\n                                    <\/div>\n                                                                                            <\/div>\n                                                        <\/div>\n                                                <\/div>\n                                                                        <\/div>\n    <\/section>\n\n<div class=\"modal fade\" id=\"catalog-modal\" tabindex=\"-1\">\n        <div class=\"modal-dialog modal-md modal-dialog-centered\">\n        <div class=\"modal-content\">\n            <div class=\"modal-header\">\n                <h3 class=\"modal-title\">Cr\u00e9er un catalogue<\/h3>\n                <button type=\"button\" class=\"btn-close\" data-bs-dismiss=\"modal\" aria-label=\"Close\"><\/button>\n            <\/div>\n            <div id=\"generate-catalog-modal\" class=\"modal-body\">\n                <p>T\u00e9l\u00e9charger un catalogue PDF de cette section de l&rsquo;offre de produits GCX.<\/p>\n                <a href=\"#\" class=\"btn btn-primary js-generate-catalog\"><i class=\"fa-solid fa-gear me-1\"><\/i>Cr\u00e9er un catalogue<\/a>\n            <\/div>\n        <\/div>\n    <\/div>\n    <script>\n        jQuery(document).ready(function($) {\n\n            $(\"body\").on(\"click\", \".js-generate-catalog\", function(e) {\n                e.preventDefault();\n\n                $(\"#generate-catalog-modal\").html('<div class=\"text-center\"><button class=\"btn btn-warning\" type=\"button\" disabled><i class=\"me-1 fa-solid fa-cog fa-spin\"><\/i>Veuillez patienter<\/button><\/div>');\n\n                var data = {\n                    'action': 'generate_catalog',\n                    'security': gcx_ajax_object.nonce,\n                    'generate_catalog': {\n                        'generate-pdf': true, \/\/ or false, depending on your logic\n                        'product-id': 115601                    }\n                };\n\n                $.post(gcx_ajax_object.ajax_url, data, function(response) {\n                    console.log(response);\n                    \/\/ Handle response\n                    $(\"#generate-catalog-modal\").html(response);\n                });\n            });\n        });\n    <\/script>\n\n<\/div>  <\/div>","protected":false},"excerpt":{"rendered":"<p>La solution d&rsquo;aujourd&rsquo;hui pour les besoins de demain en mati\u00e8re de t\u00e9l\u00e9sant\u00e9<\/p>\n","protected":false},"author":4,"featured_media":0,"parent":115349,"menu_order":0,"comment_status":"closed","ping_status":"closed","template":"","meta":{"_acf_changed":false,"content-type":"","footnotes":""},"class_list":["post-115601","page","type-page","status-publish","hentry"],"acf":[],"yoast_head":"<!-- This site is optimized with the Yoast SEO plugin v27.3 - https:\/\/yoast.com\/product\/yoast-seo-wordpress\/ -->\n<title>Support \u00e0 roulettes pour tablettes | Solutions de montage GCX Medical<\/title>\n<meta name=\"robots\" content=\"index, follow, max-snippet:-1, max-image-preview:large, max-video-preview:-1\" \/>\n<link rel=\"canonical\" href=\"https:\/\/www.gcx.com\/fr\/produits\/support-a-roulettes-pour-tablettes\/\" \/>\n<meta property=\"og:locale\" content=\"fr_FR\" \/>\n<meta property=\"og:type\" content=\"article\" \/>\n<meta property=\"og:title\" content=\"Support \u00e0 roulettes pour tablettes | Solutions de montage GCX Medical\" \/>\n<meta property=\"og:description\" content=\"La solution d&#039;aujourd&#039;hui pour les besoins de demain en mati\u00e8re de t\u00e9l\u00e9sant\u00e9\" \/>\n<meta property=\"og:url\" content=\"https:\/\/www.gcx.com\/fr\/produits\/support-a-roulettes-pour-tablettes\/\" \/>\n<meta property=\"og:site_name\" content=\"Solutions de montage GCX Medical\" \/>\n<meta property=\"article:publisher\" content=\"https:\/\/www.facebook.com\/GCXMountingSolutions\/\" \/>\n<meta property=\"article:modified_time\" content=\"2024-04-26T16:25:16+00:00\" \/>\n<meta property=\"og:image\" content=\"https:\/\/www.gcx.com\/wp-content\/uploads\/2024\/02\/gcx_logo.png\" \/>\n\t<meta property=\"og:image:width\" content=\"400\" \/>\n\t<meta property=\"og:image:height\" content=\"166\" \/>\n\t<meta property=\"og:image:type\" content=\"image\/png\" \/>\n<meta name=\"twitter:card\" content=\"summary_large_image\" \/>\n<meta name=\"twitter:site\" content=\"@gcxcorp\" \/>\n<script type=\"application\/ld+json\" class=\"yoast-schema-graph\">{\"@context\":\"https:\\\/\\\/schema.org\",\"@graph\":[{\"@type\":\"WebPage\",\"@id\":\"https:\\\/\\\/www.gcx.com\\\/fr\\\/produits\\\/support-a-roulettes-pour-tablettes\\\/\",\"url\":\"https:\\\/\\\/www.gcx.com\\\/fr\\\/produits\\\/support-a-roulettes-pour-tablettes\\\/\",\"name\":\"Support \u00e0 roulettes pour tablettes | Solutions de montage GCX Medical\",\"isPartOf\":{\"@id\":\"https:\\\/\\\/www.gcx.com\\\/fr\\\/#website\"},\"datePublished\":\"2024-03-15T16:25:47+00:00\",\"dateModified\":\"2024-04-26T16:25:16+00:00\",\"breadcrumb\":{\"@id\":\"https:\\\/\\\/www.gcx.com\\\/fr\\\/produits\\\/support-a-roulettes-pour-tablettes\\\/#breadcrumb\"},\"inLanguage\":\"fr-FR\",\"potentialAction\":[{\"@type\":\"ReadAction\",\"target\":[\"https:\\\/\\\/www.gcx.com\\\/fr\\\/produits\\\/support-a-roulettes-pour-tablettes\\\/\"]}]},{\"@type\":\"BreadcrumbList\",\"@id\":\"https:\\\/\\\/www.gcx.com\\\/fr\\\/produits\\\/support-a-roulettes-pour-tablettes\\\/#breadcrumb\",\"itemListElement\":[{\"@type\":\"ListItem\",\"position\":1,\"name\":\"Home\",\"item\":\"https:\\\/\\\/www.gcx.com\\\/fr\\\/\"},{\"@type\":\"ListItem\",\"position\":2,\"name\":\"Produits\",\"item\":\"https:\\\/\\\/www.gcx.com\\\/fr\\\/produits\\\/\"},{\"@type\":\"ListItem\",\"position\":3,\"name\":\"Support \u00e0 roulettes pour tablettes\"}]},{\"@type\":\"WebSite\",\"@id\":\"https:\\\/\\\/www.gcx.com\\\/fr\\\/#website\",\"url\":\"https:\\\/\\\/www.gcx.com\\\/fr\\\/\",\"name\":\"GCX Medical Mounting Solutions\",\"description\":\"\",\"publisher\":{\"@id\":\"https:\\\/\\\/www.gcx.com\\\/fr\\\/#organization\"},\"alternateName\":\"GCX\",\"potentialAction\":[{\"@type\":\"SearchAction\",\"target\":{\"@type\":\"EntryPoint\",\"urlTemplate\":\"https:\\\/\\\/www.gcx.com\\\/fr\\\/?s={search_term_string}\"},\"query-input\":{\"@type\":\"PropertyValueSpecification\",\"valueRequired\":true,\"valueName\":\"search_term_string\"}}],\"inLanguage\":\"fr-FR\"},{\"@type\":\"Organization\",\"@id\":\"https:\\\/\\\/www.gcx.com\\\/fr\\\/#organization\",\"name\":\"GCX Medical Mounting Solutions\",\"alternateName\":\"GCX\",\"url\":\"https:\\\/\\\/www.gcx.com\\\/fr\\\/\",\"logo\":{\"@type\":\"ImageObject\",\"inLanguage\":\"fr-FR\",\"@id\":\"https:\\\/\\\/www.gcx.com\\\/fr\\\/#\\\/schema\\\/logo\\\/image\\\/\",\"url\":\"https:\\\/\\\/www.gcx.com\\\/wp-content\\\/uploads\\\/2024\\\/02\\\/gcx_logo.png\",\"contentUrl\":\"https:\\\/\\\/www.gcx.com\\\/wp-content\\\/uploads\\\/2024\\\/02\\\/gcx_logo.png\",\"width\":400,\"height\":166,\"caption\":\"GCX Medical Mounting Solutions\"},\"image\":{\"@id\":\"https:\\\/\\\/www.gcx.com\\\/fr\\\/#\\\/schema\\\/logo\\\/image\\\/\"},\"sameAs\":[\"https:\\\/\\\/www.facebook.com\\\/GCXMountingSolutions\\\/\",\"https:\\\/\\\/x.com\\\/gcxcorp\",\"https:\\\/\\\/linkedin.com\\\/company\\\/gcx\",\"https:\\\/\\\/www.instagram.com\\\/gcxcorp\",\"https:\\\/\\\/www.youtube.com\\\/gcxcorp\"]}]}<\/script>\n<!-- \/ Yoast SEO plugin. -->","yoast_head_json":{"title":"Support \u00e0 roulettes pour tablettes | Solutions de montage GCX Medical","robots":{"index":"index","follow":"follow","max-snippet":"max-snippet:-1","max-image-preview":"max-image-preview:large","max-video-preview":"max-video-preview:-1"},"canonical":"https:\/\/www.gcx.com\/fr\/produits\/support-a-roulettes-pour-tablettes\/","og_locale":"fr_FR","og_type":"article","og_title":"Support \u00e0 roulettes pour tablettes | Solutions de montage GCX Medical","og_description":"La solution d'aujourd'hui pour les besoins de demain en mati\u00e8re de t\u00e9l\u00e9sant\u00e9","og_url":"https:\/\/www.gcx.com\/fr\/produits\/support-a-roulettes-pour-tablettes\/","og_site_name":"Solutions de montage GCX Medical","article_publisher":"https:\/\/www.facebook.com\/GCXMountingSolutions\/","article_modified_time":"2024-04-26T16:25:16+00:00","og_image":[{"width":400,"height":166,"url":"https:\/\/www.gcx.com\/wp-content\/uploads\/2024\/02\/gcx_logo.png","type":"image\/png"}],"twitter_card":"summary_large_image","twitter_site":"@gcxcorp","schema":{"@context":"https:\/\/schema.org","@graph":[{"@type":"WebPage","@id":"https:\/\/www.gcx.com\/fr\/produits\/support-a-roulettes-pour-tablettes\/","url":"https:\/\/www.gcx.com\/fr\/produits\/support-a-roulettes-pour-tablettes\/","name":"Support \u00e0 roulettes pour tablettes | Solutions de montage GCX Medical","isPartOf":{"@id":"https:\/\/www.gcx.com\/fr\/#website"},"datePublished":"2024-03-15T16:25:47+00:00","dateModified":"2024-04-26T16:25:16+00:00","breadcrumb":{"@id":"https:\/\/www.gcx.com\/fr\/produits\/support-a-roulettes-pour-tablettes\/#breadcrumb"},"inLanguage":"fr-FR","potentialAction":[{"@type":"ReadAction","target":["https:\/\/www.gcx.com\/fr\/produits\/support-a-roulettes-pour-tablettes\/"]}]},{"@type":"BreadcrumbList","@id":"https:\/\/www.gcx.com\/fr\/produits\/support-a-roulettes-pour-tablettes\/#breadcrumb","itemListElement":[{"@type":"ListItem","position":1,"name":"Home","item":"https:\/\/www.gcx.com\/fr\/"},{"@type":"ListItem","position":2,"name":"Produits","item":"https:\/\/www.gcx.com\/fr\/produits\/"},{"@type":"ListItem","position":3,"name":"Support \u00e0 roulettes pour tablettes"}]},{"@type":"WebSite","@id":"https:\/\/www.gcx.com\/fr\/#website","url":"https:\/\/www.gcx.com\/fr\/","name":"GCX Medical Mounting Solutions","description":"","publisher":{"@id":"https:\/\/www.gcx.com\/fr\/#organization"},"alternateName":"GCX","potentialAction":[{"@type":"SearchAction","target":{"@type":"EntryPoint","urlTemplate":"https:\/\/www.gcx.com\/fr\/?s={search_term_string}"},"query-input":{"@type":"PropertyValueSpecification","valueRequired":true,"valueName":"search_term_string"}}],"inLanguage":"fr-FR"},{"@type":"Organization","@id":"https:\/\/www.gcx.com\/fr\/#organization","name":"GCX Medical Mounting Solutions","alternateName":"GCX","url":"https:\/\/www.gcx.com\/fr\/","logo":{"@type":"ImageObject","inLanguage":"fr-FR","@id":"https:\/\/www.gcx.com\/fr\/#\/schema\/logo\/image\/","url":"https:\/\/www.gcx.com\/wp-content\/uploads\/2024\/02\/gcx_logo.png","contentUrl":"https:\/\/www.gcx.com\/wp-content\/uploads\/2024\/02\/gcx_logo.png","width":400,"height":166,"caption":"GCX Medical Mounting Solutions"},"image":{"@id":"https:\/\/www.gcx.com\/fr\/#\/schema\/logo\/image\/"},"sameAs":["https:\/\/www.facebook.com\/GCXMountingSolutions\/","https:\/\/x.com\/gcxcorp","https:\/\/linkedin.com\/company\/gcx","https:\/\/www.instagram.com\/gcxcorp","https:\/\/www.youtube.com\/gcxcorp"]}]}},"_links":{"self":[{"href":"https:\/\/www.gcx.com\/fr\/wp-json\/wp\/v2\/pages\/115601","targetHints":{"allow":["GET"]}}],"collection":[{"href":"https:\/\/www.gcx.com\/fr\/wp-json\/wp\/v2\/pages"}],"about":[{"href":"https:\/\/www.gcx.com\/fr\/wp-json\/wp\/v2\/types\/page"}],"author":[{"embeddable":true,"href":"https:\/\/www.gcx.com\/fr\/wp-json\/wp\/v2\/users\/4"}],"replies":[{"embeddable":true,"href":"https:\/\/www.gcx.com\/fr\/wp-json\/wp\/v2\/comments?post=115601"}],"version-history":[{"count":0,"href":"https:\/\/www.gcx.com\/fr\/wp-json\/wp\/v2\/pages\/115601\/revisions"}],"up":[{"embeddable":true,"href":"https:\/\/www.gcx.com\/fr\/wp-json\/wp\/v2\/pages\/115349"}],"wp:attachment":[{"href":"https:\/\/www.gcx.com\/fr\/wp-json\/wp\/v2\/media?parent=115601"}],"curies":[{"name":"wp","href":"https:\/\/api.w.org\/{rel}","templated":true}]}}