{"id":115152,"date":"2024-02-23T09:29:36","date_gmt":"2024-02-23T09:29:36","guid":{"rendered":"https:\/\/www.gcx.com\/a-propos-de-gcx\/histoires-de-reussite\/"},"modified":"2024-04-25T16:19:17","modified_gmt":"2024-04-25T16:19:17","slug":"histoires-de-reussite","status":"publish","type":"page","link":"https:\/\/www.gcx.com\/fr\/a-propos-de-gcx\/histoires-de-reussite\/","title":{"rendered":"Histoires de r\u00e9ussite"},"content":{"rendered":"\n<section id=\"success-stories-block_87e7ea05e93823c8d57b7f7604c7228b\" class=\"pb-5\">\n  <div class=\"container\">\n    <div class=\"row\">\n      <div class=\"col-12\">\n        <div class=\"row row-cols-md-2 g-3\">\n                                      <div class=\"col\">\n                <div class=\"card border-0 h-100\">\n                  <div class=\"card-body\">\n                    <h3 class=\"mb-1\"><a href=\"https:\/\/www.gcx.com\/wp-content\/uploads\/2024\/02\/GCX-Okinawa-Chubu-Central-Hospital-1.pdf\" target=\"_blank\" title=\"H\u00f4pital central d&rsquo;Okinawa Chubu\">H\u00f4pital central d&rsquo;Okinawa Chubu<\/a><\/h3>\n                    <p class=\"mb-0\">L&rsquo;h\u00f4pital central Okinawa Chubu s&rsquo;est depuis longtemps engag\u00e9 \u00e0 ne jamais refuser un patient ; c&rsquo;est pourquoi il accepte ceux que les autres h\u00f4pitaux ne peuvent pas prendre en charge. Il a la particularit\u00e9 d&rsquo;avoir ouvert l&rsquo;une des premi\u00e8res unit\u00e9s de soins intensifs n\u00e9onatals (USIN) du Japon, dont le nombre de lits est pass\u00e9 de 8 \u00e0 18 au fil des ans.<\/p>\n                    <a href=\"https:\/\/www.gcx.com\/wp-content\/uploads\/2024\/02\/GCX-Okinawa-Chubu-Central-Hospital-1.pdf\" target=\"_blank\" class=\"btn btn-primary btn-sm mt-2\"><i class=\"fa-regular fa-file-pdf fa-lg me-1\"><\/i>Lire l&rsquo;histoire d&rsquo;une r\u00e9ussite<\/a>\n                  <\/div>\n                <\/div>\n              <\/div>\n                                      <div class=\"col\">\n                <div class=\"card border-0 h-100\">\n                  <div class=\"card-body\">\n                    <h3 class=\"mb-1\"><a href=\"https:\/\/www.gcx.com\/wp-content\/uploads\/2024\/02\/GCX-Nagano-Childrens-Hospital-Japan.pdf\" target=\"_blank\" title=\"H\u00f4pital pour enfants de Nagano\">H\u00f4pital pour enfants de Nagano<\/a><\/h3>\n                    <p class=\"mb-0\">L&rsquo;h\u00f4pital pour enfants de Nagano am\u00e9liore l&rsquo;exp\u00e9rience des jeunes patients gr\u00e2ce \u00e0 une collaboration avec GCX<\/p>\n                    <a href=\"https:\/\/www.gcx.com\/wp-content\/uploads\/2024\/02\/GCX-Nagano-Childrens-Hospital-Japan.pdf\" target=\"_blank\" class=\"btn btn-primary btn-sm mt-2\"><i class=\"fa-regular fa-file-pdf fa-lg me-1\"><\/i>Lire l&rsquo;histoire d&rsquo;une r\u00e9ussite<\/a>\n                  <\/div>\n                <\/div>\n              <\/div>\n                                      <div class=\"col\">\n                <div class=\"card border-0 h-100\">\n                  <div class=\"card-body\">\n                    <h3 class=\"mb-1\"><a href=\"https:\/\/www.gcx.com\/wp-content\/uploads\/2024\/02\/GCX-VCU-Medical-Center-Richmond-VA.pdf\" target=\"_blank\" title=\"Centre m\u00e9dical VCU\">Centre m\u00e9dical VCU<\/a><\/h3>\n                    <p class=\"mb-0\">Gr\u00e2ce \u00e0 une construction unique du syst\u00e8me d&rsquo;engagement des patients GCX, les t\u00e9trapl\u00e9giques et autres patients physiquement limit\u00e9s peuvent se reconnecter, retrouver une certaine ind\u00e9pendance et jouer un r\u00f4le actif dans leur processus de gu\u00e9rison.<\/p>\n                    <a href=\"https:\/\/www.gcx.com\/wp-content\/uploads\/2024\/02\/GCX-VCU-Medical-Center-Richmond-VA.pdf\" target=\"_blank\" class=\"btn btn-primary btn-sm mt-2\"><i class=\"fa-regular fa-file-pdf fa-lg me-1\"><\/i>Lire l&rsquo;histoire d&rsquo;une r\u00e9ussite<\/a>\n                  <\/div>\n                <\/div>\n              <\/div>\n                                      <div class=\"col\">\n                <div class=\"card border-0 h-100\">\n                  <div class=\"card-body\">\n                    <h3 class=\"mb-1\"><a href=\"https:\/\/www.gcx.com\/wp-content\/uploads\/2024\/02\/GCX-Baptist-Health-Little-Rock-AR.pdf\" target=\"_blank\" title=\"Sant\u00e9 baptiste\">Sant\u00e9 baptiste<\/a><\/h3>\n                    <p class=\"mb-0\">Baptist Health s&rsquo;est empress\u00e9 de d\u00e9ployer son nouveau syst\u00e8me de dossier m\u00e9dical \u00e9lectronique (DME), appel\u00e9 EPIC, dans ses sept h\u00f4pitaux. Il s&rsquo;agissait d&rsquo;une entreprise gigantesque mais essentielle.<\/p>\n                    <a href=\"https:\/\/www.gcx.com\/wp-content\/uploads\/2024\/02\/GCX-Baptist-Health-Little-Rock-AR.pdf\" target=\"_blank\" class=\"btn btn-primary btn-sm mt-2\"><i class=\"fa-regular fa-file-pdf fa-lg me-1\"><\/i>Lire l&rsquo;histoire d&rsquo;une r\u00e9ussite<\/a>\n                  <\/div>\n                <\/div>\n              <\/div>\n                                      <div class=\"col\">\n                <div class=\"card border-0 h-100\">\n                  <div class=\"card-body\">\n                    <h3 class=\"mb-1\"><a href=\"https:\/\/www.gcx.com\/wp-content\/uploads\/2024\/02\/GCX-Philips-Avalon-Fetal-Maternal-Monitor.pdf\" target=\"_blank\" title=\"Moniteur f\u0153tal Philips Avalon\">Moniteur f\u0153tal Philips Avalon<\/a><\/h3>\n                    <p class=\"mb-0\">L&rsquo;int\u00e9gration des moniteurs Philips de la s\u00e9rie Avalon, qui offrent une surveillance f\u0153tale et maternelle, dans les services obst\u00e9triques des cliniques et des h\u00f4pitaux a n\u00e9cessit\u00e9 des services de conception sp\u00e9cialis\u00e9s.<\/p>\n                    <a href=\"https:\/\/www.gcx.com\/wp-content\/uploads\/2024\/02\/GCX-Philips-Avalon-Fetal-Maternal-Monitor.pdf\" target=\"_blank\" class=\"btn btn-primary btn-sm mt-2\"><i class=\"fa-regular fa-file-pdf fa-lg me-1\"><\/i>Lire l&rsquo;histoire d&rsquo;une r\u00e9ussite<\/a>\n                  <\/div>\n                <\/div>\n              <\/div>\n                                      <div class=\"col\">\n                <div class=\"card border-0 h-100\">\n                  <div class=\"card-body\">\n                    <h3 class=\"mb-1\"><a href=\"https:\/\/www.gcx.com\/wp-content\/uploads\/2024\/02\/GCX-Natus-Medical-neoBlue-Mini.pdf\" target=\"_blank\" title=\"Natus neoBlue Mini\">Natus neoBlue Mini<\/a><\/h3>\n                    <p class=\"mb-0\">Confront\u00e9s au d\u00e9fi de d\u00e9ployer des solutions d&rsquo;\u00e9clairage de phototh\u00e9rapie par LED hautement sp\u00e9cifiques et efficaces dans un environnement touch\u00e9, ils se sont tourn\u00e9s vers GCX Corporation, le leader en mati\u00e8re de solutions de montage d&rsquo;instruments m\u00e9dicaux.<\/p>\n                    <a href=\"https:\/\/www.gcx.com\/wp-content\/uploads\/2024\/02\/GCX-Natus-Medical-neoBlue-Mini.pdf\" target=\"_blank\" class=\"btn btn-primary btn-sm mt-2\"><i class=\"fa-regular fa-file-pdf fa-lg me-1\"><\/i>Lire l&rsquo;histoire d&rsquo;une r\u00e9ussite<\/a>\n                  <\/div>\n                <\/div>\n              <\/div>\n                  <\/div>\n              <\/div>\n    <\/div>\n  <\/div>\n<\/section>\n","protected":false},"excerpt":{"rendered":"<p>Nous analysons les probl\u00e8mes sp\u00e9cifiques de chaque \u00e9quipementier et nous nous penchons sur la conception, la fonctionnalit\u00e9, les d\u00e9tails techniques et les m\u00e9thodes de production pour cr\u00e9er une solution.<\/p>\n","protected":false},"author":1,"featured_media":0,"parent":113987,"menu_order":0,"comment_status":"open","ping_status":"open","template":"","meta":{"_acf_changed":false,"content-type":"","footnotes":""},"class_list":["post-115152","page","type-page","status-publish","hentry"],"acf":[],"yoast_head":"<!-- This site is optimized with the Yoast SEO plugin v27.3 - https:\/\/yoast.com\/product\/yoast-seo-wordpress\/ -->\n<title>Histoires de r\u00e9ussite | Solutions de montage GCX Medical<\/title>\n<meta name=\"robots\" content=\"index, follow, max-snippet:-1, max-image-preview:large, max-video-preview:-1\" \/>\n<link rel=\"canonical\" href=\"https:\/\/www.gcx.com\/fr\/a-propos-de-gcx\/histoires-de-reussite\/\" \/>\n<meta property=\"og:locale\" content=\"fr_FR\" \/>\n<meta property=\"og:type\" content=\"article\" \/>\n<meta property=\"og:title\" content=\"Histoires de r\u00e9ussite | Solutions de montage GCX Medical\" \/>\n<meta property=\"og:description\" content=\"Nous analysons les probl\u00e8mes sp\u00e9cifiques de chaque \u00e9quipementier et nous nous penchons sur la conception, la fonctionnalit\u00e9, les d\u00e9tails techniques et les m\u00e9thodes de production pour cr\u00e9er une solution.\" \/>\n<meta property=\"og:url\" content=\"https:\/\/www.gcx.com\/fr\/a-propos-de-gcx\/histoires-de-reussite\/\" \/>\n<meta property=\"og:site_name\" content=\"Solutions de montage GCX Medical\" \/>\n<meta property=\"article:publisher\" content=\"https:\/\/www.facebook.com\/GCXMountingSolutions\/\" \/>\n<meta property=\"article:modified_time\" content=\"2024-04-25T16:19:17+00:00\" \/>\n<meta property=\"og:image\" content=\"https:\/\/www.gcx.com\/wp-content\/uploads\/2024\/02\/gcx_logo.png\" \/>\n\t<meta property=\"og:image:width\" content=\"400\" \/>\n\t<meta property=\"og:image:height\" content=\"166\" \/>\n\t<meta property=\"og:image:type\" content=\"image\/png\" \/>\n<meta name=\"twitter:card\" content=\"summary_large_image\" \/>\n<meta name=\"twitter:site\" content=\"@gcxcorp\" \/>\n<script type=\"application\/ld+json\" class=\"yoast-schema-graph\">{\"@context\":\"https:\\\/\\\/schema.org\",\"@graph\":[{\"@type\":\"WebPage\",\"@id\":\"https:\\\/\\\/www.gcx.com\\\/fr\\\/a-propos-de-gcx\\\/histoires-de-reussite\\\/\",\"url\":\"https:\\\/\\\/www.gcx.com\\\/fr\\\/a-propos-de-gcx\\\/histoires-de-reussite\\\/\",\"name\":\"Histoires de r\u00e9ussite | Solutions de montage GCX Medical\",\"isPartOf\":{\"@id\":\"https:\\\/\\\/www.gcx.com\\\/fr\\\/#website\"},\"datePublished\":\"2024-02-23T09:29:36+00:00\",\"dateModified\":\"2024-04-25T16:19:17+00:00\",\"breadcrumb\":{\"@id\":\"https:\\\/\\\/www.gcx.com\\\/fr\\\/a-propos-de-gcx\\\/histoires-de-reussite\\\/#breadcrumb\"},\"inLanguage\":\"fr-FR\",\"potentialAction\":[{\"@type\":\"ReadAction\",\"target\":[\"https:\\\/\\\/www.gcx.com\\\/fr\\\/a-propos-de-gcx\\\/histoires-de-reussite\\\/\"]}]},{\"@type\":\"BreadcrumbList\",\"@id\":\"https:\\\/\\\/www.gcx.com\\\/fr\\\/a-propos-de-gcx\\\/histoires-de-reussite\\\/#breadcrumb\",\"itemListElement\":[{\"@type\":\"ListItem\",\"position\":1,\"name\":\"Home\",\"item\":\"https:\\\/\\\/www.gcx.com\\\/fr\\\/\"},{\"@type\":\"ListItem\",\"position\":2,\"name\":\"\u00c0 propos de GCX\",\"item\":\"https:\\\/\\\/www.gcx.com\\\/fr\\\/a-propos-de-gcx\\\/\"},{\"@type\":\"ListItem\",\"position\":3,\"name\":\"Histoires de r\u00e9ussite\"}]},{\"@type\":\"WebSite\",\"@id\":\"https:\\\/\\\/www.gcx.com\\\/fr\\\/#website\",\"url\":\"https:\\\/\\\/www.gcx.com\\\/fr\\\/\",\"name\":\"GCX Medical Mounting Solutions\",\"description\":\"\",\"publisher\":{\"@id\":\"https:\\\/\\\/www.gcx.com\\\/fr\\\/#organization\"},\"alternateName\":\"GCX\",\"potentialAction\":[{\"@type\":\"SearchAction\",\"target\":{\"@type\":\"EntryPoint\",\"urlTemplate\":\"https:\\\/\\\/www.gcx.com\\\/fr\\\/?s={search_term_string}\"},\"query-input\":{\"@type\":\"PropertyValueSpecification\",\"valueRequired\":true,\"valueName\":\"search_term_string\"}}],\"inLanguage\":\"fr-FR\"},{\"@type\":\"Organization\",\"@id\":\"https:\\\/\\\/www.gcx.com\\\/fr\\\/#organization\",\"name\":\"GCX Medical Mounting Solutions\",\"alternateName\":\"GCX\",\"url\":\"https:\\\/\\\/www.gcx.com\\\/fr\\\/\",\"logo\":{\"@type\":\"ImageObject\",\"inLanguage\":\"fr-FR\",\"@id\":\"https:\\\/\\\/www.gcx.com\\\/fr\\\/#\\\/schema\\\/logo\\\/image\\\/\",\"url\":\"https:\\\/\\\/www.gcx.com\\\/wp-content\\\/uploads\\\/2024\\\/02\\\/gcx_logo.png\",\"contentUrl\":\"https:\\\/\\\/www.gcx.com\\\/wp-content\\\/uploads\\\/2024\\\/02\\\/gcx_logo.png\",\"width\":400,\"height\":166,\"caption\":\"GCX Medical Mounting Solutions\"},\"image\":{\"@id\":\"https:\\\/\\\/www.gcx.com\\\/fr\\\/#\\\/schema\\\/logo\\\/image\\\/\"},\"sameAs\":[\"https:\\\/\\\/www.facebook.com\\\/GCXMountingSolutions\\\/\",\"https:\\\/\\\/x.com\\\/gcxcorp\",\"https:\\\/\\\/linkedin.com\\\/company\\\/gcx\",\"https:\\\/\\\/www.instagram.com\\\/gcxcorp\",\"https:\\\/\\\/www.youtube.com\\\/gcxcorp\"]}]}<\/script>\n<!-- \/ Yoast SEO plugin. -->","yoast_head_json":{"title":"Histoires de r\u00e9ussite | Solutions de montage GCX Medical","robots":{"index":"index","follow":"follow","max-snippet":"max-snippet:-1","max-image-preview":"max-image-preview:large","max-video-preview":"max-video-preview:-1"},"canonical":"https:\/\/www.gcx.com\/fr\/a-propos-de-gcx\/histoires-de-reussite\/","og_locale":"fr_FR","og_type":"article","og_title":"Histoires de r\u00e9ussite | Solutions de montage GCX Medical","og_description":"Nous analysons les probl\u00e8mes sp\u00e9cifiques de chaque \u00e9quipementier et nous nous penchons sur la conception, la fonctionnalit\u00e9, les d\u00e9tails techniques et les m\u00e9thodes de production pour cr\u00e9er une solution.","og_url":"https:\/\/www.gcx.com\/fr\/a-propos-de-gcx\/histoires-de-reussite\/","og_site_name":"Solutions de montage GCX Medical","article_publisher":"https:\/\/www.facebook.com\/GCXMountingSolutions\/","article_modified_time":"2024-04-25T16:19:17+00:00","og_image":[{"width":400,"height":166,"url":"https:\/\/www.gcx.com\/wp-content\/uploads\/2024\/02\/gcx_logo.png","type":"image\/png"}],"twitter_card":"summary_large_image","twitter_site":"@gcxcorp","schema":{"@context":"https:\/\/schema.org","@graph":[{"@type":"WebPage","@id":"https:\/\/www.gcx.com\/fr\/a-propos-de-gcx\/histoires-de-reussite\/","url":"https:\/\/www.gcx.com\/fr\/a-propos-de-gcx\/histoires-de-reussite\/","name":"Histoires de r\u00e9ussite | Solutions de montage GCX Medical","isPartOf":{"@id":"https:\/\/www.gcx.com\/fr\/#website"},"datePublished":"2024-02-23T09:29:36+00:00","dateModified":"2024-04-25T16:19:17+00:00","breadcrumb":{"@id":"https:\/\/www.gcx.com\/fr\/a-propos-de-gcx\/histoires-de-reussite\/#breadcrumb"},"inLanguage":"fr-FR","potentialAction":[{"@type":"ReadAction","target":["https:\/\/www.gcx.com\/fr\/a-propos-de-gcx\/histoires-de-reussite\/"]}]},{"@type":"BreadcrumbList","@id":"https:\/\/www.gcx.com\/fr\/a-propos-de-gcx\/histoires-de-reussite\/#breadcrumb","itemListElement":[{"@type":"ListItem","position":1,"name":"Home","item":"https:\/\/www.gcx.com\/fr\/"},{"@type":"ListItem","position":2,"name":"\u00c0 propos de GCX","item":"https:\/\/www.gcx.com\/fr\/a-propos-de-gcx\/"},{"@type":"ListItem","position":3,"name":"Histoires de r\u00e9ussite"}]},{"@type":"WebSite","@id":"https:\/\/www.gcx.com\/fr\/#website","url":"https:\/\/www.gcx.com\/fr\/","name":"GCX Medical Mounting Solutions","description":"","publisher":{"@id":"https:\/\/www.gcx.com\/fr\/#organization"},"alternateName":"GCX","potentialAction":[{"@type":"SearchAction","target":{"@type":"EntryPoint","urlTemplate":"https:\/\/www.gcx.com\/fr\/?s={search_term_string}"},"query-input":{"@type":"PropertyValueSpecification","valueRequired":true,"valueName":"search_term_string"}}],"inLanguage":"fr-FR"},{"@type":"Organization","@id":"https:\/\/www.gcx.com\/fr\/#organization","name":"GCX Medical Mounting Solutions","alternateName":"GCX","url":"https:\/\/www.gcx.com\/fr\/","logo":{"@type":"ImageObject","inLanguage":"fr-FR","@id":"https:\/\/www.gcx.com\/fr\/#\/schema\/logo\/image\/","url":"https:\/\/www.gcx.com\/wp-content\/uploads\/2024\/02\/gcx_logo.png","contentUrl":"https:\/\/www.gcx.com\/wp-content\/uploads\/2024\/02\/gcx_logo.png","width":400,"height":166,"caption":"GCX Medical Mounting Solutions"},"image":{"@id":"https:\/\/www.gcx.com\/fr\/#\/schema\/logo\/image\/"},"sameAs":["https:\/\/www.facebook.com\/GCXMountingSolutions\/","https:\/\/x.com\/gcxcorp","https:\/\/linkedin.com\/company\/gcx","https:\/\/www.instagram.com\/gcxcorp","https:\/\/www.youtube.com\/gcxcorp"]}]}},"_links":{"self":[{"href":"https:\/\/www.gcx.com\/fr\/wp-json\/wp\/v2\/pages\/115152","targetHints":{"allow":["GET"]}}],"collection":[{"href":"https:\/\/www.gcx.com\/fr\/wp-json\/wp\/v2\/pages"}],"about":[{"href":"https:\/\/www.gcx.com\/fr\/wp-json\/wp\/v2\/types\/page"}],"author":[{"embeddable":true,"href":"https:\/\/www.gcx.com\/fr\/wp-json\/wp\/v2\/users\/1"}],"replies":[{"embeddable":true,"href":"https:\/\/www.gcx.com\/fr\/wp-json\/wp\/v2\/comments?post=115152"}],"version-history":[{"count":0,"href":"https:\/\/www.gcx.com\/fr\/wp-json\/wp\/v2\/pages\/115152\/revisions"}],"up":[{"embeddable":true,"href":"https:\/\/www.gcx.com\/fr\/wp-json\/wp\/v2\/pages\/113987"}],"wp:attachment":[{"href":"https:\/\/www.gcx.com\/fr\/wp-json\/wp\/v2\/media?parent=115152"}],"curies":[{"name":"wp","href":"https:\/\/api.w.org\/{rel}","templated":true}]}}