{"id":114811,"date":"2024-02-23T09:29:29","date_gmt":"2024-02-23T09:29:29","guid":{"rendered":"https:\/\/www.gcx.com\/entretien-des-bras-de-fixation-murale-de-la-serie-vhm\/"},"modified":"2024-04-25T15:27:13","modified_gmt":"2024-04-25T15:27:13","slug":"entretien-des-bras-de-fixation-murale-de-la-serie-vhm","status":"publish","type":"page","link":"https:\/\/www.gcx.com\/fr\/support\/soutien-a-la-serie-vhm\/entretien-des-bras-de-fixation-murale-de-la-serie-vhm\/","title":{"rendered":"Entretien des bras de fixation murale de la s\u00e9rie VHM"},"content":{"rendered":"\n<section id=\"content-block_42610d35e964dbbafcd3392155e0fb58\"  class=\"pb-5\">\n  <div class=\"container\">\n  <div class=\"row flex-md-row-reverse\">\n          <div class=\"col-md-4 mb-4 mb-md-0\">\n                              <img decoding=\"async\" class=\"img-fluid \" src=\"https:\/\/www.gcx.com\/wp-content\/uploads\/2024\/02\/vhmguide-locklever.jpg\" alt=\"Vhmguide locklever\">\n          \n              <\/div>\n        <div class=\"col-md-8\">\n      <div class=\"text-editor fs-md\">\n        <p>Chers clients de GCX :<\/p>\n<p>Nos dossiers montrent que vous avez d\u00e9j\u00e0 achet\u00e9 des produits de montage GCX pour les utiliser dans votre \u00e9tablissement. GCX a re\u00e7u deux rapports faisant \u00e9tat d&rsquo;un mouvement inattendu du bras lorsque le levier de verrouillage du VHM a \u00e9t\u00e9 rel\u00e2ch\u00e9. Dans les deux cas, le ressort \u00e0 gaz interne qui contrebalance la charge mont\u00e9e avait perdu sa charge de gaz. Les ressorts \u00e0 gaz ont une dur\u00e9e de vie limit\u00e9e et perdent progressivement de la pression au fil des ans. Dans les cas o\u00f9 le bras est r\u00e9guli\u00e8rement d\u00e9plac\u00e9 ou p\u00e9riodiquement v\u00e9rifi\u00e9, la perte de pression est \u00e9vidente et ne pr\u00e9sente pas de danger. Cependant, dans les cas o\u00f9 le bras n&rsquo;est pas utilis\u00e9 et n&rsquo;est pas contr\u00f4l\u00e9 pendant de nombreux mois, une perte progressive de pression peut ne pas \u00eatre remarqu\u00e9e jusqu&rsquo;\u00e0 ce que le levier de verrouillage soit rel\u00e2ch\u00e9. Le mouvement soudain qui en r\u00e9sulterait pourrait blesser un soignant inconscient ou endommager d&rsquo;autres \u00e9quipements.<\/p>\n<p>Une situation similaire pourrait se produire si :<\/p>\n<ul>\n<li>Le bras n&rsquo;a pas \u00e9t\u00e9 install\u00e9 \u00e0 l&rsquo;origine et n&rsquo;a pas \u00e9t\u00e9 contrebalanc\u00e9 correctement ; ou<\/li>\n<li>Un autre moniteur ou une autre charge est fix\u00e9 au bras sans que le contrepoids ne soit r\u00e9ajust\u00e9.<\/li>\n<\/ul>\n<p>Pour att\u00e9nuer ces risques potentiels, les mesures suivantes ont \u00e9t\u00e9 prises :<\/p>\n<ul>\n<li>La section 1 du manuel d&rsquo;installation a \u00e9t\u00e9 mise \u00e0 jour pour inclure plus de d\u00e9tails que la version pr\u00e9c\u00e9dente sur l&rsquo;inspection p\u00e9riodique du bras. Les ressorts \u00e0 gaz perdant lentement de la pression, un contr\u00f4le semestriel du bon fonctionnement du bras est suffisant.<\/li>\n<li>GCX a lanc\u00e9 un programme visant \u00e0 remettre en \u00e9tat de mani\u00e8re rentable les bras VHM dont les ressorts \u00e0 gaz sont p\u00e9rim\u00e9s. Cela permettra de r\u00e9duire les d\u00e9chets et de d\u00e9courager les h\u00f4pitaux d&rsquo;utiliser un produit qui doit \u00eatre entretenu.<\/li>\n<li>Une \u00e9tiquette d&rsquo;avertissement<span class=\"pull-double\">\u00ab\u00a0<\/span>Mouvement soudain\u00a0\u00bb est en train d&rsquo;\u00eatre ajout\u00e9e aux armes VHM de la production actuelle, pr\u00e8s du levier de verrouillage. Vous pouvez les obtenir gratuitement en contactant le support technique de GCX au 800-228-2555.<\/li>\n<\/ul>\n<p>Si le propri\u00e9taire d&rsquo;un VHM ne souhaite pas inspecter p\u00e9riodiquement le bras, il est recommand\u00e9 de retirer enti\u00e8rement le levier de verrouillage. Cela permettra au bras de s&rsquo;abaisser lentement \u00e0 mesure que la pression du ressort diminuera.<\/p>\n<p>GCX a mis en place un processus en trois \u00e9tapes pour remettre en \u00e9tat les armes VHM concern\u00e9es :<\/p>\n<ol>\n<li>Appelez l&rsquo;assistance technique de GCX au 800-228-2555.<\/li>\n<li>Indiquez le num\u00e9ro de pi\u00e8ce GCX et la quantit\u00e9 de produits achet\u00e9s.<\/li>\n<li>D\u00e8s confirmation de la nouvelle commande, GCX \u00e9laborera un programme de remplacement personnalis\u00e9 pour votre h\u00f4pital. Les bras de remplacement initiaux sont g\u00e9n\u00e9ralement livr\u00e9s dans les 30 jours.<\/li>\n<\/ol>\n<p>Si vous avez des questions concernant vos bras VHM ou le programme de remise \u00e0 neuf, veuillez contacter le service d&rsquo;assistance technique. Nous vous remercions de l&rsquo;attention que vous porterez \u00e0 cette question.<\/p>\n              <\/div>\n    <\/div>\n  <\/div>\n<\/div>\n<\/section>\n","protected":false},"excerpt":{"rendered":"","protected":false},"author":1,"featured_media":0,"parent":114813,"menu_order":0,"comment_status":"open","ping_status":"closed","template":"","meta":{"_acf_changed":false,"content-type":"","footnotes":""},"class_list":["post-114811","page","type-page","status-publish","hentry"],"acf":[],"yoast_head":"<!-- This site is optimized with the Yoast SEO plugin v27.3 - https:\/\/yoast.com\/product\/yoast-seo-wordpress\/ -->\n<title>Maintenance des bras de fixation murale de la s\u00e9rie VHM | GCX Medical Mounting Solutions<\/title>\n<meta name=\"description\" content=\"La m\u00e9ta-description n&#039;est pas d\u00e9finie.\" \/>\n<meta name=\"robots\" content=\"index, follow, max-snippet:-1, max-image-preview:large, max-video-preview:-1\" \/>\n<link rel=\"canonical\" href=\"https:\/\/www.gcx.com\/fr\/support\/soutien-a-la-serie-vhm\/entretien-des-bras-de-fixation-murale-de-la-serie-vhm\/\" \/>\n<meta property=\"og:locale\" content=\"fr_FR\" \/>\n<meta property=\"og:type\" content=\"article\" \/>\n<meta property=\"og:title\" content=\"Maintenance des bras de fixation murale de la s\u00e9rie VHM | GCX Medical Mounting Solutions\" \/>\n<meta property=\"og:description\" content=\"La m\u00e9ta-description n&#039;est pas d\u00e9finie.\" \/>\n<meta property=\"og:url\" content=\"https:\/\/www.gcx.com\/fr\/support\/soutien-a-la-serie-vhm\/entretien-des-bras-de-fixation-murale-de-la-serie-vhm\/\" \/>\n<meta property=\"og:site_name\" content=\"Solutions de montage GCX Medical\" \/>\n<meta property=\"article:publisher\" content=\"https:\/\/www.facebook.com\/GCXMountingSolutions\/\" \/>\n<meta property=\"article:modified_time\" content=\"2024-04-25T15:27:13+00:00\" \/>\n<meta property=\"og:image\" content=\"https:\/\/www.gcx.com\/wp-content\/uploads\/2024\/02\/gcx_logo.png\" \/>\n\t<meta property=\"og:image:width\" content=\"400\" \/>\n\t<meta property=\"og:image:height\" content=\"166\" \/>\n\t<meta property=\"og:image:type\" content=\"image\/png\" \/>\n<meta name=\"twitter:card\" content=\"summary_large_image\" \/>\n<meta name=\"twitter:site\" content=\"@gcxcorp\" \/>\n<script type=\"application\/ld+json\" class=\"yoast-schema-graph\">{\"@context\":\"https:\\\/\\\/schema.org\",\"@graph\":[{\"@type\":\"WebPage\",\"@id\":\"https:\\\/\\\/www.gcx.com\\\/fr\\\/support\\\/soutien-a-la-serie-vhm\\\/entretien-des-bras-de-fixation-murale-de-la-serie-vhm\\\/\",\"url\":\"https:\\\/\\\/www.gcx.com\\\/fr\\\/support\\\/soutien-a-la-serie-vhm\\\/entretien-des-bras-de-fixation-murale-de-la-serie-vhm\\\/\",\"name\":\"Maintenance des bras de fixation murale de la s\u00e9rie VHM | GCX Medical Mounting Solutions\",\"isPartOf\":{\"@id\":\"https:\\\/\\\/www.gcx.com\\\/fr\\\/#website\"},\"datePublished\":\"2024-02-23T09:29:29+00:00\",\"dateModified\":\"2024-04-25T15:27:13+00:00\",\"description\":\"La m\u00e9ta-description n'est pas d\u00e9finie.\",\"breadcrumb\":{\"@id\":\"https:\\\/\\\/www.gcx.com\\\/fr\\\/support\\\/soutien-a-la-serie-vhm\\\/entretien-des-bras-de-fixation-murale-de-la-serie-vhm\\\/#breadcrumb\"},\"inLanguage\":\"fr-FR\",\"potentialAction\":[{\"@type\":\"ReadAction\",\"target\":[\"https:\\\/\\\/www.gcx.com\\\/fr\\\/support\\\/soutien-a-la-serie-vhm\\\/entretien-des-bras-de-fixation-murale-de-la-serie-vhm\\\/\"]}]},{\"@type\":\"BreadcrumbList\",\"@id\":\"https:\\\/\\\/www.gcx.com\\\/fr\\\/support\\\/soutien-a-la-serie-vhm\\\/entretien-des-bras-de-fixation-murale-de-la-serie-vhm\\\/#breadcrumb\",\"itemListElement\":[{\"@type\":\"ListItem\",\"position\":1,\"name\":\"Home\",\"item\":\"https:\\\/\\\/www.gcx.com\\\/fr\\\/\"},{\"@type\":\"ListItem\",\"position\":2,\"name\":\"Soutien\",\"item\":\"https:\\\/\\\/www.gcx.com\\\/fr\\\/support\\\/\"},{\"@type\":\"ListItem\",\"position\":3,\"name\":\"Soutien \u00e0 la s\u00e9rie VHM\",\"item\":\"https:\\\/\\\/www.gcx.com\\\/fr\\\/support\\\/soutien-a-la-serie-vhm\\\/\"},{\"@type\":\"ListItem\",\"position\":4,\"name\":\"Entretien des bras de fixation murale de la s\u00e9rie VHM\"}]},{\"@type\":\"WebSite\",\"@id\":\"https:\\\/\\\/www.gcx.com\\\/fr\\\/#website\",\"url\":\"https:\\\/\\\/www.gcx.com\\\/fr\\\/\",\"name\":\"GCX Medical Mounting Solutions\",\"description\":\"\",\"publisher\":{\"@id\":\"https:\\\/\\\/www.gcx.com\\\/fr\\\/#organization\"},\"alternateName\":\"GCX\",\"potentialAction\":[{\"@type\":\"SearchAction\",\"target\":{\"@type\":\"EntryPoint\",\"urlTemplate\":\"https:\\\/\\\/www.gcx.com\\\/fr\\\/?s={search_term_string}\"},\"query-input\":{\"@type\":\"PropertyValueSpecification\",\"valueRequired\":true,\"valueName\":\"search_term_string\"}}],\"inLanguage\":\"fr-FR\"},{\"@type\":\"Organization\",\"@id\":\"https:\\\/\\\/www.gcx.com\\\/fr\\\/#organization\",\"name\":\"GCX Medical Mounting Solutions\",\"alternateName\":\"GCX\",\"url\":\"https:\\\/\\\/www.gcx.com\\\/fr\\\/\",\"logo\":{\"@type\":\"ImageObject\",\"inLanguage\":\"fr-FR\",\"@id\":\"https:\\\/\\\/www.gcx.com\\\/fr\\\/#\\\/schema\\\/logo\\\/image\\\/\",\"url\":\"https:\\\/\\\/www.gcx.com\\\/wp-content\\\/uploads\\\/2024\\\/02\\\/gcx_logo.png\",\"contentUrl\":\"https:\\\/\\\/www.gcx.com\\\/wp-content\\\/uploads\\\/2024\\\/02\\\/gcx_logo.png\",\"width\":400,\"height\":166,\"caption\":\"GCX Medical Mounting Solutions\"},\"image\":{\"@id\":\"https:\\\/\\\/www.gcx.com\\\/fr\\\/#\\\/schema\\\/logo\\\/image\\\/\"},\"sameAs\":[\"https:\\\/\\\/www.facebook.com\\\/GCXMountingSolutions\\\/\",\"https:\\\/\\\/x.com\\\/gcxcorp\",\"https:\\\/\\\/linkedin.com\\\/company\\\/gcx\",\"https:\\\/\\\/www.instagram.com\\\/gcxcorp\",\"https:\\\/\\\/www.youtube.com\\\/gcxcorp\"]}]}<\/script>\n<!-- \/ Yoast SEO plugin. -->","yoast_head_json":{"title":"Maintenance des bras de fixation murale de la s\u00e9rie VHM | GCX Medical Mounting Solutions","description":"La m\u00e9ta-description n'est pas d\u00e9finie.","robots":{"index":"index","follow":"follow","max-snippet":"max-snippet:-1","max-image-preview":"max-image-preview:large","max-video-preview":"max-video-preview:-1"},"canonical":"https:\/\/www.gcx.com\/fr\/support\/soutien-a-la-serie-vhm\/entretien-des-bras-de-fixation-murale-de-la-serie-vhm\/","og_locale":"fr_FR","og_type":"article","og_title":"Maintenance des bras de fixation murale de la s\u00e9rie VHM | GCX Medical Mounting Solutions","og_description":"La m\u00e9ta-description n'est pas d\u00e9finie.","og_url":"https:\/\/www.gcx.com\/fr\/support\/soutien-a-la-serie-vhm\/entretien-des-bras-de-fixation-murale-de-la-serie-vhm\/","og_site_name":"Solutions de montage GCX Medical","article_publisher":"https:\/\/www.facebook.com\/GCXMountingSolutions\/","article_modified_time":"2024-04-25T15:27:13+00:00","og_image":[{"width":400,"height":166,"url":"https:\/\/www.gcx.com\/wp-content\/uploads\/2024\/02\/gcx_logo.png","type":"image\/png"}],"twitter_card":"summary_large_image","twitter_site":"@gcxcorp","schema":{"@context":"https:\/\/schema.org","@graph":[{"@type":"WebPage","@id":"https:\/\/www.gcx.com\/fr\/support\/soutien-a-la-serie-vhm\/entretien-des-bras-de-fixation-murale-de-la-serie-vhm\/","url":"https:\/\/www.gcx.com\/fr\/support\/soutien-a-la-serie-vhm\/entretien-des-bras-de-fixation-murale-de-la-serie-vhm\/","name":"Maintenance des bras de fixation murale de la s\u00e9rie VHM | GCX Medical Mounting Solutions","isPartOf":{"@id":"https:\/\/www.gcx.com\/fr\/#website"},"datePublished":"2024-02-23T09:29:29+00:00","dateModified":"2024-04-25T15:27:13+00:00","description":"La m\u00e9ta-description n'est pas d\u00e9finie.","breadcrumb":{"@id":"https:\/\/www.gcx.com\/fr\/support\/soutien-a-la-serie-vhm\/entretien-des-bras-de-fixation-murale-de-la-serie-vhm\/#breadcrumb"},"inLanguage":"fr-FR","potentialAction":[{"@type":"ReadAction","target":["https:\/\/www.gcx.com\/fr\/support\/soutien-a-la-serie-vhm\/entretien-des-bras-de-fixation-murale-de-la-serie-vhm\/"]}]},{"@type":"BreadcrumbList","@id":"https:\/\/www.gcx.com\/fr\/support\/soutien-a-la-serie-vhm\/entretien-des-bras-de-fixation-murale-de-la-serie-vhm\/#breadcrumb","itemListElement":[{"@type":"ListItem","position":1,"name":"Home","item":"https:\/\/www.gcx.com\/fr\/"},{"@type":"ListItem","position":2,"name":"Soutien","item":"https:\/\/www.gcx.com\/fr\/support\/"},{"@type":"ListItem","position":3,"name":"Soutien \u00e0 la s\u00e9rie VHM","item":"https:\/\/www.gcx.com\/fr\/support\/soutien-a-la-serie-vhm\/"},{"@type":"ListItem","position":4,"name":"Entretien des bras de fixation murale de la s\u00e9rie VHM"}]},{"@type":"WebSite","@id":"https:\/\/www.gcx.com\/fr\/#website","url":"https:\/\/www.gcx.com\/fr\/","name":"GCX Medical Mounting Solutions","description":"","publisher":{"@id":"https:\/\/www.gcx.com\/fr\/#organization"},"alternateName":"GCX","potentialAction":[{"@type":"SearchAction","target":{"@type":"EntryPoint","urlTemplate":"https:\/\/www.gcx.com\/fr\/?s={search_term_string}"},"query-input":{"@type":"PropertyValueSpecification","valueRequired":true,"valueName":"search_term_string"}}],"inLanguage":"fr-FR"},{"@type":"Organization","@id":"https:\/\/www.gcx.com\/fr\/#organization","name":"GCX Medical Mounting Solutions","alternateName":"GCX","url":"https:\/\/www.gcx.com\/fr\/","logo":{"@type":"ImageObject","inLanguage":"fr-FR","@id":"https:\/\/www.gcx.com\/fr\/#\/schema\/logo\/image\/","url":"https:\/\/www.gcx.com\/wp-content\/uploads\/2024\/02\/gcx_logo.png","contentUrl":"https:\/\/www.gcx.com\/wp-content\/uploads\/2024\/02\/gcx_logo.png","width":400,"height":166,"caption":"GCX Medical Mounting Solutions"},"image":{"@id":"https:\/\/www.gcx.com\/fr\/#\/schema\/logo\/image\/"},"sameAs":["https:\/\/www.facebook.com\/GCXMountingSolutions\/","https:\/\/x.com\/gcxcorp","https:\/\/linkedin.com\/company\/gcx","https:\/\/www.instagram.com\/gcxcorp","https:\/\/www.youtube.com\/gcxcorp"]}]}},"_links":{"self":[{"href":"https:\/\/www.gcx.com\/fr\/wp-json\/wp\/v2\/pages\/114811","targetHints":{"allow":["GET"]}}],"collection":[{"href":"https:\/\/www.gcx.com\/fr\/wp-json\/wp\/v2\/pages"}],"about":[{"href":"https:\/\/www.gcx.com\/fr\/wp-json\/wp\/v2\/types\/page"}],"author":[{"embeddable":true,"href":"https:\/\/www.gcx.com\/fr\/wp-json\/wp\/v2\/users\/1"}],"replies":[{"embeddable":true,"href":"https:\/\/www.gcx.com\/fr\/wp-json\/wp\/v2\/comments?post=114811"}],"version-history":[{"count":0,"href":"https:\/\/www.gcx.com\/fr\/wp-json\/wp\/v2\/pages\/114811\/revisions"}],"up":[{"embeddable":true,"href":"https:\/\/www.gcx.com\/fr\/wp-json\/wp\/v2\/pages\/114813"}],"wp:attachment":[{"href":"https:\/\/www.gcx.com\/fr\/wp-json\/wp\/v2\/media?parent=114811"}],"curies":[{"name":"wp","href":"https:\/\/api.w.org\/{rel}","templated":true}]}}