{"id":114789,"date":"2024-02-23T09:27:59","date_gmt":"2024-02-23T09:27:59","guid":{"rendered":"https:\/\/www.gcx.com\/supports-de-plafond\/"},"modified":"2024-05-02T14:52:24","modified_gmt":"2024-05-02T14:52:24","slug":"supports-de-plafond","status":"publish","type":"page","link":"https:\/\/www.gcx.com\/fr\/produits\/produits-standards\/supports-de-plafond\/","title":{"rendered":"Supports de plafond"},"content":{"rendered":"\n<div id=\"product-columns-block_47ad6989d0ea6a589ebf31ec63b05043\" class=\"product-columns\">\n\n  <div class=\"card border-0 text-center\">\n    <div class=\"card-header border-bottom-0 mh-set-height\">\n              <img decoding=\"async\" class=\"img-fluid mb-1\" src=\"https:\/\/www.gcx.com\/wp-content\/uploads\/2024\/02\/ceiling.jpg\" alt=\"Ceiling\">\n            \n        <h4 class=\"mb-1\">Dual Channel<\/h4 >\n                          <h5  class=\"mb-0 text-muted\">Colonne de montage au plafond<\/h5>\n                          <p class=\"mt-1 mb-0 fs-sm text-black-50\">Compatible avec les solutions de montage standard des canaux GCX.<\/p>\n            <\/div>\n    \n\n<div id=\"product-columns-copy-block_061bb20c1edecc833fff386d72d5c226\" class=\"card-body mh-set-height\">\n  <div class=\"text-editor fs-xs\">\n    <p><strong>Hauteur des colonnes<\/strong><br \/>\n12&Prime; \/30,5 cm<br \/>\n18&Prime; \/45,7 cm<br \/>\n24&Prime; \/61.0 cm<\/p>\n  <\/div>\n<\/div>\n\n\n\n<div id=\"image-group-block_0b11c73f2a629aa569925637a3cdf096\" class=\"card-body border-top mh-set-height\" >\n          <h6 class=\"text-secondary-blue text-uppercase\">ARM OPTIONS<\/h6>\n              <div class=\"row g2 row-cols-xs-12 row-cols-sm-12 row-cols-md-2 row-cols-lg-2  justify-content-center\">\n                  <div>\n            <div class=\"product-card\">\n              <span class=\"product-card-image rounded-circle  \">\n                <img decoding=\"async\" src=\"https:\/\/www.gcx.com\/wp-content\/uploads\/2024\/02\/ceiling-m.jpg\" alt=\"\">\n              <\/span>\n\n                              <p class=\"fs-xs\">Bras s\u00e9rie M<\/p>\n                            \n            <\/div>\n          <\/div>\n                  <div>\n            <div class=\"product-card\">\n              <span class=\"product-card-image rounded-circle  \">\n                <img decoding=\"async\" src=\"https:\/\/www.gcx.com\/wp-content\/uploads\/2024\/02\/ceiling-vhm.jpg\" alt=\"\">\n              <\/span>\n\n                              <p class=\"fs-xs\">Bras s\u00e9rie VHM<\/p>\n                            \n            <\/div>\n          <\/div>\n              <\/div>\n    <\/div>\n\n\n<div id=\"buttons-block_f0d7ff86ae76020899cb98206e6c4136\" class=\"buttons\">\n  <div class=\"card-footer bg-body-secondary mh-set-height\">\n          <h6 class=\"text-secondary-blue text-uppercase\">LEARN MORE<\/h6>\n              <div class=\"row gy-1\">\n                  <div>\n            <a class=\"w-100 btn btn-primary btn-sm\" href=\"https:\/\/www.gcx.com\/solutions\/mounting-location\/ceiling\/\">Configurations <\/a>          <\/div>\n              <\/div>\n      <\/div>\n<\/div>\n\n  <\/div>\n<\/div>","protected":false},"excerpt":{"rendered":"<p>Une gamme d&rsquo;appareils peut \u00eatre facilement positionn\u00e9e \u00e0 diff\u00e9rentes hauteurs.<\/p>\n","protected":false},"author":1,"featured_media":67955,"parent":115350,"menu_order":0,"comment_status":"open","ping_status":"open","template":"templates\/standard-product-child-template.php","meta":{"_acf_changed":false,"content-type":"","footnotes":""},"class_list":["post-114789","page","type-page","status-publish","has-post-thumbnail","hentry"],"acf":[],"yoast_head":"<!-- This site is optimized with the Yoast SEO plugin v27.2 - https:\/\/yoast.com\/product\/yoast-seo-wordpress\/ -->\n<title>Supports de plafond | Solutions de montage GCX Medical<\/title>\n<meta name=\"robots\" content=\"index, follow, max-snippet:-1, max-image-preview:large, max-video-preview:-1\" \/>\n<link rel=\"canonical\" href=\"https:\/\/www.gcx.com\/fr\/produits\/produits-standards\/supports-de-plafond\/\" \/>\n<meta property=\"og:locale\" content=\"fr_FR\" \/>\n<meta property=\"og:type\" content=\"article\" \/>\n<meta property=\"og:title\" content=\"Supports de plafond | Solutions de montage GCX Medical\" \/>\n<meta property=\"og:description\" content=\"Une gamme d&#039;appareils peut \u00eatre facilement positionn\u00e9e \u00e0 diff\u00e9rentes hauteurs.\" \/>\n<meta property=\"og:url\" content=\"https:\/\/www.gcx.com\/fr\/produits\/produits-standards\/supports-de-plafond\/\" \/>\n<meta property=\"og:site_name\" content=\"Solutions de montage GCX Medical\" \/>\n<meta property=\"article:publisher\" content=\"https:\/\/www.facebook.com\/GCXMountingSolutions\/\" \/>\n<meta property=\"article:modified_time\" content=\"2024-05-02T14:52:24+00:00\" \/>\n<meta property=\"og:image\" content=\"https:\/\/www.gcx.com\/wp-content\/uploads\/2024\/02\/img-ceiling-1.png\" \/>\n\t<meta property=\"og:image:width\" content=\"300\" \/>\n\t<meta property=\"og:image:height\" content=\"200\" \/>\n\t<meta property=\"og:image:type\" content=\"image\/png\" \/>\n<meta name=\"twitter:card\" content=\"summary_large_image\" \/>\n<meta name=\"twitter:site\" content=\"@gcxcorp\" \/>\n<meta name=\"twitter:label1\" content=\"Dur\u00e9e de lecture estim\u00e9e\" \/>\n\t<meta name=\"twitter:data1\" content=\"1 minute\" \/>\n<script type=\"application\/ld+json\" class=\"yoast-schema-graph\">{\"@context\":\"https:\/\/schema.org\",\"@graph\":[{\"@type\":\"WebPage\",\"@id\":\"https:\/\/www.gcx.com\/fr\/produits\/produits-standards\/supports-de-plafond\/\",\"url\":\"https:\/\/www.gcx.com\/fr\/produits\/produits-standards\/supports-de-plafond\/\",\"name\":\"Supports de plafond | Solutions de montage GCX Medical\",\"isPartOf\":{\"@id\":\"https:\/\/www.gcx.com\/fr\/#website\"},\"primaryImageOfPage\":{\"@id\":\"https:\/\/www.gcx.com\/fr\/produits\/produits-standards\/supports-de-plafond\/#primaryimage\"},\"image\":{\"@id\":\"https:\/\/www.gcx.com\/fr\/produits\/produits-standards\/supports-de-plafond\/#primaryimage\"},\"thumbnailUrl\":\"https:\/\/www.gcx.com\/wp-content\/uploads\/2024\/02\/img-ceiling-1.png\",\"datePublished\":\"2024-02-23T09:27:59+00:00\",\"dateModified\":\"2024-05-02T14:52:24+00:00\",\"breadcrumb\":{\"@id\":\"https:\/\/www.gcx.com\/fr\/produits\/produits-standards\/supports-de-plafond\/#breadcrumb\"},\"inLanguage\":\"fr-FR\",\"potentialAction\":[{\"@type\":\"ReadAction\",\"target\":[\"https:\/\/www.gcx.com\/fr\/produits\/produits-standards\/supports-de-plafond\/\"]}]},{\"@type\":\"ImageObject\",\"inLanguage\":\"fr-FR\",\"@id\":\"https:\/\/www.gcx.com\/fr\/produits\/produits-standards\/supports-de-plafond\/#primaryimage\",\"url\":\"https:\/\/www.gcx.com\/wp-content\/uploads\/2024\/02\/img-ceiling-1.png\",\"contentUrl\":\"https:\/\/www.gcx.com\/wp-content\/uploads\/2024\/02\/img-ceiling-1.png\",\"width\":300,\"height\":200},{\"@type\":\"BreadcrumbList\",\"@id\":\"https:\/\/www.gcx.com\/fr\/produits\/produits-standards\/supports-de-plafond\/#breadcrumb\",\"itemListElement\":[{\"@type\":\"ListItem\",\"position\":1,\"name\":\"Home\",\"item\":\"https:\/\/www.gcx.com\/fr\/\"},{\"@type\":\"ListItem\",\"position\":2,\"name\":\"Produits\",\"item\":\"https:\/\/www.gcx.com\/fr\/produits\/\"},{\"@type\":\"ListItem\",\"position\":3,\"name\":\"Produits standards\",\"item\":\"https:\/\/www.gcx.com\/fr\/produits\/produits-standards\/\"},{\"@type\":\"ListItem\",\"position\":4,\"name\":\"Supports de plafond\"}]},{\"@type\":\"WebSite\",\"@id\":\"https:\/\/www.gcx.com\/fr\/#website\",\"url\":\"https:\/\/www.gcx.com\/fr\/\",\"name\":\"GCX Medical Mounting Solutions\",\"description\":\"\",\"publisher\":{\"@id\":\"https:\/\/www.gcx.com\/fr\/#organization\"},\"alternateName\":\"GCX\",\"potentialAction\":[{\"@type\":\"SearchAction\",\"target\":{\"@type\":\"EntryPoint\",\"urlTemplate\":\"https:\/\/www.gcx.com\/fr\/?s={search_term_string}\"},\"query-input\":{\"@type\":\"PropertyValueSpecification\",\"valueRequired\":true,\"valueName\":\"search_term_string\"}}],\"inLanguage\":\"fr-FR\"},{\"@type\":\"Organization\",\"@id\":\"https:\/\/www.gcx.com\/fr\/#organization\",\"name\":\"GCX Medical Mounting Solutions\",\"alternateName\":\"GCX\",\"url\":\"https:\/\/www.gcx.com\/fr\/\",\"logo\":{\"@type\":\"ImageObject\",\"inLanguage\":\"fr-FR\",\"@id\":\"https:\/\/www.gcx.com\/fr\/#\/schema\/logo\/image\/\",\"url\":\"https:\/\/www.gcx.com\/wp-content\/uploads\/2024\/02\/gcx_logo.png\",\"contentUrl\":\"https:\/\/www.gcx.com\/wp-content\/uploads\/2024\/02\/gcx_logo.png\",\"width\":400,\"height\":166,\"caption\":\"GCX Medical Mounting Solutions\"},\"image\":{\"@id\":\"https:\/\/www.gcx.com\/fr\/#\/schema\/logo\/image\/\"},\"sameAs\":[\"https:\/\/www.facebook.com\/GCXMountingSolutions\/\",\"https:\/\/x.com\/gcxcorp\",\"https:\/\/linkedin.com\/company\/gcx\",\"https:\/\/www.instagram.com\/gcxcorp\",\"https:\/\/www.youtube.com\/gcxcorp\"]}]}<\/script>\n<!-- \/ Yoast SEO plugin. -->","yoast_head_json":{"title":"Supports de plafond | Solutions de montage GCX Medical","robots":{"index":"index","follow":"follow","max-snippet":"max-snippet:-1","max-image-preview":"max-image-preview:large","max-video-preview":"max-video-preview:-1"},"canonical":"https:\/\/www.gcx.com\/fr\/produits\/produits-standards\/supports-de-plafond\/","og_locale":"fr_FR","og_type":"article","og_title":"Supports de plafond | Solutions de montage GCX Medical","og_description":"Une gamme d'appareils peut \u00eatre facilement positionn\u00e9e \u00e0 diff\u00e9rentes hauteurs.","og_url":"https:\/\/www.gcx.com\/fr\/produits\/produits-standards\/supports-de-plafond\/","og_site_name":"Solutions de montage GCX Medical","article_publisher":"https:\/\/www.facebook.com\/GCXMountingSolutions\/","article_modified_time":"2024-05-02T14:52:24+00:00","og_image":[{"width":300,"height":200,"url":"https:\/\/www.gcx.com\/wp-content\/uploads\/2024\/02\/img-ceiling-1.png","type":"image\/png"}],"twitter_card":"summary_large_image","twitter_site":"@gcxcorp","twitter_misc":{"Dur\u00e9e de lecture estim\u00e9e":"1 minute"},"schema":{"@context":"https:\/\/schema.org","@graph":[{"@type":"WebPage","@id":"https:\/\/www.gcx.com\/fr\/produits\/produits-standards\/supports-de-plafond\/","url":"https:\/\/www.gcx.com\/fr\/produits\/produits-standards\/supports-de-plafond\/","name":"Supports de plafond | Solutions de montage GCX Medical","isPartOf":{"@id":"https:\/\/www.gcx.com\/fr\/#website"},"primaryImageOfPage":{"@id":"https:\/\/www.gcx.com\/fr\/produits\/produits-standards\/supports-de-plafond\/#primaryimage"},"image":{"@id":"https:\/\/www.gcx.com\/fr\/produits\/produits-standards\/supports-de-plafond\/#primaryimage"},"thumbnailUrl":"https:\/\/www.gcx.com\/wp-content\/uploads\/2024\/02\/img-ceiling-1.png","datePublished":"2024-02-23T09:27:59+00:00","dateModified":"2024-05-02T14:52:24+00:00","breadcrumb":{"@id":"https:\/\/www.gcx.com\/fr\/produits\/produits-standards\/supports-de-plafond\/#breadcrumb"},"inLanguage":"fr-FR","potentialAction":[{"@type":"ReadAction","target":["https:\/\/www.gcx.com\/fr\/produits\/produits-standards\/supports-de-plafond\/"]}]},{"@type":"ImageObject","inLanguage":"fr-FR","@id":"https:\/\/www.gcx.com\/fr\/produits\/produits-standards\/supports-de-plafond\/#primaryimage","url":"https:\/\/www.gcx.com\/wp-content\/uploads\/2024\/02\/img-ceiling-1.png","contentUrl":"https:\/\/www.gcx.com\/wp-content\/uploads\/2024\/02\/img-ceiling-1.png","width":300,"height":200},{"@type":"BreadcrumbList","@id":"https:\/\/www.gcx.com\/fr\/produits\/produits-standards\/supports-de-plafond\/#breadcrumb","itemListElement":[{"@type":"ListItem","position":1,"name":"Home","item":"https:\/\/www.gcx.com\/fr\/"},{"@type":"ListItem","position":2,"name":"Produits","item":"https:\/\/www.gcx.com\/fr\/produits\/"},{"@type":"ListItem","position":3,"name":"Produits standards","item":"https:\/\/www.gcx.com\/fr\/produits\/produits-standards\/"},{"@type":"ListItem","position":4,"name":"Supports de plafond"}]},{"@type":"WebSite","@id":"https:\/\/www.gcx.com\/fr\/#website","url":"https:\/\/www.gcx.com\/fr\/","name":"GCX Medical Mounting Solutions","description":"","publisher":{"@id":"https:\/\/www.gcx.com\/fr\/#organization"},"alternateName":"GCX","potentialAction":[{"@type":"SearchAction","target":{"@type":"EntryPoint","urlTemplate":"https:\/\/www.gcx.com\/fr\/?s={search_term_string}"},"query-input":{"@type":"PropertyValueSpecification","valueRequired":true,"valueName":"search_term_string"}}],"inLanguage":"fr-FR"},{"@type":"Organization","@id":"https:\/\/www.gcx.com\/fr\/#organization","name":"GCX Medical Mounting Solutions","alternateName":"GCX","url":"https:\/\/www.gcx.com\/fr\/","logo":{"@type":"ImageObject","inLanguage":"fr-FR","@id":"https:\/\/www.gcx.com\/fr\/#\/schema\/logo\/image\/","url":"https:\/\/www.gcx.com\/wp-content\/uploads\/2024\/02\/gcx_logo.png","contentUrl":"https:\/\/www.gcx.com\/wp-content\/uploads\/2024\/02\/gcx_logo.png","width":400,"height":166,"caption":"GCX Medical Mounting Solutions"},"image":{"@id":"https:\/\/www.gcx.com\/fr\/#\/schema\/logo\/image\/"},"sameAs":["https:\/\/www.facebook.com\/GCXMountingSolutions\/","https:\/\/x.com\/gcxcorp","https:\/\/linkedin.com\/company\/gcx","https:\/\/www.instagram.com\/gcxcorp","https:\/\/www.youtube.com\/gcxcorp"]}]}},"_links":{"self":[{"href":"https:\/\/www.gcx.com\/fr\/wp-json\/wp\/v2\/pages\/114789","targetHints":{"allow":["GET"]}}],"collection":[{"href":"https:\/\/www.gcx.com\/fr\/wp-json\/wp\/v2\/pages"}],"about":[{"href":"https:\/\/www.gcx.com\/fr\/wp-json\/wp\/v2\/types\/page"}],"author":[{"embeddable":true,"href":"https:\/\/www.gcx.com\/fr\/wp-json\/wp\/v2\/users\/1"}],"replies":[{"embeddable":true,"href":"https:\/\/www.gcx.com\/fr\/wp-json\/wp\/v2\/comments?post=114789"}],"version-history":[{"count":0,"href":"https:\/\/www.gcx.com\/fr\/wp-json\/wp\/v2\/pages\/114789\/revisions"}],"up":[{"embeddable":true,"href":"https:\/\/www.gcx.com\/fr\/wp-json\/wp\/v2\/pages\/115350"}],"wp:featuredmedia":[{"embeddable":true,"href":"https:\/\/www.gcx.com\/fr\/wp-json\/wp\/v2\/media\/67955"}],"wp:attachment":[{"href":"https:\/\/www.gcx.com\/fr\/wp-json\/wp\/v2\/media?parent=114789"}],"curies":[{"name":"wp","href":"https:\/\/api.w.org\/{rel}","templated":true}]}}