{"id":113987,"date":"2024-02-23T09:29:29","date_gmt":"2024-02-23T09:29:29","guid":{"rendered":"https:\/\/www.gcx.com\/a-propos-de-gcx\/"},"modified":"2024-04-18T14:45:43","modified_gmt":"2024-04-18T14:45:43","slug":"a-propos-de-gcx","status":"publish","type":"page","link":"https:\/\/www.gcx.com\/fr\/a-propos-de-gcx\/","title":{"rendered":"\u00c0 propos de GCX"},"content":{"rendered":"<section class=\"hero hero-sm hero-sm\">\n      <div class=\"hero-bg\">\n      <img decoding=\"async\" src=\"https:\/\/www.gcx.com\/wp-content\/uploads\/2024\/02\/img-banner-about.jpg\" alt=\"Img banner about\">\n    <\/div>\n        <div class=\"container\">\n      <div class=\"row\">\n        <div class=\"col-12\">\n          <div class=\"hero-content text-center text-white\">\n                          <h1 class=\"hero-title\">\u00c0 propos de GCX<\/h1>\n                                              <\/div>\n        <\/div>\n      <\/div>\n    <\/div>\n    <\/section>\n\n  <nav class=\"page-navigation\">\n    <ul class=\"page-navigation-list\">\n              <li class=\"page-navigation-item \">\n          <a target=\"_self\" href=\"https:\/\/www.gcx.com\/zh-hant\/%e5%85%b3%e4%ba%8e-gcx\/gcx-%e7%9a%84%e5%8e%86%e5%8f%b2\/\" class=\"page-navigation-link\">GCX \u7684\u5386\u53f2<\/a>\n        <\/li>\n              <li class=\"page-navigation-item \">\n          <a target=\"_self\" href=\"https:\/\/www.gcx.com\/zh-hant\/%e5%85%b3%e4%ba%8e-gcx\/%e5%a6%82%e4%bd%95%e8%b4%ad%e4%b9%b0\/\" class=\"page-navigation-link\">\u5982\u4f55\u8d2d\u4e70<\/a>\n        <\/li>\n              <li class=\"page-navigation-item \">\n          <a target=\"_self\" href=\"https:\/\/www.gcx.com\/zh-hant\/%e5%85%b3%e4%ba%8e-gcx\/%e6%96%b0%e9%97%bb%e4%b8%8e%e6%b4%bb%e5%8a%a8\/\" class=\"page-navigation-link\">\u65b0\u95fb\u4e0e\u6d3b\u52a8<\/a>\n        <\/li>\n              <li class=\"page-navigation-item \">\n          <a target=\"_self\" href=\"https:\/\/www.gcx.com\/zh-hant\/%e5%85%b3%e4%ba%8e-gcx\/%e5%8d%9a%e5%ae%a2\/\" class=\"page-navigation-link\">\u535a\u5ba2<\/a>\n        <\/li>\n              <li class=\"page-navigation-item \">\n          <a target=\"_self\" href=\"https:\/\/www.gcx.com\/zh-hant\/%e5%85%b3%e4%ba%8e-gcx\/%e6%88%90%e5%8a%9f%e6%a1%88%e4%be%8b\/\" class=\"page-navigation-link\">\u6210\u529f\u6848\u4f8b<\/a>\n        <\/li>\n              <li class=\"page-navigation-item \">\n          <a target=\"_self\" href=\"https:\/\/www.gcx.com\/zh-hant\/%e5%85%b3%e4%ba%8e-gcx\/%e4%bf%9d%e4%bf%ae%e4%b8%8e%e8%ae%a4%e8%af%81\/\" class=\"page-navigation-link\">\u4fdd\u4fee\u4e0e\u8ba4\u8bc1<\/a>\n        <\/li>\n              <li class=\"page-navigation-item \">\n          <a target=\"_self\" href=\"https:\/\/www.gcx.com\/zh-hant\/%e5%85%b3%e4%ba%8e-gcx\/%e8%81%8c%e4%b8%9a%e7%94%9f%e6%b6%af\/\" class=\"page-navigation-link\">\u804c\u4e1a\u751f\u6daf<\/a>\n        <\/li>\n              <li class=\"page-navigation-item \">\n          <a target=\"_self\" href=\"https:\/\/www.gcx.com\/zh-hant\/%e5%85%b3%e4%ba%8e-gcx\/%e8%bd%ac%e5%94%ae%e8%af%81%e4%b9%a6\/\" class=\"page-navigation-link\">\u8f6c\u552e\u8bc1\u4e66<\/a>\n        <\/li>\n          <\/ul>\n  <\/nav>\n\n\n\n<section id=\"about-us-block_f1d9ac676221f7d073c9af454288db39\"  class=\"pt-5 pb-5\">\n  <div class=\"container\">\n    <div class=\"row\">\n      <div class=\"col-lg-8 mb-4 mb-lg-0\">\n        <div class=\"text-editor\">\n          <div class=\"ratio ratio-16x9 mb-3\"><iframe loading=\"lazy\" class=\"embed-responsive-item\" data-original-video-url=\"https:\/\/www.youtube.com\/watch?v=e9C7-KdkkDw\" title=\"GCX Products Over the Last 50 Years\" width=\"640\" height=\"360\" src=\"https:\/\/www.youtube.com\/embed\/e9C7-KdkkDw?feature=oembed&#038;enablejsapi=1\" frameborder=\"0\" allow=\"accelerometer; autoplay; clipboard-write; encrypted-media; gyroscope; picture-in-picture; web-share\" referrerpolicy=\"strict-origin-when-cross-origin\" allowfullscreen><\/iframe><\/div>\r\n<h2 class=\"lead mb-2\">Le leader mondial des solutions de montage d&rsquo;instruments m\u00e9dicaux et de technologies de l&rsquo;information.<\/h2>\r\nEn nous consacrant sp\u00e9cifiquement au secteur des soins de sant\u00e9, nous avons pu d\u00e9velopper une compr\u00e9hension unique de l&rsquo;interaction entre les dispositifs m\u00e9dicaux, les utilisateurs et les environnements de soins. En collaboration avec nos partenaires et nos clients, nous cr\u00e9ons des produits qui sont utilis\u00e9s dans pratiquement tous les environnements de soins de sant\u00e9, afin d&rsquo;assurer un positionnement s\u00e9curis\u00e9, une mobilit\u00e9 et un acc\u00e8s ergonomique aux dispositifs m\u00e9dicaux et au mat\u00e9riel informatique. D&rsquo;une mani\u00e8re g\u00e9n\u00e9rale, nous nous engageons \u00e0 d\u00e9velopper des outils et des solutions permettant aux soignants d&rsquo;am\u00e9liorer les soins prodigu\u00e9s aux patients.\r\n\r\nEn plus de ses produits personnalis\u00e9s et con\u00e7us par des experts pour les fabricants d&rsquo;\u00e9quipements d&rsquo;origine (OEM), GCX fournit une gamme de produits sur \u00e9tag\u00e8re reconnus au niveau international, ainsi qu&rsquo;un service \u00e0 la client\u00e8le et une assistance afin d&rsquo;offrir \u00e0 ses clients un service exceptionnel.\r\n\r\nDepuis 1971, nous nous consacrons \u00e0 la mise au point de solutions fiables, durables et de la plus haute qualit\u00e9 pour les prestataires de soins de sant\u00e9 et les \u00e9quipementiers. D\u00e9couvrez ce que l&rsquo;exp\u00e9rience de l&rsquo;industrie, l&rsquo;engagement en faveur de la qualit\u00e9 et l&rsquo;expertise technique peuvent faire pour vous &#8211; contactez-nous d\u00e8s aujourd&rsquo;hui.        <\/div>\n      <\/div>\n\n      <div class=\"col-lg-4\">\n        <div class=\"card border-0 mb-2\">\n          <div class=\"card-header\">\n            <h4 class=\"mb-0\">Contacter GCX<\/h4>\n          <\/div>\n          <div class=\"card-body\">\n            <p>Veuillez <a href=\"https:\/\/www.gcx.com\/contact\/\">contacter GCX<\/a> par t\u00e9l\u00e9phone ou par courriel. Nous nous r\u00e9jouissons de pouvoir vous servir.<\/p>\n          <\/div>\n        <\/div>\n        <div class=\"card border-0\">\n          <div class=\"card-header\">\n            <h4 class=\"mb-0\">Nouvelles r\u00e9centes et communiqu\u00e9s de presse<\/h4>\n          <\/div>\n          <div class=\"card-body\">\n            <ul class=\"list-unstyled fs-sm mb-0\">\n                                <li class=\"mb-1\">\n                    <a href=\"https:\/\/www.gcx.com\/fr\/about\/news-events\/gcx-acquires-jaco\/\" title=\"GCX acquiert Jaco\">GCX acquiert Jaco<\/a>\n                    <span class=\"d-block fs-xs text-black-50\">d\u00e9cembre 9, 2022<\/span>\n                  <\/li>\n                                <li class=\"mb-1\">\n                    <a href=\"https:\/\/www.gcx.com\/fr\/about\/news-events\/audax-private-equity-acquires-gcx-mounting-solutions\/\" title=\"Audax Private Equity fait l\u2019acquisition de GCX Mounting Solutions\">Audax Private Equity fait l\u2019acquisition de GCX Mounting Solutions<\/a>\n                    <span class=\"d-block fs-xs text-black-50\">septembre 20, 2021<\/span>\n                  <\/li>\n                                <li class=\"mb-1\">\n                    <a href=\"https:\/\/www.gcx.com\/fr\/about\/news-events\/gcx-partners-with-canadian-company-bomimed\/\" title=\"GCX s\u2019associe \u00e0 la compagnie canadienne BOMImed\">GCX s\u2019associe \u00e0 la compagnie canadienne BOMImed<\/a>\n                    <span class=\"d-block fs-xs text-black-50\">f\u00e9vrier 10, 2021<\/span>\n                  <\/li>\n                          <\/ul>\n            <a href=\"https:\/\/www.gcx.com\/fr\/a-propos-de-gcx\/nouvelles-et-evenements\/\" class=\"btn btn-outline-secondary btn-sm mt-1\">Tout voir<\/a>\n          <\/div>\n        <\/div>\n      <\/div>\n    <\/div>\n  <\/div>\n<\/section>","protected":false},"excerpt":{"rendered":"","protected":false},"author":1,"featured_media":0,"parent":0,"menu_order":0,"comment_status":"open","ping_status":"open","template":"","meta":{"_acf_changed":false,"content-type":"","footnotes":""},"class_list":["post-113987","page","type-page","status-publish","hentry"],"acf":[],"yoast_head":"<!-- This site is optimized with the Yoast SEO plugin v27.2 - https:\/\/yoast.com\/product\/yoast-seo-wordpress\/ -->\n<title>\u00c0 propos de GCX | Solutions de montage GCX Medical<\/title>\n<meta name=\"robots\" content=\"index, follow, max-snippet:-1, max-image-preview:large, max-video-preview:-1\" \/>\n<link rel=\"canonical\" href=\"https:\/\/www.gcx.com\/fr\/a-propos-de-gcx\/\" \/>\n<meta property=\"og:locale\" content=\"fr_FR\" \/>\n<meta property=\"og:type\" content=\"article\" \/>\n<meta property=\"og:title\" content=\"\u00c0 propos de GCX | Solutions de montage GCX Medical\" \/>\n<meta property=\"og:url\" content=\"https:\/\/www.gcx.com\/fr\/a-propos-de-gcx\/\" \/>\n<meta property=\"og:site_name\" content=\"Solutions de montage GCX Medical\" \/>\n<meta property=\"article:publisher\" content=\"https:\/\/www.facebook.com\/GCXMountingSolutions\/\" \/>\n<meta property=\"article:modified_time\" content=\"2024-04-18T14:45:43+00:00\" \/>\n<meta property=\"og:image\" content=\"https:\/\/www.gcx.com\/wp-content\/uploads\/2024\/02\/gcx_logo.png\" \/>\n\t<meta property=\"og:image:width\" content=\"400\" \/>\n\t<meta property=\"og:image:height\" content=\"166\" \/>\n\t<meta property=\"og:image:type\" content=\"image\/png\" \/>\n<meta name=\"twitter:card\" content=\"summary_large_image\" \/>\n<meta name=\"twitter:site\" content=\"@gcxcorp\" \/>\n<script type=\"application\/ld+json\" class=\"yoast-schema-graph\">{\"@context\":\"https:\/\/schema.org\",\"@graph\":[{\"@type\":\"WebPage\",\"@id\":\"https:\/\/www.gcx.com\/fr\/a-propos-de-gcx\/\",\"url\":\"https:\/\/www.gcx.com\/fr\/a-propos-de-gcx\/\",\"name\":\"\u00c0 propos de GCX | Solutions de montage GCX Medical\",\"isPartOf\":{\"@id\":\"https:\/\/www.gcx.com\/fr\/#website\"},\"datePublished\":\"2024-02-23T09:29:29+00:00\",\"dateModified\":\"2024-04-18T14:45:43+00:00\",\"breadcrumb\":{\"@id\":\"https:\/\/www.gcx.com\/fr\/a-propos-de-gcx\/#breadcrumb\"},\"inLanguage\":\"fr-FR\",\"potentialAction\":[{\"@type\":\"ReadAction\",\"target\":[\"https:\/\/www.gcx.com\/fr\/a-propos-de-gcx\/\"]}]},{\"@type\":\"BreadcrumbList\",\"@id\":\"https:\/\/www.gcx.com\/fr\/a-propos-de-gcx\/#breadcrumb\",\"itemListElement\":[{\"@type\":\"ListItem\",\"position\":1,\"name\":\"Home\",\"item\":\"https:\/\/www.gcx.com\/fr\/\"},{\"@type\":\"ListItem\",\"position\":2,\"name\":\"\u00c0 propos de GCX\"}]},{\"@type\":\"WebSite\",\"@id\":\"https:\/\/www.gcx.com\/fr\/#website\",\"url\":\"https:\/\/www.gcx.com\/fr\/\",\"name\":\"GCX Medical Mounting Solutions\",\"description\":\"\",\"publisher\":{\"@id\":\"https:\/\/www.gcx.com\/fr\/#organization\"},\"alternateName\":\"GCX\",\"potentialAction\":[{\"@type\":\"SearchAction\",\"target\":{\"@type\":\"EntryPoint\",\"urlTemplate\":\"https:\/\/www.gcx.com\/fr\/?s={search_term_string}\"},\"query-input\":{\"@type\":\"PropertyValueSpecification\",\"valueRequired\":true,\"valueName\":\"search_term_string\"}}],\"inLanguage\":\"fr-FR\"},{\"@type\":\"Organization\",\"@id\":\"https:\/\/www.gcx.com\/fr\/#organization\",\"name\":\"GCX Medical Mounting Solutions\",\"alternateName\":\"GCX\",\"url\":\"https:\/\/www.gcx.com\/fr\/\",\"logo\":{\"@type\":\"ImageObject\",\"inLanguage\":\"fr-FR\",\"@id\":\"https:\/\/www.gcx.com\/fr\/#\/schema\/logo\/image\/\",\"url\":\"https:\/\/www.gcx.com\/wp-content\/uploads\/2024\/02\/gcx_logo.png\",\"contentUrl\":\"https:\/\/www.gcx.com\/wp-content\/uploads\/2024\/02\/gcx_logo.png\",\"width\":400,\"height\":166,\"caption\":\"GCX Medical Mounting Solutions\"},\"image\":{\"@id\":\"https:\/\/www.gcx.com\/fr\/#\/schema\/logo\/image\/\"},\"sameAs\":[\"https:\/\/www.facebook.com\/GCXMountingSolutions\/\",\"https:\/\/x.com\/gcxcorp\",\"https:\/\/linkedin.com\/company\/gcx\",\"https:\/\/www.instagram.com\/gcxcorp\",\"https:\/\/www.youtube.com\/gcxcorp\"]}]}<\/script>\n<!-- \/ Yoast SEO plugin. -->","yoast_head_json":{"title":"\u00c0 propos de GCX | Solutions de montage GCX Medical","robots":{"index":"index","follow":"follow","max-snippet":"max-snippet:-1","max-image-preview":"max-image-preview:large","max-video-preview":"max-video-preview:-1"},"canonical":"https:\/\/www.gcx.com\/fr\/a-propos-de-gcx\/","og_locale":"fr_FR","og_type":"article","og_title":"\u00c0 propos de GCX | Solutions de montage GCX Medical","og_url":"https:\/\/www.gcx.com\/fr\/a-propos-de-gcx\/","og_site_name":"Solutions de montage GCX Medical","article_publisher":"https:\/\/www.facebook.com\/GCXMountingSolutions\/","article_modified_time":"2024-04-18T14:45:43+00:00","og_image":[{"width":400,"height":166,"url":"https:\/\/www.gcx.com\/wp-content\/uploads\/2024\/02\/gcx_logo.png","type":"image\/png"}],"twitter_card":"summary_large_image","twitter_site":"@gcxcorp","schema":{"@context":"https:\/\/schema.org","@graph":[{"@type":"WebPage","@id":"https:\/\/www.gcx.com\/fr\/a-propos-de-gcx\/","url":"https:\/\/www.gcx.com\/fr\/a-propos-de-gcx\/","name":"\u00c0 propos de GCX | Solutions de montage GCX Medical","isPartOf":{"@id":"https:\/\/www.gcx.com\/fr\/#website"},"datePublished":"2024-02-23T09:29:29+00:00","dateModified":"2024-04-18T14:45:43+00:00","breadcrumb":{"@id":"https:\/\/www.gcx.com\/fr\/a-propos-de-gcx\/#breadcrumb"},"inLanguage":"fr-FR","potentialAction":[{"@type":"ReadAction","target":["https:\/\/www.gcx.com\/fr\/a-propos-de-gcx\/"]}]},{"@type":"BreadcrumbList","@id":"https:\/\/www.gcx.com\/fr\/a-propos-de-gcx\/#breadcrumb","itemListElement":[{"@type":"ListItem","position":1,"name":"Home","item":"https:\/\/www.gcx.com\/fr\/"},{"@type":"ListItem","position":2,"name":"\u00c0 propos de GCX"}]},{"@type":"WebSite","@id":"https:\/\/www.gcx.com\/fr\/#website","url":"https:\/\/www.gcx.com\/fr\/","name":"GCX Medical Mounting Solutions","description":"","publisher":{"@id":"https:\/\/www.gcx.com\/fr\/#organization"},"alternateName":"GCX","potentialAction":[{"@type":"SearchAction","target":{"@type":"EntryPoint","urlTemplate":"https:\/\/www.gcx.com\/fr\/?s={search_term_string}"},"query-input":{"@type":"PropertyValueSpecification","valueRequired":true,"valueName":"search_term_string"}}],"inLanguage":"fr-FR"},{"@type":"Organization","@id":"https:\/\/www.gcx.com\/fr\/#organization","name":"GCX Medical Mounting Solutions","alternateName":"GCX","url":"https:\/\/www.gcx.com\/fr\/","logo":{"@type":"ImageObject","inLanguage":"fr-FR","@id":"https:\/\/www.gcx.com\/fr\/#\/schema\/logo\/image\/","url":"https:\/\/www.gcx.com\/wp-content\/uploads\/2024\/02\/gcx_logo.png","contentUrl":"https:\/\/www.gcx.com\/wp-content\/uploads\/2024\/02\/gcx_logo.png","width":400,"height":166,"caption":"GCX Medical Mounting Solutions"},"image":{"@id":"https:\/\/www.gcx.com\/fr\/#\/schema\/logo\/image\/"},"sameAs":["https:\/\/www.facebook.com\/GCXMountingSolutions\/","https:\/\/x.com\/gcxcorp","https:\/\/linkedin.com\/company\/gcx","https:\/\/www.instagram.com\/gcxcorp","https:\/\/www.youtube.com\/gcxcorp"]}]}},"_links":{"self":[{"href":"https:\/\/www.gcx.com\/fr\/wp-json\/wp\/v2\/pages\/113987","targetHints":{"allow":["GET"]}}],"collection":[{"href":"https:\/\/www.gcx.com\/fr\/wp-json\/wp\/v2\/pages"}],"about":[{"href":"https:\/\/www.gcx.com\/fr\/wp-json\/wp\/v2\/types\/page"}],"author":[{"embeddable":true,"href":"https:\/\/www.gcx.com\/fr\/wp-json\/wp\/v2\/users\/1"}],"replies":[{"embeddable":true,"href":"https:\/\/www.gcx.com\/fr\/wp-json\/wp\/v2\/comments?post=113987"}],"version-history":[{"count":0,"href":"https:\/\/www.gcx.com\/fr\/wp-json\/wp\/v2\/pages\/113987\/revisions"}],"wp:attachment":[{"href":"https:\/\/www.gcx.com\/fr\/wp-json\/wp\/v2\/media?parent=113987"}],"curies":[{"name":"wp","href":"https:\/\/api.w.org\/{rel}","templated":true}]}}