{"id":116890,"date":"2024-02-23T09:29:29","date_gmt":"2024-02-23T09:29:29","guid":{"rendered":"https:\/\/www.gcx.com\/servicios-in-situ\/instalaciones-de-productos\/"},"modified":"2024-05-03T21:09:59","modified_gmt":"2024-05-03T21:09:59","slug":"instalaciones-de-productos","status":"publish","type":"page","link":"https:\/\/www.gcx.com\/es\/servicios-in-situ\/instalaciones-de-productos\/","title":{"rendered":"Instalaciones de productos"},"content":{"rendered":"\n<section id=\"content-block_16e745d2d0cf494285021e76f5881388\"  class=\"pt-5 pb-5 bg-white\">\n  <div class=\"container\">\n  <div class=\"row\">\n          <div class=\"col-md-4 mb-4 mb-md-0\">\n                              <img decoding=\"async\" class=\"img-fluid \" src=\"https:\/\/www.gcx.com\/wp-content\/uploads\/2024\/02\/product_installs_1.jpg\" alt=\"Product installs 1\">\n          \n              <\/div>\n        <div class=\"col-md-8\">\n      <div class=\"text-editor fs-md\">\n        <h4 class=\"text-primary\">INSTALACIONES DE NUEVOS PRODUCTOS<\/h4>\n<h2>Instalaci\u00f3n experta para un uso adecuado del equipo<\/h2>\n<p>Es importante que una soluci\u00f3n de montaje se instale correctamente para que funcione para todos los usuarios, y para que se ajuste con seguridad y facilidad a cualquier situaci\u00f3n. Esa flexibilidad y ventaja ergon\u00f3mica evita lesiones y p\u00e9rdidas de productividad debidas a equipos mal configurados. Nuestro personal puede instalar y configurar o ajustar con pericia soluciones de montaje GCX para cualquier dispositivo inform\u00e1tico, monitores de pacientes, CPU y dem\u00e1s dentro de zonas activas y habitaciones ocupadas. Durante las instalaciones, tambi\u00e9n ocultamos y gestionamos todos los cables que se conectan a los aparatos para mayor seguridad y control de infecciones.<\/p>\n              <\/div>\n    <\/div>\n  <\/div>\n<\/div>\n<\/section>\n\n<section id=\"content-block_85737d9c09a2fb9eac53ef74d584dee1\"  class=\"pt-5 pb-5 bg-white\">\n  <div class=\"container\">\n  <div class=\"row flex-md-row-reverse\">\n          <div class=\"col-md-4 mb-4 mb-md-0\">\n                              <img decoding=\"async\" class=\"img-fluid \" src=\"https:\/\/www.gcx.com\/wp-content\/uploads\/2024\/02\/product_installs_2.jpg\" alt=\"Product installs 2\">\n          \n              <\/div>\n        <div class=\"col-md-8\">\n      <div class=\"text-editor fs-md\">\n        <h4 class=\"text-primary\">COORDINACI\u00d3N DEL \u00c1REA ACTIVA<\/h4>\n<h2>Montaje con interrupciones m\u00ednimas<\/h2>\n<p>La asistencia sanitaria es continua, incluso durante la instalaci\u00f3n o inspecci\u00f3n de un nuevo producto. Montamos y mantenemos los equipos en el momento que t\u00fa elijas para garantizar que los flujos de trabajo y la atenci\u00f3n al paciente no se vean afectados. Esto incluye quir\u00f3fanos, unidades de partos y cualquier zona donde haya actividad continua.<\/p>\n<p>Las habitaciones de los pacientes son lugares agitados, y los cl\u00ednicos trabajan a ritmos r\u00e1pidos. Los miembros de GCX OSS entienden estos entornos e instalar\u00e1n los equipos, fijar\u00e1n con seguridad los dispositivos m\u00e9dicos a un soporte y acorralar\u00e1n los cables de las m\u00e1quinas con las m\u00ednimas interrupciones de atenci\u00f3n.<\/p>\n              <\/div>\n    <\/div>\n  <\/div>\n<\/div>\n<\/section>\n\n<section id=\"content-block_14901a42de5b44cc2a19a5cc8c5c6058\"  class=\"pt-5 pb-5 bg-white\">\n  <div class=\"container\">\n  <div class=\"row\">\n          <div class=\"col-md-4 mb-4 mb-md-0\">\n                              <img decoding=\"async\" class=\"img-fluid \" src=\"https:\/\/www.gcx.com\/wp-content\/uploads\/2024\/02\/product_installs_3.jpg\" alt=\"Product installs 3\">\n          \n              <\/div>\n        <div class=\"col-md-8\">\n      <div class=\"text-editor fs-md\">\n        <h4 class=\"text-primary\">NUEVA CONSTRUCCI\u00d3N<\/h4>\n<h2>Asistencia desde el dise\u00f1o hasta la implantaci\u00f3n<\/h2>\n<p>Trabajar en obras nuevas presenta retos \u00fanicos y requiere una gesti\u00f3n y ejecuci\u00f3n expertas del proyecto. El personal de GCX puede ayudarte con el dise\u00f1o previo a la construcci\u00f3n y ofrecerte demostraciones de nuestras soluciones de montaje. Si planeas disponer de una sala simulada para probar la nueva distribuci\u00f3n del espacio, podemos proporcionarte varias soluciones de prueba para que las revises.<\/p>\n<p>Adem\u00e1s, comprendemos la importancia de los plazos y podemos trabajar a un ritmo r\u00e1pido sin comprometer la calidad. Podemos montar hasta 100 estaciones de trabajo al d\u00eda para poner en marcha r\u00e1pidamente las operaciones. Tambi\u00e9n podemos adaptarnos f\u00e1cilmente a configuraciones personalizadas seg\u00fan las necesidades.<\/p>\n<p>Si un profesional de OSS instala correctamente tanto el soporte como el equipo inform\u00e1tico o m\u00e9dico al que da soporte, se alarga el ciclo de vida del producto, ahorrando dinero por menos sustituciones a lo largo del tiempo. Por \u00faltimo, los miembros del equipo de OSS de GCX est\u00e1n plenamente acreditados y cumplir\u00e1n cualquier requisito adicional espec\u00edfico del hospital.<\/p>\n              <\/div>\n    <\/div>\n  <\/div>\n<\/div>\n<\/section>\n\n<section id=\"content-block_750decd7e47f855ff65e54e5de4b532c\"  class=\"pt-5 pb-5 bg-white\">\n  <div class=\"container\">\n  <div class=\"row flex-md-row-reverse\">\n          <div class=\"col-md-4 mb-4 mb-md-0\">\n                              <img decoding=\"async\" class=\"img-fluid \" src=\"https:\/\/www.gcx.com\/wp-content\/uploads\/2024\/02\/product_installs_4.jpg\" alt=\"Product installs 4\">\n          \n              <\/div>\n        <div class=\"col-md-8\">\n      <div class=\"text-editor fs-md\">\n        <h4 class=\"text-primary\">ACTUALIZACI\u00d3N TECNOL\u00d3GICA<\/h4>\n<h2>Maximizar el valor de una renovaci\u00f3n tecnol\u00f3gica<\/h2>\n<p>Cuando llegue el momento de una actualizaci\u00f3n tecnol\u00f3gica, podemos montar tus nuevos dispositivos en los equipos GCX existentes, ahorr\u00e1ndote tiempo y dinero. Si los miembros de GCX OSS instalan r\u00e1pidamente el hardware inform\u00e1tico o los equipos m\u00e9dicos de sustituci\u00f3n en un soporte GCX y gestionan adecuadamente todos los cables, podr\u00e1s aprovechar m\u00e1s r\u00e1pidamente las ventajas de las nuevas adquisiciones para mejorar tanto los flujos de trabajo cl\u00ednicos como los resultados de los pacientes.<\/p>\n              <\/div>\n    <\/div>\n  <\/div>\n<\/div>\n<\/section>\n\n<section id=\"cta-block_48ad1ac70ad2e2643f930abecb42de61\"  class=\"cta bg-secondary-blue pt-5 pb-5\" style=\"background: url(https:\/\/www.gcx.com\/wp-content\/themes\/gcx\/assets\/images\/content\/form_bkgd_gears.jpg) no-repeat bottom right\">\n  <div class=\"container\">\n    <div class=\"row\">\n      <div class=\"col-md-6\">\n                  <div class=\"text-editor text-white\">\n            <h3>Evaluaci\u00f3n y demostraciones de VHM<\/h3>\n<p>GCX ofrece una evaluaci\u00f3n gratuita del rendimiento del VHM a los clientes actuales y demostraciones del producto a los clientes potenciales.<\/p>\n          <\/div>\n                          <div class=\"mt-3 mb-n1\">\n                          <a class=\"mb-1 btn btn-secondary btn-sm\" href=\"https:\/\/www.gcx.com\/on-site-services\/audits-and-assessments\/\">Programa una evaluaci\u00f3n <\/a>                          <a class=\"mb-1 btn btn-secondary btn-sm\" href=\"https:\/\/www.gcx.com\/on-site-services\/product-demonstrations\/\">Solicita una demostraci\u00f3n <\/a>                      <\/div>\n              <\/div>\n    <\/div>\n  <\/div>\n<\/section>\n","protected":false},"excerpt":{"rendered":"<p>Nuestros equipos GCX OSS pueden instalar de forma experta soportes para dispositivos m\u00e9dicos en cualquier \u00e1rea de atenci\u00f3n al paciente, ya est\u00e9 en uso activo o en construcci\u00f3n.<\/p>\n","protected":false},"author":1,"featured_media":0,"parent":115676,"menu_order":0,"comment_status":"open","ping_status":"closed","template":"","meta":{"_acf_changed":false,"content-type":"","footnotes":""},"class_list":["post-116890","page","type-page","status-publish","hentry"],"acf":[],"yoast_head":"<!-- This site is optimized with the Yoast SEO plugin v27.3 - https:\/\/yoast.com\/product\/yoast-seo-wordpress\/ -->\n<title>Instalaciones de productos | Soluciones de montaje GCX Medical<\/title>\n<meta name=\"description\" content=\"-Descripci\u00f3n meta no establecida.\" \/>\n<meta name=\"robots\" content=\"index, follow, max-snippet:-1, max-image-preview:large, max-video-preview:-1\" \/>\n<link rel=\"canonical\" href=\"https:\/\/www.gcx.com\/es\/servicios-in-situ\/instalaciones-de-productos\/\" \/>\n<meta property=\"og:locale\" content=\"es_ES\" \/>\n<meta property=\"og:type\" content=\"article\" \/>\n<meta property=\"og:title\" content=\"Instalaciones de productos | Soluciones de montaje GCX Medical\" \/>\n<meta property=\"og:description\" content=\"-Descripci\u00f3n meta no establecida.\" \/>\n<meta property=\"og:url\" content=\"https:\/\/www.gcx.com\/es\/servicios-in-situ\/instalaciones-de-productos\/\" \/>\n<meta property=\"og:site_name\" content=\"Soluciones de montaje GCX Medical\" \/>\n<meta property=\"article:publisher\" content=\"https:\/\/www.facebook.com\/GCXMountingSolutions\/\" \/>\n<meta property=\"article:modified_time\" content=\"2024-05-03T21:09:59+00:00\" \/>\n<meta property=\"og:image\" content=\"https:\/\/www.gcx.com\/wp-content\/uploads\/2024\/02\/gcx_logo.png\" \/>\n\t<meta property=\"og:image:width\" content=\"400\" \/>\n\t<meta property=\"og:image:height\" content=\"166\" \/>\n\t<meta property=\"og:image:type\" content=\"image\/png\" \/>\n<meta name=\"twitter:card\" content=\"summary_large_image\" \/>\n<meta name=\"twitter:site\" content=\"@gcxcorp\" \/>\n<script type=\"application\/ld+json\" class=\"yoast-schema-graph\">{\"@context\":\"https:\\\/\\\/schema.org\",\"@graph\":[{\"@type\":\"WebPage\",\"@id\":\"https:\\\/\\\/www.gcx.com\\\/es\\\/servicios-in-situ\\\/instalaciones-de-productos\\\/\",\"url\":\"https:\\\/\\\/www.gcx.com\\\/es\\\/servicios-in-situ\\\/instalaciones-de-productos\\\/\",\"name\":\"Instalaciones de productos | Soluciones de montaje GCX Medical\",\"isPartOf\":{\"@id\":\"https:\\\/\\\/www.gcx.com\\\/es\\\/#website\"},\"datePublished\":\"2024-02-23T09:29:29+00:00\",\"dateModified\":\"2024-05-03T21:09:59+00:00\",\"description\":\"-Descripci\u00f3n meta no establecida.\",\"breadcrumb\":{\"@id\":\"https:\\\/\\\/www.gcx.com\\\/es\\\/servicios-in-situ\\\/instalaciones-de-productos\\\/#breadcrumb\"},\"inLanguage\":\"es\",\"potentialAction\":[{\"@type\":\"ReadAction\",\"target\":[\"https:\\\/\\\/www.gcx.com\\\/es\\\/servicios-in-situ\\\/instalaciones-de-productos\\\/\"]}]},{\"@type\":\"BreadcrumbList\",\"@id\":\"https:\\\/\\\/www.gcx.com\\\/es\\\/servicios-in-situ\\\/instalaciones-de-productos\\\/#breadcrumb\",\"itemListElement\":[{\"@type\":\"ListItem\",\"position\":1,\"name\":\"Home\",\"item\":\"https:\\\/\\\/www.gcx.com\\\/es\\\/\"},{\"@type\":\"ListItem\",\"position\":2,\"name\":\"Servicios in situ\",\"item\":\"https:\\\/\\\/www.gcx.com\\\/es\\\/servicios-in-situ\\\/\"},{\"@type\":\"ListItem\",\"position\":3,\"name\":\"Instalaciones de productos\"}]},{\"@type\":\"WebSite\",\"@id\":\"https:\\\/\\\/www.gcx.com\\\/es\\\/#website\",\"url\":\"https:\\\/\\\/www.gcx.com\\\/es\\\/\",\"name\":\"GCX Medical Mounting Solutions\",\"description\":\"\",\"publisher\":{\"@id\":\"https:\\\/\\\/www.gcx.com\\\/es\\\/#organization\"},\"alternateName\":\"GCX\",\"potentialAction\":[{\"@type\":\"SearchAction\",\"target\":{\"@type\":\"EntryPoint\",\"urlTemplate\":\"https:\\\/\\\/www.gcx.com\\\/es\\\/?s={search_term_string}\"},\"query-input\":{\"@type\":\"PropertyValueSpecification\",\"valueRequired\":true,\"valueName\":\"search_term_string\"}}],\"inLanguage\":\"es\"},{\"@type\":\"Organization\",\"@id\":\"https:\\\/\\\/www.gcx.com\\\/es\\\/#organization\",\"name\":\"GCX Medical Mounting Solutions\",\"alternateName\":\"GCX\",\"url\":\"https:\\\/\\\/www.gcx.com\\\/es\\\/\",\"logo\":{\"@type\":\"ImageObject\",\"inLanguage\":\"es\",\"@id\":\"https:\\\/\\\/www.gcx.com\\\/es\\\/#\\\/schema\\\/logo\\\/image\\\/\",\"url\":\"https:\\\/\\\/www.gcx.com\\\/wp-content\\\/uploads\\\/2024\\\/02\\\/gcx_logo.png\",\"contentUrl\":\"https:\\\/\\\/www.gcx.com\\\/wp-content\\\/uploads\\\/2024\\\/02\\\/gcx_logo.png\",\"width\":400,\"height\":166,\"caption\":\"GCX Medical Mounting Solutions\"},\"image\":{\"@id\":\"https:\\\/\\\/www.gcx.com\\\/es\\\/#\\\/schema\\\/logo\\\/image\\\/\"},\"sameAs\":[\"https:\\\/\\\/www.facebook.com\\\/GCXMountingSolutions\\\/\",\"https:\\\/\\\/x.com\\\/gcxcorp\",\"https:\\\/\\\/linkedin.com\\\/company\\\/gcx\",\"https:\\\/\\\/www.instagram.com\\\/gcxcorp\",\"https:\\\/\\\/www.youtube.com\\\/gcxcorp\"]}]}<\/script>\n<!-- \/ Yoast SEO plugin. -->","yoast_head_json":{"title":"Instalaciones de productos | Soluciones de montaje GCX Medical","description":"-Descripci\u00f3n meta no establecida.","robots":{"index":"index","follow":"follow","max-snippet":"max-snippet:-1","max-image-preview":"max-image-preview:large","max-video-preview":"max-video-preview:-1"},"canonical":"https:\/\/www.gcx.com\/es\/servicios-in-situ\/instalaciones-de-productos\/","og_locale":"es_ES","og_type":"article","og_title":"Instalaciones de productos | Soluciones de montaje GCX Medical","og_description":"-Descripci\u00f3n meta no establecida.","og_url":"https:\/\/www.gcx.com\/es\/servicios-in-situ\/instalaciones-de-productos\/","og_site_name":"Soluciones de montaje GCX Medical","article_publisher":"https:\/\/www.facebook.com\/GCXMountingSolutions\/","article_modified_time":"2024-05-03T21:09:59+00:00","og_image":[{"width":400,"height":166,"url":"https:\/\/www.gcx.com\/wp-content\/uploads\/2024\/02\/gcx_logo.png","type":"image\/png"}],"twitter_card":"summary_large_image","twitter_site":"@gcxcorp","schema":{"@context":"https:\/\/schema.org","@graph":[{"@type":"WebPage","@id":"https:\/\/www.gcx.com\/es\/servicios-in-situ\/instalaciones-de-productos\/","url":"https:\/\/www.gcx.com\/es\/servicios-in-situ\/instalaciones-de-productos\/","name":"Instalaciones de productos | Soluciones de montaje GCX Medical","isPartOf":{"@id":"https:\/\/www.gcx.com\/es\/#website"},"datePublished":"2024-02-23T09:29:29+00:00","dateModified":"2024-05-03T21:09:59+00:00","description":"-Descripci\u00f3n meta no establecida.","breadcrumb":{"@id":"https:\/\/www.gcx.com\/es\/servicios-in-situ\/instalaciones-de-productos\/#breadcrumb"},"inLanguage":"es","potentialAction":[{"@type":"ReadAction","target":["https:\/\/www.gcx.com\/es\/servicios-in-situ\/instalaciones-de-productos\/"]}]},{"@type":"BreadcrumbList","@id":"https:\/\/www.gcx.com\/es\/servicios-in-situ\/instalaciones-de-productos\/#breadcrumb","itemListElement":[{"@type":"ListItem","position":1,"name":"Home","item":"https:\/\/www.gcx.com\/es\/"},{"@type":"ListItem","position":2,"name":"Servicios in situ","item":"https:\/\/www.gcx.com\/es\/servicios-in-situ\/"},{"@type":"ListItem","position":3,"name":"Instalaciones de productos"}]},{"@type":"WebSite","@id":"https:\/\/www.gcx.com\/es\/#website","url":"https:\/\/www.gcx.com\/es\/","name":"GCX Medical Mounting Solutions","description":"","publisher":{"@id":"https:\/\/www.gcx.com\/es\/#organization"},"alternateName":"GCX","potentialAction":[{"@type":"SearchAction","target":{"@type":"EntryPoint","urlTemplate":"https:\/\/www.gcx.com\/es\/?s={search_term_string}"},"query-input":{"@type":"PropertyValueSpecification","valueRequired":true,"valueName":"search_term_string"}}],"inLanguage":"es"},{"@type":"Organization","@id":"https:\/\/www.gcx.com\/es\/#organization","name":"GCX Medical Mounting Solutions","alternateName":"GCX","url":"https:\/\/www.gcx.com\/es\/","logo":{"@type":"ImageObject","inLanguage":"es","@id":"https:\/\/www.gcx.com\/es\/#\/schema\/logo\/image\/","url":"https:\/\/www.gcx.com\/wp-content\/uploads\/2024\/02\/gcx_logo.png","contentUrl":"https:\/\/www.gcx.com\/wp-content\/uploads\/2024\/02\/gcx_logo.png","width":400,"height":166,"caption":"GCX Medical Mounting Solutions"},"image":{"@id":"https:\/\/www.gcx.com\/es\/#\/schema\/logo\/image\/"},"sameAs":["https:\/\/www.facebook.com\/GCXMountingSolutions\/","https:\/\/x.com\/gcxcorp","https:\/\/linkedin.com\/company\/gcx","https:\/\/www.instagram.com\/gcxcorp","https:\/\/www.youtube.com\/gcxcorp"]}]}},"_links":{"self":[{"href":"https:\/\/www.gcx.com\/es\/wp-json\/wp\/v2\/pages\/116890","targetHints":{"allow":["GET"]}}],"collection":[{"href":"https:\/\/www.gcx.com\/es\/wp-json\/wp\/v2\/pages"}],"about":[{"href":"https:\/\/www.gcx.com\/es\/wp-json\/wp\/v2\/types\/page"}],"author":[{"embeddable":true,"href":"https:\/\/www.gcx.com\/es\/wp-json\/wp\/v2\/users\/1"}],"replies":[{"embeddable":true,"href":"https:\/\/www.gcx.com\/es\/wp-json\/wp\/v2\/comments?post=116890"}],"version-history":[{"count":0,"href":"https:\/\/www.gcx.com\/es\/wp-json\/wp\/v2\/pages\/116890\/revisions"}],"up":[{"embeddable":true,"href":"https:\/\/www.gcx.com\/es\/wp-json\/wp\/v2\/pages\/115676"}],"wp:attachment":[{"href":"https:\/\/www.gcx.com\/es\/wp-json\/wp\/v2\/media?parent=116890"}],"curies":[{"name":"wp","href":"https:\/\/api.w.org\/{rel}","templated":true}]}}