{"id":115676,"date":"2024-02-23T09:29:29","date_gmt":"2024-02-23T09:29:29","guid":{"rendered":"https:\/\/www.gcx.com\/servicios-in-situ\/"},"modified":"2024-05-06T09:11:13","modified_gmt":"2024-05-06T09:11:13","slug":"servicios-in-situ","status":"publish","type":"page","link":"https:\/\/www.gcx.com\/es\/servicios-in-situ\/","title":{"rendered":"Servicios in situ"},"content":{"rendered":"<section class=\"hero hero-sm\">\n      <div class=\"hero-bg\">\n      <img decoding=\"async\" src=\"https:\/\/www.gcx.com\/wp-content\/uploads\/2024\/02\/banner_oss-1.jpg\" alt=\"Banner oss\">\n    <\/div>\n      <\/section>\n\n\n\n\n<section id=\"content-block_0cc5223f96dc8aca735546299abc30f3\"  class=\"pt-5 pb-5 bg-primary\">\n  <div class=\"container\">\n  <div class=\"row\">\n    <div class=\"col-12\">\n      <div class=\"text-editor text-white text-center fs-md\">\n        <h1>Servicios in situ<\/h1>\n<h2 class=\"lead\">Los Servicios in situ (OSS) de GCX son un servicio llave en mano, rentable y experto para implantar y mantener los productos GCX.<\/h2>\n<p>GCX On-Site Services\u00ae permite a los clientes ampliar el valor y la vida \u00fatil de nuestras soluciones de montaje mediante instalaciones configuradas por expertos, evaluaciones peri\u00f3dicas, comprobaciones de mantenimiento y actualizaciones. Desde la instalaci\u00f3n de nuevos productos hasta auditor\u00edas de brazos y sustituciones de equipos, nuestro personal de OSS trabaja con gran eficacia y m\u00ednimas interrupciones en una amplia variedad de entornos sanitarios.<\/p>\n              <\/div>\n    <\/div>\n  <\/div>\n<\/div>\n<\/section>\n\n\n\n<section id=\"content-block_3d9eda868673b97d090199859bbdbe5c\"  class=\"pt-5 bg-white\">\n  <div class=\"container\">\n  <div class=\"row align-items-center\">\n          <div class=\"col-md-4 mb-4 mb-md-0\">\n                              <img decoding=\"async\" class=\"img-fluid \" src=\"https:\/\/www.gcx.com\/wp-content\/uploads\/2024\/02\/oss_lp_1.jpg\" alt=\"Oss lp 1\">\n          \n              <\/div>\n        <div class=\"col-md-8\">\n      <div class=\"text-editor fs-md\">\n        <h3>Instalaciones de productos<\/h3>\n<p>Deja que los expertos en productos GCX instalen y configuren adecuadamente los soportes para que funcionen de forma segura y sin problemas con los dispositivos m\u00e9dicos o el hardware inform\u00e1tico en cualquier \u00e1rea de atenci\u00f3n al paciente.<\/p>\n                  <div class=\"mt-3 mb-n1\">\n                          <a class=\"mb-1 btn btn-outline-primary btn-sm\" href=\"https:\/\/www.gcx.com\/es\/servicios-in-situ\/instalaciones-de-productos\/\">M\u00e1s informaci\u00f3n <\/a>                      <\/div>\n              <\/div>\n    <\/div>\n  <\/div>\n<\/div>\n<\/section>\n\n\n\n<section id=\"content-block_7e48da21338f47a219963cb0c7a7a2eb\"  class=\"pt-5 bg-white\">\n  <div class=\"container\">\n  <div class=\"row flex-md-row-reverse align-items-center\">\n          <div class=\"col-md-4 mb-4 mb-md-0\">\n                              <img decoding=\"async\" class=\"img-fluid \" src=\"https:\/\/www.gcx.com\/wp-content\/uploads\/2024\/02\/oss_lp_2.jpg\" alt=\"Oss lp 2\">\n          \n              <\/div>\n        <div class=\"col-md-8\">\n      <div class=\"text-editor fs-md\">\n        <h3>Auditor\u00edas y evaluaciones<\/h3>\n<p>Los equipos de OSS de GCX eval\u00faan r\u00e1pida y silenciosamente los montajes actuales y recomiendan sustituciones o actualizaciones rentables con m\u00ednimas interrupciones del equipo asistencial.<\/p>\n                  <div class=\"mt-3 mb-n1\">\n                          <a class=\"mb-1 btn btn-outline-primary btn-sm\" href=\"https:\/\/www.gcx.com\/es\/servicios-in-situ\/auditorias-y-evaluaciones\/\">M\u00e1s informaci\u00f3n <\/a>                      <\/div>\n              <\/div>\n    <\/div>\n  <\/div>\n<\/div>\n<\/section>\n\n\n\n<section id=\"content-block_8ca65a6a219c5b7a689faaa4e1baca45\"  class=\"pb-5 bg-white\">\n  <div class=\"container\">\n  <div class=\"row align-items-center\">\n          <div class=\"col-md-4 mb-4 mb-md-0\">\n                              <img decoding=\"async\" class=\"img-fluid \" src=\"https:\/\/www.gcx.com\/wp-content\/uploads\/2024\/02\/oss_lp_3.png-v2.png\" alt=\"Oss lp 3 png v2\">\n          \n              <\/div>\n        <div class=\"col-md-8\">\n      <div class=\"text-editor fs-md\">\n        <h3>Demostraciones de productos<\/h3>\n<p>Consigue demostraciones de producto in situ o virtuales para ver c\u00f3mo un soporte GCX mejorar\u00e1 el acceso de los equipos asistenciales a los monitores de pacientes y otros dispositivos m\u00e9dicos en el lugar elegido.<\/p>\n                  <div class=\"mt-3 mb-n1\">\n                          <a class=\"mb-1 btn btn-outline-primary btn-sm\" href=\"https:\/\/www.gcx.com\/es\/servicios-in-situ\/demostraciones-de-productos\/\">M\u00e1s informaci\u00f3n <\/a>                      <\/div>\n              <\/div>\n    <\/div>\n  <\/div>\n<\/div>\n<\/section>\n\n\n\n<section id=\"content-block_8888caf8060878a1f92fc60ef60022ad\"  class=\"pb-5 bg-white\">\n  <div class=\"container\">\n  <div class=\"row flex-md-row-reverse align-items-center\">\n          <div class=\"col-md-4 mb-4 mb-md-0\">\n                              <img decoding=\"async\" class=\"img-fluid \" src=\"https:\/\/www.gcx.com\/wp-content\/uploads\/2024\/02\/oss_lp_4.jpg\" alt=\"Oss lp 4\">\n          \n              <\/div>\n        <div class=\"col-md-8\">\n      <div class=\"text-editor fs-md\">\n        <h3>Ventajas de los servicios in situ<\/h3>\n<p>Permitir que nuestros equipos de OSS introduzcan, instalen, auditen y mantengan los soportes de la tecnolog\u00eda sanitaria deja a los equipos biom\u00e9dicos, inform\u00e1ticos y cl\u00ednicos m\u00e1s tiempo y mano de obra para otras tareas importantes.<\/p>\n                  <div class=\"mt-3 mb-n1\">\n                          <a class=\"mb-1 btn btn-outline-primary btn-sm\" href=\"https:\/\/www.gcx.com\/es\/servicios-in-situ\/ventajas-de-los-servicios-in-situ-de-gcx\/\">M\u00e1s informaci\u00f3n <\/a>                      <\/div>\n              <\/div>\n    <\/div>\n  <\/div>\n<\/div>\n<\/section>\n\n\n\n<section id=\"cta-block_ad00e232ab83bfb78a9460bd50104557\"  class=\"cta bg-secondary-blue pt-5 pb-5\" style=\"background: url(https:\/\/www.gcx.com\/wp-content\/themes\/gcx\/assets\/images\/content\/form_bkgd_gears.jpg) no-repeat bottom right\">\n  <div class=\"container\">\n    <div class=\"row\">\n      <div class=\"col-md-6\">\n                  <div class=\"text-editor text-white\">\n            <h3>Evaluaci\u00f3n y demostraciones de VHM<\/h3>\n<p>GCX ofrece una evaluaci\u00f3n gratuita del rendimiento del VHM a los clientes actuales y demostraciones del producto a los clientes potenciales.<\/p>\n          <\/div>\n                          <div class=\"mt-3 mb-n1\">\n                          <a class=\"mb-1 btn btn-secondary btn-sm\" href=\"https:\/\/www.gcx.com\/on-site-services\/audits-and-assessments\/\">Programa una evaluaci\u00f3n <\/a>                          <a class=\"mb-1 btn btn-secondary btn-sm\" href=\"https:\/\/www.gcx.com\/on-site-services\/product-demonstrations\/\">Solicita una demostraci\u00f3n <\/a>                      <\/div>\n              <\/div>\n    <\/div>\n  <\/div>\n<\/section>\n","protected":false},"excerpt":{"rendered":"","protected":false},"author":1,"featured_media":0,"parent":0,"menu_order":0,"comment_status":"open","ping_status":"open","template":"","meta":{"_acf_changed":false,"content-type":"","footnotes":""},"class_list":["post-115676","page","type-page","status-publish","hentry"],"acf":[],"yoast_head":"<!-- This site is optimized with the Yoast SEO plugin v27.3 - https:\/\/yoast.com\/product\/yoast-seo-wordpress\/ -->\n<title>Servicios in situ | Soluciones de montaje GCX Medical<\/title>\n<meta name=\"robots\" content=\"index, follow, max-snippet:-1, max-image-preview:large, max-video-preview:-1\" \/>\n<link rel=\"canonical\" href=\"https:\/\/www.gcx.com\/es\/servicios-in-situ\/\" \/>\n<meta property=\"og:locale\" content=\"es_ES\" \/>\n<meta property=\"og:type\" content=\"article\" \/>\n<meta property=\"og:title\" content=\"Servicios in situ | Soluciones de montaje GCX Medical\" \/>\n<meta property=\"og:url\" content=\"https:\/\/www.gcx.com\/es\/servicios-in-situ\/\" \/>\n<meta property=\"og:site_name\" content=\"Soluciones de montaje GCX Medical\" \/>\n<meta property=\"article:publisher\" content=\"https:\/\/www.facebook.com\/GCXMountingSolutions\/\" \/>\n<meta property=\"article:modified_time\" content=\"2024-05-06T09:11:13+00:00\" \/>\n<meta property=\"og:image\" content=\"https:\/\/www.gcx.com\/wp-content\/uploads\/2024\/02\/gcx_logo.png\" \/>\n\t<meta property=\"og:image:width\" content=\"400\" \/>\n\t<meta property=\"og:image:height\" content=\"166\" \/>\n\t<meta property=\"og:image:type\" content=\"image\/png\" \/>\n<meta name=\"twitter:card\" content=\"summary_large_image\" \/>\n<meta name=\"twitter:site\" content=\"@gcxcorp\" \/>\n<script type=\"application\/ld+json\" class=\"yoast-schema-graph\">{\"@context\":\"https:\\\/\\\/schema.org\",\"@graph\":[{\"@type\":\"WebPage\",\"@id\":\"https:\\\/\\\/www.gcx.com\\\/es\\\/servicios-in-situ\\\/\",\"url\":\"https:\\\/\\\/www.gcx.com\\\/es\\\/servicios-in-situ\\\/\",\"name\":\"Servicios in situ | Soluciones de montaje GCX Medical\",\"isPartOf\":{\"@id\":\"https:\\\/\\\/www.gcx.com\\\/es\\\/#website\"},\"datePublished\":\"2024-02-23T09:29:29+00:00\",\"dateModified\":\"2024-05-06T09:11:13+00:00\",\"breadcrumb\":{\"@id\":\"https:\\\/\\\/www.gcx.com\\\/es\\\/servicios-in-situ\\\/#breadcrumb\"},\"inLanguage\":\"es\",\"potentialAction\":[{\"@type\":\"ReadAction\",\"target\":[\"https:\\\/\\\/www.gcx.com\\\/es\\\/servicios-in-situ\\\/\"]}]},{\"@type\":\"BreadcrumbList\",\"@id\":\"https:\\\/\\\/www.gcx.com\\\/es\\\/servicios-in-situ\\\/#breadcrumb\",\"itemListElement\":[{\"@type\":\"ListItem\",\"position\":1,\"name\":\"Home\",\"item\":\"https:\\\/\\\/www.gcx.com\\\/es\\\/\"},{\"@type\":\"ListItem\",\"position\":2,\"name\":\"Servicios in situ\"}]},{\"@type\":\"WebSite\",\"@id\":\"https:\\\/\\\/www.gcx.com\\\/es\\\/#website\",\"url\":\"https:\\\/\\\/www.gcx.com\\\/es\\\/\",\"name\":\"GCX Medical Mounting Solutions\",\"description\":\"\",\"publisher\":{\"@id\":\"https:\\\/\\\/www.gcx.com\\\/es\\\/#organization\"},\"alternateName\":\"GCX\",\"potentialAction\":[{\"@type\":\"SearchAction\",\"target\":{\"@type\":\"EntryPoint\",\"urlTemplate\":\"https:\\\/\\\/www.gcx.com\\\/es\\\/?s={search_term_string}\"},\"query-input\":{\"@type\":\"PropertyValueSpecification\",\"valueRequired\":true,\"valueName\":\"search_term_string\"}}],\"inLanguage\":\"es\"},{\"@type\":\"Organization\",\"@id\":\"https:\\\/\\\/www.gcx.com\\\/es\\\/#organization\",\"name\":\"GCX Medical Mounting Solutions\",\"alternateName\":\"GCX\",\"url\":\"https:\\\/\\\/www.gcx.com\\\/es\\\/\",\"logo\":{\"@type\":\"ImageObject\",\"inLanguage\":\"es\",\"@id\":\"https:\\\/\\\/www.gcx.com\\\/es\\\/#\\\/schema\\\/logo\\\/image\\\/\",\"url\":\"https:\\\/\\\/www.gcx.com\\\/wp-content\\\/uploads\\\/2024\\\/02\\\/gcx_logo.png\",\"contentUrl\":\"https:\\\/\\\/www.gcx.com\\\/wp-content\\\/uploads\\\/2024\\\/02\\\/gcx_logo.png\",\"width\":400,\"height\":166,\"caption\":\"GCX Medical Mounting Solutions\"},\"image\":{\"@id\":\"https:\\\/\\\/www.gcx.com\\\/es\\\/#\\\/schema\\\/logo\\\/image\\\/\"},\"sameAs\":[\"https:\\\/\\\/www.facebook.com\\\/GCXMountingSolutions\\\/\",\"https:\\\/\\\/x.com\\\/gcxcorp\",\"https:\\\/\\\/linkedin.com\\\/company\\\/gcx\",\"https:\\\/\\\/www.instagram.com\\\/gcxcorp\",\"https:\\\/\\\/www.youtube.com\\\/gcxcorp\"]}]}<\/script>\n<!-- \/ Yoast SEO plugin. -->","yoast_head_json":{"title":"Servicios in situ | Soluciones de montaje GCX Medical","robots":{"index":"index","follow":"follow","max-snippet":"max-snippet:-1","max-image-preview":"max-image-preview:large","max-video-preview":"max-video-preview:-1"},"canonical":"https:\/\/www.gcx.com\/es\/servicios-in-situ\/","og_locale":"es_ES","og_type":"article","og_title":"Servicios in situ | Soluciones de montaje GCX Medical","og_url":"https:\/\/www.gcx.com\/es\/servicios-in-situ\/","og_site_name":"Soluciones de montaje GCX Medical","article_publisher":"https:\/\/www.facebook.com\/GCXMountingSolutions\/","article_modified_time":"2024-05-06T09:11:13+00:00","og_image":[{"width":400,"height":166,"url":"https:\/\/www.gcx.com\/wp-content\/uploads\/2024\/02\/gcx_logo.png","type":"image\/png"}],"twitter_card":"summary_large_image","twitter_site":"@gcxcorp","schema":{"@context":"https:\/\/schema.org","@graph":[{"@type":"WebPage","@id":"https:\/\/www.gcx.com\/es\/servicios-in-situ\/","url":"https:\/\/www.gcx.com\/es\/servicios-in-situ\/","name":"Servicios in situ | Soluciones de montaje GCX Medical","isPartOf":{"@id":"https:\/\/www.gcx.com\/es\/#website"},"datePublished":"2024-02-23T09:29:29+00:00","dateModified":"2024-05-06T09:11:13+00:00","breadcrumb":{"@id":"https:\/\/www.gcx.com\/es\/servicios-in-situ\/#breadcrumb"},"inLanguage":"es","potentialAction":[{"@type":"ReadAction","target":["https:\/\/www.gcx.com\/es\/servicios-in-situ\/"]}]},{"@type":"BreadcrumbList","@id":"https:\/\/www.gcx.com\/es\/servicios-in-situ\/#breadcrumb","itemListElement":[{"@type":"ListItem","position":1,"name":"Home","item":"https:\/\/www.gcx.com\/es\/"},{"@type":"ListItem","position":2,"name":"Servicios in situ"}]},{"@type":"WebSite","@id":"https:\/\/www.gcx.com\/es\/#website","url":"https:\/\/www.gcx.com\/es\/","name":"GCX Medical Mounting Solutions","description":"","publisher":{"@id":"https:\/\/www.gcx.com\/es\/#organization"},"alternateName":"GCX","potentialAction":[{"@type":"SearchAction","target":{"@type":"EntryPoint","urlTemplate":"https:\/\/www.gcx.com\/es\/?s={search_term_string}"},"query-input":{"@type":"PropertyValueSpecification","valueRequired":true,"valueName":"search_term_string"}}],"inLanguage":"es"},{"@type":"Organization","@id":"https:\/\/www.gcx.com\/es\/#organization","name":"GCX Medical Mounting Solutions","alternateName":"GCX","url":"https:\/\/www.gcx.com\/es\/","logo":{"@type":"ImageObject","inLanguage":"es","@id":"https:\/\/www.gcx.com\/es\/#\/schema\/logo\/image\/","url":"https:\/\/www.gcx.com\/wp-content\/uploads\/2024\/02\/gcx_logo.png","contentUrl":"https:\/\/www.gcx.com\/wp-content\/uploads\/2024\/02\/gcx_logo.png","width":400,"height":166,"caption":"GCX Medical Mounting Solutions"},"image":{"@id":"https:\/\/www.gcx.com\/es\/#\/schema\/logo\/image\/"},"sameAs":["https:\/\/www.facebook.com\/GCXMountingSolutions\/","https:\/\/x.com\/gcxcorp","https:\/\/linkedin.com\/company\/gcx","https:\/\/www.instagram.com\/gcxcorp","https:\/\/www.youtube.com\/gcxcorp"]}]}},"_links":{"self":[{"href":"https:\/\/www.gcx.com\/es\/wp-json\/wp\/v2\/pages\/115676","targetHints":{"allow":["GET"]}}],"collection":[{"href":"https:\/\/www.gcx.com\/es\/wp-json\/wp\/v2\/pages"}],"about":[{"href":"https:\/\/www.gcx.com\/es\/wp-json\/wp\/v2\/types\/page"}],"author":[{"embeddable":true,"href":"https:\/\/www.gcx.com\/es\/wp-json\/wp\/v2\/users\/1"}],"replies":[{"embeddable":true,"href":"https:\/\/www.gcx.com\/es\/wp-json\/wp\/v2\/comments?post=115676"}],"version-history":[{"count":0,"href":"https:\/\/www.gcx.com\/es\/wp-json\/wp\/v2\/pages\/115676\/revisions"}],"wp:attachment":[{"href":"https:\/\/www.gcx.com\/es\/wp-json\/wp\/v2\/media?parent=115676"}],"curies":[{"name":"wp","href":"https:\/\/api.w.org\/{rel}","templated":true}]}}