{"id":115663,"date":"2024-02-23T09:29:29","date_gmt":"2024-02-23T09:29:29","guid":{"rendered":"https:\/\/www.gcx.com\/servicios-oem\/soluciones-hibridas\/"},"modified":"2024-04-26T17:25:49","modified_gmt":"2024-04-26T17:25:49","slug":"soluciones-hibridas","status":"publish","type":"page","link":"https:\/\/www.gcx.com\/es\/servicios-oem\/soluciones-hibridas\/","title":{"rendered":"Soluciones h\u00edbridas"},"content":{"rendered":"\n<section id=\"content-block_0f08b27274b22ce317b2e75301552679\"  class=\"pb-5\">\n  <div class=\"container\">\n  <div class=\"row flex-md-row-reverse\">\n          <div class=\"col-md-4 mb-4 mb-md-0\">\n                              <img decoding=\"async\" class=\"img-fluid \" src=\"https:\/\/www.gcx.com\/wp-content\/uploads\/2024\/02\/oem-component-Hybrid-Solutions.png\" alt=\"Oem component Hybrid Solutions\">\n          \n              <\/div>\n        <div class=\"col-md-8\">\n      <div class=\"text-editor fs-md\">\n        <p>\u00bfPor qu\u00e9 construir con componentes est\u00e1ndar en lugar de crear una soluci\u00f3n de montaje personalizada totalmente nueva?<\/p>\n<p><strong>Ahorro de costes y tiempo<\/strong> &#8211; Los componentes est\u00e1ndar ya est\u00e1n dise\u00f1ados, mecanizados y almacenados o a pocos d\u00edas de la producci\u00f3n, por lo que llegas al mercado de forma r\u00e1pida y rentable.<\/p>\n<p>Probados <strong>en la pr\u00e1ctica<\/strong>: los componentes est\u00e1ndar se han probado y se utilizan ampliamente.<\/p>\n<p><strong>Tiradas peque\u00f1as pero rentables<\/strong> &#8211; Los m\u00ednimos costes de puesta en marcha y fabricaci\u00f3n significan que no necesitas una gran tirada de producci\u00f3n para conseguir econom\u00edas de escala.<\/p>\n<p><strong>Servicios de ingenier\u00eda<\/strong> &#8211; Trabajamos contigo para dise\u00f1ar, construir y probar piezas modificadas o personalizadas; obtienes todos los servicios de una soluci\u00f3n personalizada al tiempo que se reducen los costes y el plazo de entrega.<\/p>\n                  <div class=\"mt-3 mb-n1\">\n                          <a class=\"mb-1 btn btn-primary btn-sm\" href=\"https:\/\/www.gcx.com\/products\/standard-products\/\">Buscar productos est\u00e1ndar <\/a>                      <\/div>\n              <\/div>\n    <\/div>\n  <\/div>\n<\/div>\n<\/section>\n","protected":false},"excerpt":{"rendered":"<p>Las soluciones h\u00edbridas se crean combinando componentes est\u00e1ndar y personalizados.<\/p>\n","protected":false},"author":1,"featured_media":0,"parent":114049,"menu_order":0,"comment_status":"open","ping_status":"closed","template":"","meta":{"_acf_changed":false,"content-type":"","footnotes":""},"class_list":["post-115663","page","type-page","status-publish","hentry"],"acf":[],"yoast_head":"<!-- This site is optimized with the Yoast SEO plugin v27.3 - https:\/\/yoast.com\/product\/yoast-seo-wordpress\/ -->\n<title>Soluciones h\u00edbridas | Soluciones de montaje GCX Medical<\/title>\n<meta name=\"description\" content=\"-Descripci\u00f3n meta no establecida.\" \/>\n<meta name=\"robots\" content=\"index, follow, max-snippet:-1, max-image-preview:large, max-video-preview:-1\" \/>\n<link rel=\"canonical\" href=\"https:\/\/www.gcx.com\/es\/servicios-oem\/soluciones-hibridas\/\" \/>\n<meta property=\"og:locale\" content=\"es_ES\" \/>\n<meta property=\"og:type\" content=\"article\" \/>\n<meta property=\"og:title\" content=\"Soluciones h\u00edbridas | Soluciones de montaje GCX Medical\" \/>\n<meta property=\"og:description\" content=\"-Descripci\u00f3n meta no establecida.\" \/>\n<meta property=\"og:url\" content=\"https:\/\/www.gcx.com\/es\/servicios-oem\/soluciones-hibridas\/\" \/>\n<meta property=\"og:site_name\" content=\"Soluciones de montaje GCX Medical\" \/>\n<meta property=\"article:publisher\" content=\"https:\/\/www.facebook.com\/GCXMountingSolutions\/\" \/>\n<meta property=\"article:modified_time\" content=\"2024-04-26T17:25:49+00:00\" \/>\n<meta property=\"og:image\" content=\"https:\/\/www.gcx.com\/wp-content\/uploads\/2024\/02\/gcx_logo.png\" \/>\n\t<meta property=\"og:image:width\" content=\"400\" \/>\n\t<meta property=\"og:image:height\" content=\"166\" \/>\n\t<meta property=\"og:image:type\" content=\"image\/png\" \/>\n<meta name=\"twitter:card\" content=\"summary_large_image\" \/>\n<meta name=\"twitter:site\" content=\"@gcxcorp\" \/>\n<script type=\"application\/ld+json\" class=\"yoast-schema-graph\">{\"@context\":\"https:\\\/\\\/schema.org\",\"@graph\":[{\"@type\":\"WebPage\",\"@id\":\"https:\\\/\\\/www.gcx.com\\\/es\\\/servicios-oem\\\/soluciones-hibridas\\\/\",\"url\":\"https:\\\/\\\/www.gcx.com\\\/es\\\/servicios-oem\\\/soluciones-hibridas\\\/\",\"name\":\"Soluciones h\u00edbridas | Soluciones de montaje GCX Medical\",\"isPartOf\":{\"@id\":\"https:\\\/\\\/www.gcx.com\\\/es\\\/#website\"},\"datePublished\":\"2024-02-23T09:29:29+00:00\",\"dateModified\":\"2024-04-26T17:25:49+00:00\",\"description\":\"-Descripci\u00f3n meta no establecida.\",\"breadcrumb\":{\"@id\":\"https:\\\/\\\/www.gcx.com\\\/es\\\/servicios-oem\\\/soluciones-hibridas\\\/#breadcrumb\"},\"inLanguage\":\"es\",\"potentialAction\":[{\"@type\":\"ReadAction\",\"target\":[\"https:\\\/\\\/www.gcx.com\\\/es\\\/servicios-oem\\\/soluciones-hibridas\\\/\"]}]},{\"@type\":\"BreadcrumbList\",\"@id\":\"https:\\\/\\\/www.gcx.com\\\/es\\\/servicios-oem\\\/soluciones-hibridas\\\/#breadcrumb\",\"itemListElement\":[{\"@type\":\"ListItem\",\"position\":1,\"name\":\"Home\",\"item\":\"https:\\\/\\\/www.gcx.com\\\/es\\\/\"},{\"@type\":\"ListItem\",\"position\":2,\"name\":\"Servicios OEM\",\"item\":\"https:\\\/\\\/www.gcx.com\\\/es\\\/servicios-oem\\\/\"},{\"@type\":\"ListItem\",\"position\":3,\"name\":\"Soluciones h\u00edbridas\"}]},{\"@type\":\"WebSite\",\"@id\":\"https:\\\/\\\/www.gcx.com\\\/es\\\/#website\",\"url\":\"https:\\\/\\\/www.gcx.com\\\/es\\\/\",\"name\":\"GCX Medical Mounting Solutions\",\"description\":\"\",\"publisher\":{\"@id\":\"https:\\\/\\\/www.gcx.com\\\/es\\\/#organization\"},\"alternateName\":\"GCX\",\"potentialAction\":[{\"@type\":\"SearchAction\",\"target\":{\"@type\":\"EntryPoint\",\"urlTemplate\":\"https:\\\/\\\/www.gcx.com\\\/es\\\/?s={search_term_string}\"},\"query-input\":{\"@type\":\"PropertyValueSpecification\",\"valueRequired\":true,\"valueName\":\"search_term_string\"}}],\"inLanguage\":\"es\"},{\"@type\":\"Organization\",\"@id\":\"https:\\\/\\\/www.gcx.com\\\/es\\\/#organization\",\"name\":\"GCX Medical Mounting Solutions\",\"alternateName\":\"GCX\",\"url\":\"https:\\\/\\\/www.gcx.com\\\/es\\\/\",\"logo\":{\"@type\":\"ImageObject\",\"inLanguage\":\"es\",\"@id\":\"https:\\\/\\\/www.gcx.com\\\/es\\\/#\\\/schema\\\/logo\\\/image\\\/\",\"url\":\"https:\\\/\\\/www.gcx.com\\\/wp-content\\\/uploads\\\/2024\\\/02\\\/gcx_logo.png\",\"contentUrl\":\"https:\\\/\\\/www.gcx.com\\\/wp-content\\\/uploads\\\/2024\\\/02\\\/gcx_logo.png\",\"width\":400,\"height\":166,\"caption\":\"GCX Medical Mounting Solutions\"},\"image\":{\"@id\":\"https:\\\/\\\/www.gcx.com\\\/es\\\/#\\\/schema\\\/logo\\\/image\\\/\"},\"sameAs\":[\"https:\\\/\\\/www.facebook.com\\\/GCXMountingSolutions\\\/\",\"https:\\\/\\\/x.com\\\/gcxcorp\",\"https:\\\/\\\/linkedin.com\\\/company\\\/gcx\",\"https:\\\/\\\/www.instagram.com\\\/gcxcorp\",\"https:\\\/\\\/www.youtube.com\\\/gcxcorp\"]}]}<\/script>\n<!-- \/ Yoast SEO plugin. -->","yoast_head_json":{"title":"Soluciones h\u00edbridas | Soluciones de montaje GCX Medical","description":"-Descripci\u00f3n meta no establecida.","robots":{"index":"index","follow":"follow","max-snippet":"max-snippet:-1","max-image-preview":"max-image-preview:large","max-video-preview":"max-video-preview:-1"},"canonical":"https:\/\/www.gcx.com\/es\/servicios-oem\/soluciones-hibridas\/","og_locale":"es_ES","og_type":"article","og_title":"Soluciones h\u00edbridas | Soluciones de montaje GCX Medical","og_description":"-Descripci\u00f3n meta no establecida.","og_url":"https:\/\/www.gcx.com\/es\/servicios-oem\/soluciones-hibridas\/","og_site_name":"Soluciones de montaje GCX Medical","article_publisher":"https:\/\/www.facebook.com\/GCXMountingSolutions\/","article_modified_time":"2024-04-26T17:25:49+00:00","og_image":[{"width":400,"height":166,"url":"https:\/\/www.gcx.com\/wp-content\/uploads\/2024\/02\/gcx_logo.png","type":"image\/png"}],"twitter_card":"summary_large_image","twitter_site":"@gcxcorp","schema":{"@context":"https:\/\/schema.org","@graph":[{"@type":"WebPage","@id":"https:\/\/www.gcx.com\/es\/servicios-oem\/soluciones-hibridas\/","url":"https:\/\/www.gcx.com\/es\/servicios-oem\/soluciones-hibridas\/","name":"Soluciones h\u00edbridas | Soluciones de montaje GCX Medical","isPartOf":{"@id":"https:\/\/www.gcx.com\/es\/#website"},"datePublished":"2024-02-23T09:29:29+00:00","dateModified":"2024-04-26T17:25:49+00:00","description":"-Descripci\u00f3n meta no establecida.","breadcrumb":{"@id":"https:\/\/www.gcx.com\/es\/servicios-oem\/soluciones-hibridas\/#breadcrumb"},"inLanguage":"es","potentialAction":[{"@type":"ReadAction","target":["https:\/\/www.gcx.com\/es\/servicios-oem\/soluciones-hibridas\/"]}]},{"@type":"BreadcrumbList","@id":"https:\/\/www.gcx.com\/es\/servicios-oem\/soluciones-hibridas\/#breadcrumb","itemListElement":[{"@type":"ListItem","position":1,"name":"Home","item":"https:\/\/www.gcx.com\/es\/"},{"@type":"ListItem","position":2,"name":"Servicios OEM","item":"https:\/\/www.gcx.com\/es\/servicios-oem\/"},{"@type":"ListItem","position":3,"name":"Soluciones h\u00edbridas"}]},{"@type":"WebSite","@id":"https:\/\/www.gcx.com\/es\/#website","url":"https:\/\/www.gcx.com\/es\/","name":"GCX Medical Mounting Solutions","description":"","publisher":{"@id":"https:\/\/www.gcx.com\/es\/#organization"},"alternateName":"GCX","potentialAction":[{"@type":"SearchAction","target":{"@type":"EntryPoint","urlTemplate":"https:\/\/www.gcx.com\/es\/?s={search_term_string}"},"query-input":{"@type":"PropertyValueSpecification","valueRequired":true,"valueName":"search_term_string"}}],"inLanguage":"es"},{"@type":"Organization","@id":"https:\/\/www.gcx.com\/es\/#organization","name":"GCX Medical Mounting Solutions","alternateName":"GCX","url":"https:\/\/www.gcx.com\/es\/","logo":{"@type":"ImageObject","inLanguage":"es","@id":"https:\/\/www.gcx.com\/es\/#\/schema\/logo\/image\/","url":"https:\/\/www.gcx.com\/wp-content\/uploads\/2024\/02\/gcx_logo.png","contentUrl":"https:\/\/www.gcx.com\/wp-content\/uploads\/2024\/02\/gcx_logo.png","width":400,"height":166,"caption":"GCX Medical Mounting Solutions"},"image":{"@id":"https:\/\/www.gcx.com\/es\/#\/schema\/logo\/image\/"},"sameAs":["https:\/\/www.facebook.com\/GCXMountingSolutions\/","https:\/\/x.com\/gcxcorp","https:\/\/linkedin.com\/company\/gcx","https:\/\/www.instagram.com\/gcxcorp","https:\/\/www.youtube.com\/gcxcorp"]}]}},"_links":{"self":[{"href":"https:\/\/www.gcx.com\/es\/wp-json\/wp\/v2\/pages\/115663","targetHints":{"allow":["GET"]}}],"collection":[{"href":"https:\/\/www.gcx.com\/es\/wp-json\/wp\/v2\/pages"}],"about":[{"href":"https:\/\/www.gcx.com\/es\/wp-json\/wp\/v2\/types\/page"}],"author":[{"embeddable":true,"href":"https:\/\/www.gcx.com\/es\/wp-json\/wp\/v2\/users\/1"}],"replies":[{"embeddable":true,"href":"https:\/\/www.gcx.com\/es\/wp-json\/wp\/v2\/comments?post=115663"}],"version-history":[{"count":0,"href":"https:\/\/www.gcx.com\/es\/wp-json\/wp\/v2\/pages\/115663\/revisions"}],"up":[{"embeddable":true,"href":"https:\/\/www.gcx.com\/es\/wp-json\/wp\/v2\/pages\/114049"}],"wp:attachment":[{"href":"https:\/\/www.gcx.com\/es\/wp-json\/wp\/v2\/media?parent=115663"}],"curies":[{"name":"wp","href":"https:\/\/api.w.org\/{rel}","templated":true}]}}