{"id":115609,"date":"2024-02-23T09:28:24","date_gmt":"2024-02-23T09:28:24","guid":{"rendered":"https:\/\/www.gcx.com\/productos\/mesa-sobrecama-para-pacientes\/"},"modified":"2024-05-04T00:59:02","modified_gmt":"2024-05-04T00:59:02","slug":"mesa-sobrecama-para-pacientes","status":"publish","type":"page","link":"https:\/\/www.gcx.com\/es\/productos\/mesa-sobrecama-para-pacientes\/","title":{"rendered":"Mesa sobrecama para pacientes"},"content":{"rendered":"\n<section id=\"content-block_0c4b262cba818646aff159b4314c83bc\"  class=\"pb-5 bg-white\">\n  <div class=\"container\">\n  <div class=\"row flex-md-row-reverse\">\n          <div class=\"col-md-4 mb-4 mb-md-0\">\n                              <img decoding=\"async\" class=\"img-fluid \" src=\"https:\/\/www.gcx.com\/wp-content\/uploads\/2024\/03\/PEImage1_rev2b_0a21d3d1c1e7dbdfff1fe2c6345827e3.jpg\" alt=\"\">\n          \n              <\/div>\n        <div class=\"col-md-8\">\n      <div class=\"text-editor fs-md\">\n        <p><strong>Nuestra galardonada mesa sobre la cama con brazo para tableta <sup>PRO-ADJUSTTM<\/sup> protege tu inversi\u00f3n en tecnolog\u00eda y perdura a trav\u00e9s de m\u00faltiples actualizaciones tecnol\u00f3gicas. Tus pacientes disfrutar\u00e1n de todas las opciones de la aplicaci\u00f3n m\u00f3vil, mientras que tus enfermeras apreciar\u00e1n menos llamadas a la sala para tareas rutinarias que ahora se hacen en una tableta.<\/strong><\/p>\n<p>El uso de tabletas por parte de los pacientes se est\u00e1 extendiendo a medida que los hospitales descubren el papel de los dispositivos m\u00f3viles para mejorar la prestaci\u00f3n de cuidados, al tiempo que aumentan los \u00edndices de satisfacci\u00f3n de pacientes y enfermeras. Desde que presentamos en 2018 nuestra mesa sobre la cama apta para tabletas, GCX ha estado a la vanguardia del suministro de soluciones de montaje para el uso seguro y a prueba de manipulaciones de tabletas por parte de los pacientes. Ahora, nuestra innovadora mesa sobre la cama para pacientes, con el brazo para tabletas <sup>PRO-ADJUSTTM<\/sup>, ofrece a\u00fan m\u00e1s opciones junto a la cama y la silla para los pacientes y sus cuidadores durante las hospitalizaciones y las estancias ambulatorias.<\/p>\n                  <div class=\"mt-3 mb-n1\">\n                          <a class=\"mb-1 btn btn-primary btn-sm\" href=\"\/solutions\/it-emr\/tablets#patient-engagement-table\">Ver configuraciones <\/a>                      <\/div>\n              <\/div>\n    <\/div>\n  <\/div>\n<\/div>\n<\/section>\n\n<section id=\"content-block_389350c6d4057a5a2db63894693decf6\"  class=\"pt-5 pb-5\">\n  <div class=\"container\">\n  <div class=\"row\">\n          <div class=\"col-md-6 mb-4 mb-md-0\">\n                              <img decoding=\"async\" class=\"img-fluid \" src=\"https:\/\/www.gcx.com\/wp-content\/uploads\/2024\/03\/PE_Image2_rev2_0a21d3d1c1e7dbdfff1fe2c6345827e3.jpg\" alt=\"\">\n          \n              <\/div>\n        <div class=\"col-md-6\">\n      <div class=\"text-editor fs-md\">\n        <h2>Uso seguro y c\u00f3modo del Tablet&nbsp;<\/h2>\n<p>Entre las principales caracter\u00edsticas de la mesa de sobrecama de compromiso del paciente se encuentra un brazo articulado para posiciones de visi\u00f3n \u00f3ptimas y un uso seguro del dispositivo&nbsp;.<\/p>\n<ul>\n<li>El brazo para tableta <sup>PRO-ADJUSTTM<\/sup> (tambi\u00e9n conocido como VHM-T) se sujeta firmemente a la mesa para colocar de forma estable la mayor\u00eda de los dispositivos del tama\u00f1o de una tableta&nbsp;.<\/li>\n<li>El brazo de la tableta puede plegarse r\u00e1pidamente para apartarlo del camino en caso de emergencia o cuando no se utilice&nbsp;.<\/li>\n<li>Dos palancas de paleta ajustan f\u00e1cilmente la altura de la mesa, con una funci\u00f3n de subida autom\u00e1tica que evita lesiones al paciente. Si es necesario, s\u00f3lo se puede utilizar una paleta de cada lado para ajustar&nbsp;.<\/li>\n<li>Las nuevas ruedas giratorias facilitan el movimiento (no patinan), mientras que la base de perfil bajo&nbsp;cabe debajo de la mayor\u00eda de las camas&nbsp;.<\/li>\n<\/ul>\n<h2>Dispositivo fuerte&nbsp;Seguridad<\/h2>\n<p>Protege las pastillas de la extracci\u00f3n involuntaria o del uso indebido de&nbsp;.&nbsp;<\/p>\n<ul>\n<li>El soporte de tableta con bloqueo opcional impide la extracci\u00f3n del dispositivo&nbsp;.<\/li>\n<li>El brazo para tabletas <sup>PRO-ADJUSTTM<\/sup> firmemente sujeto a la mesa reduce el riesgo de que los pacientes dejen caer accidentalmente o da\u00f1en dispositivos que de otro modo quedar\u00edan libres.<\/li>\n<li>Puerto de carga USB para que los pacientes no desenchufen equipos m\u00e9dicos importantes&nbsp;.<\/li>\n<\/ul>\n              <\/div>\n    <\/div>\n  <\/div>\n<\/div>\n<\/section>\n\n<section id=\"content-block_7da1d04edd7a38c09ed9c38795df956a\"  class=\"pt-5 pb-5 bg-white\">\n  <div class=\"container\">\n  <div class=\"row flex-md-row-reverse\">\n          <div class=\"col-md-6 mb-4 mb-md-0\">\n                              <img decoding=\"async\" class=\"img-fluid \" src=\"https:\/\/www.gcx.com\/wp-content\/uploads\/2024\/03\/PE_Image3_rev_0a21d3d1c1e7dbdfff1fe2c6345827e3.jpg\" alt=\"\">\n          \n              <\/div>\n        <div class=\"col-md-6\">\n      <div class=\"text-editor fs-md\">\n        <h2>Construcci\u00f3n duradera<\/h2>\n<p>Ahora con una columna m\u00e1s delgada, el canal GCX oculta los cables a la vez que facilita la integraci\u00f3n del hardware inform\u00e1tico.<\/p>\n<ul>\n<li>Fabricado con materiales de grado m\u00e9dico que pueden soportar un uso intensivo y agentes de limpieza de grado hospitalario.<\/li>\n<li>Los cables est\u00e1n ingeniosamente ocultos en el interior para evitar que se pellizquen o da\u00f1en y para ofrecer un aspecto elegante y limpio.<\/li>\n<li>El parachoques de la mesa proporciona protecci\u00f3n adicional y un protector contra derrames alrededor de la mesa para facilitar la limpieza.<\/li>\n<li>5 a\u00f1os de garant\u00eda y fabricado seg\u00fan las normas de calidad certificadas ISO 13485.<\/li>\n<\/ul>\n<h2>Accesorios ampliados e instalaci\u00f3n m\u00e1s sencilla<\/h2>\n<p>Selecciona el acabado y los accesorios que mejor se adapten a las necesidades de tu hospital.<\/p>\n<ul>\n<li>Nuevo caj\u00f3n de dos v\u00edas, ganchos para cables y portavasos y\/o cubos\/cestas para guardar cosas.<\/li>\n<li>Nuevas opciones de color para el tablero, y cable de alimentaci\u00f3n recto o en espiral.<\/li>\n<li>M\u00f3dulos de carga USB C y A al alcance del paciente y sus familiares.<\/li>\n<li>Instalaci\u00f3n y configuraci\u00f3n simplificadas y racionalizadas.<\/li>\n<\/ul>\n              <\/div>\n    <\/div>\n  <\/div>\n<\/div>\n<\/section>\n\n<section id=\"content-block_e4281b8966692e4410f87900467cf818\"  class=\"pt-5 pb-5\">\n  <div class=\"container\">\n  <div class=\"row\">\n        <div class=\"col-md-8\">\n      <div class=\"text-editor fs-md\">\n        <h2>Especificaciones t\u00e9cnicas<\/h2>\n<ul>\n<li>Material del tablero: laminado con borde protector sobremoldeado<\/li>\n<li>Dimensiones del tablero, total c\/p 19&#8243; x 31&#8243; \/48,26 x 78,74 cm<\/li>\n<li>Dimensiones del tablero, \u00e1rea empotrada c\/d: 17&#8243; x 28&#8243; \/43,18 x 71,12 cm<\/li>\n<li>Rango de ajuste de la altura: 15.75&#8243; \/40 cm<\/li>\n<li>Altura del tablero, de m\u00ednima a m\u00e1xima 28,25 a 44&#8243; \/71,76 x 111,76 cm<\/li>\n<li>Altura de la columna principal: 46&#8243; \/116,8 cm sin asa, 47&#8243; \/119,38 cm con asa<\/li>\n<li>Altura libre de la base: 5 cm \/5,1 cm<\/li>\n<li>Di\u00e1metro de la rueda: 1,38&#8243; \/3,5<\/li>\n<\/ul>\n              <\/div>\n    <\/div>\n  <\/div>\n<\/div>\n<\/section>\n\n<section id=\"content-block_45789d299a9232adcbcd20b6f5773781\"  class=\"pt-5 pb-5 bg-white\">\n  <div class=\"container\">\n  <div class=\"row\">\n          <div class=\"col-md-6 mb-4 mb-md-0\">\n                              <img decoding=\"async\" class=\"img-fluid \" src=\"https:\/\/www.gcx.com\/wp-content\/uploads\/2024\/03\/PE_Image5_rev2_0a21d3d1c1e7dbdfff1fe2c6345827e3.jpg\" alt=\"\">\n          \n              <\/div>\n        <div class=\"col-md-6\">\n      <div class=\"text-editor fs-md\">\n        <h2>Tantas opciones y usos<\/h2>\n<p>Elige entre nuestras Mesas de Reposo para Pacientes de tama\u00f1o normal o compacto. Ambos est\u00e1n fabricados con materiales de alta calidad en un embalaje mejorado y son f\u00e1ciles de montar. La versi\u00f3n compacta ofrece la misma funcionalidad que la versi\u00f3n de tama\u00f1o normal, pero ocupando menos espacio. Tama\u00f1o perfecto para pediatr\u00eda, admisi\u00f3n, \u00e1reas de infusi\u00f3n, etc.<\/p>\n<h2>Mejora tu mesa actual<\/h2>\n<p><a href=\"https:\/\/www.gcx.com\/zh-hant\/product\/tablet-integration-upgrade-kit-for-hillrom-and-styker-overbed-tables\/\">Reequipa tu actual mesa de sobrecama Hillrom o Stryker<\/a> con un kit de mejora del brazo de la mesa GCX. El brazo para tableta <sup>PRO-ADJUSTTM<\/sup> <em>es el <\/em>brazo de soporte de calidad m\u00e9dica dise\u00f1ado expresamente para tabletas, que incluye una regleta de enchufes opcional y cargadores USB que pueden montarse directamente en la interfaz del brazo para tableta. Prolonga la vida de tu camilla actual equip\u00e1ndola con la tecnolog\u00eda m\u00f3vil que quieren tus pacientes y agradecen las enfermeras.<\/p>\n              <\/div>\n    <\/div>\n  <\/div>\n<\/div>\n<\/section>\n","protected":false},"excerpt":{"rendered":"<p>Uso de la tableta en la nueva era de la sanidad<\/p>\n","protected":false},"author":1,"featured_media":68030,"parent":115354,"menu_order":0,"comment_status":"open","ping_status":"open","template":"","meta":{"_acf_changed":false,"content-type":"","footnotes":""},"class_list":["post-115609","page","type-page","status-publish","has-post-thumbnail","hentry"],"acf":[],"yoast_head":"<!-- This site is optimized with the Yoast SEO plugin v27.3 - https:\/\/yoast.com\/product\/yoast-seo-wordpress\/ -->\n<title>Mesa sobrecama para pacientes | Soluciones de montaje GCX Medical<\/title>\n<meta name=\"robots\" content=\"index, follow, max-snippet:-1, max-image-preview:large, max-video-preview:-1\" \/>\n<link rel=\"canonical\" href=\"https:\/\/www.gcx.com\/es\/productos\/mesa-sobrecama-para-pacientes\/\" \/>\n<meta property=\"og:locale\" content=\"es_ES\" \/>\n<meta property=\"og:type\" content=\"article\" \/>\n<meta property=\"og:title\" content=\"Mesa sobrecama para pacientes | Soluciones de montaje GCX Medical\" \/>\n<meta property=\"og:description\" content=\"Uso de la tableta en la nueva era de la sanidad\" \/>\n<meta property=\"og:url\" content=\"https:\/\/www.gcx.com\/es\/productos\/mesa-sobrecama-para-pacientes\/\" \/>\n<meta property=\"og:site_name\" content=\"Soluciones de montaje GCX Medical\" \/>\n<meta property=\"article:publisher\" content=\"https:\/\/www.facebook.com\/GCXMountingSolutions\/\" \/>\n<meta property=\"article:modified_time\" content=\"2024-05-04T00:59:02+00:00\" \/>\n<meta property=\"og:image\" content=\"https:\/\/www.gcx.com\/wp-content\/uploads\/2024\/02\/PatientTable_Newa-1.jpg\" \/>\n\t<meta property=\"og:image:width\" content=\"1200\" \/>\n\t<meta property=\"og:image:height\" content=\"1200\" \/>\n\t<meta property=\"og:image:type\" content=\"image\/jpeg\" \/>\n<meta name=\"twitter:card\" content=\"summary_large_image\" \/>\n<meta name=\"twitter:site\" content=\"@gcxcorp\" \/>\n<meta name=\"twitter:label1\" content=\"Tiempo de lectura\" \/>\n\t<meta name=\"twitter:data1\" content=\"1 minuto\" \/>\n<script type=\"application\/ld+json\" class=\"yoast-schema-graph\">{\"@context\":\"https:\\\/\\\/schema.org\",\"@graph\":[{\"@type\":\"WebPage\",\"@id\":\"https:\\\/\\\/www.gcx.com\\\/es\\\/productos\\\/mesa-sobrecama-para-pacientes\\\/\",\"url\":\"https:\\\/\\\/www.gcx.com\\\/es\\\/productos\\\/mesa-sobrecama-para-pacientes\\\/\",\"name\":\"Mesa sobrecama para pacientes | Soluciones de montaje GCX Medical\",\"isPartOf\":{\"@id\":\"https:\\\/\\\/www.gcx.com\\\/es\\\/#website\"},\"primaryImageOfPage\":{\"@id\":\"https:\\\/\\\/www.gcx.com\\\/es\\\/productos\\\/mesa-sobrecama-para-pacientes\\\/#primaryimage\"},\"image\":{\"@id\":\"https:\\\/\\\/www.gcx.com\\\/es\\\/productos\\\/mesa-sobrecama-para-pacientes\\\/#primaryimage\"},\"thumbnailUrl\":\"https:\\\/\\\/www.gcx.com\\\/wp-content\\\/uploads\\\/2024\\\/02\\\/PatientTable_Newa-1.jpg\",\"datePublished\":\"2024-02-23T09:28:24+00:00\",\"dateModified\":\"2024-05-04T00:59:02+00:00\",\"breadcrumb\":{\"@id\":\"https:\\\/\\\/www.gcx.com\\\/es\\\/productos\\\/mesa-sobrecama-para-pacientes\\\/#breadcrumb\"},\"inLanguage\":\"es\",\"potentialAction\":[{\"@type\":\"ReadAction\",\"target\":[\"https:\\\/\\\/www.gcx.com\\\/es\\\/productos\\\/mesa-sobrecama-para-pacientes\\\/\"]}]},{\"@type\":\"ImageObject\",\"inLanguage\":\"es\",\"@id\":\"https:\\\/\\\/www.gcx.com\\\/es\\\/productos\\\/mesa-sobrecama-para-pacientes\\\/#primaryimage\",\"url\":\"https:\\\/\\\/www.gcx.com\\\/wp-content\\\/uploads\\\/2024\\\/02\\\/PatientTable_Newa-1.jpg\",\"contentUrl\":\"https:\\\/\\\/www.gcx.com\\\/wp-content\\\/uploads\\\/2024\\\/02\\\/PatientTable_Newa-1.jpg\",\"width\":1200,\"height\":1200},{\"@type\":\"BreadcrumbList\",\"@id\":\"https:\\\/\\\/www.gcx.com\\\/es\\\/productos\\\/mesa-sobrecama-para-pacientes\\\/#breadcrumb\",\"itemListElement\":[{\"@type\":\"ListItem\",\"position\":1,\"name\":\"Home\",\"item\":\"https:\\\/\\\/www.gcx.com\\\/es\\\/\"},{\"@type\":\"ListItem\",\"position\":2,\"name\":\"Productos\",\"item\":\"https:\\\/\\\/www.gcx.com\\\/es\\\/productos\\\/\"},{\"@type\":\"ListItem\",\"position\":3,\"name\":\"Mesa sobrecama para pacientes\"}]},{\"@type\":\"WebSite\",\"@id\":\"https:\\\/\\\/www.gcx.com\\\/es\\\/#website\",\"url\":\"https:\\\/\\\/www.gcx.com\\\/es\\\/\",\"name\":\"GCX Medical Mounting Solutions\",\"description\":\"\",\"publisher\":{\"@id\":\"https:\\\/\\\/www.gcx.com\\\/es\\\/#organization\"},\"alternateName\":\"GCX\",\"potentialAction\":[{\"@type\":\"SearchAction\",\"target\":{\"@type\":\"EntryPoint\",\"urlTemplate\":\"https:\\\/\\\/www.gcx.com\\\/es\\\/?s={search_term_string}\"},\"query-input\":{\"@type\":\"PropertyValueSpecification\",\"valueRequired\":true,\"valueName\":\"search_term_string\"}}],\"inLanguage\":\"es\"},{\"@type\":\"Organization\",\"@id\":\"https:\\\/\\\/www.gcx.com\\\/es\\\/#organization\",\"name\":\"GCX Medical Mounting Solutions\",\"alternateName\":\"GCX\",\"url\":\"https:\\\/\\\/www.gcx.com\\\/es\\\/\",\"logo\":{\"@type\":\"ImageObject\",\"inLanguage\":\"es\",\"@id\":\"https:\\\/\\\/www.gcx.com\\\/es\\\/#\\\/schema\\\/logo\\\/image\\\/\",\"url\":\"https:\\\/\\\/www.gcx.com\\\/wp-content\\\/uploads\\\/2024\\\/02\\\/gcx_logo.png\",\"contentUrl\":\"https:\\\/\\\/www.gcx.com\\\/wp-content\\\/uploads\\\/2024\\\/02\\\/gcx_logo.png\",\"width\":400,\"height\":166,\"caption\":\"GCX Medical Mounting Solutions\"},\"image\":{\"@id\":\"https:\\\/\\\/www.gcx.com\\\/es\\\/#\\\/schema\\\/logo\\\/image\\\/\"},\"sameAs\":[\"https:\\\/\\\/www.facebook.com\\\/GCXMountingSolutions\\\/\",\"https:\\\/\\\/x.com\\\/gcxcorp\",\"https:\\\/\\\/linkedin.com\\\/company\\\/gcx\",\"https:\\\/\\\/www.instagram.com\\\/gcxcorp\",\"https:\\\/\\\/www.youtube.com\\\/gcxcorp\"]}]}<\/script>\n<!-- \/ Yoast SEO plugin. -->","yoast_head_json":{"title":"Mesa sobrecama para pacientes | Soluciones de montaje GCX Medical","robots":{"index":"index","follow":"follow","max-snippet":"max-snippet:-1","max-image-preview":"max-image-preview:large","max-video-preview":"max-video-preview:-1"},"canonical":"https:\/\/www.gcx.com\/es\/productos\/mesa-sobrecama-para-pacientes\/","og_locale":"es_ES","og_type":"article","og_title":"Mesa sobrecama para pacientes | Soluciones de montaje GCX Medical","og_description":"Uso de la tableta en la nueva era de la sanidad","og_url":"https:\/\/www.gcx.com\/es\/productos\/mesa-sobrecama-para-pacientes\/","og_site_name":"Soluciones de montaje GCX Medical","article_publisher":"https:\/\/www.facebook.com\/GCXMountingSolutions\/","article_modified_time":"2024-05-04T00:59:02+00:00","og_image":[{"width":1200,"height":1200,"url":"https:\/\/www.gcx.com\/wp-content\/uploads\/2024\/02\/PatientTable_Newa-1.jpg","type":"image\/jpeg"}],"twitter_card":"summary_large_image","twitter_site":"@gcxcorp","twitter_misc":{"Tiempo de lectura":"1 minuto"},"schema":{"@context":"https:\/\/schema.org","@graph":[{"@type":"WebPage","@id":"https:\/\/www.gcx.com\/es\/productos\/mesa-sobrecama-para-pacientes\/","url":"https:\/\/www.gcx.com\/es\/productos\/mesa-sobrecama-para-pacientes\/","name":"Mesa sobrecama para pacientes | Soluciones de montaje GCX Medical","isPartOf":{"@id":"https:\/\/www.gcx.com\/es\/#website"},"primaryImageOfPage":{"@id":"https:\/\/www.gcx.com\/es\/productos\/mesa-sobrecama-para-pacientes\/#primaryimage"},"image":{"@id":"https:\/\/www.gcx.com\/es\/productos\/mesa-sobrecama-para-pacientes\/#primaryimage"},"thumbnailUrl":"https:\/\/www.gcx.com\/wp-content\/uploads\/2024\/02\/PatientTable_Newa-1.jpg","datePublished":"2024-02-23T09:28:24+00:00","dateModified":"2024-05-04T00:59:02+00:00","breadcrumb":{"@id":"https:\/\/www.gcx.com\/es\/productos\/mesa-sobrecama-para-pacientes\/#breadcrumb"},"inLanguage":"es","potentialAction":[{"@type":"ReadAction","target":["https:\/\/www.gcx.com\/es\/productos\/mesa-sobrecama-para-pacientes\/"]}]},{"@type":"ImageObject","inLanguage":"es","@id":"https:\/\/www.gcx.com\/es\/productos\/mesa-sobrecama-para-pacientes\/#primaryimage","url":"https:\/\/www.gcx.com\/wp-content\/uploads\/2024\/02\/PatientTable_Newa-1.jpg","contentUrl":"https:\/\/www.gcx.com\/wp-content\/uploads\/2024\/02\/PatientTable_Newa-1.jpg","width":1200,"height":1200},{"@type":"BreadcrumbList","@id":"https:\/\/www.gcx.com\/es\/productos\/mesa-sobrecama-para-pacientes\/#breadcrumb","itemListElement":[{"@type":"ListItem","position":1,"name":"Home","item":"https:\/\/www.gcx.com\/es\/"},{"@type":"ListItem","position":2,"name":"Productos","item":"https:\/\/www.gcx.com\/es\/productos\/"},{"@type":"ListItem","position":3,"name":"Mesa sobrecama para pacientes"}]},{"@type":"WebSite","@id":"https:\/\/www.gcx.com\/es\/#website","url":"https:\/\/www.gcx.com\/es\/","name":"GCX Medical Mounting Solutions","description":"","publisher":{"@id":"https:\/\/www.gcx.com\/es\/#organization"},"alternateName":"GCX","potentialAction":[{"@type":"SearchAction","target":{"@type":"EntryPoint","urlTemplate":"https:\/\/www.gcx.com\/es\/?s={search_term_string}"},"query-input":{"@type":"PropertyValueSpecification","valueRequired":true,"valueName":"search_term_string"}}],"inLanguage":"es"},{"@type":"Organization","@id":"https:\/\/www.gcx.com\/es\/#organization","name":"GCX Medical Mounting Solutions","alternateName":"GCX","url":"https:\/\/www.gcx.com\/es\/","logo":{"@type":"ImageObject","inLanguage":"es","@id":"https:\/\/www.gcx.com\/es\/#\/schema\/logo\/image\/","url":"https:\/\/www.gcx.com\/wp-content\/uploads\/2024\/02\/gcx_logo.png","contentUrl":"https:\/\/www.gcx.com\/wp-content\/uploads\/2024\/02\/gcx_logo.png","width":400,"height":166,"caption":"GCX Medical Mounting Solutions"},"image":{"@id":"https:\/\/www.gcx.com\/es\/#\/schema\/logo\/image\/"},"sameAs":["https:\/\/www.facebook.com\/GCXMountingSolutions\/","https:\/\/x.com\/gcxcorp","https:\/\/linkedin.com\/company\/gcx","https:\/\/www.instagram.com\/gcxcorp","https:\/\/www.youtube.com\/gcxcorp"]}]}},"_links":{"self":[{"href":"https:\/\/www.gcx.com\/es\/wp-json\/wp\/v2\/pages\/115609","targetHints":{"allow":["GET"]}}],"collection":[{"href":"https:\/\/www.gcx.com\/es\/wp-json\/wp\/v2\/pages"}],"about":[{"href":"https:\/\/www.gcx.com\/es\/wp-json\/wp\/v2\/types\/page"}],"author":[{"embeddable":true,"href":"https:\/\/www.gcx.com\/es\/wp-json\/wp\/v2\/users\/1"}],"replies":[{"embeddable":true,"href":"https:\/\/www.gcx.com\/es\/wp-json\/wp\/v2\/comments?post=115609"}],"version-history":[{"count":0,"href":"https:\/\/www.gcx.com\/es\/wp-json\/wp\/v2\/pages\/115609\/revisions"}],"up":[{"embeddable":true,"href":"https:\/\/www.gcx.com\/es\/wp-json\/wp\/v2\/pages\/115354"}],"wp:featuredmedia":[{"embeddable":true,"href":"https:\/\/www.gcx.com\/es\/wp-json\/wp\/v2\/media\/68030"}],"wp:attachment":[{"href":"https:\/\/www.gcx.com\/es\/wp-json\/wp\/v2\/media?parent=115609"}],"curies":[{"name":"wp","href":"https:\/\/api.w.org\/{rel}","templated":true}]}}