{"id":115531,"date":"2024-01-31T14:17:18","date_gmt":"2024-01-31T14:17:18","guid":{"rendered":"https:\/\/www.gcx.com\/politica-de-privacidad\/"},"modified":"2024-04-26T14:05:43","modified_gmt":"2024-04-26T14:05:43","slug":"politica-de-privacidad","status":"publish","type":"page","link":"https:\/\/www.gcx.com\/es\/politica-de-privacidad\/","title":{"rendered":"Pol\u00edtica de privacidad"},"content":{"rendered":"\n<section id=\"content-block_29d9a081a17e854b29f316afc030fd0a\"  class=\"pb-5\">\n  <div class=\"container\">\n  <div class=\"row\">\n    <div class=\"col-12\">\n      <div class=\"text-editor\">\n        <h3>1. Declaraci\u00f3n de privacidad<\/h3>\n<p>GCX Corporation (GCX) ha creado esta declaraci\u00f3n de privacidad para demostrar nuestro compromiso con tu privacidad. A continuaci\u00f3n se describen nuestras pr\u00e1cticas de recopilaci\u00f3n y difusi\u00f3n de informaci\u00f3n para el sitio web www.gcx.com, as\u00ed como las versiones localizadas del sitio web: de.gcx.com, fr.gcx.com, cn.gcx.com, jp.gcx.com y es.gcx.com, y la tienda online store.gcx.com. GCX se reserva el derecho a modificar esta declaraci\u00f3n de privacidad en cualquier momento.<\/p>\n<h3>2. Informaci\u00f3n del sistema<\/h3>\n<p>A veces utilizamos informaci\u00f3n no identificativa, como tu direcci\u00f3n IP, tipo de navegador, versi\u00f3n del navegador, tipo de sistema operativo, versi\u00f3n del sistema operativo, tama\u00f1o de la pantalla y resoluci\u00f3n de la pantalla, para ayudar a diagnosticar problemas con nuestro servidor y para hacer funcionar y optimizar el sitio web.<\/p>\n<h3>3. Cookies<\/h3>\n<p>Una \u00abcookie\u00bb es un peque\u00f1o fragmento de datos que se env\u00eda a tu navegador desde un servidor web y se almacena en el disco duro de tu ordenador. Las cookies no da\u00f1an tu ordenador. Nuestro sitio utiliza cookies como un marcador de posici\u00f3n para un m\u00e9todo o proceso espec\u00edfico en nuestro sistema. Puedes tener la posibilidad de aceptar o rechazar cookies en tu navegador. Si decides rechazar las cookies, es posible que no puedas disfrutar plenamente de este sitio web.<\/p>\n<h3>4. Informaci\u00f3n identificable del cliente<\/h3>\n<p>Algunos formularios de nuestro sitio web requieren que los usuarios nos faciliten cierta informaci\u00f3n de contacto. Esta informaci\u00f3n se utiliza para ayudarnos a servirte mejor; puede ser compartida dentro de nuestra empresa, pero nunca se comparte con terceros. GCX puede utilizar estos datos para ponerse en contacto contigo e informarte sobre productos que hayas comprado o por los que hayas mostrado inter\u00e9s.<\/p>\n<h3>5. Uso interno de la informaci\u00f3n<\/h3>\n<p>Nuestro sitio proporciona mecanismos para que los visitantes env\u00eden sus comentarios y soliciten m\u00e1s informaci\u00f3n. Esta informaci\u00f3n puede almacenarse de forma exclusiva; tambi\u00e9n puede agregarse a otros datos para garantizar que cumplimos adecuadamente las expectativas de los usuarios y que tenemos planificados los recursos necesarios para adaptarnos al crecimiento futuro. La informaci\u00f3n de contacto de una persona tambi\u00e9n se utiliza para ponerse en contacto con ese visitante cuando sea necesario. Esta informaci\u00f3n no se comparte con terceros ajenos a la empresa.<\/p>\n<h3>6. Seguridad<\/h3>\n<p>Este sitio cuenta con medidas de seguridad para proteger la p\u00e9rdida, mal uso y alteraci\u00f3n de la informaci\u00f3n bajo nuestro control. Este sitio utiliza una combinaci\u00f3n de cortafuegos, filtros de paquetes, parches de seguridad, software de supervisi\u00f3n y software criptogr\u00e1fico avanzado junto con una capa de conexi\u00f3n segura para impedir el acceso no autorizado a tus datos. S\u00f3lo determinados empleados tienen acceso a la informaci\u00f3n que nos proporcionas. Imponemos normas estrictas sobre qu\u00e9 empleados tienen acceso a las bases de datos que almacenan informaci\u00f3n de los usuarios o a los servidores que alojan nuestros servicios. Aunque no podemos garantizar que no se produzcan p\u00e9rdidas, usos indebidos o alteraciones de los datos, tratamos de prevenir estos desafortunados sucesos.<\/p>\n<h3>7. Contactar con GCX Corporation<\/h3>\n<p>Si tienes alguna pregunta sobre esta declaraci\u00f3n de privacidad, las pr\u00e1cticas de este sitio o tus relaciones con este sitio web, puedes ponerte en contacto con:<\/p>\n<p>Corporaci\u00f3n GCX, U.C.C.<br \/>\n3875 Cypress Drive<br \/>\nPetaluma, CA 94954-5635<br \/>\n<a href=\"mailto:marketing@gcx.com\">marketing@gcx.com<\/a><\/p>\n<div class=\"u-mb-3 u-mt-3 u-text-left\"><a class=\"btn btn-primary btn-md\" href=\"\/personal-data-rights-request\">Solicitud de derechos sobre datos personales <\/a><\/div>\n      <\/div>\n    <\/div>\n  <\/div>\n<\/div><\/section>\n","protected":false},"excerpt":{"rendered":"","protected":false},"author":1,"featured_media":0,"parent":0,"menu_order":0,"comment_status":"closed","ping_status":"open","template":"","meta":{"_acf_changed":false,"content-type":"","footnotes":""},"class_list":["post-115531","page","type-page","status-publish","hentry"],"acf":[],"yoast_head":"<!-- This site is optimized with the Yoast SEO plugin v27.3 - https:\/\/yoast.com\/product\/yoast-seo-wordpress\/ -->\n<title>Pol\u00edtica de privacidad | Soluciones de montaje GCX Medical<\/title>\n<meta name=\"robots\" content=\"index, follow, max-snippet:-1, max-image-preview:large, max-video-preview:-1\" \/>\n<link rel=\"canonical\" href=\"https:\/\/www.gcx.com\/es\/politica-de-privacidad\/\" \/>\n<meta property=\"og:locale\" content=\"es_ES\" \/>\n<meta property=\"og:type\" content=\"article\" \/>\n<meta property=\"og:title\" content=\"Pol\u00edtica de privacidad | Soluciones de montaje GCX Medical\" \/>\n<meta property=\"og:url\" content=\"https:\/\/www.gcx.com\/es\/politica-de-privacidad\/\" \/>\n<meta property=\"og:site_name\" content=\"Soluciones de montaje GCX Medical\" \/>\n<meta property=\"article:publisher\" content=\"https:\/\/www.facebook.com\/GCXMountingSolutions\/\" \/>\n<meta property=\"article:modified_time\" content=\"2024-04-26T14:05:43+00:00\" \/>\n<meta property=\"og:image\" content=\"https:\/\/www.gcx.com\/wp-content\/uploads\/2024\/02\/gcx_logo.png\" \/>\n\t<meta property=\"og:image:width\" content=\"400\" \/>\n\t<meta property=\"og:image:height\" content=\"166\" \/>\n\t<meta property=\"og:image:type\" content=\"image\/png\" \/>\n<meta name=\"twitter:card\" content=\"summary_large_image\" \/>\n<meta name=\"twitter:site\" content=\"@gcxcorp\" \/>\n<script type=\"application\/ld+json\" class=\"yoast-schema-graph\">{\"@context\":\"https:\\\/\\\/schema.org\",\"@graph\":[{\"@type\":\"WebPage\",\"@id\":\"https:\\\/\\\/www.gcx.com\\\/es\\\/politica-de-privacidad\\\/\",\"url\":\"https:\\\/\\\/www.gcx.com\\\/es\\\/politica-de-privacidad\\\/\",\"name\":\"Pol\u00edtica de privacidad | Soluciones de montaje GCX Medical\",\"isPartOf\":{\"@id\":\"https:\\\/\\\/www.gcx.com\\\/es\\\/#website\"},\"datePublished\":\"2024-01-31T14:17:18+00:00\",\"dateModified\":\"2024-04-26T14:05:43+00:00\",\"breadcrumb\":{\"@id\":\"https:\\\/\\\/www.gcx.com\\\/es\\\/politica-de-privacidad\\\/#breadcrumb\"},\"inLanguage\":\"es\",\"potentialAction\":[{\"@type\":\"ReadAction\",\"target\":[\"https:\\\/\\\/www.gcx.com\\\/es\\\/politica-de-privacidad\\\/\"]}]},{\"@type\":\"BreadcrumbList\",\"@id\":\"https:\\\/\\\/www.gcx.com\\\/es\\\/politica-de-privacidad\\\/#breadcrumb\",\"itemListElement\":[{\"@type\":\"ListItem\",\"position\":1,\"name\":\"Home\",\"item\":\"https:\\\/\\\/www.gcx.com\\\/es\\\/\"},{\"@type\":\"ListItem\",\"position\":2,\"name\":\"Pol\u00edtica de privacidad\"}]},{\"@type\":\"WebSite\",\"@id\":\"https:\\\/\\\/www.gcx.com\\\/es\\\/#website\",\"url\":\"https:\\\/\\\/www.gcx.com\\\/es\\\/\",\"name\":\"GCX Medical Mounting Solutions\",\"description\":\"\",\"publisher\":{\"@id\":\"https:\\\/\\\/www.gcx.com\\\/es\\\/#organization\"},\"alternateName\":\"GCX\",\"potentialAction\":[{\"@type\":\"SearchAction\",\"target\":{\"@type\":\"EntryPoint\",\"urlTemplate\":\"https:\\\/\\\/www.gcx.com\\\/es\\\/?s={search_term_string}\"},\"query-input\":{\"@type\":\"PropertyValueSpecification\",\"valueRequired\":true,\"valueName\":\"search_term_string\"}}],\"inLanguage\":\"es\"},{\"@type\":\"Organization\",\"@id\":\"https:\\\/\\\/www.gcx.com\\\/es\\\/#organization\",\"name\":\"GCX Medical Mounting Solutions\",\"alternateName\":\"GCX\",\"url\":\"https:\\\/\\\/www.gcx.com\\\/es\\\/\",\"logo\":{\"@type\":\"ImageObject\",\"inLanguage\":\"es\",\"@id\":\"https:\\\/\\\/www.gcx.com\\\/es\\\/#\\\/schema\\\/logo\\\/image\\\/\",\"url\":\"https:\\\/\\\/www.gcx.com\\\/wp-content\\\/uploads\\\/2024\\\/02\\\/gcx_logo.png\",\"contentUrl\":\"https:\\\/\\\/www.gcx.com\\\/wp-content\\\/uploads\\\/2024\\\/02\\\/gcx_logo.png\",\"width\":400,\"height\":166,\"caption\":\"GCX Medical Mounting Solutions\"},\"image\":{\"@id\":\"https:\\\/\\\/www.gcx.com\\\/es\\\/#\\\/schema\\\/logo\\\/image\\\/\"},\"sameAs\":[\"https:\\\/\\\/www.facebook.com\\\/GCXMountingSolutions\\\/\",\"https:\\\/\\\/x.com\\\/gcxcorp\",\"https:\\\/\\\/linkedin.com\\\/company\\\/gcx\",\"https:\\\/\\\/www.instagram.com\\\/gcxcorp\",\"https:\\\/\\\/www.youtube.com\\\/gcxcorp\"]}]}<\/script>\n<!-- \/ Yoast SEO plugin. -->","yoast_head_json":{"title":"Pol\u00edtica de privacidad | Soluciones de montaje GCX Medical","robots":{"index":"index","follow":"follow","max-snippet":"max-snippet:-1","max-image-preview":"max-image-preview:large","max-video-preview":"max-video-preview:-1"},"canonical":"https:\/\/www.gcx.com\/es\/politica-de-privacidad\/","og_locale":"es_ES","og_type":"article","og_title":"Pol\u00edtica de privacidad | Soluciones de montaje GCX Medical","og_url":"https:\/\/www.gcx.com\/es\/politica-de-privacidad\/","og_site_name":"Soluciones de montaje GCX Medical","article_publisher":"https:\/\/www.facebook.com\/GCXMountingSolutions\/","article_modified_time":"2024-04-26T14:05:43+00:00","og_image":[{"width":400,"height":166,"url":"https:\/\/www.gcx.com\/wp-content\/uploads\/2024\/02\/gcx_logo.png","type":"image\/png"}],"twitter_card":"summary_large_image","twitter_site":"@gcxcorp","schema":{"@context":"https:\/\/schema.org","@graph":[{"@type":"WebPage","@id":"https:\/\/www.gcx.com\/es\/politica-de-privacidad\/","url":"https:\/\/www.gcx.com\/es\/politica-de-privacidad\/","name":"Pol\u00edtica de privacidad | Soluciones de montaje GCX Medical","isPartOf":{"@id":"https:\/\/www.gcx.com\/es\/#website"},"datePublished":"2024-01-31T14:17:18+00:00","dateModified":"2024-04-26T14:05:43+00:00","breadcrumb":{"@id":"https:\/\/www.gcx.com\/es\/politica-de-privacidad\/#breadcrumb"},"inLanguage":"es","potentialAction":[{"@type":"ReadAction","target":["https:\/\/www.gcx.com\/es\/politica-de-privacidad\/"]}]},{"@type":"BreadcrumbList","@id":"https:\/\/www.gcx.com\/es\/politica-de-privacidad\/#breadcrumb","itemListElement":[{"@type":"ListItem","position":1,"name":"Home","item":"https:\/\/www.gcx.com\/es\/"},{"@type":"ListItem","position":2,"name":"Pol\u00edtica de privacidad"}]},{"@type":"WebSite","@id":"https:\/\/www.gcx.com\/es\/#website","url":"https:\/\/www.gcx.com\/es\/","name":"GCX Medical Mounting Solutions","description":"","publisher":{"@id":"https:\/\/www.gcx.com\/es\/#organization"},"alternateName":"GCX","potentialAction":[{"@type":"SearchAction","target":{"@type":"EntryPoint","urlTemplate":"https:\/\/www.gcx.com\/es\/?s={search_term_string}"},"query-input":{"@type":"PropertyValueSpecification","valueRequired":true,"valueName":"search_term_string"}}],"inLanguage":"es"},{"@type":"Organization","@id":"https:\/\/www.gcx.com\/es\/#organization","name":"GCX Medical Mounting Solutions","alternateName":"GCX","url":"https:\/\/www.gcx.com\/es\/","logo":{"@type":"ImageObject","inLanguage":"es","@id":"https:\/\/www.gcx.com\/es\/#\/schema\/logo\/image\/","url":"https:\/\/www.gcx.com\/wp-content\/uploads\/2024\/02\/gcx_logo.png","contentUrl":"https:\/\/www.gcx.com\/wp-content\/uploads\/2024\/02\/gcx_logo.png","width":400,"height":166,"caption":"GCX Medical Mounting Solutions"},"image":{"@id":"https:\/\/www.gcx.com\/es\/#\/schema\/logo\/image\/"},"sameAs":["https:\/\/www.facebook.com\/GCXMountingSolutions\/","https:\/\/x.com\/gcxcorp","https:\/\/linkedin.com\/company\/gcx","https:\/\/www.instagram.com\/gcxcorp","https:\/\/www.youtube.com\/gcxcorp"]}]}},"_links":{"self":[{"href":"https:\/\/www.gcx.com\/es\/wp-json\/wp\/v2\/pages\/115531","targetHints":{"allow":["GET"]}}],"collection":[{"href":"https:\/\/www.gcx.com\/es\/wp-json\/wp\/v2\/pages"}],"about":[{"href":"https:\/\/www.gcx.com\/es\/wp-json\/wp\/v2\/types\/page"}],"author":[{"embeddable":true,"href":"https:\/\/www.gcx.com\/es\/wp-json\/wp\/v2\/users\/1"}],"replies":[{"embeddable":true,"href":"https:\/\/www.gcx.com\/es\/wp-json\/wp\/v2\/comments?post=115531"}],"version-history":[{"count":0,"href":"https:\/\/www.gcx.com\/es\/wp-json\/wp\/v2\/pages\/115531\/revisions"}],"wp:attachment":[{"href":"https:\/\/www.gcx.com\/es\/wp-json\/wp\/v2\/media?parent=115531"}],"curies":[{"name":"wp","href":"https:\/\/api.w.org\/{rel}","templated":true}]}}