{"id":115341,"date":"2024-02-23T09:29:29","date_gmt":"2024-02-23T09:29:29","guid":{"rendered":"https:\/\/www.gcx.com\/ventajas-de-los-servicios-in-situ-de-gcx\/"},"modified":"2024-04-26T17:25:55","modified_gmt":"2024-04-26T17:25:55","slug":"ventajas-de-los-servicios-in-situ-de-gcx","status":"publish","type":"page","link":"https:\/\/www.gcx.com\/es\/servicios-in-situ\/ventajas-de-los-servicios-in-situ-de-gcx\/","title":{"rendered":"Ventajas de los servicios in situ de GCX"},"content":{"rendered":"\n<section id=\"content-block_6bc541550c0445b8b8dd741232159f6d\"  class=\"pt-5 pb-5 bg-white\">\n  <div class=\"container\">\n  <div class=\"row flex-md-row-reverse align-items-center\">\n          <div class=\"col-md-4 mb-4 mb-md-0\">\n                              <img decoding=\"async\" class=\"img-fluid \" src=\"https:\/\/www.gcx.com\/wp-content\/uploads\/2024\/02\/oss_benefits_1.jpg\" alt=\"Oss benefits 1\">\n          \n              <\/div>\n        <div class=\"col-md-8\">\n      <div class=\"text-editor fs-md\">\n        <h3>Expertos en montaje de confianza<\/h3>\n<p>Los miembros del equipo de Servicios in situ (OSS) de GCX son empleados que montan nuestros productos cada d\u00eda en la f\u00e1brica de GCX. Conocen nuestros productos porque trabajan con ellos a diario. La oportunidad de ir sobre el terreno para ayudar a los clientes tambi\u00e9n ayuda al futuro desarrollo de productos, ya que ese conocimiento de la vida real se transmite a nuestros equipos de producci\u00f3n e ingenier\u00eda.<\/p>\n              <\/div>\n    <\/div>\n  <\/div>\n<\/div>\n<\/section>\n\n<section id=\"content-block_7ebbb9183b4f144f2c33227459c4f772\"  class=\"pb-5 bg-white\">\n  <div class=\"container\">\n  <div class=\"row align-items-center\">\n          <div class=\"col-md-4 mb-4 mb-md-0\">\n                              <img decoding=\"async\" class=\"img-fluid \" src=\"https:\/\/www.gcx.com\/wp-content\/uploads\/2024\/02\/oss_benefits_certs.png\" alt=\"Oss benefits certs\">\n          \n              <\/div>\n        <div class=\"col-md-8\">\n      <div class=\"text-editor fs-md\">\n        <h3>Servicio de guante blanco<\/h3>\n<p>Adem\u00e1s, los miembros del equipo de OSS de GCX est\u00e1n plenamente acreditados y cumplir\u00e1n cualquier requisito adicional espec\u00edfico del hospital. Llegan a tiempo y bien equipados con las piezas y herramientas necesarias, ajust\u00e1ndose a los horarios de la organizaci\u00f3n y a la disponibilidad de salas para reducir las molestias a pacientes y proveedores.<\/p>\n              <\/div>\n    <\/div>\n  <\/div>\n<\/div>\n<\/section>\n\n  <section id=\"stats-block_54098d622b4c6b42f08b79dcf5dda64b\"  class=\"pt-5 pb-5\">\n      <div class=\"container\">\n    <div class=\"row\">\n      <div class=\"col-12\">\n        <div class=\"text-editor text-center mb-4\">\n                      <h3>Historial sanitario probado<\/h3>\n                                <p>Los equipos de OSS de GCX tienen m\u00e1s de 100 a\u00f1os de experiencia combinada y m\u00e1s de 14.000 instalaciones de unidades en su haber. Con m\u00e1s de 600 proyectos hospitalarios terminados hasta la fecha, sabemos c\u00f3mo trabajar con rapidez y eficacia, desde la entrega y el montaje hasta las pruebas, la limpieza y el mantenimiento, todo ello seg\u00fan tu calendario.<\/p>\n                  <\/div>\n      <\/div>\n    <\/div>\n    <div class=\"row row-cols-md-3 justify-content-center g-3\">\n              <div>\n          <div class=\"text-center\">\n            <div class=\"mb-1 text-body-secondary\">\n              <i class=\"fa-solid fa-briefcase fa-2x\" aria-hidden=\"true\"><\/i>\n            <\/div>\n            <h2 class=\"mb-1 text-primary\">600+<\/h2>\n            <p class=\"mb-0 text-black-50 text-uppercase\">TOTAL EMPLEOS<\/p>\n          <\/div>\n        <\/div>\n              <div>\n          <div class=\"text-center\">\n            <div class=\"mb-1 text-body-secondary\">\n              <i class=\"fa-solid fa-hourglass fa-2x\" aria-hidden=\"true\"><\/i>\n            <\/div>\n            <h2 class=\"mb-1 text-primary\">100+<\/h2>\n            <p class=\"mb-0 text-black-50 text-uppercase\">A\u00d1OS DE EXPERIENCIA COMBINADOS<\/p>\n          <\/div>\n        <\/div>\n              <div>\n          <div class=\"text-center\">\n            <div class=\"mb-1 text-body-secondary\">\n              <i class=\"fa-solid fa-tools fa-2x\" aria-hidden=\"true\"><\/i>\n            <\/div>\n            <h2 class=\"mb-1 text-primary\">14,000+<\/h2>\n            <p class=\"mb-0 text-black-50 text-uppercase\">UNIDADES INSTALADAS<\/p>\n          <\/div>\n        <\/div>\n          <\/div>\n  <\/div>  <\/section>\n\n<section id=\"content-block_ac9c675f6a93539307475fef74f18e50\"  class=\"pt-5 pb-5 bg-secondary-blue\">\n  <div class=\"container\">\n  <div class=\"row\">\n    <div class=\"col-12\">\n      <div class=\"text-editor text-white text-center fs-md\">\n        <h2>Durante m\u00e1s de 50 a\u00f1os, GCX ha sido el l\u00edder mundial en el desarrollo de soluciones de montaje de dispositivos m\u00e9dicos para proveedores sanitarios.<\/h2>\n              <\/div>\n    <\/div>\n  <\/div>\n<\/div>\n<\/section>\n\n  <section id=\"testimonials-block_f3c6701be909b0f2ef5508f615414e7a\"  class=\"pt-5 pb-5\">\n    <div class=\"container\">\n      <div class=\"row\">\n        <div class=\"col-12\">\n          <div class=\"basic-slider\">\n            <div class=\"swiper\">\n              <div class=\"swiper-wrapper\">\n                                  <div class=\"swiper-slide\">\n                    <div class=\"text-editor w-md-75 mx-auto text-center\">\n                      <i class=\"fa-solid fa-quote-left fa-3x text-primary\" aria-hidden=\"true\"><\/i>\n                      <blockquote class=\"border-0 ps-0\">\n                        <h4>Gracias. El departamento est\u00e1 disfrutando mucho con los nuevos soportes de pared y riel. Espero que haya m\u00e1s en otras zonas.<\/h4>\n                      <\/blockquote>\n                                              <p class=\"mt-3 mb-0\">\n                          &#8211; Kaiser Permanente<\/br>\nBaldwin Park, CA                        <\/p>\n                                          <\/div>\n                  <\/div>\n                                  <div class=\"swiper-slide\">\n                    <div class=\"text-editor w-md-75 mx-auto text-center\">\n                      <i class=\"fa-solid fa-quote-left fa-3x text-primary\" aria-hidden=\"true\"><\/i>\n                      <blockquote class=\"border-0 ps-0\">\n                        <h4>\u00a1Ojal\u00e1 todos los montajes de proveedores fueran tan f\u00e1ciles! Preferir\u00eda que GCX hiciera el trabajo.<\/h4>\n                      <\/blockquote>\n                                              <p class=\"mt-3 mb-0\">\n                          &#8211; Hospital Metodista<\/br>\nDallas, TX                        <\/p>\n                                          <\/div>\n                  <\/div>\n                                  <div class=\"swiper-slide\">\n                    <div class=\"text-editor w-md-75 mx-auto text-center\">\n                      <i class=\"fa-solid fa-quote-left fa-3x text-primary\" aria-hidden=\"true\"><\/i>\n                      <blockquote class=\"border-0 ps-0\">\n                        <h4>Quiero empezar diciendo que el equipo enviado hizo un trabajo fant\u00e1stico y qued\u00e9 muy impresionado. Trabajar\u00eda junto a cualquiera de ellos en cualquier momento.<\/h4>\n                      <\/blockquote>\n                                              <p class=\"mt-3 mb-0\">\n                          &#8211; Tecnolog\u00edas Ascensi\u00f3n                        <\/p>\n                                          <\/div>\n                  <\/div>\n                                  <div class=\"swiper-slide\">\n                    <div class=\"text-editor w-md-75 mx-auto text-center\">\n                      <i class=\"fa-solid fa-quote-left fa-3x text-primary\" aria-hidden=\"true\"><\/i>\n                      <blockquote class=\"border-0 ps-0\">\n                        <h4>Con diferencia, el equipo de instalaci\u00f3n m\u00e1s excelente con el que he trabajado como gestor de proyectos durante los \u00faltimos 12 a\u00f1os. Fueron puntuales, educados, informados e incre\u00edblemente trabajadores.<\/h4>\n                      <\/blockquote>\n                                              <p class=\"mt-3 mb-0\">\n                          &#8211; Medicina de Michigan<\/br>\nAnn Arbor, MI                        <\/p>\n                                          <\/div>\n                  <\/div>\n                                  <div class=\"swiper-slide\">\n                    <div class=\"text-editor w-md-75 mx-auto text-center\">\n                      <i class=\"fa-solid fa-quote-left fa-3x text-primary\" aria-hidden=\"true\"><\/i>\n                      <blockquote class=\"border-0 ps-0\">\n                        <h4>Trever, Armando y Joel fueron extraordinarios, corteses y respetuosos con el personal y el espacio en el que trabajaban. Son el modelo de c\u00f3mo debe hacerse un despliegue.<\/h4>\n                      <\/blockquote>\n                                              <p class=\"mt-3 mb-0\">\n                          &#8211; Salud Northwell<\/br>\nNueva York, NY                        <\/p>\n                                          <\/div>\n                  <\/div>\n                              <\/div>\n              <div class=\"swiper-pagination\"><\/div>\n            <\/div>\n          <\/div>\n        <\/div>\n      <\/div>\n    <\/div>\n  <\/section>\n","protected":false},"excerpt":{"rendered":"<p>Un equipo de OSS de GCX puede encargarse de la evaluaci\u00f3n, instalaci\u00f3n y mantenimiento de los productos, para que tu personal pueda dedicar m\u00e1s tiempo a otros proyectos y tareas urgentes.<\/p>\n","protected":false},"author":1,"featured_media":0,"parent":115676,"menu_order":0,"comment_status":"open","ping_status":"closed","template":"","meta":{"_acf_changed":false,"content-type":"","footnotes":""},"class_list":["post-115341","page","type-page","status-publish","hentry"],"acf":[],"yoast_head":"<!-- This site is optimized with the Yoast SEO plugin v27.3 - https:\/\/yoast.com\/product\/yoast-seo-wordpress\/ -->\n<title>Ventajas de los servicios in situ de GCX | Soluciones de montaje m\u00e9dico de GCX<\/title>\n<meta name=\"description\" content=\"-Descripci\u00f3n meta no establecida.\" \/>\n<meta name=\"robots\" content=\"index, follow, max-snippet:-1, max-image-preview:large, max-video-preview:-1\" \/>\n<link rel=\"canonical\" href=\"https:\/\/www.gcx.com\/es\/servicios-in-situ\/ventajas-de-los-servicios-in-situ-de-gcx\/\" \/>\n<meta property=\"og:locale\" content=\"es_ES\" \/>\n<meta property=\"og:type\" content=\"article\" \/>\n<meta property=\"og:title\" content=\"Ventajas de los servicios in situ de GCX | Soluciones de montaje m\u00e9dico de GCX\" \/>\n<meta property=\"og:description\" content=\"-Descripci\u00f3n meta no establecida.\" \/>\n<meta property=\"og:url\" content=\"https:\/\/www.gcx.com\/es\/servicios-in-situ\/ventajas-de-los-servicios-in-situ-de-gcx\/\" \/>\n<meta property=\"og:site_name\" content=\"Soluciones de montaje GCX Medical\" \/>\n<meta property=\"article:publisher\" content=\"https:\/\/www.facebook.com\/GCXMountingSolutions\/\" \/>\n<meta property=\"article:modified_time\" content=\"2024-04-26T17:25:55+00:00\" \/>\n<meta property=\"og:image\" content=\"https:\/\/www.gcx.com\/wp-content\/uploads\/2024\/02\/gcx_logo.png\" \/>\n\t<meta property=\"og:image:width\" content=\"400\" \/>\n\t<meta property=\"og:image:height\" content=\"166\" \/>\n\t<meta property=\"og:image:type\" content=\"image\/png\" \/>\n<meta name=\"twitter:card\" content=\"summary_large_image\" \/>\n<meta name=\"twitter:site\" content=\"@gcxcorp\" \/>\n<script type=\"application\/ld+json\" class=\"yoast-schema-graph\">{\"@context\":\"https:\\\/\\\/schema.org\",\"@graph\":[{\"@type\":\"WebPage\",\"@id\":\"https:\\\/\\\/www.gcx.com\\\/es\\\/servicios-in-situ\\\/ventajas-de-los-servicios-in-situ-de-gcx\\\/\",\"url\":\"https:\\\/\\\/www.gcx.com\\\/es\\\/servicios-in-situ\\\/ventajas-de-los-servicios-in-situ-de-gcx\\\/\",\"name\":\"Ventajas de los servicios in situ de GCX | Soluciones de montaje m\u00e9dico de GCX\",\"isPartOf\":{\"@id\":\"https:\\\/\\\/www.gcx.com\\\/es\\\/#website\"},\"datePublished\":\"2024-02-23T09:29:29+00:00\",\"dateModified\":\"2024-04-26T17:25:55+00:00\",\"description\":\"-Descripci\u00f3n meta no establecida.\",\"breadcrumb\":{\"@id\":\"https:\\\/\\\/www.gcx.com\\\/es\\\/servicios-in-situ\\\/ventajas-de-los-servicios-in-situ-de-gcx\\\/#breadcrumb\"},\"inLanguage\":\"es\",\"potentialAction\":[{\"@type\":\"ReadAction\",\"target\":[\"https:\\\/\\\/www.gcx.com\\\/es\\\/servicios-in-situ\\\/ventajas-de-los-servicios-in-situ-de-gcx\\\/\"]}]},{\"@type\":\"BreadcrumbList\",\"@id\":\"https:\\\/\\\/www.gcx.com\\\/es\\\/servicios-in-situ\\\/ventajas-de-los-servicios-in-situ-de-gcx\\\/#breadcrumb\",\"itemListElement\":[{\"@type\":\"ListItem\",\"position\":1,\"name\":\"Home\",\"item\":\"https:\\\/\\\/www.gcx.com\\\/es\\\/\"},{\"@type\":\"ListItem\",\"position\":2,\"name\":\"Servicios in situ\",\"item\":\"https:\\\/\\\/www.gcx.com\\\/es\\\/servicios-in-situ\\\/\"},{\"@type\":\"ListItem\",\"position\":3,\"name\":\"Ventajas de los servicios in situ de GCX\"}]},{\"@type\":\"WebSite\",\"@id\":\"https:\\\/\\\/www.gcx.com\\\/es\\\/#website\",\"url\":\"https:\\\/\\\/www.gcx.com\\\/es\\\/\",\"name\":\"GCX Medical Mounting Solutions\",\"description\":\"\",\"publisher\":{\"@id\":\"https:\\\/\\\/www.gcx.com\\\/es\\\/#organization\"},\"alternateName\":\"GCX\",\"potentialAction\":[{\"@type\":\"SearchAction\",\"target\":{\"@type\":\"EntryPoint\",\"urlTemplate\":\"https:\\\/\\\/www.gcx.com\\\/es\\\/?s={search_term_string}\"},\"query-input\":{\"@type\":\"PropertyValueSpecification\",\"valueRequired\":true,\"valueName\":\"search_term_string\"}}],\"inLanguage\":\"es\"},{\"@type\":\"Organization\",\"@id\":\"https:\\\/\\\/www.gcx.com\\\/es\\\/#organization\",\"name\":\"GCX Medical Mounting Solutions\",\"alternateName\":\"GCX\",\"url\":\"https:\\\/\\\/www.gcx.com\\\/es\\\/\",\"logo\":{\"@type\":\"ImageObject\",\"inLanguage\":\"es\",\"@id\":\"https:\\\/\\\/www.gcx.com\\\/es\\\/#\\\/schema\\\/logo\\\/image\\\/\",\"url\":\"https:\\\/\\\/www.gcx.com\\\/wp-content\\\/uploads\\\/2024\\\/02\\\/gcx_logo.png\",\"contentUrl\":\"https:\\\/\\\/www.gcx.com\\\/wp-content\\\/uploads\\\/2024\\\/02\\\/gcx_logo.png\",\"width\":400,\"height\":166,\"caption\":\"GCX Medical Mounting Solutions\"},\"image\":{\"@id\":\"https:\\\/\\\/www.gcx.com\\\/es\\\/#\\\/schema\\\/logo\\\/image\\\/\"},\"sameAs\":[\"https:\\\/\\\/www.facebook.com\\\/GCXMountingSolutions\\\/\",\"https:\\\/\\\/x.com\\\/gcxcorp\",\"https:\\\/\\\/linkedin.com\\\/company\\\/gcx\",\"https:\\\/\\\/www.instagram.com\\\/gcxcorp\",\"https:\\\/\\\/www.youtube.com\\\/gcxcorp\"]}]}<\/script>\n<!-- \/ Yoast SEO plugin. -->","yoast_head_json":{"title":"Ventajas de los servicios in situ de GCX | Soluciones de montaje m\u00e9dico de GCX","description":"-Descripci\u00f3n meta no establecida.","robots":{"index":"index","follow":"follow","max-snippet":"max-snippet:-1","max-image-preview":"max-image-preview:large","max-video-preview":"max-video-preview:-1"},"canonical":"https:\/\/www.gcx.com\/es\/servicios-in-situ\/ventajas-de-los-servicios-in-situ-de-gcx\/","og_locale":"es_ES","og_type":"article","og_title":"Ventajas de los servicios in situ de GCX | Soluciones de montaje m\u00e9dico de GCX","og_description":"-Descripci\u00f3n meta no establecida.","og_url":"https:\/\/www.gcx.com\/es\/servicios-in-situ\/ventajas-de-los-servicios-in-situ-de-gcx\/","og_site_name":"Soluciones de montaje GCX Medical","article_publisher":"https:\/\/www.facebook.com\/GCXMountingSolutions\/","article_modified_time":"2024-04-26T17:25:55+00:00","og_image":[{"width":400,"height":166,"url":"https:\/\/www.gcx.com\/wp-content\/uploads\/2024\/02\/gcx_logo.png","type":"image\/png"}],"twitter_card":"summary_large_image","twitter_site":"@gcxcorp","schema":{"@context":"https:\/\/schema.org","@graph":[{"@type":"WebPage","@id":"https:\/\/www.gcx.com\/es\/servicios-in-situ\/ventajas-de-los-servicios-in-situ-de-gcx\/","url":"https:\/\/www.gcx.com\/es\/servicios-in-situ\/ventajas-de-los-servicios-in-situ-de-gcx\/","name":"Ventajas de los servicios in situ de GCX | Soluciones de montaje m\u00e9dico de GCX","isPartOf":{"@id":"https:\/\/www.gcx.com\/es\/#website"},"datePublished":"2024-02-23T09:29:29+00:00","dateModified":"2024-04-26T17:25:55+00:00","description":"-Descripci\u00f3n meta no establecida.","breadcrumb":{"@id":"https:\/\/www.gcx.com\/es\/servicios-in-situ\/ventajas-de-los-servicios-in-situ-de-gcx\/#breadcrumb"},"inLanguage":"es","potentialAction":[{"@type":"ReadAction","target":["https:\/\/www.gcx.com\/es\/servicios-in-situ\/ventajas-de-los-servicios-in-situ-de-gcx\/"]}]},{"@type":"BreadcrumbList","@id":"https:\/\/www.gcx.com\/es\/servicios-in-situ\/ventajas-de-los-servicios-in-situ-de-gcx\/#breadcrumb","itemListElement":[{"@type":"ListItem","position":1,"name":"Home","item":"https:\/\/www.gcx.com\/es\/"},{"@type":"ListItem","position":2,"name":"Servicios in situ","item":"https:\/\/www.gcx.com\/es\/servicios-in-situ\/"},{"@type":"ListItem","position":3,"name":"Ventajas de los servicios in situ de GCX"}]},{"@type":"WebSite","@id":"https:\/\/www.gcx.com\/es\/#website","url":"https:\/\/www.gcx.com\/es\/","name":"GCX Medical Mounting Solutions","description":"","publisher":{"@id":"https:\/\/www.gcx.com\/es\/#organization"},"alternateName":"GCX","potentialAction":[{"@type":"SearchAction","target":{"@type":"EntryPoint","urlTemplate":"https:\/\/www.gcx.com\/es\/?s={search_term_string}"},"query-input":{"@type":"PropertyValueSpecification","valueRequired":true,"valueName":"search_term_string"}}],"inLanguage":"es"},{"@type":"Organization","@id":"https:\/\/www.gcx.com\/es\/#organization","name":"GCX Medical Mounting Solutions","alternateName":"GCX","url":"https:\/\/www.gcx.com\/es\/","logo":{"@type":"ImageObject","inLanguage":"es","@id":"https:\/\/www.gcx.com\/es\/#\/schema\/logo\/image\/","url":"https:\/\/www.gcx.com\/wp-content\/uploads\/2024\/02\/gcx_logo.png","contentUrl":"https:\/\/www.gcx.com\/wp-content\/uploads\/2024\/02\/gcx_logo.png","width":400,"height":166,"caption":"GCX Medical Mounting Solutions"},"image":{"@id":"https:\/\/www.gcx.com\/es\/#\/schema\/logo\/image\/"},"sameAs":["https:\/\/www.facebook.com\/GCXMountingSolutions\/","https:\/\/x.com\/gcxcorp","https:\/\/linkedin.com\/company\/gcx","https:\/\/www.instagram.com\/gcxcorp","https:\/\/www.youtube.com\/gcxcorp"]}]}},"_links":{"self":[{"href":"https:\/\/www.gcx.com\/es\/wp-json\/wp\/v2\/pages\/115341","targetHints":{"allow":["GET"]}}],"collection":[{"href":"https:\/\/www.gcx.com\/es\/wp-json\/wp\/v2\/pages"}],"about":[{"href":"https:\/\/www.gcx.com\/es\/wp-json\/wp\/v2\/types\/page"}],"author":[{"embeddable":true,"href":"https:\/\/www.gcx.com\/es\/wp-json\/wp\/v2\/users\/1"}],"replies":[{"embeddable":true,"href":"https:\/\/www.gcx.com\/es\/wp-json\/wp\/v2\/comments?post=115341"}],"version-history":[{"count":0,"href":"https:\/\/www.gcx.com\/es\/wp-json\/wp\/v2\/pages\/115341\/revisions"}],"up":[{"embeddable":true,"href":"https:\/\/www.gcx.com\/es\/wp-json\/wp\/v2\/pages\/115676"}],"wp:attachment":[{"href":"https:\/\/www.gcx.com\/es\/wp-json\/wp\/v2\/media?parent=115341"}],"curies":[{"name":"wp","href":"https:\/\/api.w.org\/{rel}","templated":true}]}}