{"id":115155,"date":"2024-02-23T09:29:36","date_gmt":"2024-02-23T09:29:36","guid":{"rendered":"https:\/\/www.gcx.com\/acerca-de-gcx\/historias-de-exito\/"},"modified":"2024-04-25T16:19:20","modified_gmt":"2024-04-25T16:19:20","slug":"historias-de-exito","status":"publish","type":"page","link":"https:\/\/www.gcx.com\/es\/acerca-de-gcx\/historias-de-exito\/","title":{"rendered":"Historias de \u00e9xito"},"content":{"rendered":"\n<section id=\"success-stories-block_e80d2aedf0ce282f84fee1c5eda9bd75\" class=\"pb-5\">\n  <div class=\"container\">\n    <div class=\"row\">\n      <div class=\"col-12\">\n        <div class=\"row row-cols-md-2 g-3\">\n                                      <div class=\"col\">\n                <div class=\"card border-0 h-100\">\n                  <div class=\"card-body\">\n                    <h3 class=\"mb-1\"><a href=\"https:\/\/www.gcx.com\/wp-content\/uploads\/2024\/02\/GCX-Okinawa-Chubu-Central-Hospital-1.pdf\" target=\"_blank\" title=\"Hospital Central de Okinawa Chubu\">Hospital Central de Okinawa Chubu<\/a><\/h3>\n                    <p class=\"mb-0\">El Hospital Central Chubu de Okinawa lleva mucho tiempo dedicado a no rechazar nunca a un paciente; por ello, acepta a los que otros hospitales no pueden. Tiene la distinci\u00f3n de haber abierto una de las primeras unidades de cuidados intensivos neonatales (UCIN) de Jap\u00f3n, donde el n\u00famero de camas ha aumentado de 8 a 18 a lo largo de los a\u00f1os.<\/p>\n                    <a href=\"https:\/\/www.gcx.com\/wp-content\/uploads\/2024\/02\/GCX-Okinawa-Chubu-Central-Hospital-1.pdf\" target=\"_blank\" class=\"btn btn-primary btn-sm mt-2\"><i class=\"fa-regular fa-file-pdf fa-lg me-1\"><\/i>Lea la historia de \u00e9xito<\/a>\n                  <\/div>\n                <\/div>\n              <\/div>\n                                      <div class=\"col\">\n                <div class=\"card border-0 h-100\">\n                  <div class=\"card-body\">\n                    <h3 class=\"mb-1\"><a href=\"https:\/\/www.gcx.com\/wp-content\/uploads\/2024\/02\/GCX-Nagano-Childrens-Hospital-Japan.pdf\" target=\"_blank\" title=\"Hospital Infantil de Nagano\">Hospital Infantil de Nagano<\/a><\/h3>\n                    <p class=\"mb-0\">El Hospital Infantil de Nagano eleva la experiencia de los j\u00f3venes pacientes mediante la colaboraci\u00f3n con GCX<\/p>\n                    <a href=\"https:\/\/www.gcx.com\/wp-content\/uploads\/2024\/02\/GCX-Nagano-Childrens-Hospital-Japan.pdf\" target=\"_blank\" class=\"btn btn-primary btn-sm mt-2\"><i class=\"fa-regular fa-file-pdf fa-lg me-1\"><\/i>Lea la historia de \u00e9xito<\/a>\n                  <\/div>\n                <\/div>\n              <\/div>\n                                      <div class=\"col\">\n                <div class=\"card border-0 h-100\">\n                  <div class=\"card-body\">\n                    <h3 class=\"mb-1\"><a href=\"https:\/\/www.gcx.com\/wp-content\/uploads\/2024\/02\/GCX-VCU-Medical-Center-Richmond-VA.pdf\" target=\"_blank\" title=\"Centro M\u00e9dico VCU\">Centro M\u00e9dico VCU<\/a><\/h3>\n                    <p class=\"mb-0\">Utilizando una construcci\u00f3n \u00fanica del Sistema de Participaci\u00f3n del Paciente GCX, los tetrapl\u00e9jicos y otros pacientes con limitaciones f\u00edsicas pueden volver a conectar, recuperar cierta independencia y asumir un papel activo en su proceso de curaci\u00f3n.<\/p>\n                    <a href=\"https:\/\/www.gcx.com\/wp-content\/uploads\/2024\/02\/GCX-VCU-Medical-Center-Richmond-VA.pdf\" target=\"_blank\" class=\"btn btn-primary btn-sm mt-2\"><i class=\"fa-regular fa-file-pdf fa-lg me-1\"><\/i>Lea la historia de \u00e9xito<\/a>\n                  <\/div>\n                <\/div>\n              <\/div>\n                                      <div class=\"col\">\n                <div class=\"card border-0 h-100\">\n                  <div class=\"card-body\">\n                    <h3 class=\"mb-1\"><a href=\"https:\/\/www.gcx.com\/wp-content\/uploads\/2024\/02\/GCX-Baptist-Health-Little-Rock-AR.pdf\" target=\"_blank\" title=\"Baptist Health\">Baptist Health<\/a><\/h3>\n                    <p class=\"mb-0\">Baptist Health se mov\u00eda a toda velocidad para implantar su nuevo sistema de historia cl\u00ednica electr\u00f3nica (HCE), llamado EPIC, en sus siete hospitales. Fue una empresa enorme, pero cr\u00edtica.<\/p>\n                    <a href=\"https:\/\/www.gcx.com\/wp-content\/uploads\/2024\/02\/GCX-Baptist-Health-Little-Rock-AR.pdf\" target=\"_blank\" class=\"btn btn-primary btn-sm mt-2\"><i class=\"fa-regular fa-file-pdf fa-lg me-1\"><\/i>Lea la historia de \u00e9xito<\/a>\n                  <\/div>\n                <\/div>\n              <\/div>\n                                      <div class=\"col\">\n                <div class=\"card border-0 h-100\">\n                  <div class=\"card-body\">\n                    <h3 class=\"mb-1\"><a href=\"https:\/\/www.gcx.com\/wp-content\/uploads\/2024\/02\/GCX-Philips-Avalon-Fetal-Maternal-Monitor.pdf\" target=\"_blank\" title=\"Monitor fetal Philips Avalon\">Monitor fetal Philips Avalon<\/a><\/h3>\n                    <p class=\"mb-0\">Integrar los monitores de la serie Avalon de Philips, que ofrecen monitorizaci\u00f3n fetal y materna, en los departamentos de obstetricia de cl\u00ednicas y hospitales requiri\u00f3 servicios de dise\u00f1o especializados.<\/p>\n                    <a href=\"https:\/\/www.gcx.com\/wp-content\/uploads\/2024\/02\/GCX-Philips-Avalon-Fetal-Maternal-Monitor.pdf\" target=\"_blank\" class=\"btn btn-primary btn-sm mt-2\"><i class=\"fa-regular fa-file-pdf fa-lg me-1\"><\/i>Lea la historia de \u00e9xito<\/a>\n                  <\/div>\n                <\/div>\n              <\/div>\n                                      <div class=\"col\">\n                <div class=\"card border-0 h-100\">\n                  <div class=\"card-body\">\n                    <h3 class=\"mb-1\"><a href=\"https:\/\/www.gcx.com\/wp-content\/uploads\/2024\/02\/GCX-Natus-Medical-neoBlue-Mini.pdf\" target=\"_blank\" title=\"Natus neoBlue Mini\">Natus neoBlue Mini<\/a><\/h3>\n                    <p class=\"mb-0\">Cuando se enfrentaron al reto de desplegar soluciones de iluminaci\u00f3n LED para fototerapia altamente espec\u00edficas y eficaces en un entorno afectado, recurrieron a GCX Corporation, l\u00edder en soluciones de montaje de instrumental m\u00e9dico.<\/p>\n                    <a href=\"https:\/\/www.gcx.com\/wp-content\/uploads\/2024\/02\/GCX-Natus-Medical-neoBlue-Mini.pdf\" target=\"_blank\" class=\"btn btn-primary btn-sm mt-2\"><i class=\"fa-regular fa-file-pdf fa-lg me-1\"><\/i>Lea la historia de \u00e9xito<\/a>\n                  <\/div>\n                <\/div>\n              <\/div>\n                  <\/div>\n              <\/div>\n    <\/div>\n  <\/div>\n<\/section>\n","protected":false},"excerpt":{"rendered":"<p>Analizamos el reto espec\u00edfico del producto de cada OEM y abordamos el dise\u00f1o, la funcionalidad, los detalles t\u00e9cnicos y los m\u00e9todos de producci\u00f3n, y creamos una soluci\u00f3n.<\/p>\n","protected":false},"author":1,"featured_media":0,"parent":111273,"menu_order":0,"comment_status":"open","ping_status":"open","template":"","meta":{"_acf_changed":false,"content-type":"","footnotes":""},"class_list":["post-115155","page","type-page","status-publish","hentry"],"acf":[],"yoast_head":"<!-- This site is optimized with the Yoast SEO plugin v27.3 - https:\/\/yoast.com\/product\/yoast-seo-wordpress\/ -->\n<title>Historias de \u00e9xito | Soluciones de montaje GCX Medical<\/title>\n<meta name=\"robots\" content=\"index, follow, max-snippet:-1, max-image-preview:large, max-video-preview:-1\" \/>\n<link rel=\"canonical\" href=\"https:\/\/www.gcx.com\/es\/acerca-de-gcx\/historias-de-exito\/\" \/>\n<meta property=\"og:locale\" content=\"es_ES\" \/>\n<meta property=\"og:type\" content=\"article\" \/>\n<meta property=\"og:title\" content=\"Historias de \u00e9xito | Soluciones de montaje GCX Medical\" \/>\n<meta property=\"og:description\" content=\"Analizamos el reto espec\u00edfico del producto de cada OEM y abordamos el dise\u00f1o, la funcionalidad, los detalles t\u00e9cnicos y los m\u00e9todos de producci\u00f3n, y creamos una soluci\u00f3n.\" \/>\n<meta property=\"og:url\" content=\"https:\/\/www.gcx.com\/es\/acerca-de-gcx\/historias-de-exito\/\" \/>\n<meta property=\"og:site_name\" content=\"Soluciones de montaje GCX Medical\" \/>\n<meta property=\"article:publisher\" content=\"https:\/\/www.facebook.com\/GCXMountingSolutions\/\" \/>\n<meta property=\"article:modified_time\" content=\"2024-04-25T16:19:20+00:00\" \/>\n<meta property=\"og:image\" content=\"https:\/\/www.gcx.com\/wp-content\/uploads\/2024\/02\/gcx_logo.png\" \/>\n\t<meta property=\"og:image:width\" content=\"400\" \/>\n\t<meta property=\"og:image:height\" content=\"166\" \/>\n\t<meta property=\"og:image:type\" content=\"image\/png\" \/>\n<meta name=\"twitter:card\" content=\"summary_large_image\" \/>\n<meta name=\"twitter:site\" content=\"@gcxcorp\" \/>\n<script type=\"application\/ld+json\" class=\"yoast-schema-graph\">{\"@context\":\"https:\\\/\\\/schema.org\",\"@graph\":[{\"@type\":\"WebPage\",\"@id\":\"https:\\\/\\\/www.gcx.com\\\/es\\\/acerca-de-gcx\\\/historias-de-exito\\\/\",\"url\":\"https:\\\/\\\/www.gcx.com\\\/es\\\/acerca-de-gcx\\\/historias-de-exito\\\/\",\"name\":\"Historias de \u00e9xito | Soluciones de montaje GCX Medical\",\"isPartOf\":{\"@id\":\"https:\\\/\\\/www.gcx.com\\\/es\\\/#website\"},\"datePublished\":\"2024-02-23T09:29:36+00:00\",\"dateModified\":\"2024-04-25T16:19:20+00:00\",\"breadcrumb\":{\"@id\":\"https:\\\/\\\/www.gcx.com\\\/es\\\/acerca-de-gcx\\\/historias-de-exito\\\/#breadcrumb\"},\"inLanguage\":\"es\",\"potentialAction\":[{\"@type\":\"ReadAction\",\"target\":[\"https:\\\/\\\/www.gcx.com\\\/es\\\/acerca-de-gcx\\\/historias-de-exito\\\/\"]}]},{\"@type\":\"BreadcrumbList\",\"@id\":\"https:\\\/\\\/www.gcx.com\\\/es\\\/acerca-de-gcx\\\/historias-de-exito\\\/#breadcrumb\",\"itemListElement\":[{\"@type\":\"ListItem\",\"position\":1,\"name\":\"Home\",\"item\":\"https:\\\/\\\/www.gcx.com\\\/es\\\/\"},{\"@type\":\"ListItem\",\"position\":2,\"name\":\"Acerca de GCX\",\"item\":\"https:\\\/\\\/www.gcx.com\\\/es\\\/acerca-de-gcx\\\/\"},{\"@type\":\"ListItem\",\"position\":3,\"name\":\"Historias de \u00e9xito\"}]},{\"@type\":\"WebSite\",\"@id\":\"https:\\\/\\\/www.gcx.com\\\/es\\\/#website\",\"url\":\"https:\\\/\\\/www.gcx.com\\\/es\\\/\",\"name\":\"GCX Medical Mounting Solutions\",\"description\":\"\",\"publisher\":{\"@id\":\"https:\\\/\\\/www.gcx.com\\\/es\\\/#organization\"},\"alternateName\":\"GCX\",\"potentialAction\":[{\"@type\":\"SearchAction\",\"target\":{\"@type\":\"EntryPoint\",\"urlTemplate\":\"https:\\\/\\\/www.gcx.com\\\/es\\\/?s={search_term_string}\"},\"query-input\":{\"@type\":\"PropertyValueSpecification\",\"valueRequired\":true,\"valueName\":\"search_term_string\"}}],\"inLanguage\":\"es\"},{\"@type\":\"Organization\",\"@id\":\"https:\\\/\\\/www.gcx.com\\\/es\\\/#organization\",\"name\":\"GCX Medical Mounting Solutions\",\"alternateName\":\"GCX\",\"url\":\"https:\\\/\\\/www.gcx.com\\\/es\\\/\",\"logo\":{\"@type\":\"ImageObject\",\"inLanguage\":\"es\",\"@id\":\"https:\\\/\\\/www.gcx.com\\\/es\\\/#\\\/schema\\\/logo\\\/image\\\/\",\"url\":\"https:\\\/\\\/www.gcx.com\\\/wp-content\\\/uploads\\\/2024\\\/02\\\/gcx_logo.png\",\"contentUrl\":\"https:\\\/\\\/www.gcx.com\\\/wp-content\\\/uploads\\\/2024\\\/02\\\/gcx_logo.png\",\"width\":400,\"height\":166,\"caption\":\"GCX Medical Mounting Solutions\"},\"image\":{\"@id\":\"https:\\\/\\\/www.gcx.com\\\/es\\\/#\\\/schema\\\/logo\\\/image\\\/\"},\"sameAs\":[\"https:\\\/\\\/www.facebook.com\\\/GCXMountingSolutions\\\/\",\"https:\\\/\\\/x.com\\\/gcxcorp\",\"https:\\\/\\\/linkedin.com\\\/company\\\/gcx\",\"https:\\\/\\\/www.instagram.com\\\/gcxcorp\",\"https:\\\/\\\/www.youtube.com\\\/gcxcorp\"]}]}<\/script>\n<!-- \/ Yoast SEO plugin. -->","yoast_head_json":{"title":"Historias de \u00e9xito | Soluciones de montaje GCX Medical","robots":{"index":"index","follow":"follow","max-snippet":"max-snippet:-1","max-image-preview":"max-image-preview:large","max-video-preview":"max-video-preview:-1"},"canonical":"https:\/\/www.gcx.com\/es\/acerca-de-gcx\/historias-de-exito\/","og_locale":"es_ES","og_type":"article","og_title":"Historias de \u00e9xito | Soluciones de montaje GCX Medical","og_description":"Analizamos el reto espec\u00edfico del producto de cada OEM y abordamos el dise\u00f1o, la funcionalidad, los detalles t\u00e9cnicos y los m\u00e9todos de producci\u00f3n, y creamos una soluci\u00f3n.","og_url":"https:\/\/www.gcx.com\/es\/acerca-de-gcx\/historias-de-exito\/","og_site_name":"Soluciones de montaje GCX Medical","article_publisher":"https:\/\/www.facebook.com\/GCXMountingSolutions\/","article_modified_time":"2024-04-25T16:19:20+00:00","og_image":[{"width":400,"height":166,"url":"https:\/\/www.gcx.com\/wp-content\/uploads\/2024\/02\/gcx_logo.png","type":"image\/png"}],"twitter_card":"summary_large_image","twitter_site":"@gcxcorp","schema":{"@context":"https:\/\/schema.org","@graph":[{"@type":"WebPage","@id":"https:\/\/www.gcx.com\/es\/acerca-de-gcx\/historias-de-exito\/","url":"https:\/\/www.gcx.com\/es\/acerca-de-gcx\/historias-de-exito\/","name":"Historias de \u00e9xito | Soluciones de montaje GCX Medical","isPartOf":{"@id":"https:\/\/www.gcx.com\/es\/#website"},"datePublished":"2024-02-23T09:29:36+00:00","dateModified":"2024-04-25T16:19:20+00:00","breadcrumb":{"@id":"https:\/\/www.gcx.com\/es\/acerca-de-gcx\/historias-de-exito\/#breadcrumb"},"inLanguage":"es","potentialAction":[{"@type":"ReadAction","target":["https:\/\/www.gcx.com\/es\/acerca-de-gcx\/historias-de-exito\/"]}]},{"@type":"BreadcrumbList","@id":"https:\/\/www.gcx.com\/es\/acerca-de-gcx\/historias-de-exito\/#breadcrumb","itemListElement":[{"@type":"ListItem","position":1,"name":"Home","item":"https:\/\/www.gcx.com\/es\/"},{"@type":"ListItem","position":2,"name":"Acerca de GCX","item":"https:\/\/www.gcx.com\/es\/acerca-de-gcx\/"},{"@type":"ListItem","position":3,"name":"Historias de \u00e9xito"}]},{"@type":"WebSite","@id":"https:\/\/www.gcx.com\/es\/#website","url":"https:\/\/www.gcx.com\/es\/","name":"GCX Medical Mounting Solutions","description":"","publisher":{"@id":"https:\/\/www.gcx.com\/es\/#organization"},"alternateName":"GCX","potentialAction":[{"@type":"SearchAction","target":{"@type":"EntryPoint","urlTemplate":"https:\/\/www.gcx.com\/es\/?s={search_term_string}"},"query-input":{"@type":"PropertyValueSpecification","valueRequired":true,"valueName":"search_term_string"}}],"inLanguage":"es"},{"@type":"Organization","@id":"https:\/\/www.gcx.com\/es\/#organization","name":"GCX Medical Mounting Solutions","alternateName":"GCX","url":"https:\/\/www.gcx.com\/es\/","logo":{"@type":"ImageObject","inLanguage":"es","@id":"https:\/\/www.gcx.com\/es\/#\/schema\/logo\/image\/","url":"https:\/\/www.gcx.com\/wp-content\/uploads\/2024\/02\/gcx_logo.png","contentUrl":"https:\/\/www.gcx.com\/wp-content\/uploads\/2024\/02\/gcx_logo.png","width":400,"height":166,"caption":"GCX Medical Mounting Solutions"},"image":{"@id":"https:\/\/www.gcx.com\/es\/#\/schema\/logo\/image\/"},"sameAs":["https:\/\/www.facebook.com\/GCXMountingSolutions\/","https:\/\/x.com\/gcxcorp","https:\/\/linkedin.com\/company\/gcx","https:\/\/www.instagram.com\/gcxcorp","https:\/\/www.youtube.com\/gcxcorp"]}]}},"_links":{"self":[{"href":"https:\/\/www.gcx.com\/es\/wp-json\/wp\/v2\/pages\/115155","targetHints":{"allow":["GET"]}}],"collection":[{"href":"https:\/\/www.gcx.com\/es\/wp-json\/wp\/v2\/pages"}],"about":[{"href":"https:\/\/www.gcx.com\/es\/wp-json\/wp\/v2\/types\/page"}],"author":[{"embeddable":true,"href":"https:\/\/www.gcx.com\/es\/wp-json\/wp\/v2\/users\/1"}],"replies":[{"embeddable":true,"href":"https:\/\/www.gcx.com\/es\/wp-json\/wp\/v2\/comments?post=115155"}],"version-history":[{"count":0,"href":"https:\/\/www.gcx.com\/es\/wp-json\/wp\/v2\/pages\/115155\/revisions"}],"up":[{"embeddable":true,"href":"https:\/\/www.gcx.com\/es\/wp-json\/wp\/v2\/pages\/111273"}],"wp:attachment":[{"href":"https:\/\/www.gcx.com\/es\/wp-json\/wp\/v2\/media?parent=115155"}],"curies":[{"name":"wp","href":"https:\/\/api.w.org\/{rel}","templated":true}]}}