{"id":115145,"date":"2024-02-23T09:29:36","date_gmt":"2024-02-23T09:29:36","guid":{"rendered":"https:\/\/www.gcx.com\/acerca-de-gcx\/noticias-y-eventos\/"},"modified":"2024-04-25T16:18:12","modified_gmt":"2024-04-25T16:18:12","slug":"noticias-y-eventos","status":"publish","type":"page","link":"https:\/\/www.gcx.com\/es\/acerca-de-gcx\/noticias-y-eventos\/","title":{"rendered":"Noticias y eventos"},"content":{"rendered":"\n<section id=\"news-and-events-listing-block_be5870ccee1a58f19e894c5cc304fc12\" class=\"news-and-events-listing pb-5\">\n  <div class=\"container\">\n    <div class=\"row\">\n      <div class=\"col-lg-8 mb-4 mb-lg-0\">\n        \n\n            <div class=\"card border-0 mb-2\">\n            <div class=\"card-body\">\n                <h3 class=\"mb-1\"><a href=\"https:\/\/www.gcx.com\/es\/about\/news-events\/gcx-acquires-jaco\/\" title=\"GCX adquiere Jac\u00f3\">GCX adquiere Jac\u00f3<\/a><\/h3>\n\n                <p class=\"fs-sm text-black-50\">diciembre 9, 2022<\/p>\n\n                                    <p class=\"mb-0\">GCX Mounting Solutions (\u00abGCX\u00bb), una empresa del portafolio de Audax Private Equity (\u00abAudax\u00bb) y l\u00edder mundial en el dise\u00f1o y la fabricaci\u00f3n de soluciones de movilidad y montaje centradas en la atenci\u00f3n de la salud, anunci\u00f3 la adquisici\u00f3n de Jaco, Inc. (\u00abJaco \u201d). Los t\u00e9rminos financieros de&#8230;<\/p>\n                                <a href=\"https:\/\/www.gcx.com\/es\/about\/news-events\/gcx-acquires-jaco\/\" class=\"btn btn-primary btn-sm mt-3\">Seguir leyendo<\/a>\n            <\/div>\n        <\/div>\n            <div class=\"card border-0 mb-2\">\n            <div class=\"card-body\">\n                <h3 class=\"mb-1\"><a href=\"https:\/\/www.gcx.com\/es\/about\/news-events\/audax-private-equity-acquires-gcx-mounting-solutions\/\" title=\"Audax Private Equity adquiere GCX Mounting\u00a0Solutions\">Audax Private Equity adquiere GCX Mounting\u00a0Solutions<\/a><\/h3>\n\n                <p class=\"fs-sm text-black-50\">septiembre 20, 2021<\/p>\n\n                                    <p class=\"mb-0\">Audax Private Equity (\u00abAudax\u00bb) y GCX Mounting Solutions anunciaron hoy la formaci\u00f3n de una asociaci\u00f3n estrat\u00e9gica en la que Audax adquiri\u00f3 una participaci\u00f3n mayoritaria en GCX. Los t\u00e9rminos de la transacci\u00f3n no fueron revelados.\nCon sede en Petaluma, CA, GCX es el l\u00edder mundial en el dise\u00f1o &#8230;<\/p>\n                                <a href=\"https:\/\/www.gcx.com\/es\/about\/news-events\/audax-private-equity-acquires-gcx-mounting-solutions\/\" class=\"btn btn-primary btn-sm mt-3\">Seguir leyendo<\/a>\n            <\/div>\n        <\/div>\n            <div class=\"card border-0 mb-2\">\n            <div class=\"card-body\">\n                <h3 class=\"mb-1\"><a href=\"https:\/\/www.gcx.com\/es\/about\/news-events\/gcx-partners-with-canadian-company-bomimed\/\" title=\"GCX se asocia con la empresa canadiense BOMImed\">GCX se asocia con la empresa canadiense BOMImed<\/a><\/h3>\n\n                <p class=\"fs-sm text-black-50\">febrero 10, 2021<\/p>\n\n                                    <p class=\"mb-0\">GCX Corp., l\u00edder en el mercado de montaje de dispositivos m\u00e9dicos, anuncia una asociaci\u00f3n con BOMImed Inc. de Canad\u00e1, una empresa biom\u00e9dica que ofrece productos de monitoreo para anestesia, cuidados intensivos y terapia de calentamiento de pacientes en toda Am\u00e9rica del Norte.\n\u201cEsta asociaci\u00f3n &#8230;<\/p>\n                                <a href=\"https:\/\/www.gcx.com\/es\/about\/news-events\/gcx-partners-with-canadian-company-bomimed\/\" class=\"btn btn-primary btn-sm mt-3\">Seguir leyendo<\/a>\n            <\/div>\n        <\/div>\n            <div class=\"card border-0 mb-2\">\n            <div class=\"card-body\">\n                <h3 class=\"mb-1\"><a href=\"https:\/\/www.gcx.com\/es\/about\/news-events\/gcx-celebrates-50-years-serving-hospitals-and-medical-device-manufacturers\/\" title=\"GCX celebra 50 a\u00f1os al servicio de hospitales y fabricantes de dispositivos m\u00e9dicos\">GCX celebra 50 a\u00f1os al servicio de hospitales y fabricantes de dispositivos m\u00e9dicos<\/a><\/h3>\n\n                <p class=\"fs-sm text-black-50\">enero 26, 2021<\/p>\n\n                                    <p class=\"mb-0\">GCX Corp., l\u00edder en el mercado mundial de soluciones de montaje m\u00e9dico, celebra este mes su aniversario de oro, habiendo proporcionado soluciones de montaje a hospitales y fabricantes de dispositivos m\u00e9dicos para montar todo, desde equipos de TI hasta sistemas de navegaci\u00f3n quir\u00fargica, durante los&#8230;<\/p>\n                                <a href=\"https:\/\/www.gcx.com\/es\/about\/news-events\/gcx-celebrates-50-years-serving-hospitals-and-medical-device-manufacturers\/\" class=\"btn btn-primary btn-sm mt-3\">Seguir leyendo<\/a>\n            <\/div>\n        <\/div>\n            <div class=\"card border-0 mb-2\">\n            <div class=\"card-body\">\n                <h3 class=\"mb-1\"><a href=\"https:\/\/www.gcx.com\/es\/about\/news-events\/gcx-offers-solutions-for-infection-control-in-quarantine-areas\/\" title=\"GCX ofrece soluciones para el control de infecciones en \u00e1reas de cuarentena\">GCX ofrece soluciones para el control de infecciones en \u00e1reas de cuarentena<\/a><\/h3>\n\n                <p class=\"fs-sm text-black-50\">noviembre 17, 2020<\/p>\n\n                                    <p class=\"mb-0\">GCX Corp., el l\u00edder en el mercado de dispositivos de montaje para equipos m\u00e9dicos, recuerda a las organizaciones de atenci\u00f3n m\u00e9dica el papel que pueden desempe\u00f1ar los soportes de equipos m\u00e9dicos en el control de infecciones, especialmente en \u00e1reas de cuarentena.\n\u201cLos hospitales desinfectan los&#8230;<\/p>\n                                <a href=\"https:\/\/www.gcx.com\/es\/about\/news-events\/gcx-offers-solutions-for-infection-control-in-quarantine-areas\/\" class=\"btn btn-primary btn-sm mt-3\">Seguir leyendo<\/a>\n            <\/div>\n        <\/div>\n            <div class=\"card border-0 mb-2\">\n            <div class=\"card-body\">\n                <h3 class=\"mb-1\"><a href=\"https:\/\/www.gcx.com\/es\/about\/news-events\/gcx-introduces-new-online-store-and-live-chats\/\" title=\"GCX introduce su nueva tienda en l\u00ednea y chats en vivo\">GCX introduce su nueva tienda en l\u00ednea y chats en vivo<\/a><\/h3>\n\n                <p class=\"fs-sm text-black-50\">noviembre 12, 2019<\/p>\n\n                                    <p class=\"mb-0\">GCX, el proveedor l\u00edder de soluciones de montaje m\u00e9dico, recientemente ampli\u00f3 la funcionalidad de su popular sitio web para permitir compras en l\u00ednea, chats de texto y una creciente biblioteca de preguntas frecuentes.\n\u00abSiempre estamos buscando oportunidades para ayudar a nuestros clientes y socios&#8230;<\/p>\n                                <a href=\"https:\/\/www.gcx.com\/es\/about\/news-events\/gcx-introduces-new-online-store-and-live-chats\/\" class=\"btn btn-primary btn-sm mt-3\">Seguir leyendo<\/a>\n            <\/div>\n        <\/div>\n    \n    \n    <nav class=\"mt-3\" aria-label=\"Page navigation\"><ul class=\"pagination mb-0\"><li class='page-item active'><span aria-current=\"page\" class=\"page-numbers current\">1<\/span><\/li><li class='page-item'><a class=\"page-numbers\" href=\"https:\/\/www.gcx.com\/es\/wp-json\/wp\/v2\/pages\/115145\/page\/2\/\">2<\/a><\/li><li class='page-item'><a class=\"page-numbers\" href=\"https:\/\/www.gcx.com\/es\/wp-json\/wp\/v2\/pages\/115145\/page\/3\/\">3<\/a><\/li><li class='page-item'><span class=\"page-numbers dots\">&hellip;<\/span><\/li><li class='page-item'><a class=\"page-numbers\" href=\"https:\/\/www.gcx.com\/es\/wp-json\/wp\/v2\/pages\/115145\/page\/7\/\">7<\/a><\/li><li class='page-item'><a class=\"next page-numbers\" href=\"https:\/\/www.gcx.com\/es\/wp-json\/wp\/v2\/pages\/115145\/page\/2\/\">Next<\/a><\/li><\/ul><\/nav>      <\/div>\n\n      <div class=\"col-lg-4\">\n        \n<div class=\"card border-0\">\n    <div class=\"card-header\">\n        <h4 class=\"mb-0\">Pr\u00f3ximos eventos<\/h4>\n    <\/div>\n    <div class=\"card-body\">\n        \n            <p class=\"mb-0 fs-sm\">No hay pr\u00f3ximos eventos en este momento.<\/p>\n\n            <\/div>\n<\/div>\n      <\/div>\n    <\/div>\n  <\/div>\n<\/section>","protected":false},"excerpt":{"rendered":"<p>Mantente al d\u00eda de los \u00faltimos productos e informaci\u00f3n de la empresa GCX. Las noticias sobre tecnolog\u00edas, productos e historias de \u00e9xito de clientes de GCX est\u00e1n a un solo clic.<\/p>\n","protected":false},"author":1,"featured_media":0,"parent":111273,"menu_order":0,"comment_status":"open","ping_status":"open","template":"","meta":{"_acf_changed":false,"content-type":"","footnotes":""},"class_list":["post-115145","page","type-page","status-publish","hentry"],"acf":[],"yoast_head":"<!-- This site is optimized with the Yoast SEO plugin v27.3 - https:\/\/yoast.com\/product\/yoast-seo-wordpress\/ -->\n<title>Noticias y eventos | Soluciones de montaje GCX Medical<\/title>\n<meta name=\"robots\" content=\"index, follow, max-snippet:-1, max-image-preview:large, max-video-preview:-1\" \/>\n<link rel=\"canonical\" href=\"https:\/\/www.gcx.com\/es\/acerca-de-gcx\/noticias-y-eventos\/\" \/>\n<meta property=\"og:locale\" content=\"es_ES\" \/>\n<meta property=\"og:type\" content=\"article\" \/>\n<meta property=\"og:title\" content=\"Noticias y eventos | Soluciones de montaje GCX Medical\" \/>\n<meta property=\"og:description\" content=\"Mantente al d\u00eda de los \u00faltimos productos e informaci\u00f3n de la empresa GCX. Las noticias sobre tecnolog\u00edas, productos e historias de \u00e9xito de clientes de GCX est\u00e1n a un solo clic.\" \/>\n<meta property=\"og:url\" content=\"https:\/\/www.gcx.com\/es\/acerca-de-gcx\/noticias-y-eventos\/\" \/>\n<meta property=\"og:site_name\" content=\"Soluciones de montaje GCX Medical\" \/>\n<meta property=\"article:publisher\" content=\"https:\/\/www.facebook.com\/GCXMountingSolutions\/\" \/>\n<meta property=\"article:modified_time\" content=\"2024-04-25T16:18:12+00:00\" \/>\n<meta property=\"og:image\" content=\"https:\/\/www.gcx.com\/wp-content\/uploads\/2024\/02\/gcx_logo.png\" \/>\n\t<meta property=\"og:image:width\" content=\"400\" \/>\n\t<meta property=\"og:image:height\" content=\"166\" \/>\n\t<meta property=\"og:image:type\" content=\"image\/png\" \/>\n<meta name=\"twitter:card\" content=\"summary_large_image\" \/>\n<meta name=\"twitter:site\" content=\"@gcxcorp\" \/>\n<script type=\"application\/ld+json\" class=\"yoast-schema-graph\">{\"@context\":\"https:\\\/\\\/schema.org\",\"@graph\":[{\"@type\":\"WebPage\",\"@id\":\"https:\\\/\\\/www.gcx.com\\\/es\\\/acerca-de-gcx\\\/noticias-y-eventos\\\/\",\"url\":\"https:\\\/\\\/www.gcx.com\\\/es\\\/acerca-de-gcx\\\/noticias-y-eventos\\\/\",\"name\":\"Noticias y eventos | Soluciones de montaje GCX Medical\",\"isPartOf\":{\"@id\":\"https:\\\/\\\/www.gcx.com\\\/es\\\/#website\"},\"datePublished\":\"2024-02-23T09:29:36+00:00\",\"dateModified\":\"2024-04-25T16:18:12+00:00\",\"breadcrumb\":{\"@id\":\"https:\\\/\\\/www.gcx.com\\\/es\\\/acerca-de-gcx\\\/noticias-y-eventos\\\/#breadcrumb\"},\"inLanguage\":\"es\",\"potentialAction\":[{\"@type\":\"ReadAction\",\"target\":[\"https:\\\/\\\/www.gcx.com\\\/es\\\/acerca-de-gcx\\\/noticias-y-eventos\\\/\"]}]},{\"@type\":\"BreadcrumbList\",\"@id\":\"https:\\\/\\\/www.gcx.com\\\/es\\\/acerca-de-gcx\\\/noticias-y-eventos\\\/#breadcrumb\",\"itemListElement\":[{\"@type\":\"ListItem\",\"position\":1,\"name\":\"Home\",\"item\":\"https:\\\/\\\/www.gcx.com\\\/es\\\/\"},{\"@type\":\"ListItem\",\"position\":2,\"name\":\"Acerca de GCX\",\"item\":\"https:\\\/\\\/www.gcx.com\\\/es\\\/acerca-de-gcx\\\/\"},{\"@type\":\"ListItem\",\"position\":3,\"name\":\"Noticias y eventos\"}]},{\"@type\":\"WebSite\",\"@id\":\"https:\\\/\\\/www.gcx.com\\\/es\\\/#website\",\"url\":\"https:\\\/\\\/www.gcx.com\\\/es\\\/\",\"name\":\"GCX Medical Mounting Solutions\",\"description\":\"\",\"publisher\":{\"@id\":\"https:\\\/\\\/www.gcx.com\\\/es\\\/#organization\"},\"alternateName\":\"GCX\",\"potentialAction\":[{\"@type\":\"SearchAction\",\"target\":{\"@type\":\"EntryPoint\",\"urlTemplate\":\"https:\\\/\\\/www.gcx.com\\\/es\\\/?s={search_term_string}\"},\"query-input\":{\"@type\":\"PropertyValueSpecification\",\"valueRequired\":true,\"valueName\":\"search_term_string\"}}],\"inLanguage\":\"es\"},{\"@type\":\"Organization\",\"@id\":\"https:\\\/\\\/www.gcx.com\\\/es\\\/#organization\",\"name\":\"GCX Medical Mounting Solutions\",\"alternateName\":\"GCX\",\"url\":\"https:\\\/\\\/www.gcx.com\\\/es\\\/\",\"logo\":{\"@type\":\"ImageObject\",\"inLanguage\":\"es\",\"@id\":\"https:\\\/\\\/www.gcx.com\\\/es\\\/#\\\/schema\\\/logo\\\/image\\\/\",\"url\":\"https:\\\/\\\/www.gcx.com\\\/wp-content\\\/uploads\\\/2024\\\/02\\\/gcx_logo.png\",\"contentUrl\":\"https:\\\/\\\/www.gcx.com\\\/wp-content\\\/uploads\\\/2024\\\/02\\\/gcx_logo.png\",\"width\":400,\"height\":166,\"caption\":\"GCX Medical Mounting Solutions\"},\"image\":{\"@id\":\"https:\\\/\\\/www.gcx.com\\\/es\\\/#\\\/schema\\\/logo\\\/image\\\/\"},\"sameAs\":[\"https:\\\/\\\/www.facebook.com\\\/GCXMountingSolutions\\\/\",\"https:\\\/\\\/x.com\\\/gcxcorp\",\"https:\\\/\\\/linkedin.com\\\/company\\\/gcx\",\"https:\\\/\\\/www.instagram.com\\\/gcxcorp\",\"https:\\\/\\\/www.youtube.com\\\/gcxcorp\"]}]}<\/script>\n<!-- \/ Yoast SEO plugin. -->","yoast_head_json":{"title":"Noticias y eventos | Soluciones de montaje GCX Medical","robots":{"index":"index","follow":"follow","max-snippet":"max-snippet:-1","max-image-preview":"max-image-preview:large","max-video-preview":"max-video-preview:-1"},"canonical":"https:\/\/www.gcx.com\/es\/acerca-de-gcx\/noticias-y-eventos\/","og_locale":"es_ES","og_type":"article","og_title":"Noticias y eventos | Soluciones de montaje GCX Medical","og_description":"Mantente al d\u00eda de los \u00faltimos productos e informaci\u00f3n de la empresa GCX. Las noticias sobre tecnolog\u00edas, productos e historias de \u00e9xito de clientes de GCX est\u00e1n a un solo clic.","og_url":"https:\/\/www.gcx.com\/es\/acerca-de-gcx\/noticias-y-eventos\/","og_site_name":"Soluciones de montaje GCX Medical","article_publisher":"https:\/\/www.facebook.com\/GCXMountingSolutions\/","article_modified_time":"2024-04-25T16:18:12+00:00","og_image":[{"width":400,"height":166,"url":"https:\/\/www.gcx.com\/wp-content\/uploads\/2024\/02\/gcx_logo.png","type":"image\/png"}],"twitter_card":"summary_large_image","twitter_site":"@gcxcorp","schema":{"@context":"https:\/\/schema.org","@graph":[{"@type":"WebPage","@id":"https:\/\/www.gcx.com\/es\/acerca-de-gcx\/noticias-y-eventos\/","url":"https:\/\/www.gcx.com\/es\/acerca-de-gcx\/noticias-y-eventos\/","name":"Noticias y eventos | Soluciones de montaje GCX Medical","isPartOf":{"@id":"https:\/\/www.gcx.com\/es\/#website"},"datePublished":"2024-02-23T09:29:36+00:00","dateModified":"2024-04-25T16:18:12+00:00","breadcrumb":{"@id":"https:\/\/www.gcx.com\/es\/acerca-de-gcx\/noticias-y-eventos\/#breadcrumb"},"inLanguage":"es","potentialAction":[{"@type":"ReadAction","target":["https:\/\/www.gcx.com\/es\/acerca-de-gcx\/noticias-y-eventos\/"]}]},{"@type":"BreadcrumbList","@id":"https:\/\/www.gcx.com\/es\/acerca-de-gcx\/noticias-y-eventos\/#breadcrumb","itemListElement":[{"@type":"ListItem","position":1,"name":"Home","item":"https:\/\/www.gcx.com\/es\/"},{"@type":"ListItem","position":2,"name":"Acerca de GCX","item":"https:\/\/www.gcx.com\/es\/acerca-de-gcx\/"},{"@type":"ListItem","position":3,"name":"Noticias y eventos"}]},{"@type":"WebSite","@id":"https:\/\/www.gcx.com\/es\/#website","url":"https:\/\/www.gcx.com\/es\/","name":"GCX Medical Mounting Solutions","description":"","publisher":{"@id":"https:\/\/www.gcx.com\/es\/#organization"},"alternateName":"GCX","potentialAction":[{"@type":"SearchAction","target":{"@type":"EntryPoint","urlTemplate":"https:\/\/www.gcx.com\/es\/?s={search_term_string}"},"query-input":{"@type":"PropertyValueSpecification","valueRequired":true,"valueName":"search_term_string"}}],"inLanguage":"es"},{"@type":"Organization","@id":"https:\/\/www.gcx.com\/es\/#organization","name":"GCX Medical Mounting Solutions","alternateName":"GCX","url":"https:\/\/www.gcx.com\/es\/","logo":{"@type":"ImageObject","inLanguage":"es","@id":"https:\/\/www.gcx.com\/es\/#\/schema\/logo\/image\/","url":"https:\/\/www.gcx.com\/wp-content\/uploads\/2024\/02\/gcx_logo.png","contentUrl":"https:\/\/www.gcx.com\/wp-content\/uploads\/2024\/02\/gcx_logo.png","width":400,"height":166,"caption":"GCX Medical Mounting Solutions"},"image":{"@id":"https:\/\/www.gcx.com\/es\/#\/schema\/logo\/image\/"},"sameAs":["https:\/\/www.facebook.com\/GCXMountingSolutions\/","https:\/\/x.com\/gcxcorp","https:\/\/linkedin.com\/company\/gcx","https:\/\/www.instagram.com\/gcxcorp","https:\/\/www.youtube.com\/gcxcorp"]}]}},"_links":{"self":[{"href":"https:\/\/www.gcx.com\/es\/wp-json\/wp\/v2\/pages\/115145","targetHints":{"allow":["GET"]}}],"collection":[{"href":"https:\/\/www.gcx.com\/es\/wp-json\/wp\/v2\/pages"}],"about":[{"href":"https:\/\/www.gcx.com\/es\/wp-json\/wp\/v2\/types\/page"}],"author":[{"embeddable":true,"href":"https:\/\/www.gcx.com\/es\/wp-json\/wp\/v2\/users\/1"}],"replies":[{"embeddable":true,"href":"https:\/\/www.gcx.com\/es\/wp-json\/wp\/v2\/comments?post=115145"}],"version-history":[{"count":0,"href":"https:\/\/www.gcx.com\/es\/wp-json\/wp\/v2\/pages\/115145\/revisions"}],"up":[{"embeddable":true,"href":"https:\/\/www.gcx.com\/es\/wp-json\/wp\/v2\/pages\/111273"}],"wp:attachment":[{"href":"https:\/\/www.gcx.com\/es\/wp-json\/wp\/v2\/media?parent=115145"}],"curies":[{"name":"wp","href":"https:\/\/api.w.org\/{rel}","templated":true}]}}