{"id":114847,"date":"2024-02-23T09:28:24","date_gmt":"2024-02-23T09:28:24","guid":{"rendered":"https:\/\/www.gcx.com\/series-de-productos-2\/serie-vhrc\/"},"modified":"2024-04-25T15:30:55","modified_gmt":"2024-04-25T15:30:55","slug":"serie-vhrc","status":"publish","type":"page","link":"https:\/\/www.gcx.com\/es\/productos\/series-de-productos\/serie-vhrc\/","title":{"rendered":"Serie VHRC"},"content":{"rendered":"\n<section id=\"content-block_adc6c70926a82b23f8f9d1fa1164e98c\"  class=\"\">\n  <div class=\"container\">\n  <div class=\"row flex-md-row-reverse\">\n          <div class=\"col-md-4 mb-4 mb-md-0\">\n                              <img decoding=\"async\" class=\"img-fluid \" src=\"https:\/\/www.gcx.com\/wp-content\/uploads\/2024\/02\/vhrc-series.png\" alt=\"Vhrc series\">\n          \n              <\/div>\n        <div class=\"col-md-8\">\n      <div class=\"text-editor fs-md\">\n        <div class=\"u-mb-3 u-mt-3 u-text-left\"><a class=\"btn btn-primary btn-md\" href=\"#configurations\">Configuraciones populares <\/a><\/div>\n<h3>Soluci\u00f3n de carrito personalizable<\/h3>\n<p>El carro de la serie VHRC\u2122 es un dise\u00f1o modular de arquitectura abierta que admite toda la gama de m\u00f3dulos de carro GCX disponibles en el mercado para crear exactamente la soluci\u00f3n adecuada a tus necesidades en el punto de atenci\u00f3n. A medida que tus necesidades de hardware o aplicaciones cambien con el tiempo, los m\u00f3dulos pueden intercambiarse f\u00e1cilmente para reutilizar de forma rentable el carro VHRC y maximizar su vida \u00fatil.<\/p>\n<p><img decoding=\"async\" src=\"\/wp-content\/uploads\/2024\/02\/vhrc_content_1.png\" alt=\"Contenido Vhrc 1\"><\/p>\n<h3>Compatibilidad<\/h3>\n<p>Con una atenci\u00f3n al cliente sin igual, GCX trabajar\u00e1 contigo para configurar tu soluci\u00f3n de carro perfecta. Ya sea para montar hardware inform\u00e1tico, dispositivos m\u00e9dicos o accesorios, el VHRC ofrece una soluci\u00f3n flexible y duradera. Todos nuestros productos est\u00e1n dise\u00f1ados para durar, lo que te da la seguridad de que est\u00e1s haciendo una buena inversi\u00f3n en tu centro m\u00e9dico.<\/p>\n<p><img decoding=\"async\" src=\"\/wp-content\/uploads\/2024\/02\/vhrc_content_2.png\" alt=\"Contenido Vhrc 2\"><\/p>\n<h3>Facilidad de uso<\/h3>\n<p>El canal integrado, ajustable verticalmente, permite un ajuste sencillo de la altura para adaptarse a una variedad de usuarios de puntos de atenci\u00f3n. Las ruedas de 5 pulgadas (12,7 cm) de di\u00e1metro se deslizan suavemente por suelos dif\u00edciles y esquinas, ofreciendo una maniobrabilidad \u00f3ptima en las zonas de atenci\u00f3n al paciente. Desde su canal integrado hasta las ruedas, cada detalle de la VHRC est\u00e1 dise\u00f1ado para proporcionar una ergonom\u00eda y un rendimiento \u00f3ptimos para cada usuario.<\/p>\n<p>&nbsp;<\/p>\n              <\/div>\n    <\/div>\n  <\/div>\n<\/div>\n<\/section>\n\n<section id=\"configurations\"  class=\"pt-5 pb-5 \">\n  <div class=\"container pb-1\">\n    <div class=\"row\">\n      <div class=\"col-md-8\">\n              <\/div>\n          <\/div>\n  <\/div>\n  \n    <section class=\"pb-5 js-product-and-pages-grid-parent\" id=\"\">\n        <div class=\"container\">\n                                                                <div class=\"row \">\n                        <div class=\"col-12\">\n                                                    <div class=\"d-flex align-items-center\">\n                                                                    <h3 id=\"popular-configurations\" class=\"mb-0\">Popular Configurations<\/h3>\n                                                                                                    <div class=\"ms-auto\">\n                                        <div class=\"btn-group\">\n                                            <button class=\"btn btn-sm btn-outline-secondary active js-toggle-grid-view\" title=\"Grid View\"><i class=\"fa-solid fa-table-cells fa-lg\"><\/i><\/button>\n                                            <button class=\"btn btn-sm btn-outline-secondary js-toggle-list-view\" title=\"List View\"><i class=\"fa-solid fa-table-list fa-lg\"><\/i><\/button>\n                                        <\/div>\n                                    <\/div>\n                                                            <\/div>\n                            <hr>\n\n                            <div class=\"row row-cols-2 row-cols-md-4 row-cols-lg-6 g-2 js-products js-products-grid\">\n                                \n                                    <div>\n                                        <div class=\"product-card\">\n                                                                                            <a href=\"https:\/\/www.gcx.com\/products\/gcx\/vhrc-monitor-and-keyboard\/\" class=\"product-card-image\">\n                                                    <img decoding=\"async\" src=\"https:\/\/www.gcx.com\/wp-content\/uploads\/2024\/02\/VHRC_Keyboard_EloraBattery_CloseTop_L-scaled.jpg\" alt=\"VHRC Keyboard Elora Battery Close Top L\">\n                                                <\/a>\n                                                                                        <h6 class=\"product-card-title\">\n                                                <a href=\"https:\/\/www.gcx.com\/products\/gcx\/vhrc-monitor-and-keyboard\/\">\n                                                                                                        Monitor y teclado de carro configurable de altura variable VHRC                                                <\/a>\n                                            <\/h6>\n                                        <\/div>\n                                    <\/div>\n                                \n                                    <div>\n                                        <div class=\"product-card\">\n                                                                                            <a href=\"https:\/\/www.gcx.com\/products\/gcx\/vhrc-series-monitor-and-keyboard-with-philips-intellivue-mp5\/\" class=\"product-card-image\">\n                                                    <img decoding=\"async\" src=\"https:\/\/www.gcx.com\/wp-content\/uploads\/2024\/02\/VHRC_PhillipsMP30_GridImage.jpg\" alt=\"VHRC Phillips MP30 Grid Image\">\n                                                <\/a>\n                                                                                        <h6 class=\"product-card-title\">\n                                                <a href=\"https:\/\/www.gcx.com\/products\/gcx\/vhrc-series-monitor-and-keyboard-with-philips-intellivue-mp5\/\">\n                                                                                                        Philips IntelliVue MP5 on VHRC Variable Height Configurable Cart with Monitor and Keyboard                                                <\/a>\n                                            <\/h6>\n                                        <\/div>\n                                    <\/div>\n                                \n                                    <div>\n                                        <div class=\"product-card\">\n                                                                                            <a href=\"https:\/\/www.gcx.com\/products\/gcx\/vhrc-series-monitor-and-keyboard-with-philips-intellivue-mp20-30\/\" class=\"product-card-image\">\n                                                    <img decoding=\"async\" src=\"https:\/\/www.gcx.com\/wp-content\/uploads\/2024\/02\/VHRC_PhillipsMP5_GridImage.jpg\" alt=\"VHRC Phillips MP5 Grid Image\">\n                                                <\/a>\n                                                                                        <h6 class=\"product-card-title\">\n                                                <a href=\"https:\/\/www.gcx.com\/products\/gcx\/vhrc-series-monitor-and-keyboard-with-philips-intellivue-mp20-30\/\">\n                                                                                                        Monitor y teclado Serie VHRC con Philips IntelliVue MP20\/30                                                <\/a>\n                                            <\/h6>\n                                        <\/div>\n                                    <\/div>\n                                \n                                    <div>\n                                        <div class=\"product-card\">\n                                                                                            <a href=\"https:\/\/www.gcx.com\/products\/gcx\/vhrc-variable-height-configurable-cart-workstation\/\" class=\"product-card-image\">\n                                                    <img decoding=\"async\" src=\"https:\/\/www.gcx.com\/wp-content\/uploads\/2024\/02\/5a_enc_kbext_2fp-load1-sm-web_lg_2021-02-15-233945.jpg\" alt=\"5a enc kbext 2fp load1 sm web lg\">\n                                                <\/a>\n                                                                                        <h6 class=\"product-card-title\">\n                                                <a href=\"https:\/\/www.gcx.com\/products\/gcx\/vhrc-variable-height-configurable-cart-workstation\/\">\n                                                                                                        Estaci\u00f3n de trabajo de doble monitor en carro configurable de altura variable VHRC                                                <\/a>\n                                            <\/h6>\n                                        <\/div>\n                                    <\/div>\n                                \n                                    <div>\n                                        <div class=\"product-card\">\n                                                                                            <a href=\"https:\/\/www.gcx.com\/products\/gcx\/vhrc-series-laptop-cart\/\" class=\"product-card-image\">\n                                                    <img decoding=\"async\" src=\"https:\/\/www.gcx.com\/wp-content\/uploads\/2024\/02\/VHRCLaptopCart_2021-02-16-001514.jpg\" alt=\"VHRC Laptop Cart\">\n                                                <\/a>\n                                                                                        <h6 class=\"product-card-title\">\n                                                <a href=\"https:\/\/www.gcx.com\/products\/gcx\/vhrc-series-laptop-cart\/\">\n                                                                                                        Carro para computadora port\u00e1til serie VHRC                                                <\/a>\n                                            <\/h6>\n                                        <\/div>\n                                    <\/div>\n                                \n                                    <div>\n                                        <div class=\"product-card\">\n                                                                                            <a href=\"https:\/\/www.gcx.com\/products\/gcx\/vhrc-series-with-stor-locx-and-medical-device\/\" class=\"product-card-image\">\n                                                    <img decoding=\"async\" src=\"https:\/\/www.gcx.com\/wp-content\/uploads\/2024\/02\/SpecialConfig1b_LG-1-200x200.jpg\" alt=\"Special Config1b LG\">\n                                                <\/a>\n                                                                                        <h6 class=\"product-card-title\">\n                                                <a href=\"https:\/\/www.gcx.com\/products\/gcx\/vhrc-series-with-stor-locx-and-medical-device\/\">\n                                                                                                        Serie VHRC con Stor-Locx y dispositivo m\u00e9dico                                                <\/a>\n                                            <\/h6>\n                                        <\/div>\n                                    <\/div>\n                                \n                                    <div>\n                                        <div class=\"product-card\">\n                                                                                            <a href=\"https:\/\/www.gcx.com\/products\/gcx\/vhrc-variable-height-configurable-cart-for-large-flat-panel-tv\/\" class=\"product-card-image\">\n                                                    <img decoding=\"async\" src=\"https:\/\/www.gcx.com\/wp-content\/uploads\/2024\/02\/TvMountVhrc_Technical_LG_2021-02-16-000811-scaled.jpg\" alt=\"Tv Mount Vhrc Technical LG\">\n                                                <\/a>\n                                                                                        <h6 class=\"product-card-title\">\n                                                <a href=\"https:\/\/www.gcx.com\/products\/gcx\/vhrc-variable-height-configurable-cart-for-large-flat-panel-tv\/\">\n                                                                                                        Montura m\u00f3vil de altura variable para monitor grande de pantalla plana\/TV                                                <\/a>\n                                            <\/h6>\n                                        <\/div>\n                                    <\/div>\n                                \n                                    <div>\n                                        <div class=\"product-card\">\n                                                                                            <a href=\"https:\/\/www.gcx.com\/products\/gcx\/vhrc-variable-height-configurable-cart-for-philips-intellivue-mx600-mx700-mx800-and-laptop\/\" class=\"product-card-image\">\n                                                    <img decoding=\"async\" src=\"https:\/\/www.gcx.com\/wp-content\/uploads\/2024\/02\/VHRCMX800-web.jpg\" alt=\"VHRCMX800 web\">\n                                                <\/a>\n                                                                                        <h6 class=\"product-card-title\">\n                                                <a href=\"https:\/\/www.gcx.com\/products\/gcx\/vhrc-variable-height-configurable-cart-for-philips-intellivue-mx600-mx700-mx800-and-laptop\/\">\n                                                                                                        Estaci\u00f3n de trabajo configurable de altura variable Philips IntelliVue MX600\/700\/800 VHRC con carcasa para computadora port\u00e1til                                                <\/a>\n                                            <\/h6>\n                                        <\/div>\n                                    <\/div>\n                                                                                            <\/div>\n                                                        <\/div>\n                                                <\/div>\n                                                                        <\/div>\n    <\/section>\n\n<div class=\"modal fade\" id=\"catalog-modal\" tabindex=\"-1\">\n        <div class=\"modal-dialog modal-md modal-dialog-centered\">\n        <div class=\"modal-content\">\n            <div class=\"modal-header\">\n                <h3 class=\"modal-title\">Crear cat\u00e1logo<\/h3>\n                <button type=\"button\" class=\"btn-close\" data-bs-dismiss=\"modal\" aria-label=\"Close\"><\/button>\n            <\/div>\n            <div id=\"generate-catalog-modal\" class=\"modal-body\">\n                <p>Descargue un cat\u00e1logo en PDF de esta secci\u00f3n de la oferta de productos GCX.<\/p>\n                <a href=\"#\" class=\"btn btn-primary js-generate-catalog\"><i class=\"fa-solid fa-gear me-1\"><\/i>Crear cat\u00e1logo<\/a>\n            <\/div>\n        <\/div>\n    <\/div>\n    <script>\n        jQuery(document).ready(function($) {\n\n            $(\"body\").on(\"click\", \".js-generate-catalog\", function(e) {\n                e.preventDefault();\n\n                $(\"#generate-catalog-modal\").html('<div class=\"text-center\"><button class=\"btn btn-warning\" type=\"button\" disabled><i class=\"me-1 fa-solid fa-cog fa-spin\"><\/i>Espere, por favor<\/button><\/div>');\n\n                var data = {\n                    'action': 'generate_catalog',\n                    'security': gcx_ajax_object.nonce,\n                    'generate_catalog': {\n                        'generate-pdf': true, \/\/ or false, depending on your logic\n                        'product-id': 114847                    }\n                };\n\n                $.post(gcx_ajax_object.ajax_url, data, function(response) {\n                    console.log(response);\n                    \/\/ Handle response\n                    $(\"#generate-catalog-modal\").html(response);\n                });\n            });\n        });\n    <\/script>\n\n<\/div>  <\/div>","protected":false},"excerpt":{"rendered":"<p>Integra dispositivos m\u00e9dicos, hardware inform\u00e1tico y accesorios para crear una soluci\u00f3n m\u00f3vil configurable, segura y f\u00e1cil de actualizar.<\/p>\n","protected":false},"author":1,"featured_media":0,"parent":112988,"menu_order":0,"comment_status":"open","ping_status":"open","template":"","meta":{"_acf_changed":false,"content-type":"","footnotes":""},"class_list":["post-114847","page","type-page","status-publish","hentry"],"acf":[],"yoast_head":"<!-- This site is optimized with the Yoast SEO plugin v27.2 - https:\/\/yoast.com\/product\/yoast-seo-wordpress\/ -->\n<title>Serie VHRC | Soluciones de montaje GCX Medical<\/title>\n<meta name=\"robots\" content=\"index, follow, max-snippet:-1, max-image-preview:large, max-video-preview:-1\" \/>\n<link rel=\"canonical\" href=\"https:\/\/www.gcx.com\/es\/productos\/series-de-productos\/serie-vhrc\/\" \/>\n<meta property=\"og:locale\" content=\"es_ES\" \/>\n<meta property=\"og:type\" content=\"article\" \/>\n<meta property=\"og:title\" content=\"Serie VHRC | Soluciones de montaje GCX Medical\" \/>\n<meta property=\"og:description\" content=\"Integra dispositivos m\u00e9dicos, hardware inform\u00e1tico y accesorios para crear una soluci\u00f3n m\u00f3vil configurable, segura y f\u00e1cil de actualizar.\" \/>\n<meta property=\"og:url\" content=\"https:\/\/www.gcx.com\/es\/productos\/series-de-productos\/serie-vhrc\/\" \/>\n<meta property=\"og:site_name\" content=\"Soluciones de montaje GCX Medical\" \/>\n<meta property=\"article:publisher\" content=\"https:\/\/www.facebook.com\/GCXMountingSolutions\/\" \/>\n<meta property=\"article:modified_time\" content=\"2024-04-25T15:30:55+00:00\" \/>\n<meta property=\"og:image\" content=\"https:\/\/www.gcx.com\/wp-content\/uploads\/2024\/02\/gcx_logo.png\" \/>\n\t<meta property=\"og:image:width\" content=\"400\" \/>\n\t<meta property=\"og:image:height\" content=\"166\" \/>\n\t<meta property=\"og:image:type\" content=\"image\/png\" \/>\n<meta name=\"twitter:card\" content=\"summary_large_image\" \/>\n<meta name=\"twitter:site\" content=\"@gcxcorp\" \/>\n<script type=\"application\/ld+json\" class=\"yoast-schema-graph\">{\"@context\":\"https:\/\/schema.org\",\"@graph\":[{\"@type\":\"WebPage\",\"@id\":\"https:\/\/www.gcx.com\/es\/productos\/series-de-productos\/serie-vhrc\/\",\"url\":\"https:\/\/www.gcx.com\/es\/productos\/series-de-productos\/serie-vhrc\/\",\"name\":\"Serie VHRC | Soluciones de montaje GCX Medical\",\"isPartOf\":{\"@id\":\"https:\/\/www.gcx.com\/es\/#website\"},\"datePublished\":\"2024-02-23T09:28:24+00:00\",\"dateModified\":\"2024-04-25T15:30:55+00:00\",\"breadcrumb\":{\"@id\":\"https:\/\/www.gcx.com\/es\/productos\/series-de-productos\/serie-vhrc\/#breadcrumb\"},\"inLanguage\":\"es\",\"potentialAction\":[{\"@type\":\"ReadAction\",\"target\":[\"https:\/\/www.gcx.com\/es\/productos\/series-de-productos\/serie-vhrc\/\"]}]},{\"@type\":\"BreadcrumbList\",\"@id\":\"https:\/\/www.gcx.com\/es\/productos\/series-de-productos\/serie-vhrc\/#breadcrumb\",\"itemListElement\":[{\"@type\":\"ListItem\",\"position\":1,\"name\":\"Home\",\"item\":\"https:\/\/www.gcx.com\/es\/\"},{\"@type\":\"ListItem\",\"position\":2,\"name\":\"Productos\",\"item\":\"https:\/\/www.gcx.com\/es\/productos\/\"},{\"@type\":\"ListItem\",\"position\":3,\"name\":\"Series de productos\",\"item\":\"https:\/\/www.gcx.com\/es\/productos\/series-de-productos\/\"},{\"@type\":\"ListItem\",\"position\":4,\"name\":\"Serie VHRC\"}]},{\"@type\":\"WebSite\",\"@id\":\"https:\/\/www.gcx.com\/es\/#website\",\"url\":\"https:\/\/www.gcx.com\/es\/\",\"name\":\"GCX Medical Mounting Solutions\",\"description\":\"\",\"publisher\":{\"@id\":\"https:\/\/www.gcx.com\/es\/#organization\"},\"alternateName\":\"GCX\",\"potentialAction\":[{\"@type\":\"SearchAction\",\"target\":{\"@type\":\"EntryPoint\",\"urlTemplate\":\"https:\/\/www.gcx.com\/es\/?s={search_term_string}\"},\"query-input\":{\"@type\":\"PropertyValueSpecification\",\"valueRequired\":true,\"valueName\":\"search_term_string\"}}],\"inLanguage\":\"es\"},{\"@type\":\"Organization\",\"@id\":\"https:\/\/www.gcx.com\/es\/#organization\",\"name\":\"GCX Medical Mounting Solutions\",\"alternateName\":\"GCX\",\"url\":\"https:\/\/www.gcx.com\/es\/\",\"logo\":{\"@type\":\"ImageObject\",\"inLanguage\":\"es\",\"@id\":\"https:\/\/www.gcx.com\/es\/#\/schema\/logo\/image\/\",\"url\":\"https:\/\/www.gcx.com\/wp-content\/uploads\/2024\/02\/gcx_logo.png\",\"contentUrl\":\"https:\/\/www.gcx.com\/wp-content\/uploads\/2024\/02\/gcx_logo.png\",\"width\":400,\"height\":166,\"caption\":\"GCX Medical Mounting Solutions\"},\"image\":{\"@id\":\"https:\/\/www.gcx.com\/es\/#\/schema\/logo\/image\/\"},\"sameAs\":[\"https:\/\/www.facebook.com\/GCXMountingSolutions\/\",\"https:\/\/x.com\/gcxcorp\",\"https:\/\/linkedin.com\/company\/gcx\",\"https:\/\/www.instagram.com\/gcxcorp\",\"https:\/\/www.youtube.com\/gcxcorp\"]}]}<\/script>\n<!-- \/ Yoast SEO plugin. -->","yoast_head_json":{"title":"Serie VHRC | Soluciones de montaje GCX Medical","robots":{"index":"index","follow":"follow","max-snippet":"max-snippet:-1","max-image-preview":"max-image-preview:large","max-video-preview":"max-video-preview:-1"},"canonical":"https:\/\/www.gcx.com\/es\/productos\/series-de-productos\/serie-vhrc\/","og_locale":"es_ES","og_type":"article","og_title":"Serie VHRC | Soluciones de montaje GCX Medical","og_description":"Integra dispositivos m\u00e9dicos, hardware inform\u00e1tico y accesorios para crear una soluci\u00f3n m\u00f3vil configurable, segura y f\u00e1cil de actualizar.","og_url":"https:\/\/www.gcx.com\/es\/productos\/series-de-productos\/serie-vhrc\/","og_site_name":"Soluciones de montaje GCX Medical","article_publisher":"https:\/\/www.facebook.com\/GCXMountingSolutions\/","article_modified_time":"2024-04-25T15:30:55+00:00","og_image":[{"width":400,"height":166,"url":"https:\/\/www.gcx.com\/wp-content\/uploads\/2024\/02\/gcx_logo.png","type":"image\/png"}],"twitter_card":"summary_large_image","twitter_site":"@gcxcorp","schema":{"@context":"https:\/\/schema.org","@graph":[{"@type":"WebPage","@id":"https:\/\/www.gcx.com\/es\/productos\/series-de-productos\/serie-vhrc\/","url":"https:\/\/www.gcx.com\/es\/productos\/series-de-productos\/serie-vhrc\/","name":"Serie VHRC | Soluciones de montaje GCX Medical","isPartOf":{"@id":"https:\/\/www.gcx.com\/es\/#website"},"datePublished":"2024-02-23T09:28:24+00:00","dateModified":"2024-04-25T15:30:55+00:00","breadcrumb":{"@id":"https:\/\/www.gcx.com\/es\/productos\/series-de-productos\/serie-vhrc\/#breadcrumb"},"inLanguage":"es","potentialAction":[{"@type":"ReadAction","target":["https:\/\/www.gcx.com\/es\/productos\/series-de-productos\/serie-vhrc\/"]}]},{"@type":"BreadcrumbList","@id":"https:\/\/www.gcx.com\/es\/productos\/series-de-productos\/serie-vhrc\/#breadcrumb","itemListElement":[{"@type":"ListItem","position":1,"name":"Home","item":"https:\/\/www.gcx.com\/es\/"},{"@type":"ListItem","position":2,"name":"Productos","item":"https:\/\/www.gcx.com\/es\/productos\/"},{"@type":"ListItem","position":3,"name":"Series de productos","item":"https:\/\/www.gcx.com\/es\/productos\/series-de-productos\/"},{"@type":"ListItem","position":4,"name":"Serie VHRC"}]},{"@type":"WebSite","@id":"https:\/\/www.gcx.com\/es\/#website","url":"https:\/\/www.gcx.com\/es\/","name":"GCX Medical Mounting Solutions","description":"","publisher":{"@id":"https:\/\/www.gcx.com\/es\/#organization"},"alternateName":"GCX","potentialAction":[{"@type":"SearchAction","target":{"@type":"EntryPoint","urlTemplate":"https:\/\/www.gcx.com\/es\/?s={search_term_string}"},"query-input":{"@type":"PropertyValueSpecification","valueRequired":true,"valueName":"search_term_string"}}],"inLanguage":"es"},{"@type":"Organization","@id":"https:\/\/www.gcx.com\/es\/#organization","name":"GCX Medical Mounting Solutions","alternateName":"GCX","url":"https:\/\/www.gcx.com\/es\/","logo":{"@type":"ImageObject","inLanguage":"es","@id":"https:\/\/www.gcx.com\/es\/#\/schema\/logo\/image\/","url":"https:\/\/www.gcx.com\/wp-content\/uploads\/2024\/02\/gcx_logo.png","contentUrl":"https:\/\/www.gcx.com\/wp-content\/uploads\/2024\/02\/gcx_logo.png","width":400,"height":166,"caption":"GCX Medical Mounting Solutions"},"image":{"@id":"https:\/\/www.gcx.com\/es\/#\/schema\/logo\/image\/"},"sameAs":["https:\/\/www.facebook.com\/GCXMountingSolutions\/","https:\/\/x.com\/gcxcorp","https:\/\/linkedin.com\/company\/gcx","https:\/\/www.instagram.com\/gcxcorp","https:\/\/www.youtube.com\/gcxcorp"]}]}},"_links":{"self":[{"href":"https:\/\/www.gcx.com\/es\/wp-json\/wp\/v2\/pages\/114847","targetHints":{"allow":["GET"]}}],"collection":[{"href":"https:\/\/www.gcx.com\/es\/wp-json\/wp\/v2\/pages"}],"about":[{"href":"https:\/\/www.gcx.com\/es\/wp-json\/wp\/v2\/types\/page"}],"author":[{"embeddable":true,"href":"https:\/\/www.gcx.com\/es\/wp-json\/wp\/v2\/users\/1"}],"replies":[{"embeddable":true,"href":"https:\/\/www.gcx.com\/es\/wp-json\/wp\/v2\/comments?post=114847"}],"version-history":[{"count":0,"href":"https:\/\/www.gcx.com\/es\/wp-json\/wp\/v2\/pages\/114847\/revisions"}],"up":[{"embeddable":true,"href":"https:\/\/www.gcx.com\/es\/wp-json\/wp\/v2\/pages\/112988"}],"wp:attachment":[{"href":"https:\/\/www.gcx.com\/es\/wp-json\/wp\/v2\/media?parent=114847"}],"curies":[{"name":"wp","href":"https:\/\/api.w.org\/{rel}","templated":true}]}}