{"id":114816,"date":"2024-02-23T09:29:29","date_gmt":"2024-02-23T09:29:29","guid":{"rendered":"https:\/\/www.gcx.com\/mantenimiento-de-los-brazos-murales-de-la-serie-vhm\/"},"modified":"2024-04-25T15:27:13","modified_gmt":"2024-04-25T15:27:13","slug":"mantenimiento-de-los-brazos-murales-de-la-serie-vhm","status":"publish","type":"page","link":"https:\/\/www.gcx.com\/es\/support\/soporte-serie-vhm\/mantenimiento-de-los-brazos-murales-de-la-serie-vhm\/","title":{"rendered":"Mantenimiento de los brazos murales de la serie VHM"},"content":{"rendered":"\n<section id=\"content-block_d3b02a97ec608e72ad78f814196ce3f6\"  class=\"pb-5\">\n  <div class=\"container\">\n  <div class=\"row flex-md-row-reverse\">\n          <div class=\"col-md-4 mb-4 mb-md-0\">\n                              <img decoding=\"async\" class=\"img-fluid \" src=\"https:\/\/www.gcx.com\/wp-content\/uploads\/2024\/02\/vhmguide-locklever.jpg\" alt=\"Vhmguide locklever\">\n          \n              <\/div>\n        <div class=\"col-md-8\">\n      <div class=\"text-editor fs-md\">\n        <p>Estimados clientes de GCX:<\/p>\n<p>Nuestros registros muestran que anteriormente compraste productos de montaje GCX para utilizarlos en tus instalaciones. GCX ha recibido dos informes de movimiento inesperado del brazo al soltar la palanca de bloqueo del VHM. En ambos casos, el resorte de gas interno que contrarresta la carga montada hab\u00eda perdido su carga de gas. Los resortes de gas tienen una vida finita y pierden presi\u00f3n gradualmente con el paso de los a\u00f1os. En los casos en que el brazo se mueve con regularidad o se revisa peri\u00f3dicamente, la p\u00e9rdida de presi\u00f3n es evidente y no supone un peligro. Sin embargo, en los casos en que el brazo se deja sin usar y sin controlar durante muchos meses, la p\u00e9rdida gradual de presi\u00f3n puede no notarse hasta que se suelta la palanca de bloqueo. El movimiento brusco resultante podr\u00eda causar lesiones a un cuidador desprevenido, o da\u00f1os a otros equipos.<\/p>\n<p>Podr\u00eda darse una situaci\u00f3n similar si<\/p>\n<ul>\n<li>El brazo no se instal\u00f3 originalmente y se contrapes\u00f3 correctamente; o<\/li>\n<li>Se acopla al brazo un monitor o una carga diferentes sin que se reajuste el contrapeso.<\/li>\n<\/ul>\n<p>Para mitigar estos riesgos potenciales, se han tomado las siguientes medidas:<\/p>\n<ul>\n<li>La secci\u00f3n 1 del manual de instalaci\u00f3n se ha actualizado para incluir m\u00e1s detalles que la versi\u00f3n anterior sobre la inspecci\u00f3n peri\u00f3dica del brazo. Como los resortes de gas pierden presi\u00f3n lentamente, una comprobaci\u00f3n bianual para ver que el brazo funciona correctamente es adecuada.<\/li>\n<li>GCX ha iniciado un programa para reacondicionar de forma rentable las armas VHM que tienen muelles de gas caducados. Esto reducir\u00e1 los residuos y disuadir\u00e1 a los hospitales de utilizar un producto que necesita mantenimiento.<\/li>\n<li>Se est\u00e1 a\u00f1adiendo una etiqueta de advertencia de<span class=\"pull-double\">\u00ab<\/span>Movimiento brusco\u00bb a los brazos VHM de producci\u00f3n actual, cerca de la palanca de bloqueo. Puedes obtenerlos gratuitamente poni\u00e9ndote en contacto con el Servicio T\u00e9cnico de GCX llamando al 800-228-2555.<\/li>\n<\/ul>\n<p>Si el propietario de una VHM no desea inspeccionar peri\u00f3dicamente el brazo, se recomienda retirar por completo la palanca de bloqueo. Esto permitir\u00e1 que el brazo se deslice lentamente hacia abajo al perder presi\u00f3n el muelle.<\/p>\n<p>GCX ha establecido un proceso de tres pasos para reacondicionar los brazos VHM afectados:<\/p>\n<ol>\n<li>Llama al servicio t\u00e9cnico de GCX al 800-228-2555.<\/li>\n<li>Proporciona el n\u00famero de pieza GCX y la cantidad de productos adquiridos.<\/li>\n<li>Tras la confirmaci\u00f3n del nuevo pedido, GCX desarrollar\u00e1 un programa de sustituci\u00f3n personalizado para tu hospital. Los brazos de recambio iniciales suelen llegar en un plazo de 30 d\u00edas.<\/li>\n<\/ol>\n<p>Si en alg\u00fan momento tienes alguna pregunta sobre tus brazos VHM o el programa de reacondicionamiento, ponte en contacto con el Servicio de Asistencia T\u00e9cnica. Gracias por tu atenci\u00f3n a este asunto.<\/p>\n              <\/div>\n    <\/div>\n  <\/div>\n<\/div>\n<\/section>\n","protected":false},"excerpt":{"rendered":"","protected":false},"author":1,"featured_media":0,"parent":114828,"menu_order":0,"comment_status":"open","ping_status":"closed","template":"","meta":{"_acf_changed":false,"content-type":"","footnotes":""},"class_list":["post-114816","page","type-page","status-publish","hentry"],"acf":[],"yoast_head":"<!-- This site is optimized with the Yoast SEO plugin v27.3 - https:\/\/yoast.com\/product\/yoast-seo-wordpress\/ -->\n<title>Mantenimiento de los brazos de montaje en pared de la serie VHM | Soluciones de montaje GCX Medical<\/title>\n<meta name=\"description\" content=\"-Descripci\u00f3n meta no establecida.\" \/>\n<meta name=\"robots\" content=\"index, follow, max-snippet:-1, max-image-preview:large, max-video-preview:-1\" \/>\n<link rel=\"canonical\" href=\"https:\/\/www.gcx.com\/es\/support\/soporte-serie-vhm\/mantenimiento-de-los-brazos-murales-de-la-serie-vhm\/\" \/>\n<meta property=\"og:locale\" content=\"es_ES\" \/>\n<meta property=\"og:type\" content=\"article\" \/>\n<meta property=\"og:title\" content=\"Mantenimiento de los brazos de montaje en pared de la serie VHM | Soluciones de montaje GCX Medical\" \/>\n<meta property=\"og:description\" content=\"-Descripci\u00f3n meta no establecida.\" \/>\n<meta property=\"og:url\" content=\"https:\/\/www.gcx.com\/es\/support\/soporte-serie-vhm\/mantenimiento-de-los-brazos-murales-de-la-serie-vhm\/\" \/>\n<meta property=\"og:site_name\" content=\"Soluciones de montaje GCX Medical\" \/>\n<meta property=\"article:publisher\" content=\"https:\/\/www.facebook.com\/GCXMountingSolutions\/\" \/>\n<meta property=\"article:modified_time\" content=\"2024-04-25T15:27:13+00:00\" \/>\n<meta property=\"og:image\" content=\"https:\/\/www.gcx.com\/wp-content\/uploads\/2024\/02\/gcx_logo.png\" \/>\n\t<meta property=\"og:image:width\" content=\"400\" \/>\n\t<meta property=\"og:image:height\" content=\"166\" \/>\n\t<meta property=\"og:image:type\" content=\"image\/png\" \/>\n<meta name=\"twitter:card\" content=\"summary_large_image\" \/>\n<meta name=\"twitter:site\" content=\"@gcxcorp\" \/>\n<script type=\"application\/ld+json\" class=\"yoast-schema-graph\">{\"@context\":\"https:\\\/\\\/schema.org\",\"@graph\":[{\"@type\":\"WebPage\",\"@id\":\"https:\\\/\\\/www.gcx.com\\\/es\\\/support\\\/soporte-serie-vhm\\\/mantenimiento-de-los-brazos-murales-de-la-serie-vhm\\\/\",\"url\":\"https:\\\/\\\/www.gcx.com\\\/es\\\/support\\\/soporte-serie-vhm\\\/mantenimiento-de-los-brazos-murales-de-la-serie-vhm\\\/\",\"name\":\"Mantenimiento de los brazos de montaje en pared de la serie VHM | Soluciones de montaje GCX Medical\",\"isPartOf\":{\"@id\":\"https:\\\/\\\/www.gcx.com\\\/es\\\/#website\"},\"datePublished\":\"2024-02-23T09:29:29+00:00\",\"dateModified\":\"2024-04-25T15:27:13+00:00\",\"description\":\"-Descripci\u00f3n meta no establecida.\",\"breadcrumb\":{\"@id\":\"https:\\\/\\\/www.gcx.com\\\/es\\\/support\\\/soporte-serie-vhm\\\/mantenimiento-de-los-brazos-murales-de-la-serie-vhm\\\/#breadcrumb\"},\"inLanguage\":\"es\",\"potentialAction\":[{\"@type\":\"ReadAction\",\"target\":[\"https:\\\/\\\/www.gcx.com\\\/es\\\/support\\\/soporte-serie-vhm\\\/mantenimiento-de-los-brazos-murales-de-la-serie-vhm\\\/\"]}]},{\"@type\":\"BreadcrumbList\",\"@id\":\"https:\\\/\\\/www.gcx.com\\\/es\\\/support\\\/soporte-serie-vhm\\\/mantenimiento-de-los-brazos-murales-de-la-serie-vhm\\\/#breadcrumb\",\"itemListElement\":[{\"@type\":\"ListItem\",\"position\":1,\"name\":\"Home\",\"item\":\"https:\\\/\\\/www.gcx.com\\\/es\\\/\"},{\"@type\":\"ListItem\",\"position\":2,\"name\":\"Ayuda\",\"item\":\"https:\\\/\\\/www.gcx.com\\\/es\\\/support\\\/\"},{\"@type\":\"ListItem\",\"position\":3,\"name\":\"Soporte Serie VHM\",\"item\":\"https:\\\/\\\/www.gcx.com\\\/es\\\/support\\\/soporte-serie-vhm\\\/\"},{\"@type\":\"ListItem\",\"position\":4,\"name\":\"Mantenimiento de los brazos murales de la serie VHM\"}]},{\"@type\":\"WebSite\",\"@id\":\"https:\\\/\\\/www.gcx.com\\\/es\\\/#website\",\"url\":\"https:\\\/\\\/www.gcx.com\\\/es\\\/\",\"name\":\"GCX Medical Mounting Solutions\",\"description\":\"\",\"publisher\":{\"@id\":\"https:\\\/\\\/www.gcx.com\\\/es\\\/#organization\"},\"alternateName\":\"GCX\",\"potentialAction\":[{\"@type\":\"SearchAction\",\"target\":{\"@type\":\"EntryPoint\",\"urlTemplate\":\"https:\\\/\\\/www.gcx.com\\\/es\\\/?s={search_term_string}\"},\"query-input\":{\"@type\":\"PropertyValueSpecification\",\"valueRequired\":true,\"valueName\":\"search_term_string\"}}],\"inLanguage\":\"es\"},{\"@type\":\"Organization\",\"@id\":\"https:\\\/\\\/www.gcx.com\\\/es\\\/#organization\",\"name\":\"GCX Medical Mounting Solutions\",\"alternateName\":\"GCX\",\"url\":\"https:\\\/\\\/www.gcx.com\\\/es\\\/\",\"logo\":{\"@type\":\"ImageObject\",\"inLanguage\":\"es\",\"@id\":\"https:\\\/\\\/www.gcx.com\\\/es\\\/#\\\/schema\\\/logo\\\/image\\\/\",\"url\":\"https:\\\/\\\/www.gcx.com\\\/wp-content\\\/uploads\\\/2024\\\/02\\\/gcx_logo.png\",\"contentUrl\":\"https:\\\/\\\/www.gcx.com\\\/wp-content\\\/uploads\\\/2024\\\/02\\\/gcx_logo.png\",\"width\":400,\"height\":166,\"caption\":\"GCX Medical Mounting Solutions\"},\"image\":{\"@id\":\"https:\\\/\\\/www.gcx.com\\\/es\\\/#\\\/schema\\\/logo\\\/image\\\/\"},\"sameAs\":[\"https:\\\/\\\/www.facebook.com\\\/GCXMountingSolutions\\\/\",\"https:\\\/\\\/x.com\\\/gcxcorp\",\"https:\\\/\\\/linkedin.com\\\/company\\\/gcx\",\"https:\\\/\\\/www.instagram.com\\\/gcxcorp\",\"https:\\\/\\\/www.youtube.com\\\/gcxcorp\"]}]}<\/script>\n<!-- \/ Yoast SEO plugin. -->","yoast_head_json":{"title":"Mantenimiento de los brazos de montaje en pared de la serie VHM | Soluciones de montaje GCX Medical","description":"-Descripci\u00f3n meta no establecida.","robots":{"index":"index","follow":"follow","max-snippet":"max-snippet:-1","max-image-preview":"max-image-preview:large","max-video-preview":"max-video-preview:-1"},"canonical":"https:\/\/www.gcx.com\/es\/support\/soporte-serie-vhm\/mantenimiento-de-los-brazos-murales-de-la-serie-vhm\/","og_locale":"es_ES","og_type":"article","og_title":"Mantenimiento de los brazos de montaje en pared de la serie VHM | Soluciones de montaje GCX Medical","og_description":"-Descripci\u00f3n meta no establecida.","og_url":"https:\/\/www.gcx.com\/es\/support\/soporte-serie-vhm\/mantenimiento-de-los-brazos-murales-de-la-serie-vhm\/","og_site_name":"Soluciones de montaje GCX Medical","article_publisher":"https:\/\/www.facebook.com\/GCXMountingSolutions\/","article_modified_time":"2024-04-25T15:27:13+00:00","og_image":[{"width":400,"height":166,"url":"https:\/\/www.gcx.com\/wp-content\/uploads\/2024\/02\/gcx_logo.png","type":"image\/png"}],"twitter_card":"summary_large_image","twitter_site":"@gcxcorp","schema":{"@context":"https:\/\/schema.org","@graph":[{"@type":"WebPage","@id":"https:\/\/www.gcx.com\/es\/support\/soporte-serie-vhm\/mantenimiento-de-los-brazos-murales-de-la-serie-vhm\/","url":"https:\/\/www.gcx.com\/es\/support\/soporte-serie-vhm\/mantenimiento-de-los-brazos-murales-de-la-serie-vhm\/","name":"Mantenimiento de los brazos de montaje en pared de la serie VHM | Soluciones de montaje GCX Medical","isPartOf":{"@id":"https:\/\/www.gcx.com\/es\/#website"},"datePublished":"2024-02-23T09:29:29+00:00","dateModified":"2024-04-25T15:27:13+00:00","description":"-Descripci\u00f3n meta no establecida.","breadcrumb":{"@id":"https:\/\/www.gcx.com\/es\/support\/soporte-serie-vhm\/mantenimiento-de-los-brazos-murales-de-la-serie-vhm\/#breadcrumb"},"inLanguage":"es","potentialAction":[{"@type":"ReadAction","target":["https:\/\/www.gcx.com\/es\/support\/soporte-serie-vhm\/mantenimiento-de-los-brazos-murales-de-la-serie-vhm\/"]}]},{"@type":"BreadcrumbList","@id":"https:\/\/www.gcx.com\/es\/support\/soporte-serie-vhm\/mantenimiento-de-los-brazos-murales-de-la-serie-vhm\/#breadcrumb","itemListElement":[{"@type":"ListItem","position":1,"name":"Home","item":"https:\/\/www.gcx.com\/es\/"},{"@type":"ListItem","position":2,"name":"Ayuda","item":"https:\/\/www.gcx.com\/es\/support\/"},{"@type":"ListItem","position":3,"name":"Soporte Serie VHM","item":"https:\/\/www.gcx.com\/es\/support\/soporte-serie-vhm\/"},{"@type":"ListItem","position":4,"name":"Mantenimiento de los brazos murales de la serie VHM"}]},{"@type":"WebSite","@id":"https:\/\/www.gcx.com\/es\/#website","url":"https:\/\/www.gcx.com\/es\/","name":"GCX Medical Mounting Solutions","description":"","publisher":{"@id":"https:\/\/www.gcx.com\/es\/#organization"},"alternateName":"GCX","potentialAction":[{"@type":"SearchAction","target":{"@type":"EntryPoint","urlTemplate":"https:\/\/www.gcx.com\/es\/?s={search_term_string}"},"query-input":{"@type":"PropertyValueSpecification","valueRequired":true,"valueName":"search_term_string"}}],"inLanguage":"es"},{"@type":"Organization","@id":"https:\/\/www.gcx.com\/es\/#organization","name":"GCX Medical Mounting Solutions","alternateName":"GCX","url":"https:\/\/www.gcx.com\/es\/","logo":{"@type":"ImageObject","inLanguage":"es","@id":"https:\/\/www.gcx.com\/es\/#\/schema\/logo\/image\/","url":"https:\/\/www.gcx.com\/wp-content\/uploads\/2024\/02\/gcx_logo.png","contentUrl":"https:\/\/www.gcx.com\/wp-content\/uploads\/2024\/02\/gcx_logo.png","width":400,"height":166,"caption":"GCX Medical Mounting Solutions"},"image":{"@id":"https:\/\/www.gcx.com\/es\/#\/schema\/logo\/image\/"},"sameAs":["https:\/\/www.facebook.com\/GCXMountingSolutions\/","https:\/\/x.com\/gcxcorp","https:\/\/linkedin.com\/company\/gcx","https:\/\/www.instagram.com\/gcxcorp","https:\/\/www.youtube.com\/gcxcorp"]}]}},"_links":{"self":[{"href":"https:\/\/www.gcx.com\/es\/wp-json\/wp\/v2\/pages\/114816","targetHints":{"allow":["GET"]}}],"collection":[{"href":"https:\/\/www.gcx.com\/es\/wp-json\/wp\/v2\/pages"}],"about":[{"href":"https:\/\/www.gcx.com\/es\/wp-json\/wp\/v2\/types\/page"}],"author":[{"embeddable":true,"href":"https:\/\/www.gcx.com\/es\/wp-json\/wp\/v2\/users\/1"}],"replies":[{"embeddable":true,"href":"https:\/\/www.gcx.com\/es\/wp-json\/wp\/v2\/comments?post=114816"}],"version-history":[{"count":0,"href":"https:\/\/www.gcx.com\/es\/wp-json\/wp\/v2\/pages\/114816\/revisions"}],"up":[{"embeddable":true,"href":"https:\/\/www.gcx.com\/es\/wp-json\/wp\/v2\/pages\/114828"}],"wp:attachment":[{"href":"https:\/\/www.gcx.com\/es\/wp-json\/wp\/v2\/media?parent=114816"}],"curies":[{"name":"wp","href":"https:\/\/api.w.org\/{rel}","templated":true}]}}