{"id":126687,"date":"2025-05-16T21:25:43","date_gmt":"2025-05-16T21:25:43","guid":{"rendered":"https:\/\/www.gcx.com\/?page_id=126687"},"modified":"2025-05-16T21:25:43","modified_gmt":"2025-05-16T21:25:43","slug":"tablet-rollstander","status":"publish","type":"page","link":"https:\/\/www.gcx.com\/de\/produkte\/tablet-rollstander\/","title":{"rendered":"Tablet-Rollst\u00e4nder"},"content":{"rendered":"\n<section id=\"content-block_1837ddcd249c95b17a018470a09d0a73\"  class=\"pt-5 pb-5 bg-white\">\n  <div class=\"container\">\n  <div class=\"row flex-md-row-reverse\">\n          <div class=\"col-md-4 mb-4 mb-md-0\">\n                              <img decoding=\"async\" class=\"img-fluid \" src=\"https:\/\/www.gcx.com\/wp-content\/uploads\/2024\/03\/Tablet_Rollstand_3images_square_332b5084d1115ba5d545153097aef7e1.jpeg\" alt=\"\">\n          \n              <\/div>\n        <div class=\"col-md-8\">\n      <div class=\"text-editor fs-md\">\n        <p>For tablet-based virtual care to work as intended, devices need to be accessible on demand. The GCX\u00ae Tablet Roll Stand comes equipped with a fixed or variable height tablet arm for optimal viewing and access to video conferencing, electronic medical records, and patient services from anywhere within a hospital setting.<\/p>\n<p>From translation apps and online patient registrations to virtual rounding and telemedicine, our GCX Tablet Roll Stand allows time-pressed nurses, clinicians, and physicians to meet with patients and specialists no matter their location, and without slowing workflows. At the same time, patients enjoy modern care delivery that raises the bar on the patient\u2019s experience.<\/p>\n                  <div class=\"mt-3 mb-n1\">\n                          <a class=\"mb-1 btn btn-primary btn-sm\" href=\"#configurations\">L\u00f6sungen ansehen <\/a>                      <\/div>\n              <\/div>\n    <\/div>\n  <\/div>\n<\/div>\n<\/section>\n\n<section id=\"content-block_4d612f77e679d2454c307f21f12c4c56\"  class=\"pt-5 pb-5\">\n  <div class=\"container\">\n  <div class=\"row\">\n          <div class=\"col-md-4 mb-4 mb-md-0\">\n                              <img decoding=\"async\" class=\"img-fluid \" src=\"https:\/\/www.gcx.com\/wp-content\/uploads\/2024\/03\/TabletRollStand_Accessories_0a21d3d1c1e7dbdfff1fe2c6345827e3.png\" alt=\"\">\n          \n              <\/div>\n        <div class=\"col-md-8\">\n      <div class=\"text-editor fs-md\">\n        <h3>Optimale Tablet-Nutzung f\u00fcr jeden Benutzer<\/h3>\n<p><em>Einer der gr\u00f6\u00dften Vorteile des GCX Tablet Roll Stand ist seine F\u00e4higkeit, sich an die H\u00f6he und Reichweite jedes Benutzers anzupassen.  <\/em><\/p>\n<ul>\n<li>Der optionale <strong>PROADJUST\u2122 Tablet-Arm<\/strong> erm\u00f6glicht es dem Benutzer, das Tablet neu zu positionieren, w\u00e4hrend es fest mit dem Rollst\u00e4nder verbunden bleibt, wodurch die Gefahr des versehentlichen Herunterfallens verringert wird.<\/li>\n<li>Ein <strong>stabiler, 18 x 18 Zoll gro\u00dfer Sockel<\/strong> und vier Zoll gro\u00dfe, feststellbare Rollen sorgen daf\u00fcr, dass Sie den Rollst\u00e4nder problemlos in einen Raum oder einen Sichtbereich hinein- und herausbewegen k\u00f6nnen.<\/li>\n<li><strong>Power Box<\/strong>, um ein Netzteil oder einen USB-Hub entlang des Kanals zu sichern, um ein versehentliches oder absichtliches Herausziehen zu verhindern.<\/li>\n<\/ul>\n              <\/div>\n    <\/div>\n  <\/div>\n<\/div>\n<\/section>\n\n<section id=\"content-block_53ddbae5e10a5fffad7b587294af5ca6\"  class=\"pt-5 pb-5 bg-white\">\n  <div class=\"container\">\n  <div class=\"row flex-md-row-reverse align-items-center\">\n          <div class=\"col-md-6 mb-4 mb-md-0\">\n                              <img decoding=\"async\" class=\"img-fluid \" src=\"https:\/\/www.gcx.com\/wp-content\/uploads\/2024\/03\/TabletRollStand_hiddencord_0a21d3d1c1e7dbdfff1fe2c6345827e3-1.jpeg\" alt=\"\">\n          \n              <\/div>\n        <div class=\"col-md-6\">\n      <div class=\"text-editor fs-md\">\n        <h3>Ausgezeichnetes Kabelmanagement<\/h3>\n<p><em>Dieser Rollenst\u00e4nder wurde entwickelt, um zu verhindern, dass freiliegende Kabel Keime verbreiten oder ein Sicherheitsrisiko darstellen.<\/em><\/p>\n<ul>\n<li>Bis zu 100% verdeckte Kabel f\u00fcr bessere Infektionskontrolle und besseres Kabelmanagement.<\/li>\n<li>Eine Powerbox zur Befestigung eines Netzteils oder eines USB-Hubs entlang des Kanals, um ein versehentliches oder absichtliches Herausziehen zum Laden anderer Ger\u00e4te zu verhindern.<\/li>\n<\/ul>\n<h3>Zubeh\u00f6roptionen und moderner Look<\/h3>\n<p><em>Optionales Zubeh\u00f6r und neue Farben f\u00fcr das Gesundheitswesen von heute.<\/em><\/p>\n<ul>\n<li>Optionale Lautsprecherhalterungen in verschiedenen Formen und Gr\u00f6\u00dfen.<\/li>\n<li>Zubeh\u00f6r wie z.B. Beh\u00e4lter f\u00fcr zus\u00e4tzliche Aufbewahrung.<\/li>\n<li>Neue, moderne, hellwei\u00dfe Farbe, die zu anderen medizinischen Ger\u00e4ten im Raum passt.<\/li>\n<\/ul>\n              <\/div>\n    <\/div>\n  <\/div>\n<\/div>\n<\/section>\n\n<section id=\"content-block_12eaee6922f90011af47c10782f78719\"  class=\"pt-5 pb-5\">\n  <div class=\"container\">\n  <div class=\"row\">\n    <div class=\"col-12\">\n      <div class=\"text-editor\">\n        <h3>Technical Specifications<\/h3>\n<ul>\n<li>Variable Height Tablet Arm Load Range: 1.5 \u2013 4.0 \/\u200b.7 \u2013 1.8 kg<\/li>\n<li>Arm Reach: 15.1\u201d &#8211; 17.6\u201d \/\u200b44.7 cm<\/li>\n<li>Portrait\/\u200blandscape adjustment with lockout<\/li>\n<li>Upwards Tilt Range: 75\u00b0<\/li>\n<li>Downward Tilt Range: 90\u00b0<\/li>\n<li>Base dimensions: 18.22\u201d x 18.22\u201d \/\u200b46.28 x 46.28 cm<\/li>\n<li>Includes 14.3 lb \/\u200b6.5 kg counterweight.<\/li>\n<li>3\u201d\/7.62 cm diameter casters (4 locking) for easy transition over uneven surfaces.<\/li>\n<li>Cable track fits 2 USB cords, 0.2\u201d or 5mm diameter each includes cover to conceal cables.<\/li>\n<li>Height adjustment range: 43\u201d \u2013 55\u201d \/\u200b109 \u2013 140 cm<\/li>\n<\/ul>\n      <\/div>\n    <\/div>\n  <\/div>\n<\/div><\/section>\n\n<section id=\"configurations\"  class=\"pt-5 pb-5 \">\n  <div class=\"container pb-1\">\n    <div class=\"row\">\n      <div class=\"col-md-8\">\n              <\/div>\n          <\/div>\n  <\/div>\n  \n    <section class=\"pb-5 js-product-and-pages-grid-parent\" id=\"\">\n        <div class=\"container\">\n                                                                <div class=\"row \">\n                        <div class=\"col-12\">\n                                                    <div class=\"d-flex align-items-center\">\n                                                                    <h3 id=\"configurations\" class=\"mb-0\">Configurations<\/h3>\n                                                                                                    <div class=\"ms-auto\">\n                                        <div class=\"btn-group\">\n                                            <button class=\"btn btn-sm btn-outline-secondary active js-toggle-grid-view\" title=\"Grid View\"><i class=\"fa-solid fa-table-cells fa-lg\"><\/i><\/button>\n                                            <button class=\"btn btn-sm btn-outline-secondary js-toggle-list-view\" title=\"List View\"><i class=\"fa-solid fa-table-list fa-lg\"><\/i><\/button>\n                                        <\/div>\n                                    <\/div>\n                                                            <\/div>\n                            <hr>\n\n                            <div class=\"row row-cols-2 row-cols-md-4 row-cols-lg-6 g-2 js-products js-products-grid\">\n                                \n                                    <div>\n                                        <div class=\"product-card\">\n                                                                                            <a href=\"https:\/\/www.gcx.com\/products\/gcx\/variable-height-roll-stand-with-pro-adjust-tablet-arm\/\" class=\"product-card-image\">\n                                                    <img decoding=\"async\" src=\"https:\/\/www.gcx.com\/wp-content\/uploads\/2023\/11\/TRS-0002-61_VariableRollstand_Power_Handle_L_724ac0c542d0a2c54b82d5d604bc6637-200x200.jpg\" alt=\"\">\n                                                <\/a>\n                                                                                        <h6 class=\"product-card-title\">\n                                                <a href=\"https:\/\/www.gcx.com\/products\/gcx\/variable-height-roll-stand-with-pro-adjust-tablet-arm\/\">\n                                                                                                        H\u00f6henverstellbarer Rollst\u00e4nder mit PRO-ADJUST\u2122 Tablet-Arm                                                <\/a>\n                                            <\/h6>\n                                        <\/div>\n                                    <\/div>\n                                \n                                    <div>\n                                        <div class=\"product-card\">\n                                                                                            <a href=\"https:\/\/www.gcx.com\/products\/gcx\/fixed-height-roll-stand-with-pro-adjust-tablet-arm\/\" class=\"product-card-image\">\n                                                    <img decoding=\"async\" src=\"https:\/\/www.gcx.com\/wp-content\/uploads\/2024\/04\/TRS-0003-64_FixedRollstand_Power_Handle_L-200x200.jpg\" alt=\"TRS 0003 64 Fixed Rollstand Power Handle L\">\n                                                <\/a>\n                                                                                        <h6 class=\"product-card-title\">\n                                                <a href=\"https:\/\/www.gcx.com\/products\/gcx\/fixed-height-roll-stand-with-pro-adjust-tablet-arm\/\">\n                                                                                                        Variable Height Roll Stand with PRO-ADJUST\u2122 Tablet Arm                                                <\/a>\n                                            <\/h6>\n                                        <\/div>\n                                    <\/div>\n                                                                                            <\/div>\n                                                        <\/div>\n                                                <\/div>\n                                                                        <\/div>\n    <\/section>\n\n<div class=\"modal fade\" id=\"catalog-modal\" tabindex=\"-1\">\n        <div class=\"modal-dialog modal-md modal-dialog-centered\">\n        <div class=\"modal-content\">\n            <div class=\"modal-header\">\n                <h3 class=\"modal-title\">Katalog erstellen<\/h3>\n                <button type=\"button\" class=\"btn-close\" data-bs-dismiss=\"modal\" aria-label=\"Close\"><\/button>\n            <\/div>\n            <div id=\"generate-catalog-modal\" class=\"modal-body\">\n                <p>Laden Sie einen PDF-Katalog f\u00fcr diesen Bereich des GCX-Produktangebots herunter.<\/p>\n                <a href=\"#\" class=\"btn btn-primary js-generate-catalog\"><i class=\"fa-solid fa-gear me-1\"><\/i>Katalog erstellen<\/a>\n            <\/div>\n        <\/div>\n    <\/div>\n    <script>\n        jQuery(document).ready(function($) {\n\n            $(\"body\").on(\"click\", \".js-generate-catalog\", function(e) {\n                e.preventDefault();\n\n                $(\"#generate-catalog-modal\").html('<div class=\"text-center\"><button class=\"btn btn-warning\" type=\"button\" disabled><i class=\"me-1 fa-solid fa-cog fa-spin\"><\/i>Bitte warten<\/button><\/div>');\n\n                var data = {\n                    'action': 'generate_catalog',\n                    'security': gcx_ajax_object.nonce,\n                    'generate_catalog': {\n                        'generate-pdf': true, \/\/ or false, depending on your logic\n                        'product-id': 126687                    }\n                };\n\n                $.post(gcx_ajax_object.ajax_url, data, function(response) {\n                    console.log(response);\n                    \/\/ Handle response\n                    $(\"#generate-catalog-modal\").html(response);\n                });\n            });\n        });\n    <\/script>\n\n<\/div>  <\/div>","protected":false},"excerpt":{"rendered":"<p>Die L\u00f6sung von heute f\u00fcr die Bed\u00fcrfnisse der Telemedizin von morgen<\/p>\n","protected":false},"author":10,"featured_media":0,"parent":115351,"menu_order":0,"comment_status":"closed","ping_status":"closed","template":"","meta":{"_acf_changed":false,"content-type":"","footnotes":""},"class_list":["post-126687","page","type-page","status-publish","hentry"],"acf":[],"yoast_head":"<!-- This site is optimized with the Yoast SEO plugin v27.3 - https:\/\/yoast.com\/product\/yoast-seo-wordpress\/ -->\n<title>Tablet-Rollst\u00e4nder | GCX Medizinische Befestigungsl\u00f6sungen<\/title>\n<meta name=\"robots\" content=\"index, follow, max-snippet:-1, max-image-preview:large, max-video-preview:-1\" \/>\n<link rel=\"canonical\" href=\"https:\/\/www.gcx.com\/de\/produkte\/tablet-rollstander\/\" \/>\n<meta property=\"og:locale\" content=\"de_DE\" \/>\n<meta property=\"og:type\" content=\"article\" \/>\n<meta property=\"og:title\" content=\"Tablet-Rollst\u00e4nder | GCX Medizinische Befestigungsl\u00f6sungen\" \/>\n<meta property=\"og:description\" content=\"Die L\u00f6sung von heute f\u00fcr die Bed\u00fcrfnisse der Telemedizin von morgen\" \/>\n<meta property=\"og:url\" content=\"https:\/\/www.gcx.com\/de\/produkte\/tablet-rollstander\/\" \/>\n<meta property=\"og:site_name\" content=\"GCX Medizinische Befestigungsl\u00f6sungen\" \/>\n<meta property=\"article:publisher\" content=\"https:\/\/www.facebook.com\/GCXMountingSolutions\/\" \/>\n<meta property=\"og:image\" content=\"https:\/\/www.gcx.com\/wp-content\/uploads\/2024\/02\/gcx_logo.png\" \/>\n\t<meta property=\"og:image:width\" content=\"400\" \/>\n\t<meta property=\"og:image:height\" content=\"166\" \/>\n\t<meta property=\"og:image:type\" content=\"image\/png\" \/>\n<meta name=\"twitter:card\" content=\"summary_large_image\" \/>\n<meta name=\"twitter:site\" content=\"@gcxcorp\" \/>\n<script type=\"application\/ld+json\" class=\"yoast-schema-graph\">{\"@context\":\"https:\\\/\\\/schema.org\",\"@graph\":[{\"@type\":\"WebPage\",\"@id\":\"https:\\\/\\\/www.gcx.com\\\/de\\\/produkte\\\/tablet-rollstander\\\/\",\"url\":\"https:\\\/\\\/www.gcx.com\\\/de\\\/produkte\\\/tablet-rollstander\\\/\",\"name\":\"Tablet-Rollst\u00e4nder | GCX Medizinische Befestigungsl\u00f6sungen\",\"isPartOf\":{\"@id\":\"https:\\\/\\\/www.gcx.com\\\/de\\\/#website\"},\"datePublished\":\"2025-05-16T21:25:43+00:00\",\"breadcrumb\":{\"@id\":\"https:\\\/\\\/www.gcx.com\\\/de\\\/produkte\\\/tablet-rollstander\\\/#breadcrumb\"},\"inLanguage\":\"de-DE\",\"potentialAction\":[{\"@type\":\"ReadAction\",\"target\":[\"https:\\\/\\\/www.gcx.com\\\/de\\\/produkte\\\/tablet-rollstander\\\/\"]}]},{\"@type\":\"BreadcrumbList\",\"@id\":\"https:\\\/\\\/www.gcx.com\\\/de\\\/produkte\\\/tablet-rollstander\\\/#breadcrumb\",\"itemListElement\":[{\"@type\":\"ListItem\",\"position\":1,\"name\":\"Home\",\"item\":\"https:\\\/\\\/www.gcx.com\\\/de\\\/\"},{\"@type\":\"ListItem\",\"position\":2,\"name\":\"Produkte\",\"item\":\"https:\\\/\\\/www.gcx.com\\\/de\\\/produkte\\\/\"},{\"@type\":\"ListItem\",\"position\":3,\"name\":\"Tablet-Rollst\u00e4nder\"}]},{\"@type\":\"WebSite\",\"@id\":\"https:\\\/\\\/www.gcx.com\\\/de\\\/#website\",\"url\":\"https:\\\/\\\/www.gcx.com\\\/de\\\/\",\"name\":\"GCX Medical Mounting Solutions\",\"description\":\"\",\"publisher\":{\"@id\":\"https:\\\/\\\/www.gcx.com\\\/de\\\/#organization\"},\"alternateName\":\"GCX\",\"potentialAction\":[{\"@type\":\"SearchAction\",\"target\":{\"@type\":\"EntryPoint\",\"urlTemplate\":\"https:\\\/\\\/www.gcx.com\\\/de\\\/?s={search_term_string}\"},\"query-input\":{\"@type\":\"PropertyValueSpecification\",\"valueRequired\":true,\"valueName\":\"search_term_string\"}}],\"inLanguage\":\"de-DE\"},{\"@type\":\"Organization\",\"@id\":\"https:\\\/\\\/www.gcx.com\\\/de\\\/#organization\",\"name\":\"GCX Medical Mounting Solutions\",\"alternateName\":\"GCX\",\"url\":\"https:\\\/\\\/www.gcx.com\\\/de\\\/\",\"logo\":{\"@type\":\"ImageObject\",\"inLanguage\":\"de-DE\",\"@id\":\"https:\\\/\\\/www.gcx.com\\\/de\\\/#\\\/schema\\\/logo\\\/image\\\/\",\"url\":\"https:\\\/\\\/www.gcx.com\\\/wp-content\\\/uploads\\\/2024\\\/02\\\/gcx_logo.png\",\"contentUrl\":\"https:\\\/\\\/www.gcx.com\\\/wp-content\\\/uploads\\\/2024\\\/02\\\/gcx_logo.png\",\"width\":400,\"height\":166,\"caption\":\"GCX Medical Mounting Solutions\"},\"image\":{\"@id\":\"https:\\\/\\\/www.gcx.com\\\/de\\\/#\\\/schema\\\/logo\\\/image\\\/\"},\"sameAs\":[\"https:\\\/\\\/www.facebook.com\\\/GCXMountingSolutions\\\/\",\"https:\\\/\\\/x.com\\\/gcxcorp\",\"https:\\\/\\\/linkedin.com\\\/company\\\/gcx\",\"https:\\\/\\\/www.instagram.com\\\/gcxcorp\",\"https:\\\/\\\/www.youtube.com\\\/gcxcorp\"]}]}<\/script>\n<!-- \/ Yoast SEO plugin. -->","yoast_head_json":{"title":"Tablet-Rollst\u00e4nder | GCX Medizinische Befestigungsl\u00f6sungen","robots":{"index":"index","follow":"follow","max-snippet":"max-snippet:-1","max-image-preview":"max-image-preview:large","max-video-preview":"max-video-preview:-1"},"canonical":"https:\/\/www.gcx.com\/de\/produkte\/tablet-rollstander\/","og_locale":"de_DE","og_type":"article","og_title":"Tablet-Rollst\u00e4nder | GCX Medizinische Befestigungsl\u00f6sungen","og_description":"Die L\u00f6sung von heute f\u00fcr die Bed\u00fcrfnisse der Telemedizin von morgen","og_url":"https:\/\/www.gcx.com\/de\/produkte\/tablet-rollstander\/","og_site_name":"GCX Medizinische Befestigungsl\u00f6sungen","article_publisher":"https:\/\/www.facebook.com\/GCXMountingSolutions\/","og_image":[{"width":400,"height":166,"url":"https:\/\/www.gcx.com\/wp-content\/uploads\/2024\/02\/gcx_logo.png","type":"image\/png"}],"twitter_card":"summary_large_image","twitter_site":"@gcxcorp","schema":{"@context":"https:\/\/schema.org","@graph":[{"@type":"WebPage","@id":"https:\/\/www.gcx.com\/de\/produkte\/tablet-rollstander\/","url":"https:\/\/www.gcx.com\/de\/produkte\/tablet-rollstander\/","name":"Tablet-Rollst\u00e4nder | GCX Medizinische Befestigungsl\u00f6sungen","isPartOf":{"@id":"https:\/\/www.gcx.com\/de\/#website"},"datePublished":"2025-05-16T21:25:43+00:00","breadcrumb":{"@id":"https:\/\/www.gcx.com\/de\/produkte\/tablet-rollstander\/#breadcrumb"},"inLanguage":"de-DE","potentialAction":[{"@type":"ReadAction","target":["https:\/\/www.gcx.com\/de\/produkte\/tablet-rollstander\/"]}]},{"@type":"BreadcrumbList","@id":"https:\/\/www.gcx.com\/de\/produkte\/tablet-rollstander\/#breadcrumb","itemListElement":[{"@type":"ListItem","position":1,"name":"Home","item":"https:\/\/www.gcx.com\/de\/"},{"@type":"ListItem","position":2,"name":"Produkte","item":"https:\/\/www.gcx.com\/de\/produkte\/"},{"@type":"ListItem","position":3,"name":"Tablet-Rollst\u00e4nder"}]},{"@type":"WebSite","@id":"https:\/\/www.gcx.com\/de\/#website","url":"https:\/\/www.gcx.com\/de\/","name":"GCX Medical Mounting Solutions","description":"","publisher":{"@id":"https:\/\/www.gcx.com\/de\/#organization"},"alternateName":"GCX","potentialAction":[{"@type":"SearchAction","target":{"@type":"EntryPoint","urlTemplate":"https:\/\/www.gcx.com\/de\/?s={search_term_string}"},"query-input":{"@type":"PropertyValueSpecification","valueRequired":true,"valueName":"search_term_string"}}],"inLanguage":"de-DE"},{"@type":"Organization","@id":"https:\/\/www.gcx.com\/de\/#organization","name":"GCX Medical Mounting Solutions","alternateName":"GCX","url":"https:\/\/www.gcx.com\/de\/","logo":{"@type":"ImageObject","inLanguage":"de-DE","@id":"https:\/\/www.gcx.com\/de\/#\/schema\/logo\/image\/","url":"https:\/\/www.gcx.com\/wp-content\/uploads\/2024\/02\/gcx_logo.png","contentUrl":"https:\/\/www.gcx.com\/wp-content\/uploads\/2024\/02\/gcx_logo.png","width":400,"height":166,"caption":"GCX Medical Mounting Solutions"},"image":{"@id":"https:\/\/www.gcx.com\/de\/#\/schema\/logo\/image\/"},"sameAs":["https:\/\/www.facebook.com\/GCXMountingSolutions\/","https:\/\/x.com\/gcxcorp","https:\/\/linkedin.com\/company\/gcx","https:\/\/www.instagram.com\/gcxcorp","https:\/\/www.youtube.com\/gcxcorp"]}]}},"_links":{"self":[{"href":"https:\/\/www.gcx.com\/de\/wp-json\/wp\/v2\/pages\/126687","targetHints":{"allow":["GET"]}}],"collection":[{"href":"https:\/\/www.gcx.com\/de\/wp-json\/wp\/v2\/pages"}],"about":[{"href":"https:\/\/www.gcx.com\/de\/wp-json\/wp\/v2\/types\/page"}],"author":[{"embeddable":true,"href":"https:\/\/www.gcx.com\/de\/wp-json\/wp\/v2\/users\/10"}],"replies":[{"embeddable":true,"href":"https:\/\/www.gcx.com\/de\/wp-json\/wp\/v2\/comments?post=126687"}],"version-history":[{"count":0,"href":"https:\/\/www.gcx.com\/de\/wp-json\/wp\/v2\/pages\/126687\/revisions"}],"up":[{"embeddable":true,"href":"https:\/\/www.gcx.com\/de\/wp-json\/wp\/v2\/pages\/115351"}],"wp:attachment":[{"href":"https:\/\/www.gcx.com\/de\/wp-json\/wp\/v2\/media?parent=126687"}],"curies":[{"name":"wp","href":"https:\/\/api.w.org\/{rel}","templated":true}]}}