{"id":115647,"date":"2024-02-23T09:29:29","date_gmt":"2024-02-23T09:29:29","guid":{"rendered":"https:\/\/www.gcx.com\/oem-dienste\/hybride-loesungen\/"},"modified":"2024-04-26T17:25:49","modified_gmt":"2024-04-26T17:25:49","slug":"hybride-loesungen","status":"publish","type":"page","link":"https:\/\/www.gcx.com\/de\/oem-dienste\/hybride-loesungen\/","title":{"rendered":"Hybride L\u00f6sungen"},"content":{"rendered":"\n<section id=\"content-block_1e2d5e56c7c419e7d6e95974755347e0\"  class=\"pb-5\">\n  <div class=\"container\">\n  <div class=\"row flex-md-row-reverse\">\n          <div class=\"col-md-4 mb-4 mb-md-0\">\n                              <img decoding=\"async\" class=\"img-fluid \" src=\"https:\/\/www.gcx.com\/wp-content\/uploads\/2024\/02\/oem-component-Hybrid-Solutions.png\" alt=\"Oem component Hybrid Solutions\">\n          \n              <\/div>\n        <div class=\"col-md-8\">\n      <div class=\"text-editor fs-md\">\n        <p>Warum sollten Sie mit Standardkomponenten arbeiten, anstatt eine v\u00f6llig neue, ma\u00dfgeschneiderte Montagel\u00f6sung zu entwickeln?<\/p>\n<p><strong>Kosten- und Zeitersparnis<\/strong> &#8211; Standardkomponenten sind bereits entworfen, mit Werkzeugen versehen und entweder auf Lager oder nur wenige Tage von der Produktion entfernt, so dass Sie schnell und kosteng\u00fcnstig auf den Markt kommen.<\/p>\n<p><strong>Praxiserprobt<\/strong> &#8211; Standardkomponenten wurden getestet und sind weithin im Einsatz.<\/p>\n<p><strong>Kleine, aber kosteneffiziente Auflagen<\/strong> &#8211; Minimale Anlauf- und Herstellungskosten bedeuten, dass Sie keine gro\u00dfe Auflage ben\u00f6tigen, um die Gr\u00f6\u00dfenvorteile zu nutzen.<\/p>\n<p><strong>Engineering Services<\/strong> &#8211; Wir arbeiten mit Ihnen zusammen, um modifizierte oder kundenspezifische Teile zu entwerfen, zu bauen und zu testen. Sie erhalten alle Leistungen einer kundenspezifischen L\u00f6sung und reduzieren gleichzeitig die Kosten und die Vorlaufzeit.<\/p>\n                  <div class=\"mt-3 mb-n1\">\n                          <a class=\"mb-1 btn btn-primary btn-sm\" href=\"https:\/\/www.gcx.com\/products\/standard-products\/\">Standardprodukte durchsuchen <\/a>                      <\/div>\n              <\/div>\n    <\/div>\n  <\/div>\n<\/div>\n<\/section>\n","protected":false},"excerpt":{"rendered":"<p>Hybride L\u00f6sungen werden durch die Kombination von Standard- und kundenspezifischen Komponenten erstellt.<\/p>\n","protected":false},"author":1,"featured_media":0,"parent":114044,"menu_order":0,"comment_status":"open","ping_status":"closed","template":"","meta":{"_acf_changed":false,"content-type":"","footnotes":""},"class_list":["post-115647","page","type-page","status-publish","hentry"],"acf":[],"yoast_head":"<!-- This site is optimized with the Yoast SEO plugin v27.3 - https:\/\/yoast.com\/product\/yoast-seo-wordpress\/ -->\n<title>Hybride L\u00f6sungen | GCX Medical Befestigungsl\u00f6sungen<\/title>\n<meta name=\"description\" content=\"-Meta-Beschreibung nicht gesetzt.\" \/>\n<meta name=\"robots\" content=\"index, follow, max-snippet:-1, max-image-preview:large, max-video-preview:-1\" \/>\n<link rel=\"canonical\" href=\"https:\/\/www.gcx.com\/de\/oem-dienste\/hybride-loesungen\/\" \/>\n<meta property=\"og:locale\" content=\"de_DE\" \/>\n<meta property=\"og:type\" content=\"article\" \/>\n<meta property=\"og:title\" content=\"Hybride L\u00f6sungen | GCX Medical Befestigungsl\u00f6sungen\" \/>\n<meta property=\"og:description\" content=\"-Meta-Beschreibung nicht gesetzt.\" \/>\n<meta property=\"og:url\" content=\"https:\/\/www.gcx.com\/de\/oem-dienste\/hybride-loesungen\/\" \/>\n<meta property=\"og:site_name\" content=\"GCX Medizinische Befestigungsl\u00f6sungen\" \/>\n<meta property=\"article:publisher\" content=\"https:\/\/www.facebook.com\/GCXMountingSolutions\/\" \/>\n<meta property=\"article:modified_time\" content=\"2024-04-26T17:25:49+00:00\" \/>\n<meta property=\"og:image\" content=\"https:\/\/www.gcx.com\/wp-content\/uploads\/2024\/02\/gcx_logo.png\" \/>\n\t<meta property=\"og:image:width\" content=\"400\" \/>\n\t<meta property=\"og:image:height\" content=\"166\" \/>\n\t<meta property=\"og:image:type\" content=\"image\/png\" \/>\n<meta name=\"twitter:card\" content=\"summary_large_image\" \/>\n<meta name=\"twitter:site\" content=\"@gcxcorp\" \/>\n<script type=\"application\/ld+json\" class=\"yoast-schema-graph\">{\"@context\":\"https:\\\/\\\/schema.org\",\"@graph\":[{\"@type\":\"WebPage\",\"@id\":\"https:\\\/\\\/www.gcx.com\\\/de\\\/oem-dienste\\\/hybride-loesungen\\\/\",\"url\":\"https:\\\/\\\/www.gcx.com\\\/de\\\/oem-dienste\\\/hybride-loesungen\\\/\",\"name\":\"Hybride L\u00f6sungen | GCX Medical Befestigungsl\u00f6sungen\",\"isPartOf\":{\"@id\":\"https:\\\/\\\/www.gcx.com\\\/de\\\/#website\"},\"datePublished\":\"2024-02-23T09:29:29+00:00\",\"dateModified\":\"2024-04-26T17:25:49+00:00\",\"description\":\"-Meta-Beschreibung nicht gesetzt.\",\"breadcrumb\":{\"@id\":\"https:\\\/\\\/www.gcx.com\\\/de\\\/oem-dienste\\\/hybride-loesungen\\\/#breadcrumb\"},\"inLanguage\":\"de-DE\",\"potentialAction\":[{\"@type\":\"ReadAction\",\"target\":[\"https:\\\/\\\/www.gcx.com\\\/de\\\/oem-dienste\\\/hybride-loesungen\\\/\"]}]},{\"@type\":\"BreadcrumbList\",\"@id\":\"https:\\\/\\\/www.gcx.com\\\/de\\\/oem-dienste\\\/hybride-loesungen\\\/#breadcrumb\",\"itemListElement\":[{\"@type\":\"ListItem\",\"position\":1,\"name\":\"Home\",\"item\":\"https:\\\/\\\/www.gcx.com\\\/de\\\/\"},{\"@type\":\"ListItem\",\"position\":2,\"name\":\"OEM-Dienste\",\"item\":\"https:\\\/\\\/www.gcx.com\\\/de\\\/oem-dienste\\\/\"},{\"@type\":\"ListItem\",\"position\":3,\"name\":\"Hybride L\u00f6sungen\"}]},{\"@type\":\"WebSite\",\"@id\":\"https:\\\/\\\/www.gcx.com\\\/de\\\/#website\",\"url\":\"https:\\\/\\\/www.gcx.com\\\/de\\\/\",\"name\":\"GCX Medical Mounting Solutions\",\"description\":\"\",\"publisher\":{\"@id\":\"https:\\\/\\\/www.gcx.com\\\/de\\\/#organization\"},\"alternateName\":\"GCX\",\"potentialAction\":[{\"@type\":\"SearchAction\",\"target\":{\"@type\":\"EntryPoint\",\"urlTemplate\":\"https:\\\/\\\/www.gcx.com\\\/de\\\/?s={search_term_string}\"},\"query-input\":{\"@type\":\"PropertyValueSpecification\",\"valueRequired\":true,\"valueName\":\"search_term_string\"}}],\"inLanguage\":\"de-DE\"},{\"@type\":\"Organization\",\"@id\":\"https:\\\/\\\/www.gcx.com\\\/de\\\/#organization\",\"name\":\"GCX Medical Mounting Solutions\",\"alternateName\":\"GCX\",\"url\":\"https:\\\/\\\/www.gcx.com\\\/de\\\/\",\"logo\":{\"@type\":\"ImageObject\",\"inLanguage\":\"de-DE\",\"@id\":\"https:\\\/\\\/www.gcx.com\\\/de\\\/#\\\/schema\\\/logo\\\/image\\\/\",\"url\":\"https:\\\/\\\/www.gcx.com\\\/wp-content\\\/uploads\\\/2024\\\/02\\\/gcx_logo.png\",\"contentUrl\":\"https:\\\/\\\/www.gcx.com\\\/wp-content\\\/uploads\\\/2024\\\/02\\\/gcx_logo.png\",\"width\":400,\"height\":166,\"caption\":\"GCX Medical Mounting Solutions\"},\"image\":{\"@id\":\"https:\\\/\\\/www.gcx.com\\\/de\\\/#\\\/schema\\\/logo\\\/image\\\/\"},\"sameAs\":[\"https:\\\/\\\/www.facebook.com\\\/GCXMountingSolutions\\\/\",\"https:\\\/\\\/x.com\\\/gcxcorp\",\"https:\\\/\\\/linkedin.com\\\/company\\\/gcx\",\"https:\\\/\\\/www.instagram.com\\\/gcxcorp\",\"https:\\\/\\\/www.youtube.com\\\/gcxcorp\"]}]}<\/script>\n<!-- \/ Yoast SEO plugin. -->","yoast_head_json":{"title":"Hybride L\u00f6sungen | GCX Medical Befestigungsl\u00f6sungen","description":"-Meta-Beschreibung nicht gesetzt.","robots":{"index":"index","follow":"follow","max-snippet":"max-snippet:-1","max-image-preview":"max-image-preview:large","max-video-preview":"max-video-preview:-1"},"canonical":"https:\/\/www.gcx.com\/de\/oem-dienste\/hybride-loesungen\/","og_locale":"de_DE","og_type":"article","og_title":"Hybride L\u00f6sungen | GCX Medical Befestigungsl\u00f6sungen","og_description":"-Meta-Beschreibung nicht gesetzt.","og_url":"https:\/\/www.gcx.com\/de\/oem-dienste\/hybride-loesungen\/","og_site_name":"GCX Medizinische Befestigungsl\u00f6sungen","article_publisher":"https:\/\/www.facebook.com\/GCXMountingSolutions\/","article_modified_time":"2024-04-26T17:25:49+00:00","og_image":[{"width":400,"height":166,"url":"https:\/\/www.gcx.com\/wp-content\/uploads\/2024\/02\/gcx_logo.png","type":"image\/png"}],"twitter_card":"summary_large_image","twitter_site":"@gcxcorp","schema":{"@context":"https:\/\/schema.org","@graph":[{"@type":"WebPage","@id":"https:\/\/www.gcx.com\/de\/oem-dienste\/hybride-loesungen\/","url":"https:\/\/www.gcx.com\/de\/oem-dienste\/hybride-loesungen\/","name":"Hybride L\u00f6sungen | GCX Medical Befestigungsl\u00f6sungen","isPartOf":{"@id":"https:\/\/www.gcx.com\/de\/#website"},"datePublished":"2024-02-23T09:29:29+00:00","dateModified":"2024-04-26T17:25:49+00:00","description":"-Meta-Beschreibung nicht gesetzt.","breadcrumb":{"@id":"https:\/\/www.gcx.com\/de\/oem-dienste\/hybride-loesungen\/#breadcrumb"},"inLanguage":"de-DE","potentialAction":[{"@type":"ReadAction","target":["https:\/\/www.gcx.com\/de\/oem-dienste\/hybride-loesungen\/"]}]},{"@type":"BreadcrumbList","@id":"https:\/\/www.gcx.com\/de\/oem-dienste\/hybride-loesungen\/#breadcrumb","itemListElement":[{"@type":"ListItem","position":1,"name":"Home","item":"https:\/\/www.gcx.com\/de\/"},{"@type":"ListItem","position":2,"name":"OEM-Dienste","item":"https:\/\/www.gcx.com\/de\/oem-dienste\/"},{"@type":"ListItem","position":3,"name":"Hybride L\u00f6sungen"}]},{"@type":"WebSite","@id":"https:\/\/www.gcx.com\/de\/#website","url":"https:\/\/www.gcx.com\/de\/","name":"GCX Medical Mounting Solutions","description":"","publisher":{"@id":"https:\/\/www.gcx.com\/de\/#organization"},"alternateName":"GCX","potentialAction":[{"@type":"SearchAction","target":{"@type":"EntryPoint","urlTemplate":"https:\/\/www.gcx.com\/de\/?s={search_term_string}"},"query-input":{"@type":"PropertyValueSpecification","valueRequired":true,"valueName":"search_term_string"}}],"inLanguage":"de-DE"},{"@type":"Organization","@id":"https:\/\/www.gcx.com\/de\/#organization","name":"GCX Medical Mounting Solutions","alternateName":"GCX","url":"https:\/\/www.gcx.com\/de\/","logo":{"@type":"ImageObject","inLanguage":"de-DE","@id":"https:\/\/www.gcx.com\/de\/#\/schema\/logo\/image\/","url":"https:\/\/www.gcx.com\/wp-content\/uploads\/2024\/02\/gcx_logo.png","contentUrl":"https:\/\/www.gcx.com\/wp-content\/uploads\/2024\/02\/gcx_logo.png","width":400,"height":166,"caption":"GCX Medical Mounting Solutions"},"image":{"@id":"https:\/\/www.gcx.com\/de\/#\/schema\/logo\/image\/"},"sameAs":["https:\/\/www.facebook.com\/GCXMountingSolutions\/","https:\/\/x.com\/gcxcorp","https:\/\/linkedin.com\/company\/gcx","https:\/\/www.instagram.com\/gcxcorp","https:\/\/www.youtube.com\/gcxcorp"]}]}},"_links":{"self":[{"href":"https:\/\/www.gcx.com\/de\/wp-json\/wp\/v2\/pages\/115647","targetHints":{"allow":["GET"]}}],"collection":[{"href":"https:\/\/www.gcx.com\/de\/wp-json\/wp\/v2\/pages"}],"about":[{"href":"https:\/\/www.gcx.com\/de\/wp-json\/wp\/v2\/types\/page"}],"author":[{"embeddable":true,"href":"https:\/\/www.gcx.com\/de\/wp-json\/wp\/v2\/users\/1"}],"replies":[{"embeddable":true,"href":"https:\/\/www.gcx.com\/de\/wp-json\/wp\/v2\/comments?post=115647"}],"version-history":[{"count":0,"href":"https:\/\/www.gcx.com\/de\/wp-json\/wp\/v2\/pages\/115647\/revisions"}],"up":[{"embeddable":true,"href":"https:\/\/www.gcx.com\/de\/wp-json\/wp\/v2\/pages\/114044"}],"wp:attachment":[{"href":"https:\/\/www.gcx.com\/de\/wp-json\/wp\/v2\/media?parent=115647"}],"curies":[{"name":"wp","href":"https:\/\/api.w.org\/{rel}","templated":true}]}}