{"id":115337,"date":"2024-02-23T09:29:29","date_gmt":"2024-02-23T09:29:29","guid":{"rendered":"https:\/\/www.gcx.com\/vorteile-der-gcx-vor-ort-dienstleistungen\/"},"modified":"2024-04-26T17:25:49","modified_gmt":"2024-04-26T17:25:49","slug":"vorteile-der-gcx-vor-ort-dienstleistungen","status":"publish","type":"page","link":"https:\/\/www.gcx.com\/de\/vor-ort-dienste\/vorteile-der-gcx-vor-ort-dienstleistungen\/","title":{"rendered":"Vorteile der GCX Vor-Ort-Dienstleistungen"},"content":{"rendered":"\n<section id=\"content-block_b60b47f7d2f717a39a62aca277ce815b\"  class=\"pt-5 pb-5 bg-white\">\n  <div class=\"container\">\n  <div class=\"row flex-md-row-reverse align-items-center\">\n          <div class=\"col-md-4 mb-4 mb-md-0\">\n                              <img decoding=\"async\" class=\"img-fluid \" src=\"https:\/\/www.gcx.com\/wp-content\/uploads\/2024\/02\/oss_benefits_1.jpg\" alt=\"Oss benefits 1\">\n          \n              <\/div>\n        <div class=\"col-md-8\">\n      <div class=\"text-editor fs-md\">\n        <h3>Zuverl\u00e4ssige Montage-Experten<\/h3>\n<p>Die Mitglieder des GCX On-Site Services (OSS)-Teams sind Mitarbeiter, die unsere Produkte jeden Tag in der GCX-Fabrik montieren. Sie kennen unsere Produkte, weil sie t\u00e4glich mit ihnen arbeiten. Die M\u00f6glichkeit, den Kunden vor Ort zu helfen, hilft auch bei der zuk\u00fcnftigen Produktentwicklung, da das Wissen aus der Praxis in unsere Produktions- und Ingenieurteams zur\u00fcckflie\u00dft.<\/p>\n              <\/div>\n    <\/div>\n  <\/div>\n<\/div>\n<\/section>\n\n<section id=\"content-block_e3f97e07d705a4add28ceb8692ba5a99\"  class=\"pb-5 bg-white\">\n  <div class=\"container\">\n  <div class=\"row align-items-center\">\n          <div class=\"col-md-4 mb-4 mb-md-0\">\n                              <img decoding=\"async\" class=\"img-fluid \" src=\"https:\/\/www.gcx.com\/wp-content\/uploads\/2024\/02\/oss_benefits_certs.png\" alt=\"Oss benefits certs\">\n          \n              <\/div>\n        <div class=\"col-md-8\">\n      <div class=\"text-editor fs-md\">\n        <h3>White Glove Service<\/h3>\n<p>Dar\u00fcber hinaus sind die Mitglieder des GCX OSS-Teams voll qualifiziert und erf\u00fcllen alle zus\u00e4tzlichen krankenhausspezifischen Anforderungen. Sie kommen p\u00fcnktlich und gut ausger\u00fcstet mit den ben\u00f6tigten Teilen und Werkzeugen. Sie richten sich nach den Zeitpl\u00e4nen des Unternehmens und der Verf\u00fcgbarkeit von R\u00e4umen, um Unannehmlichkeiten f\u00fcr Patienten und Anbieter zu vermeiden.<\/p>\n              <\/div>\n    <\/div>\n  <\/div>\n<\/div>\n<\/section>\n\n  <section id=\"stats-block_8245e3db8f62fed77d66bc79697c1807\"  class=\"pt-5 pb-5\">\n      <div class=\"container\">\n    <div class=\"row\">\n      <div class=\"col-12\">\n        <div class=\"text-editor text-center mb-4\">\n                      <h3>Bew\u00e4hrte Erfolgsbilanz im Gesundheitswesen<\/h3>\n                                <p>Die OSS-Teams von GCX verf\u00fcgen zusammen \u00fcber mehr als 100 Jahre Erfahrung und haben mehr als 14.000 Ger\u00e4te installiert. Mit bisher mehr als 600 abgeschlossenen Krankenhausprojekten wissen wir, wie man schnell und effizient arbeitet &#8211; von der Lieferung und Montage bis hin zu Tests, Aufr\u00e4umarbeiten und Wartung &#8211; und das alles nach Ihrem Zeitplan.<\/p>\n                  <\/div>\n      <\/div>\n    <\/div>\n    <div class=\"row row-cols-md-3 justify-content-center g-3\">\n              <div>\n          <div class=\"text-center\">\n            <div class=\"mb-1 text-body-secondary\">\n              <i class=\"fa-solid fa-briefcase fa-2x\" aria-hidden=\"true\"><\/i>\n            <\/div>\n            <h2 class=\"mb-1 text-primary\">600+<\/h2>\n            <p class=\"mb-0 text-black-50 text-uppercase\">ARBEITSPL\u00c4TZE INSGESAMT<\/p>\n          <\/div>\n        <\/div>\n              <div>\n          <div class=\"text-center\">\n            <div class=\"mb-1 text-body-secondary\">\n              <i class=\"fa-solid fa-hourglass fa-2x\" aria-hidden=\"true\"><\/i>\n            <\/div>\n            <h2 class=\"mb-1 text-primary\">100+<\/h2>\n            <p class=\"mb-0 text-black-50 text-uppercase\">KOMBINIERTE JAHRE DER ERFAHRUNG<\/p>\n          <\/div>\n        <\/div>\n              <div>\n          <div class=\"text-center\">\n            <div class=\"mb-1 text-body-secondary\">\n              <i class=\"fa-solid fa-tools fa-2x\" aria-hidden=\"true\"><\/i>\n            <\/div>\n            <h2 class=\"mb-1 text-primary\">14,000+<\/h2>\n            <p class=\"mb-0 text-black-50 text-uppercase\">INSTALLIERTE EINHEITEN<\/p>\n          <\/div>\n        <\/div>\n          <\/div>\n  <\/div>  <\/section>\n\n<section id=\"content-block_8a3700c8dc0299d0a247f4f247f12848\"  class=\"pt-5 pb-5 bg-secondary-blue\">\n  <div class=\"container\">\n  <div class=\"row\">\n    <div class=\"col-12\">\n      <div class=\"text-editor text-white text-center fs-md\">\n        <h2>Seit mehr als 50 Jahren ist GCX weltweit f\u00fchrend in der Entwicklung von Befestigungsl\u00f6sungen f\u00fcr medizinische Ger\u00e4te f\u00fcr Anbieter im Gesundheitswesen.<\/h2>\n              <\/div>\n    <\/div>\n  <\/div>\n<\/div>\n<\/section>\n\n  <section id=\"testimonials-block_d9e6fc96556fbd97fc2de34788b0cde3\"  class=\"pt-5 pb-5\">\n    <div class=\"container\">\n      <div class=\"row\">\n        <div class=\"col-12\">\n          <div class=\"basic-slider\">\n            <div class=\"swiper\">\n              <div class=\"swiper-wrapper\">\n                                  <div class=\"swiper-slide\">\n                    <div class=\"text-editor w-md-75 mx-auto text-center\">\n                      <i class=\"fa-solid fa-quote-left fa-3x text-primary\" aria-hidden=\"true\"><\/i>\n                      <blockquote class=\"border-0 ps-0\">\n                        <h4>Ich danke Ihnen. Die Abteilung ist von den neuen Wand- und Schienenhalterungen sehr angetan. Ich hoffe, es wird noch mehr in anderen Bereichen geben.<\/h4>\n                      <\/blockquote>\n                                              <p class=\"mt-3 mb-0\">\n                          &#8211; Kaiser Permanente<\/br>\nBaldwin Park, CA                        <\/p>\n                                          <\/div>\n                  <\/div>\n                                  <div class=\"swiper-slide\">\n                    <div class=\"text-editor w-md-75 mx-auto text-center\">\n                      <i class=\"fa-solid fa-quote-left fa-3x text-primary\" aria-hidden=\"true\"><\/i>\n                      <blockquote class=\"border-0 ps-0\">\n                        <h4>Ich w\u00fcnschte, alle Verk\u00e4ufe liefen so reibungslos ab! Ich w\u00fcrde es vorziehen, GCX die Arbeit machen zu lassen.<\/h4>\n                      <\/blockquote>\n                                              <p class=\"mt-3 mb-0\">\n                          &#8211; Methodist Hospital<\/br>\nDallas, TX                        <\/p>\n                                          <\/div>\n                  <\/div>\n                                  <div class=\"swiper-slide\">\n                    <div class=\"text-editor w-md-75 mx-auto text-center\">\n                      <i class=\"fa-solid fa-quote-left fa-3x text-primary\" aria-hidden=\"true\"><\/i>\n                      <blockquote class=\"border-0 ps-0\">\n                        <h4>Zun\u00e4chst m\u00f6chte ich sagen, dass das entsandte Team fantastische Arbeit geleistet hat und ich sehr beeindruckt war. Ich w\u00fcrde jederzeit mit jedem von ihnen zusammenarbeiten.<\/h4>\n                      <\/blockquote>\n                                              <p class=\"mt-3 mb-0\">\n                          &#8211; Ascension Technologien                        <\/p>\n                                          <\/div>\n                  <\/div>\n                                  <div class=\"swiper-slide\">\n                    <div class=\"text-editor w-md-75 mx-auto text-center\">\n                      <i class=\"fa-solid fa-quote-left fa-3x text-primary\" aria-hidden=\"true\"><\/i>\n                      <blockquote class=\"border-0 ps-0\">\n                        <h4>Bei weitem das beste Installationsteam, mit dem ich in den letzten 12 Jahren als Projektmanager gearbeitet habe. Sie waren p\u00fcnktlich, h\u00f6flich, sachkundig und unglaublich flei\u00dfig.<\/h4>\n                      <\/blockquote>\n                                              <p class=\"mt-3 mb-0\">\n                          &#8211; Michigan Medizin<\/br>\nAnn Arbor, MI                        <\/p>\n                                          <\/div>\n                  <\/div>\n                                  <div class=\"swiper-slide\">\n                    <div class=\"text-editor w-md-75 mx-auto text-center\">\n                      <i class=\"fa-solid fa-quote-left fa-3x text-primary\" aria-hidden=\"true\"><\/i>\n                      <blockquote class=\"border-0 ps-0\">\n                        <h4>Trever, Armando und Joel waren hervorragend, h\u00f6flich und respektvoll gegen\u00fcber den Mitarbeitern und dem Raum, in dem sie arbeiteten. Sie sind das Vorbild daf\u00fcr, wie eine Bereitstellung erfolgen sollte.<\/h4>\n                      <\/blockquote>\n                                              <p class=\"mt-3 mb-0\">\n                          &#8211; Northwell Gesundheit<\/br>\nNew York, NY                        <\/p>\n                                          <\/div>\n                  <\/div>\n                              <\/div>\n              <div class=\"swiper-pagination\"><\/div>\n            <\/div>\n          <\/div>\n        <\/div>\n      <\/div>\n    <\/div>\n  <\/section>\n","protected":false},"excerpt":{"rendered":"<p>Ein GCX OSS-Team kann sich um die Produktbewertung, Installation und Wartung k\u00fcmmern, so dass Ihre Mitarbeiter mehr Zeit f\u00fcr andere Projekte und dringende Aufgaben haben.<\/p>\n","protected":false},"author":1,"featured_media":0,"parent":115665,"menu_order":0,"comment_status":"open","ping_status":"closed","template":"","meta":{"_acf_changed":false,"content-type":"","footnotes":""},"class_list":["post-115337","page","type-page","status-publish","hentry"],"acf":[],"yoast_head":"<!-- This site is optimized with the Yoast SEO plugin v27.3 - https:\/\/yoast.com\/product\/yoast-seo-wordpress\/ -->\n<title>Vorteile der GCX Vor-Ort-Dienstleistungen | GCX Medical Mounting Solutions<\/title>\n<meta name=\"description\" content=\"-Meta-Beschreibung nicht gesetzt.\" \/>\n<meta name=\"robots\" content=\"index, follow, max-snippet:-1, max-image-preview:large, max-video-preview:-1\" \/>\n<link rel=\"canonical\" href=\"https:\/\/www.gcx.com\/de\/vor-ort-dienste\/vorteile-der-gcx-vor-ort-dienstleistungen\/\" \/>\n<meta property=\"og:locale\" content=\"de_DE\" \/>\n<meta property=\"og:type\" content=\"article\" \/>\n<meta property=\"og:title\" content=\"Vorteile der GCX Vor-Ort-Dienstleistungen | GCX Medical Mounting Solutions\" \/>\n<meta property=\"og:description\" content=\"-Meta-Beschreibung nicht gesetzt.\" \/>\n<meta property=\"og:url\" content=\"https:\/\/www.gcx.com\/de\/vor-ort-dienste\/vorteile-der-gcx-vor-ort-dienstleistungen\/\" \/>\n<meta property=\"og:site_name\" content=\"GCX Medizinische Befestigungsl\u00f6sungen\" \/>\n<meta property=\"article:publisher\" content=\"https:\/\/www.facebook.com\/GCXMountingSolutions\/\" \/>\n<meta property=\"article:modified_time\" content=\"2024-04-26T17:25:49+00:00\" \/>\n<meta property=\"og:image\" content=\"https:\/\/www.gcx.com\/wp-content\/uploads\/2024\/02\/gcx_logo.png\" \/>\n\t<meta property=\"og:image:width\" content=\"400\" \/>\n\t<meta property=\"og:image:height\" content=\"166\" \/>\n\t<meta property=\"og:image:type\" content=\"image\/png\" \/>\n<meta name=\"twitter:card\" content=\"summary_large_image\" \/>\n<meta name=\"twitter:site\" content=\"@gcxcorp\" \/>\n<script type=\"application\/ld+json\" class=\"yoast-schema-graph\">{\"@context\":\"https:\\\/\\\/schema.org\",\"@graph\":[{\"@type\":\"WebPage\",\"@id\":\"https:\\\/\\\/www.gcx.com\\\/de\\\/vor-ort-dienste\\\/vorteile-der-gcx-vor-ort-dienstleistungen\\\/\",\"url\":\"https:\\\/\\\/www.gcx.com\\\/de\\\/vor-ort-dienste\\\/vorteile-der-gcx-vor-ort-dienstleistungen\\\/\",\"name\":\"Vorteile der GCX Vor-Ort-Dienstleistungen | GCX Medical Mounting Solutions\",\"isPartOf\":{\"@id\":\"https:\\\/\\\/www.gcx.com\\\/de\\\/#website\"},\"datePublished\":\"2024-02-23T09:29:29+00:00\",\"dateModified\":\"2024-04-26T17:25:49+00:00\",\"description\":\"-Meta-Beschreibung nicht gesetzt.\",\"breadcrumb\":{\"@id\":\"https:\\\/\\\/www.gcx.com\\\/de\\\/vor-ort-dienste\\\/vorteile-der-gcx-vor-ort-dienstleistungen\\\/#breadcrumb\"},\"inLanguage\":\"de-DE\",\"potentialAction\":[{\"@type\":\"ReadAction\",\"target\":[\"https:\\\/\\\/www.gcx.com\\\/de\\\/vor-ort-dienste\\\/vorteile-der-gcx-vor-ort-dienstleistungen\\\/\"]}]},{\"@type\":\"BreadcrumbList\",\"@id\":\"https:\\\/\\\/www.gcx.com\\\/de\\\/vor-ort-dienste\\\/vorteile-der-gcx-vor-ort-dienstleistungen\\\/#breadcrumb\",\"itemListElement\":[{\"@type\":\"ListItem\",\"position\":1,\"name\":\"Home\",\"item\":\"https:\\\/\\\/www.gcx.com\\\/de\\\/\"},{\"@type\":\"ListItem\",\"position\":2,\"name\":\"Vor-Ort-Dienste\",\"item\":\"https:\\\/\\\/www.gcx.com\\\/de\\\/vor-ort-dienste\\\/\"},{\"@type\":\"ListItem\",\"position\":3,\"name\":\"Vorteile der GCX Vor-Ort-Dienstleistungen\"}]},{\"@type\":\"WebSite\",\"@id\":\"https:\\\/\\\/www.gcx.com\\\/de\\\/#website\",\"url\":\"https:\\\/\\\/www.gcx.com\\\/de\\\/\",\"name\":\"GCX Medical Mounting Solutions\",\"description\":\"\",\"publisher\":{\"@id\":\"https:\\\/\\\/www.gcx.com\\\/de\\\/#organization\"},\"alternateName\":\"GCX\",\"potentialAction\":[{\"@type\":\"SearchAction\",\"target\":{\"@type\":\"EntryPoint\",\"urlTemplate\":\"https:\\\/\\\/www.gcx.com\\\/de\\\/?s={search_term_string}\"},\"query-input\":{\"@type\":\"PropertyValueSpecification\",\"valueRequired\":true,\"valueName\":\"search_term_string\"}}],\"inLanguage\":\"de-DE\"},{\"@type\":\"Organization\",\"@id\":\"https:\\\/\\\/www.gcx.com\\\/de\\\/#organization\",\"name\":\"GCX Medical Mounting Solutions\",\"alternateName\":\"GCX\",\"url\":\"https:\\\/\\\/www.gcx.com\\\/de\\\/\",\"logo\":{\"@type\":\"ImageObject\",\"inLanguage\":\"de-DE\",\"@id\":\"https:\\\/\\\/www.gcx.com\\\/de\\\/#\\\/schema\\\/logo\\\/image\\\/\",\"url\":\"https:\\\/\\\/www.gcx.com\\\/wp-content\\\/uploads\\\/2024\\\/02\\\/gcx_logo.png\",\"contentUrl\":\"https:\\\/\\\/www.gcx.com\\\/wp-content\\\/uploads\\\/2024\\\/02\\\/gcx_logo.png\",\"width\":400,\"height\":166,\"caption\":\"GCX Medical Mounting Solutions\"},\"image\":{\"@id\":\"https:\\\/\\\/www.gcx.com\\\/de\\\/#\\\/schema\\\/logo\\\/image\\\/\"},\"sameAs\":[\"https:\\\/\\\/www.facebook.com\\\/GCXMountingSolutions\\\/\",\"https:\\\/\\\/x.com\\\/gcxcorp\",\"https:\\\/\\\/linkedin.com\\\/company\\\/gcx\",\"https:\\\/\\\/www.instagram.com\\\/gcxcorp\",\"https:\\\/\\\/www.youtube.com\\\/gcxcorp\"]}]}<\/script>\n<!-- \/ Yoast SEO plugin. -->","yoast_head_json":{"title":"Vorteile der GCX Vor-Ort-Dienstleistungen | GCX Medical Mounting Solutions","description":"-Meta-Beschreibung nicht gesetzt.","robots":{"index":"index","follow":"follow","max-snippet":"max-snippet:-1","max-image-preview":"max-image-preview:large","max-video-preview":"max-video-preview:-1"},"canonical":"https:\/\/www.gcx.com\/de\/vor-ort-dienste\/vorteile-der-gcx-vor-ort-dienstleistungen\/","og_locale":"de_DE","og_type":"article","og_title":"Vorteile der GCX Vor-Ort-Dienstleistungen | GCX Medical Mounting Solutions","og_description":"-Meta-Beschreibung nicht gesetzt.","og_url":"https:\/\/www.gcx.com\/de\/vor-ort-dienste\/vorteile-der-gcx-vor-ort-dienstleistungen\/","og_site_name":"GCX Medizinische Befestigungsl\u00f6sungen","article_publisher":"https:\/\/www.facebook.com\/GCXMountingSolutions\/","article_modified_time":"2024-04-26T17:25:49+00:00","og_image":[{"width":400,"height":166,"url":"https:\/\/www.gcx.com\/wp-content\/uploads\/2024\/02\/gcx_logo.png","type":"image\/png"}],"twitter_card":"summary_large_image","twitter_site":"@gcxcorp","schema":{"@context":"https:\/\/schema.org","@graph":[{"@type":"WebPage","@id":"https:\/\/www.gcx.com\/de\/vor-ort-dienste\/vorteile-der-gcx-vor-ort-dienstleistungen\/","url":"https:\/\/www.gcx.com\/de\/vor-ort-dienste\/vorteile-der-gcx-vor-ort-dienstleistungen\/","name":"Vorteile der GCX Vor-Ort-Dienstleistungen | GCX Medical Mounting Solutions","isPartOf":{"@id":"https:\/\/www.gcx.com\/de\/#website"},"datePublished":"2024-02-23T09:29:29+00:00","dateModified":"2024-04-26T17:25:49+00:00","description":"-Meta-Beschreibung nicht gesetzt.","breadcrumb":{"@id":"https:\/\/www.gcx.com\/de\/vor-ort-dienste\/vorteile-der-gcx-vor-ort-dienstleistungen\/#breadcrumb"},"inLanguage":"de-DE","potentialAction":[{"@type":"ReadAction","target":["https:\/\/www.gcx.com\/de\/vor-ort-dienste\/vorteile-der-gcx-vor-ort-dienstleistungen\/"]}]},{"@type":"BreadcrumbList","@id":"https:\/\/www.gcx.com\/de\/vor-ort-dienste\/vorteile-der-gcx-vor-ort-dienstleistungen\/#breadcrumb","itemListElement":[{"@type":"ListItem","position":1,"name":"Home","item":"https:\/\/www.gcx.com\/de\/"},{"@type":"ListItem","position":2,"name":"Vor-Ort-Dienste","item":"https:\/\/www.gcx.com\/de\/vor-ort-dienste\/"},{"@type":"ListItem","position":3,"name":"Vorteile der GCX Vor-Ort-Dienstleistungen"}]},{"@type":"WebSite","@id":"https:\/\/www.gcx.com\/de\/#website","url":"https:\/\/www.gcx.com\/de\/","name":"GCX Medical Mounting Solutions","description":"","publisher":{"@id":"https:\/\/www.gcx.com\/de\/#organization"},"alternateName":"GCX","potentialAction":[{"@type":"SearchAction","target":{"@type":"EntryPoint","urlTemplate":"https:\/\/www.gcx.com\/de\/?s={search_term_string}"},"query-input":{"@type":"PropertyValueSpecification","valueRequired":true,"valueName":"search_term_string"}}],"inLanguage":"de-DE"},{"@type":"Organization","@id":"https:\/\/www.gcx.com\/de\/#organization","name":"GCX Medical Mounting Solutions","alternateName":"GCX","url":"https:\/\/www.gcx.com\/de\/","logo":{"@type":"ImageObject","inLanguage":"de-DE","@id":"https:\/\/www.gcx.com\/de\/#\/schema\/logo\/image\/","url":"https:\/\/www.gcx.com\/wp-content\/uploads\/2024\/02\/gcx_logo.png","contentUrl":"https:\/\/www.gcx.com\/wp-content\/uploads\/2024\/02\/gcx_logo.png","width":400,"height":166,"caption":"GCX Medical Mounting Solutions"},"image":{"@id":"https:\/\/www.gcx.com\/de\/#\/schema\/logo\/image\/"},"sameAs":["https:\/\/www.facebook.com\/GCXMountingSolutions\/","https:\/\/x.com\/gcxcorp","https:\/\/linkedin.com\/company\/gcx","https:\/\/www.instagram.com\/gcxcorp","https:\/\/www.youtube.com\/gcxcorp"]}]}},"_links":{"self":[{"href":"https:\/\/www.gcx.com\/de\/wp-json\/wp\/v2\/pages\/115337","targetHints":{"allow":["GET"]}}],"collection":[{"href":"https:\/\/www.gcx.com\/de\/wp-json\/wp\/v2\/pages"}],"about":[{"href":"https:\/\/www.gcx.com\/de\/wp-json\/wp\/v2\/types\/page"}],"author":[{"embeddable":true,"href":"https:\/\/www.gcx.com\/de\/wp-json\/wp\/v2\/users\/1"}],"replies":[{"embeddable":true,"href":"https:\/\/www.gcx.com\/de\/wp-json\/wp\/v2\/comments?post=115337"}],"version-history":[{"count":0,"href":"https:\/\/www.gcx.com\/de\/wp-json\/wp\/v2\/pages\/115337\/revisions"}],"up":[{"embeddable":true,"href":"https:\/\/www.gcx.com\/de\/wp-json\/wp\/v2\/pages\/115665"}],"wp:attachment":[{"href":"https:\/\/www.gcx.com\/de\/wp-json\/wp\/v2\/media?parent=115337"}],"curies":[{"name":"wp","href":"https:\/\/api.w.org\/{rel}","templated":true}]}}