{"id":115153,"date":"2024-02-23T09:29:36","date_gmt":"2024-02-23T09:29:36","guid":{"rendered":"https:\/\/www.gcx.com\/ueber-gcx\/erfolgsgeschichten\/"},"modified":"2024-04-25T16:19:18","modified_gmt":"2024-04-25T16:19:18","slug":"erfolgsgeschichten","status":"publish","type":"page","link":"https:\/\/www.gcx.com\/de\/ueber-gcx\/erfolgsgeschichten\/","title":{"rendered":"Erfolgsgeschichten"},"content":{"rendered":"\n<section id=\"success-stories-block_511764a563218f71811dd1796d5c53ba\" class=\"pb-5\">\n  <div class=\"container\">\n    <div class=\"row\">\n      <div class=\"col-12\">\n        <div class=\"row row-cols-md-2 g-3\">\n                                      <div class=\"col\">\n                <div class=\"card border-0 h-100\">\n                  <div class=\"card-body\">\n                    <h3 class=\"mb-1\"><a href=\"https:\/\/www.gcx.com\/wp-content\/uploads\/2024\/02\/GCX-Okinawa-Chubu-Central-Hospital-1.pdf\" target=\"_blank\" title=\"Okinawa Chubu Zentralkrankenhaus\">Okinawa Chubu Zentralkrankenhaus<\/a><\/h3>\n                    <p class=\"mb-0\">Das Okinawa Chubu Central Hospital ist seit langem bestrebt, nie einen Patienten abzuweisen und nimmt daher auch Patienten auf, die andere Krankenh\u00e4user nicht aufnehmen k\u00f6nnen. Es hat die Ehre, eine der ersten neonatalen Intensivstationen Japans zu er\u00f6ffnen, deren Bettenzahl im Laufe der Jahre von 8 auf 18 gestiegen ist.<\/p>\n                    <a href=\"https:\/\/www.gcx.com\/wp-content\/uploads\/2024\/02\/GCX-Okinawa-Chubu-Central-Hospital-1.pdf\" target=\"_blank\" class=\"btn btn-primary btn-sm mt-2\"><i class=\"fa-regular fa-file-pdf fa-lg me-1\"><\/i>Lesen Sie die Erfolgsstory<\/a>\n                  <\/div>\n                <\/div>\n              <\/div>\n                                      <div class=\"col\">\n                <div class=\"card border-0 h-100\">\n                  <div class=\"card-body\">\n                    <h3 class=\"mb-1\"><a href=\"https:\/\/www.gcx.com\/wp-content\/uploads\/2024\/02\/GCX-Nagano-Childrens-Hospital-Japan.pdf\" target=\"_blank\" title=\"Nagano Kinderkrankenhaus\">Nagano Kinderkrankenhaus<\/a><\/h3>\n                    <p class=\"mb-0\">Nagano Children&#8217;s Hospital verbessert die Erfahrung junger Patienten durch Zusammenarbeit mit GCX<\/p>\n                    <a href=\"https:\/\/www.gcx.com\/wp-content\/uploads\/2024\/02\/GCX-Nagano-Childrens-Hospital-Japan.pdf\" target=\"_blank\" class=\"btn btn-primary btn-sm mt-2\"><i class=\"fa-regular fa-file-pdf fa-lg me-1\"><\/i>Lesen Sie die Erfolgsstory<\/a>\n                  <\/div>\n                <\/div>\n              <\/div>\n                                      <div class=\"col\">\n                <div class=\"card border-0 h-100\">\n                  <div class=\"card-body\">\n                    <h3 class=\"mb-1\"><a href=\"https:\/\/www.gcx.com\/wp-content\/uploads\/2024\/02\/GCX-VCU-Medical-Center-Richmond-VA.pdf\" target=\"_blank\" title=\"VCU Medizinisches Zentrum\">VCU Medizinisches Zentrum<\/a><\/h3>\n                    <p class=\"mb-0\">Mit dem einzigartigen GCX Patient Engagement System k\u00f6nnen Tetraplegiker und andere k\u00f6rperlich eingeschr\u00e4nkte Patienten wieder Anschluss finden, ein St\u00fcck Unabh\u00e4ngigkeit zur\u00fcckgewinnen und eine aktive Rolle in ihrem Heilungsprozess \u00fcbernehmen.<\/p>\n                    <a href=\"https:\/\/www.gcx.com\/wp-content\/uploads\/2024\/02\/GCX-VCU-Medical-Center-Richmond-VA.pdf\" target=\"_blank\" class=\"btn btn-primary btn-sm mt-2\"><i class=\"fa-regular fa-file-pdf fa-lg me-1\"><\/i>Lesen Sie die Erfolgsstory<\/a>\n                  <\/div>\n                <\/div>\n              <\/div>\n                                      <div class=\"col\">\n                <div class=\"card border-0 h-100\">\n                  <div class=\"card-body\">\n                    <h3 class=\"mb-1\"><a href=\"https:\/\/www.gcx.com\/wp-content\/uploads\/2024\/02\/GCX-Baptist-Health-Little-Rock-AR.pdf\" target=\"_blank\" title=\"Baptist Gesundheit\">Baptist Gesundheit<\/a><\/h3>\n                    <p class=\"mb-0\">Baptist Health arbeitete mit Hochdruck an der Einf\u00fchrung seines neuen elektronischen Patientendatensystems (EMR) namens EPIC in seinen sieben Krankenh\u00e4usern. Es war ein gro\u00dfes, aber kritisches Unterfangen.<\/p>\n                    <a href=\"https:\/\/www.gcx.com\/wp-content\/uploads\/2024\/02\/GCX-Baptist-Health-Little-Rock-AR.pdf\" target=\"_blank\" class=\"btn btn-primary btn-sm mt-2\"><i class=\"fa-regular fa-file-pdf fa-lg me-1\"><\/i>Lesen Sie die Erfolgsstory<\/a>\n                  <\/div>\n                <\/div>\n              <\/div>\n                                      <div class=\"col\">\n                <div class=\"card border-0 h-100\">\n                  <div class=\"card-body\">\n                    <h3 class=\"mb-1\"><a href=\"https:\/\/www.gcx.com\/wp-content\/uploads\/2024\/02\/GCX-Philips-Avalon-Fetal-Maternal-Monitor.pdf\" target=\"_blank\" title=\"Philips Avalon Fetal Monitor\">Philips Avalon Fetal Monitor<\/a><\/h3>\n                    <p class=\"mb-0\">Die Integration der Philips Monitore der Avalon-Serie, die eine \u00dcberwachung des F\u00f6tus und der Mutter erm\u00f6glichen, in die geburtshilflichen Abteilungen von Kliniken und Krankenh\u00e4usern erforderte spezielle Designleistungen.<\/p>\n                    <a href=\"https:\/\/www.gcx.com\/wp-content\/uploads\/2024\/02\/GCX-Philips-Avalon-Fetal-Maternal-Monitor.pdf\" target=\"_blank\" class=\"btn btn-primary btn-sm mt-2\"><i class=\"fa-regular fa-file-pdf fa-lg me-1\"><\/i>Lesen Sie die Erfolgsstory<\/a>\n                  <\/div>\n                <\/div>\n              <\/div>\n                                      <div class=\"col\">\n                <div class=\"card border-0 h-100\">\n                  <div class=\"card-body\">\n                    <h3 class=\"mb-1\"><a href=\"https:\/\/www.gcx.com\/wp-content\/uploads\/2024\/02\/GCX-Natus-Medical-neoBlue-Mini.pdf\" target=\"_blank\" title=\"Natus neoBlue Mini\">Natus neoBlue Mini<\/a><\/h3>\n                    <p class=\"mb-0\">Als sie vor der Herausforderung standen, hochspezifische und wirksame LED-Phototherapie-Beleuchtungsl\u00f6sungen in einer beeintr\u00e4chtigten Umgebung einzusetzen, wandten sie sich an die GCX Corporation, den Marktf\u00fchrer f\u00fcr Befestigungsl\u00f6sungen f\u00fcr medizinische Instrumente.<\/p>\n                    <a href=\"https:\/\/www.gcx.com\/wp-content\/uploads\/2024\/02\/GCX-Natus-Medical-neoBlue-Mini.pdf\" target=\"_blank\" class=\"btn btn-primary btn-sm mt-2\"><i class=\"fa-regular fa-file-pdf fa-lg me-1\"><\/i>Lesen Sie die Erfolgsstory<\/a>\n                  <\/div>\n                <\/div>\n              <\/div>\n                  <\/div>\n              <\/div>\n    <\/div>\n  <\/div>\n<\/section>\n","protected":false},"excerpt":{"rendered":"<p>Wir analysieren die spezifische Produktherausforderung jedes OEMs und gehen auf das Design, die Funktionalit\u00e4t, die technischen Details und die Produktionsmethoden ein und entwickeln eine L\u00f6sung.<\/p>\n","protected":false},"author":1,"featured_media":0,"parent":113984,"menu_order":0,"comment_status":"open","ping_status":"open","template":"","meta":{"_acf_changed":false,"content-type":"","footnotes":""},"class_list":["post-115153","page","type-page","status-publish","hentry"],"acf":[],"yoast_head":"<!-- This site is optimized with the Yoast SEO plugin v27.2 - https:\/\/yoast.com\/product\/yoast-seo-wordpress\/ -->\n<title>Erfolgsgeschichten | GCX Medizinische Befestigungsl\u00f6sungen<\/title>\n<meta name=\"robots\" content=\"index, follow, max-snippet:-1, max-image-preview:large, max-video-preview:-1\" \/>\n<link rel=\"canonical\" href=\"https:\/\/www.gcx.com\/de\/ueber-gcx\/erfolgsgeschichten\/\" \/>\n<meta property=\"og:locale\" content=\"de_DE\" \/>\n<meta property=\"og:type\" content=\"article\" \/>\n<meta property=\"og:title\" content=\"Erfolgsgeschichten | GCX Medizinische Befestigungsl\u00f6sungen\" \/>\n<meta property=\"og:description\" content=\"Wir analysieren die spezifische Produktherausforderung jedes OEMs und gehen auf das Design, die Funktionalit\u00e4t, die technischen Details und die Produktionsmethoden ein und entwickeln eine L\u00f6sung.\" \/>\n<meta property=\"og:url\" content=\"https:\/\/www.gcx.com\/de\/ueber-gcx\/erfolgsgeschichten\/\" \/>\n<meta property=\"og:site_name\" content=\"GCX Medizinische Befestigungsl\u00f6sungen\" \/>\n<meta property=\"article:publisher\" content=\"https:\/\/www.facebook.com\/GCXMountingSolutions\/\" \/>\n<meta property=\"article:modified_time\" content=\"2024-04-25T16:19:18+00:00\" \/>\n<meta property=\"og:image\" content=\"https:\/\/www.gcx.com\/wp-content\/uploads\/2024\/02\/gcx_logo.png\" \/>\n\t<meta property=\"og:image:width\" content=\"400\" \/>\n\t<meta property=\"og:image:height\" content=\"166\" \/>\n\t<meta property=\"og:image:type\" content=\"image\/png\" \/>\n<meta name=\"twitter:card\" content=\"summary_large_image\" \/>\n<meta name=\"twitter:site\" content=\"@gcxcorp\" \/>\n<script type=\"application\/ld+json\" class=\"yoast-schema-graph\">{\"@context\":\"https:\/\/schema.org\",\"@graph\":[{\"@type\":\"WebPage\",\"@id\":\"https:\/\/www.gcx.com\/de\/ueber-gcx\/erfolgsgeschichten\/\",\"url\":\"https:\/\/www.gcx.com\/de\/ueber-gcx\/erfolgsgeschichten\/\",\"name\":\"Erfolgsgeschichten | GCX Medizinische Befestigungsl\u00f6sungen\",\"isPartOf\":{\"@id\":\"https:\/\/www.gcx.com\/de\/#website\"},\"datePublished\":\"2024-02-23T09:29:36+00:00\",\"dateModified\":\"2024-04-25T16:19:18+00:00\",\"breadcrumb\":{\"@id\":\"https:\/\/www.gcx.com\/de\/ueber-gcx\/erfolgsgeschichten\/#breadcrumb\"},\"inLanguage\":\"de-DE\",\"potentialAction\":[{\"@type\":\"ReadAction\",\"target\":[\"https:\/\/www.gcx.com\/de\/ueber-gcx\/erfolgsgeschichten\/\"]}]},{\"@type\":\"BreadcrumbList\",\"@id\":\"https:\/\/www.gcx.com\/de\/ueber-gcx\/erfolgsgeschichten\/#breadcrumb\",\"itemListElement\":[{\"@type\":\"ListItem\",\"position\":1,\"name\":\"Home\",\"item\":\"https:\/\/www.gcx.com\/de\/\"},{\"@type\":\"ListItem\",\"position\":2,\"name\":\"\u00dcber GCX\",\"item\":\"https:\/\/www.gcx.com\/de\/ueber-gcx\/\"},{\"@type\":\"ListItem\",\"position\":3,\"name\":\"Erfolgsgeschichten\"}]},{\"@type\":\"WebSite\",\"@id\":\"https:\/\/www.gcx.com\/de\/#website\",\"url\":\"https:\/\/www.gcx.com\/de\/\",\"name\":\"GCX Medical Mounting Solutions\",\"description\":\"\",\"publisher\":{\"@id\":\"https:\/\/www.gcx.com\/de\/#organization\"},\"alternateName\":\"GCX\",\"potentialAction\":[{\"@type\":\"SearchAction\",\"target\":{\"@type\":\"EntryPoint\",\"urlTemplate\":\"https:\/\/www.gcx.com\/de\/?s={search_term_string}\"},\"query-input\":{\"@type\":\"PropertyValueSpecification\",\"valueRequired\":true,\"valueName\":\"search_term_string\"}}],\"inLanguage\":\"de-DE\"},{\"@type\":\"Organization\",\"@id\":\"https:\/\/www.gcx.com\/de\/#organization\",\"name\":\"GCX Medical Mounting Solutions\",\"alternateName\":\"GCX\",\"url\":\"https:\/\/www.gcx.com\/de\/\",\"logo\":{\"@type\":\"ImageObject\",\"inLanguage\":\"de-DE\",\"@id\":\"https:\/\/www.gcx.com\/de\/#\/schema\/logo\/image\/\",\"url\":\"https:\/\/www.gcx.com\/wp-content\/uploads\/2024\/02\/gcx_logo.png\",\"contentUrl\":\"https:\/\/www.gcx.com\/wp-content\/uploads\/2024\/02\/gcx_logo.png\",\"width\":400,\"height\":166,\"caption\":\"GCX Medical Mounting Solutions\"},\"image\":{\"@id\":\"https:\/\/www.gcx.com\/de\/#\/schema\/logo\/image\/\"},\"sameAs\":[\"https:\/\/www.facebook.com\/GCXMountingSolutions\/\",\"https:\/\/x.com\/gcxcorp\",\"https:\/\/linkedin.com\/company\/gcx\",\"https:\/\/www.instagram.com\/gcxcorp\",\"https:\/\/www.youtube.com\/gcxcorp\"]}]}<\/script>\n<!-- \/ Yoast SEO plugin. -->","yoast_head_json":{"title":"Erfolgsgeschichten | GCX Medizinische Befestigungsl\u00f6sungen","robots":{"index":"index","follow":"follow","max-snippet":"max-snippet:-1","max-image-preview":"max-image-preview:large","max-video-preview":"max-video-preview:-1"},"canonical":"https:\/\/www.gcx.com\/de\/ueber-gcx\/erfolgsgeschichten\/","og_locale":"de_DE","og_type":"article","og_title":"Erfolgsgeschichten | GCX Medizinische Befestigungsl\u00f6sungen","og_description":"Wir analysieren die spezifische Produktherausforderung jedes OEMs und gehen auf das Design, die Funktionalit\u00e4t, die technischen Details und die Produktionsmethoden ein und entwickeln eine L\u00f6sung.","og_url":"https:\/\/www.gcx.com\/de\/ueber-gcx\/erfolgsgeschichten\/","og_site_name":"GCX Medizinische Befestigungsl\u00f6sungen","article_publisher":"https:\/\/www.facebook.com\/GCXMountingSolutions\/","article_modified_time":"2024-04-25T16:19:18+00:00","og_image":[{"width":400,"height":166,"url":"https:\/\/www.gcx.com\/wp-content\/uploads\/2024\/02\/gcx_logo.png","type":"image\/png"}],"twitter_card":"summary_large_image","twitter_site":"@gcxcorp","schema":{"@context":"https:\/\/schema.org","@graph":[{"@type":"WebPage","@id":"https:\/\/www.gcx.com\/de\/ueber-gcx\/erfolgsgeschichten\/","url":"https:\/\/www.gcx.com\/de\/ueber-gcx\/erfolgsgeschichten\/","name":"Erfolgsgeschichten | GCX Medizinische Befestigungsl\u00f6sungen","isPartOf":{"@id":"https:\/\/www.gcx.com\/de\/#website"},"datePublished":"2024-02-23T09:29:36+00:00","dateModified":"2024-04-25T16:19:18+00:00","breadcrumb":{"@id":"https:\/\/www.gcx.com\/de\/ueber-gcx\/erfolgsgeschichten\/#breadcrumb"},"inLanguage":"de-DE","potentialAction":[{"@type":"ReadAction","target":["https:\/\/www.gcx.com\/de\/ueber-gcx\/erfolgsgeschichten\/"]}]},{"@type":"BreadcrumbList","@id":"https:\/\/www.gcx.com\/de\/ueber-gcx\/erfolgsgeschichten\/#breadcrumb","itemListElement":[{"@type":"ListItem","position":1,"name":"Home","item":"https:\/\/www.gcx.com\/de\/"},{"@type":"ListItem","position":2,"name":"\u00dcber GCX","item":"https:\/\/www.gcx.com\/de\/ueber-gcx\/"},{"@type":"ListItem","position":3,"name":"Erfolgsgeschichten"}]},{"@type":"WebSite","@id":"https:\/\/www.gcx.com\/de\/#website","url":"https:\/\/www.gcx.com\/de\/","name":"GCX Medical Mounting Solutions","description":"","publisher":{"@id":"https:\/\/www.gcx.com\/de\/#organization"},"alternateName":"GCX","potentialAction":[{"@type":"SearchAction","target":{"@type":"EntryPoint","urlTemplate":"https:\/\/www.gcx.com\/de\/?s={search_term_string}"},"query-input":{"@type":"PropertyValueSpecification","valueRequired":true,"valueName":"search_term_string"}}],"inLanguage":"de-DE"},{"@type":"Organization","@id":"https:\/\/www.gcx.com\/de\/#organization","name":"GCX Medical Mounting Solutions","alternateName":"GCX","url":"https:\/\/www.gcx.com\/de\/","logo":{"@type":"ImageObject","inLanguage":"de-DE","@id":"https:\/\/www.gcx.com\/de\/#\/schema\/logo\/image\/","url":"https:\/\/www.gcx.com\/wp-content\/uploads\/2024\/02\/gcx_logo.png","contentUrl":"https:\/\/www.gcx.com\/wp-content\/uploads\/2024\/02\/gcx_logo.png","width":400,"height":166,"caption":"GCX Medical Mounting Solutions"},"image":{"@id":"https:\/\/www.gcx.com\/de\/#\/schema\/logo\/image\/"},"sameAs":["https:\/\/www.facebook.com\/GCXMountingSolutions\/","https:\/\/x.com\/gcxcorp","https:\/\/linkedin.com\/company\/gcx","https:\/\/www.instagram.com\/gcxcorp","https:\/\/www.youtube.com\/gcxcorp"]}]}},"_links":{"self":[{"href":"https:\/\/www.gcx.com\/de\/wp-json\/wp\/v2\/pages\/115153","targetHints":{"allow":["GET"]}}],"collection":[{"href":"https:\/\/www.gcx.com\/de\/wp-json\/wp\/v2\/pages"}],"about":[{"href":"https:\/\/www.gcx.com\/de\/wp-json\/wp\/v2\/types\/page"}],"author":[{"embeddable":true,"href":"https:\/\/www.gcx.com\/de\/wp-json\/wp\/v2\/users\/1"}],"replies":[{"embeddable":true,"href":"https:\/\/www.gcx.com\/de\/wp-json\/wp\/v2\/comments?post=115153"}],"version-history":[{"count":0,"href":"https:\/\/www.gcx.com\/de\/wp-json\/wp\/v2\/pages\/115153\/revisions"}],"up":[{"embeddable":true,"href":"https:\/\/www.gcx.com\/de\/wp-json\/wp\/v2\/pages\/113984"}],"wp:attachment":[{"href":"https:\/\/www.gcx.com\/de\/wp-json\/wp\/v2\/media?parent=115153"}],"curies":[{"name":"wp","href":"https:\/\/api.w.org\/{rel}","templated":true}]}}