{"id":114865,"date":"2024-02-23T09:29:29","date_gmt":"2024-02-23T09:29:29","guid":{"rendered":"https:\/\/www.gcx.com\/produkt-broschueren\/"},"modified":"2024-04-25T15:35:08","modified_gmt":"2024-04-25T15:35:08","slug":"produkt-broschueren","status":"publish","type":"page","link":"https:\/\/www.gcx.com\/de\/support\/produkt-broschueren\/","title":{"rendered":"Produkt-Brosch\u00fcren"},"content":{"rendered":"\n  <div id=\"brochures-block_31fc9e2d0ffe436eba1503303ec9d1fa\"  class=\"pt-5 pb-5 bg-white\">\n    <div class=\"container\">\n      <div class=\"row row-cols-2 row-cols-lg-4 justify-content-center g-3\">\n                            <div>\n            <div class=\"resource-card\">\n              <a href=\"https:\/\/www.gcx.com\/wp-content\/uploads\/2025\/08\/Supplier-Handbook-Code-of-Conduct.pdf\" target=\"_blank\" class=\"resource-card-image\">\n                <img decoding=\"async\" src=\"https:\/\/www.gcx.com\/wp-content\/uploads\/2025\/08\/Supplier-Handbook-Code-of-Conduct-IMAGE.jpg\" alt=\"\">\n              <\/a>\n              <h6 class=\"resource-card-title\">\n                <a href=\"https:\/\/www.gcx.com\/wp-content\/uploads\/2025\/08\/Supplier-Handbook-Code-of-Conduct.pdf\" target=\"_blank\">\n                  <i class=\"fa-regular fa-file-pdf fa-lg me-1\"><\/i>Lieferantenhandbuch &amp; Verhaltenskodex                <\/a>\n              <\/h6>\n            <\/div>\n          <\/div>\n                            <div>\n            <div class=\"resource-card\">\n              <a href=\"https:\/\/www.gcx.com\/wp-content\/uploads\/2025\/08\/GCX-Code-of-Conduct.pdf\" target=\"_blank\" class=\"resource-card-image\">\n                <img decoding=\"async\" src=\"https:\/\/www.gcx.com\/wp-content\/uploads\/2025\/08\/GCX-Code-of-Conduct-IMAGE-scaled.jpg\" alt=\"\">\n              <\/a>\n              <h6 class=\"resource-card-title\">\n                <a href=\"https:\/\/www.gcx.com\/wp-content\/uploads\/2025\/08\/GCX-Code-of-Conduct.pdf\" target=\"_blank\">\n                  <i class=\"fa-regular fa-file-pdf fa-lg me-1\"><\/i>GCX-Verhaltenskodex                <\/a>\n              <\/h6>\n            <\/div>\n          <\/div>\n                            <div>\n            <div class=\"resource-card\">\n              <a href=\"https:\/\/www.gcx.com\/wp-content\/uploads\/2024\/03\/GCX-OEM-Services-202305.pdf\" target=\"_blank\" class=\"resource-card-image\">\n                <img decoding=\"async\" src=\"https:\/\/www.gcx.com\/wp-content\/uploads\/2024\/03\/GCX-OEM-Services-2023_3335f2a33188d2d727a5290dae742eb7.jpeg\" alt=\"\">\n              <\/a>\n              <h6 class=\"resource-card-title\">\n                <a href=\"https:\/\/www.gcx.com\/wp-content\/uploads\/2024\/03\/GCX-OEM-Services-202305.pdf\" target=\"_blank\">\n                  <i class=\"fa-regular fa-file-pdf fa-lg me-1\"><\/i>OEM-Dienste                <\/a>\n              <\/h6>\n            <\/div>\n          <\/div>\n                            <div>\n            <div class=\"resource-card\">\n              <a href=\"https:\/\/www.gcx.com\/wp-content\/uploads\/2024\/03\/GCX-Medical-Devices-202305-1.pdf\" target=\"_blank\" class=\"resource-card-image\">\n                <img decoding=\"async\" src=\"https:\/\/www.gcx.com\/wp-content\/uploads\/2024\/03\/GCX-Medical-Devices-2023_3335f2a33188d2d727a5290dae742eb7.jpeg\" alt=\"\">\n              <\/a>\n              <h6 class=\"resource-card-title\">\n                <a href=\"https:\/\/www.gcx.com\/wp-content\/uploads\/2024\/03\/GCX-Medical-Devices-202305-1.pdf\" target=\"_blank\">\n                  <i class=\"fa-regular fa-file-pdf fa-lg me-1\"><\/i>L\u00f6sungen f\u00fcr medizinische Ger\u00e4te                <\/a>\n              <\/h6>\n            <\/div>\n          <\/div>\n                            <div>\n            <div class=\"resource-card\">\n              <a href=\"https:\/\/www.gcx.com\/wp-content\/uploads\/2024\/02\/computer-hardware-brochure-it-v13.pdf\" target=\"_blank\" class=\"resource-card-image\">\n                <img decoding=\"async\" src=\"https:\/\/www.gcx.com\/wp-content\/uploads\/2024\/02\/GCX-IT-2023.jpg\" alt=\"GCX Computer Hardware\">\n              <\/a>\n              <h6 class=\"resource-card-title\">\n                <a href=\"https:\/\/www.gcx.com\/wp-content\/uploads\/2024\/02\/computer-hardware-brochure-it-v13.pdf\" target=\"_blank\">\n                  <i class=\"fa-regular fa-file-pdf fa-lg me-1\"><\/i>Computer Hardware L\u00f6sungen                <\/a>\n              <\/h6>\n            <\/div>\n          <\/div>\n                            <div>\n            <div class=\"resource-card\">\n              <a href=\"https:\/\/www.gcx.com\/wp-content\/uploads\/2024\/03\/Patient-Engagement-Brochure.pdf\" target=\"_blank\" class=\"resource-card-image\">\n                <img decoding=\"async\" src=\"https:\/\/www.gcx.com\/wp-content\/uploads\/2024\/03\/pe_brochure_3335f2a33188d2d727a5290dae742eb7.jpeg\" alt=\"\">\n              <\/a>\n              <h6 class=\"resource-card-title\">\n                <a href=\"https:\/\/www.gcx.com\/wp-content\/uploads\/2024\/03\/Patient-Engagement-Brochure.pdf\" target=\"_blank\">\n                  <i class=\"fa-regular fa-file-pdf fa-lg me-1\"><\/i>L\u00f6sungen f\u00fcr das Engagement von Patienten                <\/a>\n              <\/h6>\n            <\/div>\n          <\/div>\n                            <div>\n            <div class=\"resource-card\">\n              <a href=\"https:\/\/www.gcx.com\/wp-content\/uploads\/2024\/02\/GCX-Anesthesia-202305.pdf\" target=\"_blank\" class=\"resource-card-image\">\n                <img decoding=\"async\" src=\"https:\/\/www.gcx.com\/wp-content\/uploads\/2024\/02\/GCX-Perioperative-Anesthesia-2023.jpg\" alt=\"GCX Perioperative\">\n              <\/a>\n              <h6 class=\"resource-card-title\">\n                <a href=\"https:\/\/www.gcx.com\/wp-content\/uploads\/2024\/02\/GCX-Anesthesia-202305.pdf\" target=\"_blank\">\n                  <i class=\"fa-regular fa-file-pdf fa-lg me-1\"><\/i>Perioperative \/ An\u00e4sthesie-L\u00f6sungen                <\/a>\n              <\/h6>\n            <\/div>\n          <\/div>\n                            <div>\n            <div class=\"resource-card\">\n              <a href=\"https:\/\/www.gcx.com\/wp-content\/uploads\/2024\/02\/GCX-GE-Fetal-Monitoring-202305.pdf\" target=\"_blank\" class=\"resource-card-image\">\n                <img decoding=\"async\" src=\"https:\/\/www.gcx.com\/wp-content\/uploads\/2024\/02\/GCX-GE-Fetal-Monitoring-2023.jpg\" alt=\"GCX GE Fetal Monitoring\">\n              <\/a>\n              <h6 class=\"resource-card-title\">\n                <a href=\"https:\/\/www.gcx.com\/wp-content\/uploads\/2024\/02\/GCX-GE-Fetal-Monitoring-202305.pdf\" target=\"_blank\">\n                  <i class=\"fa-regular fa-file-pdf fa-lg me-1\"><\/i>GE L\u00f6sungen zur \u00dcberwachung des F\u00f6tus                <\/a>\n              <\/h6>\n            <\/div>\n          <\/div>\n                            <div>\n            <div class=\"resource-card\">\n              <a href=\"https:\/\/www.gcx.com\/wp-content\/uploads\/2024\/02\/GCX-Philips-Fetal-Monitoring-202305.pdf\" target=\"_blank\" class=\"resource-card-image\">\n                <img decoding=\"async\" src=\"https:\/\/www.gcx.com\/wp-content\/uploads\/2024\/02\/GCX-Philips-Fetal-Monitoring-2023.jpg\" alt=\"GCX Philips Fetal Monitoring\">\n              <\/a>\n              <h6 class=\"resource-card-title\">\n                <a href=\"https:\/\/www.gcx.com\/wp-content\/uploads\/2024\/02\/GCX-Philips-Fetal-Monitoring-202305.pdf\" target=\"_blank\">\n                  <i class=\"fa-regular fa-file-pdf fa-lg me-1\"><\/i>Philips L\u00f6sungen zur \u00dcberwachung des F\u00f6tus                <\/a>\n              <\/h6>\n            <\/div>\n          <\/div>\n                            <div>\n            <div class=\"resource-card\">\n              <a href=\"https:\/\/www.gcx.com\/wp-content\/uploads\/2024\/02\/GCX-Brochure-OSS-202305.pdf\" target=\"_blank\" class=\"resource-card-image\">\n                <img decoding=\"async\" src=\"https:\/\/www.gcx.com\/wp-content\/uploads\/2024\/02\/GCX-OSS-2023.jpg\" alt=\"GCX OSS\">\n              <\/a>\n              <h6 class=\"resource-card-title\">\n                <a href=\"https:\/\/www.gcx.com\/wp-content\/uploads\/2024\/02\/GCX-Brochure-OSS-202305.pdf\" target=\"_blank\">\n                  <i class=\"fa-regular fa-file-pdf fa-lg me-1\"><\/i>Vor-Ort-Dienste                <\/a>\n              <\/h6>\n            <\/div>\n          <\/div>\n                            <div>\n            <div class=\"resource-card\">\n              <a href=\"https:\/\/www.gcx.com\/wp-content\/uploads\/2024\/02\/GCX-OEM-Services-2-Page.pdf\" target=\"_blank\" class=\"resource-card-image\">\n                <img decoding=\"async\" src=\"https:\/\/www.gcx.com\/wp-content\/uploads\/2024\/02\/GCX_OEM_Services_2_pager.jpg\" alt=\"GCX OEM Services 2 pager\">\n              <\/a>\n              <h6 class=\"resource-card-title\">\n                <a href=\"https:\/\/www.gcx.com\/wp-content\/uploads\/2024\/02\/GCX-OEM-Services-2-Page.pdf\" target=\"_blank\">\n                  <i class=\"fa-regular fa-file-pdf fa-lg me-1\"><\/i>Medizinische Befestigungsl\u00f6sungen                <\/a>\n              <\/h6>\n            <\/div>\n          <\/div>\n              <\/div>\n          <\/div>\n  <\/div>\n","protected":false},"excerpt":{"rendered":"","protected":false},"author":1,"featured_media":0,"parent":115409,"menu_order":0,"comment_status":"open","ping_status":"closed","template":"","meta":{"_acf_changed":false,"content-type":"","footnotes":""},"class_list":["post-114865","page","type-page","status-publish","hentry"],"acf":[],"yoast_head":"<!-- This site is optimized with the Yoast SEO plugin v27.3 - https:\/\/yoast.com\/product\/yoast-seo-wordpress\/ -->\n<title>Produktbrosch\u00fcren | GCX Medical Mounting Solutions<\/title>\n<meta name=\"description\" content=\"-Meta-Beschreibung nicht gesetzt.\" \/>\n<meta name=\"robots\" content=\"index, follow, max-snippet:-1, max-image-preview:large, max-video-preview:-1\" \/>\n<link rel=\"canonical\" href=\"https:\/\/www.gcx.com\/de\/support\/produkt-broschueren\/\" \/>\n<meta property=\"og:locale\" content=\"de_DE\" \/>\n<meta property=\"og:type\" content=\"article\" \/>\n<meta property=\"og:title\" content=\"Produktbrosch\u00fcren | GCX Medical Mounting Solutions\" \/>\n<meta property=\"og:description\" content=\"-Meta-Beschreibung nicht gesetzt.\" \/>\n<meta property=\"og:url\" content=\"https:\/\/www.gcx.com\/de\/support\/produkt-broschueren\/\" \/>\n<meta property=\"og:site_name\" content=\"GCX Medizinische Befestigungsl\u00f6sungen\" \/>\n<meta property=\"article:publisher\" content=\"https:\/\/www.facebook.com\/GCXMountingSolutions\/\" \/>\n<meta property=\"article:modified_time\" content=\"2024-04-25T15:35:08+00:00\" \/>\n<meta property=\"og:image\" content=\"https:\/\/www.gcx.com\/wp-content\/uploads\/2024\/02\/gcx_logo.png\" \/>\n\t<meta property=\"og:image:width\" content=\"400\" \/>\n\t<meta property=\"og:image:height\" content=\"166\" \/>\n\t<meta property=\"og:image:type\" content=\"image\/png\" \/>\n<meta name=\"twitter:card\" content=\"summary_large_image\" \/>\n<meta name=\"twitter:site\" content=\"@gcxcorp\" \/>\n<script type=\"application\/ld+json\" class=\"yoast-schema-graph\">{\"@context\":\"https:\\\/\\\/schema.org\",\"@graph\":[{\"@type\":\"WebPage\",\"@id\":\"https:\\\/\\\/www.gcx.com\\\/de\\\/support\\\/produkt-broschueren\\\/\",\"url\":\"https:\\\/\\\/www.gcx.com\\\/de\\\/support\\\/produkt-broschueren\\\/\",\"name\":\"Produktbrosch\u00fcren | GCX Medical Mounting Solutions\",\"isPartOf\":{\"@id\":\"https:\\\/\\\/www.gcx.com\\\/de\\\/#website\"},\"datePublished\":\"2024-02-23T09:29:29+00:00\",\"dateModified\":\"2024-04-25T15:35:08+00:00\",\"description\":\"-Meta-Beschreibung nicht gesetzt.\",\"breadcrumb\":{\"@id\":\"https:\\\/\\\/www.gcx.com\\\/de\\\/support\\\/produkt-broschueren\\\/#breadcrumb\"},\"inLanguage\":\"de-DE\",\"potentialAction\":[{\"@type\":\"ReadAction\",\"target\":[\"https:\\\/\\\/www.gcx.com\\\/de\\\/support\\\/produkt-broschueren\\\/\"]}]},{\"@type\":\"BreadcrumbList\",\"@id\":\"https:\\\/\\\/www.gcx.com\\\/de\\\/support\\\/produkt-broschueren\\\/#breadcrumb\",\"itemListElement\":[{\"@type\":\"ListItem\",\"position\":1,\"name\":\"Home\",\"item\":\"https:\\\/\\\/www.gcx.com\\\/de\\\/\"},{\"@type\":\"ListItem\",\"position\":2,\"name\":\"Unterst\u00fctzen Sie\",\"item\":\"https:\\\/\\\/www.gcx.com\\\/de\\\/support\\\/\"},{\"@type\":\"ListItem\",\"position\":3,\"name\":\"Produkt-Brosch\u00fcren\"}]},{\"@type\":\"WebSite\",\"@id\":\"https:\\\/\\\/www.gcx.com\\\/de\\\/#website\",\"url\":\"https:\\\/\\\/www.gcx.com\\\/de\\\/\",\"name\":\"GCX Medical Mounting Solutions\",\"description\":\"\",\"publisher\":{\"@id\":\"https:\\\/\\\/www.gcx.com\\\/de\\\/#organization\"},\"alternateName\":\"GCX\",\"potentialAction\":[{\"@type\":\"SearchAction\",\"target\":{\"@type\":\"EntryPoint\",\"urlTemplate\":\"https:\\\/\\\/www.gcx.com\\\/de\\\/?s={search_term_string}\"},\"query-input\":{\"@type\":\"PropertyValueSpecification\",\"valueRequired\":true,\"valueName\":\"search_term_string\"}}],\"inLanguage\":\"de-DE\"},{\"@type\":\"Organization\",\"@id\":\"https:\\\/\\\/www.gcx.com\\\/de\\\/#organization\",\"name\":\"GCX Medical Mounting Solutions\",\"alternateName\":\"GCX\",\"url\":\"https:\\\/\\\/www.gcx.com\\\/de\\\/\",\"logo\":{\"@type\":\"ImageObject\",\"inLanguage\":\"de-DE\",\"@id\":\"https:\\\/\\\/www.gcx.com\\\/de\\\/#\\\/schema\\\/logo\\\/image\\\/\",\"url\":\"https:\\\/\\\/www.gcx.com\\\/wp-content\\\/uploads\\\/2024\\\/02\\\/gcx_logo.png\",\"contentUrl\":\"https:\\\/\\\/www.gcx.com\\\/wp-content\\\/uploads\\\/2024\\\/02\\\/gcx_logo.png\",\"width\":400,\"height\":166,\"caption\":\"GCX Medical Mounting Solutions\"},\"image\":{\"@id\":\"https:\\\/\\\/www.gcx.com\\\/de\\\/#\\\/schema\\\/logo\\\/image\\\/\"},\"sameAs\":[\"https:\\\/\\\/www.facebook.com\\\/GCXMountingSolutions\\\/\",\"https:\\\/\\\/x.com\\\/gcxcorp\",\"https:\\\/\\\/linkedin.com\\\/company\\\/gcx\",\"https:\\\/\\\/www.instagram.com\\\/gcxcorp\",\"https:\\\/\\\/www.youtube.com\\\/gcxcorp\"]}]}<\/script>\n<!-- \/ Yoast SEO plugin. -->","yoast_head_json":{"title":"Produktbrosch\u00fcren | GCX Medical Mounting Solutions","description":"-Meta-Beschreibung nicht gesetzt.","robots":{"index":"index","follow":"follow","max-snippet":"max-snippet:-1","max-image-preview":"max-image-preview:large","max-video-preview":"max-video-preview:-1"},"canonical":"https:\/\/www.gcx.com\/de\/support\/produkt-broschueren\/","og_locale":"de_DE","og_type":"article","og_title":"Produktbrosch\u00fcren | GCX Medical Mounting Solutions","og_description":"-Meta-Beschreibung nicht gesetzt.","og_url":"https:\/\/www.gcx.com\/de\/support\/produkt-broschueren\/","og_site_name":"GCX Medizinische Befestigungsl\u00f6sungen","article_publisher":"https:\/\/www.facebook.com\/GCXMountingSolutions\/","article_modified_time":"2024-04-25T15:35:08+00:00","og_image":[{"width":400,"height":166,"url":"https:\/\/www.gcx.com\/wp-content\/uploads\/2024\/02\/gcx_logo.png","type":"image\/png"}],"twitter_card":"summary_large_image","twitter_site":"@gcxcorp","schema":{"@context":"https:\/\/schema.org","@graph":[{"@type":"WebPage","@id":"https:\/\/www.gcx.com\/de\/support\/produkt-broschueren\/","url":"https:\/\/www.gcx.com\/de\/support\/produkt-broschueren\/","name":"Produktbrosch\u00fcren | GCX Medical Mounting Solutions","isPartOf":{"@id":"https:\/\/www.gcx.com\/de\/#website"},"datePublished":"2024-02-23T09:29:29+00:00","dateModified":"2024-04-25T15:35:08+00:00","description":"-Meta-Beschreibung nicht gesetzt.","breadcrumb":{"@id":"https:\/\/www.gcx.com\/de\/support\/produkt-broschueren\/#breadcrumb"},"inLanguage":"de-DE","potentialAction":[{"@type":"ReadAction","target":["https:\/\/www.gcx.com\/de\/support\/produkt-broschueren\/"]}]},{"@type":"BreadcrumbList","@id":"https:\/\/www.gcx.com\/de\/support\/produkt-broschueren\/#breadcrumb","itemListElement":[{"@type":"ListItem","position":1,"name":"Home","item":"https:\/\/www.gcx.com\/de\/"},{"@type":"ListItem","position":2,"name":"Unterst\u00fctzen Sie","item":"https:\/\/www.gcx.com\/de\/support\/"},{"@type":"ListItem","position":3,"name":"Produkt-Brosch\u00fcren"}]},{"@type":"WebSite","@id":"https:\/\/www.gcx.com\/de\/#website","url":"https:\/\/www.gcx.com\/de\/","name":"GCX Medical Mounting Solutions","description":"","publisher":{"@id":"https:\/\/www.gcx.com\/de\/#organization"},"alternateName":"GCX","potentialAction":[{"@type":"SearchAction","target":{"@type":"EntryPoint","urlTemplate":"https:\/\/www.gcx.com\/de\/?s={search_term_string}"},"query-input":{"@type":"PropertyValueSpecification","valueRequired":true,"valueName":"search_term_string"}}],"inLanguage":"de-DE"},{"@type":"Organization","@id":"https:\/\/www.gcx.com\/de\/#organization","name":"GCX Medical Mounting Solutions","alternateName":"GCX","url":"https:\/\/www.gcx.com\/de\/","logo":{"@type":"ImageObject","inLanguage":"de-DE","@id":"https:\/\/www.gcx.com\/de\/#\/schema\/logo\/image\/","url":"https:\/\/www.gcx.com\/wp-content\/uploads\/2024\/02\/gcx_logo.png","contentUrl":"https:\/\/www.gcx.com\/wp-content\/uploads\/2024\/02\/gcx_logo.png","width":400,"height":166,"caption":"GCX Medical Mounting Solutions"},"image":{"@id":"https:\/\/www.gcx.com\/de\/#\/schema\/logo\/image\/"},"sameAs":["https:\/\/www.facebook.com\/GCXMountingSolutions\/","https:\/\/x.com\/gcxcorp","https:\/\/linkedin.com\/company\/gcx","https:\/\/www.instagram.com\/gcxcorp","https:\/\/www.youtube.com\/gcxcorp"]}]}},"_links":{"self":[{"href":"https:\/\/www.gcx.com\/de\/wp-json\/wp\/v2\/pages\/114865","targetHints":{"allow":["GET"]}}],"collection":[{"href":"https:\/\/www.gcx.com\/de\/wp-json\/wp\/v2\/pages"}],"about":[{"href":"https:\/\/www.gcx.com\/de\/wp-json\/wp\/v2\/types\/page"}],"author":[{"embeddable":true,"href":"https:\/\/www.gcx.com\/de\/wp-json\/wp\/v2\/users\/1"}],"replies":[{"embeddable":true,"href":"https:\/\/www.gcx.com\/de\/wp-json\/wp\/v2\/comments?post=114865"}],"version-history":[{"count":0,"href":"https:\/\/www.gcx.com\/de\/wp-json\/wp\/v2\/pages\/114865\/revisions"}],"up":[{"embeddable":true,"href":"https:\/\/www.gcx.com\/de\/wp-json\/wp\/v2\/pages\/115409"}],"wp:attachment":[{"href":"https:\/\/www.gcx.com\/de\/wp-json\/wp\/v2\/media?parent=114865"}],"curies":[{"name":"wp","href":"https:\/\/api.w.org\/{rel}","templated":true}]}}