{"id":114840,"date":"2024-02-23T09:28:24","date_gmt":"2024-02-23T09:28:24","guid":{"rendered":"https:\/\/www.gcx.com\/produktreihe-2\/vhc-serie\/"},"modified":"2024-04-25T15:30:05","modified_gmt":"2024-04-25T15:30:05","slug":"vhc-serie","status":"publish","type":"page","link":"https:\/\/www.gcx.com\/de\/produkte\/produktreihe\/vhc-serie\/","title":{"rendered":"VHC-Serie"},"content":{"rendered":"\n<section id=\"content-block_491014b51d2dedc4ab87659fbe3386a4\"  class=\"pt-5\">\n  <div class=\"container\">\n  <div class=\"row flex-md-row-reverse\">\n          <div class=\"col-md-4 mb-4 mb-md-0\">\n                              <img decoding=\"async\" class=\"img-fluid \" src=\"https:\/\/www.gcx.com\/wp-content\/uploads\/2024\/02\/vhc-series.png\" alt=\"Vhc series\">\n          \n              <\/div>\n        <div class=\"col-md-8\">\n      <div class=\"text-editor fs-md\">\n        <h2>Unser h\u00f6henvariabler Kanal ist mit jeder Krankenhausumgebung kompatibel und damit eine L\u00f6sung selbst f\u00fcr die schwierigsten Bereiche.<\/h2>\n<h3>Bewegungsumfang<\/h3>\n<p>Der Variable Height Channel (VHC\u2122) bietet einen flexiblen, h\u00f6henverstellbaren Arbeitsplatz f\u00fcr die Pflege. Der VHC kann mit einer ganzen Reihe von handels\u00fcblichen GCX-Armen konfiguriert werden, um einen b\u00fcndig an der Wand montierten Arbeitsplatz zu schaffen oder einen, der sich vollst\u00e4ndig von der Wand abheben l\u00e4sst, um die Interaktion zwischen Pflegepersonal und Patient zu verbessern. Wenn sich Ihre Computerhardware oder Ihre Anwendungsanforderungen \u00e4ndern, l\u00e4sst sich der ergonomische Arbeitsplatz leicht anpassen, um neue Ger\u00e4te sicher zu halten.<\/p>\n              <\/div>\n    <\/div>\n  <\/div>\n<\/div>\n<\/section>\n\n  <section id=\"basic-cards-block_5a4ddddda83114511b5e8b09620172ee\"  class=\"pt-5 pb-5 \">\n    \n<div class=\"container\">\n    <div class=\"row row-cols-md-2 g-3\">\n          <div>\n        <div class=\"basic-card basic-card-horizontal\">\n          <div class=\"basic-card-image\">\n                          <img decoding=\"async\" class=\"border-0\" src=\"https:\/\/www.gcx.com\/wp-content\/uploads\/2024\/02\/VHC-01.png\" alt=\"VHC 01\">\n                      <\/div>\n          <div class=\"basic-card-content\">\n            <h4 class=\"basic-card-title\">\n                              Compact                          <\/h4>\n                          <p class=\"basic-card-description\"><p>Der VHC wurde speziell f\u00fcr den Einsatz in r\u00e4umlich begrenzten Gesundheitseinrichtungen entwickelt. Der VHC ragt nur 4\u2033\/10cm aus der Wand heraus und ist damit eine ideale L\u00f6sung f\u00fcr Flure, Untersuchungsr\u00e4ume und Notaufnahmen.<\/p>\n                              <\/p>\n                      <\/div>\n        <\/div>\n      <\/div>\n          <div>\n        <div class=\"basic-card basic-card-horizontal\">\n          <div class=\"basic-card-image\">\n                          <img decoding=\"async\" class=\"border-0\" src=\"https:\/\/www.gcx.com\/wp-content\/uploads\/2024\/02\/VHC-02.png\" alt=\"VHC 02\">\n                      <\/div>\n          <div class=\"basic-card-content\">\n            <h4 class=\"basic-card-title\">\n                              Compatibility                          <\/h4>\n                          <p class=\"basic-card-description\"><p>Der VHC kann praktisch jedes medizinische Ger\u00e4t oder jede Computer-Hardware aufnehmen und ist in verschiedenen Gr\u00f6\u00dfen erh\u00e4ltlich, damit er in Ihren speziellen klinischen Bereich passt. Es ist mit allen GCX-Montagearmen und kanalmontiertem Zubeh\u00f6r kompatibel. sorgt zusammen mit dem integrierten Kabelmanagement f\u00fcr einen geordneten Arbeitsplatz mit maximaler Reinigungsm\u00f6glichkeit.<\/p>\n                              <\/p>\n                      <\/div>\n        <\/div>\n      <\/div>\n      <\/div>\n  <\/div>\n  <\/section>\n\n<section id=\"product-and-pages-grid-block_33eec1c4827eae06f423e18997ae3ef7\"  class=\"pt-5 pb-5 \">\n  <div class=\"container pb-1\">\n    <div class=\"row\">\n      <div class=\"col-md-8\">\n              <\/div>\n          <\/div>\n  <\/div>\n  \n    <section class=\"pb-5 js-product-and-pages-grid-parent\" id=\"\">\n        <div class=\"container\">\n                                                                <div class=\"row \">\n                        <div class=\"col-12\">\n                                                    <div class=\"d-flex align-items-center\">\n                                                                                                    <div class=\"ms-auto\">\n                                        <div class=\"btn-group\">\n                                            <button class=\"btn btn-sm btn-outline-secondary active js-toggle-grid-view\" title=\"Grid View\"><i class=\"fa-solid fa-table-cells fa-lg\"><\/i><\/button>\n                                            <button class=\"btn btn-sm btn-outline-secondary js-toggle-list-view\" title=\"List View\"><i class=\"fa-solid fa-table-list fa-lg\"><\/i><\/button>\n                                        <\/div>\n                                    <\/div>\n                                                            <\/div>\n                            <hr>\n\n                            <div class=\"row row-cols-2 row-cols-md-4 row-cols-lg-6 g-2 js-products js-products-grid\">\n                                \n                                    <div>\n                                        <div class=\"product-card\">\n                                                                                            <a href=\"https:\/\/www.gcx.com\/products\/gcx\/vhc-series-monitor-and-keyboard\/\" class=\"product-card-image\">\n                                                    <img decoding=\"async\" src=\"https:\/\/www.gcx.com\/wp-content\/uploads\/2024\/02\/GCX_hires_vhc_mntr_kybrd_flushmnt-tech-LG-7-200x200.jpg\" alt=\"GCX hires vhc mntr kybrd flushmnt tech LG 7\">\n                                                <\/a>\n                                                                                        <h6 class=\"product-card-title\">\n                                                <a href=\"https:\/\/www.gcx.com\/products\/gcx\/vhc-series-monitor-and-keyboard\/\">\n                                                                                                            <span class=\"product-configuration p-0 mt-1 no-decoration text-uppercase\">Configuration 2<\/span>\n                                                                                                        H\u00f6henvariable GCX-Profilschiene VHC mit Bildschirm und Tastatur                                                <\/a>\n                                            <\/h6>\n                                        <\/div>\n                                    <\/div>\n                                \n                                    <div>\n                                        <div class=\"product-card\">\n                                                                                            <a href=\"https:\/\/www.gcx.com\/products\/gcx\/vhc-variable-height-channel-workstation\/\" class=\"product-card-image\">\n                                                    <img decoding=\"async\" src=\"https:\/\/www.gcx.com\/wp-content\/uploads\/2024\/02\/vhc_dfp_8x8_artarm-tech_2021-02-15-233933-200x200.jpg\" alt=\"Vhc dfp 8x8 artarm tech\">\n                                                <\/a>\n                                                                                        <h6 class=\"product-card-title\">\n                                                <a href=\"https:\/\/www.gcx.com\/products\/gcx\/vhc-variable-height-channel-workstation\/\">\n                                                                                                        VHC-Serie f\u00fcr zwei Bildschirme und Tastatur                                                <\/a>\n                                            <\/h6>\n                                        <\/div>\n                                    <\/div>\n                                                                                            <\/div>\n                                                        <\/div>\n                                                <\/div>\n                                                                        <\/div>\n    <\/section>\n\n<div class=\"modal fade\" id=\"catalog-modal\" tabindex=\"-1\">\n        <div class=\"modal-dialog modal-md modal-dialog-centered\">\n        <div class=\"modal-content\">\n            <div class=\"modal-header\">\n                <h3 class=\"modal-title\">Katalog erstellen<\/h3>\n                <button type=\"button\" class=\"btn-close\" data-bs-dismiss=\"modal\" aria-label=\"Close\"><\/button>\n            <\/div>\n            <div id=\"generate-catalog-modal\" class=\"modal-body\">\n                <p>Laden Sie einen PDF-Katalog f\u00fcr diesen Bereich des GCX-Produktangebots herunter.<\/p>\n                <a href=\"#\" class=\"btn btn-primary js-generate-catalog\"><i class=\"fa-solid fa-gear me-1\"><\/i>Katalog erstellen<\/a>\n            <\/div>\n        <\/div>\n    <\/div>\n    <script>\n        jQuery(document).ready(function($) {\n\n            $(\"body\").on(\"click\", \".js-generate-catalog\", function(e) {\n                e.preventDefault();\n\n                $(\"#generate-catalog-modal\").html('<div class=\"text-center\"><button class=\"btn btn-warning\" type=\"button\" disabled><i class=\"me-1 fa-solid fa-cog fa-spin\"><\/i>Bitte warten<\/button><\/div>');\n\n                var data = {\n                    'action': 'generate_catalog',\n                    'security': gcx_ajax_object.nonce,\n                    'generate_catalog': {\n                        'generate-pdf': true, \/\/ or false, depending on your logic\n                        'product-id': 114840                    }\n                };\n\n                $.post(gcx_ajax_object.ajax_url, data, function(response) {\n                    console.log(response);\n                    \/\/ Handle response\n                    $(\"#generate-catalog-modal\").html(response);\n                });\n            });\n        });\n    <\/script>\n\n<\/div>  <\/div>","protected":false},"excerpt":{"rendered":"","protected":false},"author":1,"featured_media":67986,"parent":112986,"menu_order":0,"comment_status":"open","ping_status":"open","template":"","meta":{"_acf_changed":false,"content-type":"","footnotes":""},"class_list":["post-114840","page","type-page","status-publish","has-post-thumbnail","hentry"],"acf":[],"yoast_head":"<!-- This site is optimized with the Yoast SEO plugin v27.3 - https:\/\/yoast.com\/product\/yoast-seo-wordpress\/ -->\n<title>VHC-Serie | GCX Medizinische Befestigungsl\u00f6sungen<\/title>\n<meta name=\"robots\" content=\"index, follow, max-snippet:-1, max-image-preview:large, max-video-preview:-1\" \/>\n<link rel=\"canonical\" href=\"https:\/\/www.gcx.com\/de\/produkte\/produktreihe\/vhc-serie\/\" \/>\n<meta property=\"og:locale\" content=\"de_DE\" \/>\n<meta property=\"og:type\" content=\"article\" \/>\n<meta property=\"og:title\" content=\"VHC-Serie | GCX Medizinische Befestigungsl\u00f6sungen\" \/>\n<meta property=\"og:url\" content=\"https:\/\/www.gcx.com\/de\/produkte\/produktreihe\/vhc-serie\/\" \/>\n<meta property=\"og:site_name\" content=\"GCX Medizinische Befestigungsl\u00f6sungen\" \/>\n<meta property=\"article:publisher\" content=\"https:\/\/www.facebook.com\/GCXMountingSolutions\/\" \/>\n<meta property=\"article:modified_time\" content=\"2024-04-25T15:30:05+00:00\" \/>\n<meta property=\"og:image\" content=\"https:\/\/www.gcx.com\/wp-content\/uploads\/2024\/02\/product-series-vhc-1.jpeg\" \/>\n\t<meta property=\"og:image:width\" content=\"166\" \/>\n\t<meta property=\"og:image:height\" content=\"166\" \/>\n\t<meta property=\"og:image:type\" content=\"image\/jpeg\" \/>\n<meta name=\"twitter:card\" content=\"summary_large_image\" \/>\n<meta name=\"twitter:site\" content=\"@gcxcorp\" \/>\n<script type=\"application\/ld+json\" class=\"yoast-schema-graph\">{\"@context\":\"https:\\\/\\\/schema.org\",\"@graph\":[{\"@type\":\"WebPage\",\"@id\":\"https:\\\/\\\/www.gcx.com\\\/de\\\/produkte\\\/produktreihe\\\/vhc-serie\\\/\",\"url\":\"https:\\\/\\\/www.gcx.com\\\/de\\\/produkte\\\/produktreihe\\\/vhc-serie\\\/\",\"name\":\"VHC-Serie | GCX Medizinische Befestigungsl\u00f6sungen\",\"isPartOf\":{\"@id\":\"https:\\\/\\\/www.gcx.com\\\/de\\\/#website\"},\"primaryImageOfPage\":{\"@id\":\"https:\\\/\\\/www.gcx.com\\\/de\\\/produkte\\\/produktreihe\\\/vhc-serie\\\/#primaryimage\"},\"image\":{\"@id\":\"https:\\\/\\\/www.gcx.com\\\/de\\\/produkte\\\/produktreihe\\\/vhc-serie\\\/#primaryimage\"},\"thumbnailUrl\":\"https:\\\/\\\/www.gcx.com\\\/wp-content\\\/uploads\\\/2024\\\/02\\\/product-series-vhc-1.jpeg\",\"datePublished\":\"2024-02-23T09:28:24+00:00\",\"dateModified\":\"2024-04-25T15:30:05+00:00\",\"breadcrumb\":{\"@id\":\"https:\\\/\\\/www.gcx.com\\\/de\\\/produkte\\\/produktreihe\\\/vhc-serie\\\/#breadcrumb\"},\"inLanguage\":\"de-DE\",\"potentialAction\":[{\"@type\":\"ReadAction\",\"target\":[\"https:\\\/\\\/www.gcx.com\\\/de\\\/produkte\\\/produktreihe\\\/vhc-serie\\\/\"]}]},{\"@type\":\"ImageObject\",\"inLanguage\":\"de-DE\",\"@id\":\"https:\\\/\\\/www.gcx.com\\\/de\\\/produkte\\\/produktreihe\\\/vhc-serie\\\/#primaryimage\",\"url\":\"https:\\\/\\\/www.gcx.com\\\/wp-content\\\/uploads\\\/2024\\\/02\\\/product-series-vhc-1.jpeg\",\"contentUrl\":\"https:\\\/\\\/www.gcx.com\\\/wp-content\\\/uploads\\\/2024\\\/02\\\/product-series-vhc-1.jpeg\",\"width\":166,\"height\":166},{\"@type\":\"BreadcrumbList\",\"@id\":\"https:\\\/\\\/www.gcx.com\\\/de\\\/produkte\\\/produktreihe\\\/vhc-serie\\\/#breadcrumb\",\"itemListElement\":[{\"@type\":\"ListItem\",\"position\":1,\"name\":\"Home\",\"item\":\"https:\\\/\\\/www.gcx.com\\\/de\\\/\"},{\"@type\":\"ListItem\",\"position\":2,\"name\":\"Produkte\",\"item\":\"https:\\\/\\\/www.gcx.com\\\/de\\\/produkte\\\/\"},{\"@type\":\"ListItem\",\"position\":3,\"name\":\"Produktreihe\",\"item\":\"https:\\\/\\\/www.gcx.com\\\/de\\\/produkte\\\/produktreihe\\\/\"},{\"@type\":\"ListItem\",\"position\":4,\"name\":\"VHC-Serie\"}]},{\"@type\":\"WebSite\",\"@id\":\"https:\\\/\\\/www.gcx.com\\\/de\\\/#website\",\"url\":\"https:\\\/\\\/www.gcx.com\\\/de\\\/\",\"name\":\"GCX Medical Mounting Solutions\",\"description\":\"\",\"publisher\":{\"@id\":\"https:\\\/\\\/www.gcx.com\\\/de\\\/#organization\"},\"alternateName\":\"GCX\",\"potentialAction\":[{\"@type\":\"SearchAction\",\"target\":{\"@type\":\"EntryPoint\",\"urlTemplate\":\"https:\\\/\\\/www.gcx.com\\\/de\\\/?s={search_term_string}\"},\"query-input\":{\"@type\":\"PropertyValueSpecification\",\"valueRequired\":true,\"valueName\":\"search_term_string\"}}],\"inLanguage\":\"de-DE\"},{\"@type\":\"Organization\",\"@id\":\"https:\\\/\\\/www.gcx.com\\\/de\\\/#organization\",\"name\":\"GCX Medical Mounting Solutions\",\"alternateName\":\"GCX\",\"url\":\"https:\\\/\\\/www.gcx.com\\\/de\\\/\",\"logo\":{\"@type\":\"ImageObject\",\"inLanguage\":\"de-DE\",\"@id\":\"https:\\\/\\\/www.gcx.com\\\/de\\\/#\\\/schema\\\/logo\\\/image\\\/\",\"url\":\"https:\\\/\\\/www.gcx.com\\\/wp-content\\\/uploads\\\/2024\\\/02\\\/gcx_logo.png\",\"contentUrl\":\"https:\\\/\\\/www.gcx.com\\\/wp-content\\\/uploads\\\/2024\\\/02\\\/gcx_logo.png\",\"width\":400,\"height\":166,\"caption\":\"GCX Medical Mounting Solutions\"},\"image\":{\"@id\":\"https:\\\/\\\/www.gcx.com\\\/de\\\/#\\\/schema\\\/logo\\\/image\\\/\"},\"sameAs\":[\"https:\\\/\\\/www.facebook.com\\\/GCXMountingSolutions\\\/\",\"https:\\\/\\\/x.com\\\/gcxcorp\",\"https:\\\/\\\/linkedin.com\\\/company\\\/gcx\",\"https:\\\/\\\/www.instagram.com\\\/gcxcorp\",\"https:\\\/\\\/www.youtube.com\\\/gcxcorp\"]}]}<\/script>\n<!-- \/ Yoast SEO plugin. -->","yoast_head_json":{"title":"VHC-Serie | GCX Medizinische Befestigungsl\u00f6sungen","robots":{"index":"index","follow":"follow","max-snippet":"max-snippet:-1","max-image-preview":"max-image-preview:large","max-video-preview":"max-video-preview:-1"},"canonical":"https:\/\/www.gcx.com\/de\/produkte\/produktreihe\/vhc-serie\/","og_locale":"de_DE","og_type":"article","og_title":"VHC-Serie | GCX Medizinische Befestigungsl\u00f6sungen","og_url":"https:\/\/www.gcx.com\/de\/produkte\/produktreihe\/vhc-serie\/","og_site_name":"GCX Medizinische Befestigungsl\u00f6sungen","article_publisher":"https:\/\/www.facebook.com\/GCXMountingSolutions\/","article_modified_time":"2024-04-25T15:30:05+00:00","og_image":[{"width":166,"height":166,"url":"https:\/\/www.gcx.com\/wp-content\/uploads\/2024\/02\/product-series-vhc-1.jpeg","type":"image\/jpeg"}],"twitter_card":"summary_large_image","twitter_site":"@gcxcorp","schema":{"@context":"https:\/\/schema.org","@graph":[{"@type":"WebPage","@id":"https:\/\/www.gcx.com\/de\/produkte\/produktreihe\/vhc-serie\/","url":"https:\/\/www.gcx.com\/de\/produkte\/produktreihe\/vhc-serie\/","name":"VHC-Serie | GCX Medizinische Befestigungsl\u00f6sungen","isPartOf":{"@id":"https:\/\/www.gcx.com\/de\/#website"},"primaryImageOfPage":{"@id":"https:\/\/www.gcx.com\/de\/produkte\/produktreihe\/vhc-serie\/#primaryimage"},"image":{"@id":"https:\/\/www.gcx.com\/de\/produkte\/produktreihe\/vhc-serie\/#primaryimage"},"thumbnailUrl":"https:\/\/www.gcx.com\/wp-content\/uploads\/2024\/02\/product-series-vhc-1.jpeg","datePublished":"2024-02-23T09:28:24+00:00","dateModified":"2024-04-25T15:30:05+00:00","breadcrumb":{"@id":"https:\/\/www.gcx.com\/de\/produkte\/produktreihe\/vhc-serie\/#breadcrumb"},"inLanguage":"de-DE","potentialAction":[{"@type":"ReadAction","target":["https:\/\/www.gcx.com\/de\/produkte\/produktreihe\/vhc-serie\/"]}]},{"@type":"ImageObject","inLanguage":"de-DE","@id":"https:\/\/www.gcx.com\/de\/produkte\/produktreihe\/vhc-serie\/#primaryimage","url":"https:\/\/www.gcx.com\/wp-content\/uploads\/2024\/02\/product-series-vhc-1.jpeg","contentUrl":"https:\/\/www.gcx.com\/wp-content\/uploads\/2024\/02\/product-series-vhc-1.jpeg","width":166,"height":166},{"@type":"BreadcrumbList","@id":"https:\/\/www.gcx.com\/de\/produkte\/produktreihe\/vhc-serie\/#breadcrumb","itemListElement":[{"@type":"ListItem","position":1,"name":"Home","item":"https:\/\/www.gcx.com\/de\/"},{"@type":"ListItem","position":2,"name":"Produkte","item":"https:\/\/www.gcx.com\/de\/produkte\/"},{"@type":"ListItem","position":3,"name":"Produktreihe","item":"https:\/\/www.gcx.com\/de\/produkte\/produktreihe\/"},{"@type":"ListItem","position":4,"name":"VHC-Serie"}]},{"@type":"WebSite","@id":"https:\/\/www.gcx.com\/de\/#website","url":"https:\/\/www.gcx.com\/de\/","name":"GCX Medical Mounting Solutions","description":"","publisher":{"@id":"https:\/\/www.gcx.com\/de\/#organization"},"alternateName":"GCX","potentialAction":[{"@type":"SearchAction","target":{"@type":"EntryPoint","urlTemplate":"https:\/\/www.gcx.com\/de\/?s={search_term_string}"},"query-input":{"@type":"PropertyValueSpecification","valueRequired":true,"valueName":"search_term_string"}}],"inLanguage":"de-DE"},{"@type":"Organization","@id":"https:\/\/www.gcx.com\/de\/#organization","name":"GCX Medical Mounting Solutions","alternateName":"GCX","url":"https:\/\/www.gcx.com\/de\/","logo":{"@type":"ImageObject","inLanguage":"de-DE","@id":"https:\/\/www.gcx.com\/de\/#\/schema\/logo\/image\/","url":"https:\/\/www.gcx.com\/wp-content\/uploads\/2024\/02\/gcx_logo.png","contentUrl":"https:\/\/www.gcx.com\/wp-content\/uploads\/2024\/02\/gcx_logo.png","width":400,"height":166,"caption":"GCX Medical Mounting Solutions"},"image":{"@id":"https:\/\/www.gcx.com\/de\/#\/schema\/logo\/image\/"},"sameAs":["https:\/\/www.facebook.com\/GCXMountingSolutions\/","https:\/\/x.com\/gcxcorp","https:\/\/linkedin.com\/company\/gcx","https:\/\/www.instagram.com\/gcxcorp","https:\/\/www.youtube.com\/gcxcorp"]}]}},"_links":{"self":[{"href":"https:\/\/www.gcx.com\/de\/wp-json\/wp\/v2\/pages\/114840","targetHints":{"allow":["GET"]}}],"collection":[{"href":"https:\/\/www.gcx.com\/de\/wp-json\/wp\/v2\/pages"}],"about":[{"href":"https:\/\/www.gcx.com\/de\/wp-json\/wp\/v2\/types\/page"}],"author":[{"embeddable":true,"href":"https:\/\/www.gcx.com\/de\/wp-json\/wp\/v2\/users\/1"}],"replies":[{"embeddable":true,"href":"https:\/\/www.gcx.com\/de\/wp-json\/wp\/v2\/comments?post=114840"}],"version-history":[{"count":0,"href":"https:\/\/www.gcx.com\/de\/wp-json\/wp\/v2\/pages\/114840\/revisions"}],"up":[{"embeddable":true,"href":"https:\/\/www.gcx.com\/de\/wp-json\/wp\/v2\/pages\/112986"}],"wp:featuredmedia":[{"embeddable":true,"href":"https:\/\/www.gcx.com\/de\/wp-json\/wp\/v2\/media\/67986"}],"wp:attachment":[{"href":"https:\/\/www.gcx.com\/de\/wp-json\/wp\/v2\/media?parent=114840"}],"curies":[{"name":"wp","href":"https:\/\/api.w.org\/{rel}","templated":true}]}}