{"id":114812,"date":"2024-02-23T09:29:29","date_gmt":"2024-02-23T09:29:29","guid":{"rendered":"https:\/\/www.gcx.com\/wartung-der-wandmontagearme-der-vhm-serie\/"},"modified":"2024-04-25T15:27:13","modified_gmt":"2024-04-25T15:27:13","slug":"wartung-der-wandmontagearme-der-vhm-serie","status":"publish","type":"page","link":"https:\/\/www.gcx.com\/de\/support\/unterstuetzung-der-vhm-serie\/wartung-der-wandmontagearme-der-vhm-serie\/","title":{"rendered":"Wartung der Wandmontagearme der VHM-Serie"},"content":{"rendered":"\n<section id=\"content-block_52a5033be11a139ee9ea1364194fa6d1\"  class=\"pb-5\">\n  <div class=\"container\">\n  <div class=\"row flex-md-row-reverse\">\n          <div class=\"col-md-4 mb-4 mb-md-0\">\n                              <img decoding=\"async\" class=\"img-fluid \" src=\"https:\/\/www.gcx.com\/wp-content\/uploads\/2024\/02\/vhmguide-locklever.jpg\" alt=\"Vhmguide locklever\">\n          \n              <\/div>\n        <div class=\"col-md-8\">\n      <div class=\"text-editor fs-md\">\n        <p>Liebe GCX-Kunden:<\/p>\n<p>Aus unseren Unterlagen geht hervor, dass Sie zuvor GCX-Montageprodukte zur Verwendung in Ihrer Einrichtung erworben haben. GCX hat zwei Berichte \u00fcber unerwartete Armbewegungen erhalten, wenn der VHM-Verriegelungshebel losgelassen wurde. In beiden F\u00e4llen hatte die interne Gasfeder, die die montierte Last ausgleicht, ihre Gasladung verloren. Gasfedern haben eine begrenzte Lebensdauer und verlieren im Laufe der Jahre allm\u00e4hlich an Druck. In F\u00e4llen, in denen der Arm regelm\u00e4\u00dfig bewegt oder regelm\u00e4\u00dfig \u00fcberpr\u00fcft wird, ist ein Druckverlust offensichtlich und stellt keine Gefahr dar. In F\u00e4llen, in denen der Arm jedoch \u00fcber viele Monate hinweg unbenutzt und unkontrolliert bleibt, wird der allm\u00e4hliche Druckverlust m\u00f6glicherweise erst bemerkt, wenn der Sperrhebel losgelassen wird. Die daraus resultierende pl\u00f6tzliche Bewegung kann m\u00f6glicherweise zu Verletzungen bei einer unachtsamen Pflegeperson oder zu Sch\u00e4den an anderen Ger\u00e4ten f\u00fchren.<\/p>\n<p>Eine \u00e4hnliche Situation k\u00f6nnte eintreten, wenn:<\/p>\n<ul>\n<li>Der Arm wurde urspr\u00fcnglich nicht korrekt installiert und ausbalanciert; oder<\/li>\n<li>Ein anderer Monitor oder eine andere Last wird am Arm befestigt, ohne dass das Gegengewicht neu justiert werden muss.<\/li>\n<\/ul>\n<p>Um diese potenziellen Risiken zu mindern, wurden die folgenden Ma\u00dfnahmen ergriffen:<\/p>\n<ul>\n<li>Abschnitt 1 des Installationshandbuchs wurde aktualisiert und enth\u00e4lt nun ausf\u00fchrlichere Angaben zur regelm\u00e4\u00dfigen Inspektion des Arms als in der vorherigen Version. Da Gasfedern nur langsam an Druck verlieren, ist eine halbj\u00e4hrliche \u00dcberpr\u00fcfung der Funktionst\u00fcchtigkeit des Arms ausreichend.<\/li>\n<li>GCX hat ein Programm zur kosteng\u00fcnstigen \u00dcberholung von VHM-Waffen mit abgelaufenen Gasfedern gestartet. Dadurch wird der Abfall reduziert und die Krankenh\u00e4user werden davon abgehalten, ein Produkt zu verwenden, das gewartet werden muss.<\/li>\n<li>Die aktuellen VHM-Arme werden mit einem Warnhinweis<span class=\"pull-double\">&#8222;<\/span>Pl\u00f6tzliche Bewegung&#8220; in der N\u00e4he des Verriegelungshebels versehen. Diese sind kostenlos erh\u00e4ltlich, wenn Sie sich an den technischen Support von GCX unter 800-228-2555 wenden.<\/li>\n<\/ul>\n<p>Wenn ein VHM-Besitzer den Arm nicht regelm\u00e4\u00dfig inspizieren m\u00f6chte, empfiehlt es sich, den Verriegelungshebel vollst\u00e4ndig zu entfernen. Dadurch kann der Arm langsam nach unten driften, da der Federdruck nachl\u00e4sst.<\/p>\n<p>GCX hat einen dreistufigen Prozess zur \u00dcberholung der betroffenen VHM-Waffen eingef\u00fchrt:<\/p>\n<ol>\n<li>Rufen Sie den technischen Kundendienst von GCX unter 800-228-2555 an.<\/li>\n<li>Geben Sie die GCX-Artikelnummer und die Menge der gekauften Produkte an.<\/li>\n<li>Nach Best\u00e4tigung der neuen Bestellung wird GCX ein ma\u00dfgeschneidertes Ersatzprogramm f\u00fcr Ihr Krankenhaus entwickeln. Die ersten Ersatzarme werden in der Regel innerhalb von 30 Tagen geliefert.<\/li>\n<\/ol>\n<p>Wenn Sie zu irgendeinem Zeitpunkt eine Frage zu Ihren VHM-Armen oder dem Aufarbeitungsprogramm haben, wenden Sie sich bitte an den technischen Support. Vielen Dank f\u00fcr Ihre Aufmerksamkeit in dieser Angelegenheit.<\/p>\n              <\/div>\n    <\/div>\n  <\/div>\n<\/div>\n<\/section>\n","protected":false},"excerpt":{"rendered":"","protected":false},"author":1,"featured_media":0,"parent":114818,"menu_order":0,"comment_status":"open","ping_status":"closed","template":"","meta":{"_acf_changed":false,"content-type":"","footnotes":""},"class_list":["post-114812","page","type-page","status-publish","hentry"],"acf":[],"yoast_head":"<!-- This site is optimized with the Yoast SEO plugin v27.3 - https:\/\/yoast.com\/product\/yoast-seo-wordpress\/ -->\n<title>Wartung der Wandmontagearme der VHM-Serie | GCX Medical Mounting Solutions<\/title>\n<meta name=\"description\" content=\"-Meta-Beschreibung nicht gesetzt.\" \/>\n<meta name=\"robots\" content=\"index, follow, max-snippet:-1, max-image-preview:large, max-video-preview:-1\" \/>\n<link rel=\"canonical\" href=\"https:\/\/www.gcx.com\/de\/support\/unterstuetzung-der-vhm-serie\/wartung-der-wandmontagearme-der-vhm-serie\/\" \/>\n<meta property=\"og:locale\" content=\"de_DE\" \/>\n<meta property=\"og:type\" content=\"article\" \/>\n<meta property=\"og:title\" content=\"Wartung der Wandmontagearme der VHM-Serie | GCX Medical Mounting Solutions\" \/>\n<meta property=\"og:description\" content=\"-Meta-Beschreibung nicht gesetzt.\" \/>\n<meta property=\"og:url\" content=\"https:\/\/www.gcx.com\/de\/support\/unterstuetzung-der-vhm-serie\/wartung-der-wandmontagearme-der-vhm-serie\/\" \/>\n<meta property=\"og:site_name\" content=\"GCX Medizinische Befestigungsl\u00f6sungen\" \/>\n<meta property=\"article:publisher\" content=\"https:\/\/www.facebook.com\/GCXMountingSolutions\/\" \/>\n<meta property=\"article:modified_time\" content=\"2024-04-25T15:27:13+00:00\" \/>\n<meta property=\"og:image\" content=\"https:\/\/www.gcx.com\/wp-content\/uploads\/2024\/02\/gcx_logo.png\" \/>\n\t<meta property=\"og:image:width\" content=\"400\" \/>\n\t<meta property=\"og:image:height\" content=\"166\" \/>\n\t<meta property=\"og:image:type\" content=\"image\/png\" \/>\n<meta name=\"twitter:card\" content=\"summary_large_image\" \/>\n<meta name=\"twitter:site\" content=\"@gcxcorp\" \/>\n<script type=\"application\/ld+json\" class=\"yoast-schema-graph\">{\"@context\":\"https:\\\/\\\/schema.org\",\"@graph\":[{\"@type\":\"WebPage\",\"@id\":\"https:\\\/\\\/www.gcx.com\\\/de\\\/support\\\/unterstuetzung-der-vhm-serie\\\/wartung-der-wandmontagearme-der-vhm-serie\\\/\",\"url\":\"https:\\\/\\\/www.gcx.com\\\/de\\\/support\\\/unterstuetzung-der-vhm-serie\\\/wartung-der-wandmontagearme-der-vhm-serie\\\/\",\"name\":\"Wartung der Wandmontagearme der VHM-Serie | GCX Medical Mounting Solutions\",\"isPartOf\":{\"@id\":\"https:\\\/\\\/www.gcx.com\\\/de\\\/#website\"},\"datePublished\":\"2024-02-23T09:29:29+00:00\",\"dateModified\":\"2024-04-25T15:27:13+00:00\",\"description\":\"-Meta-Beschreibung nicht gesetzt.\",\"breadcrumb\":{\"@id\":\"https:\\\/\\\/www.gcx.com\\\/de\\\/support\\\/unterstuetzung-der-vhm-serie\\\/wartung-der-wandmontagearme-der-vhm-serie\\\/#breadcrumb\"},\"inLanguage\":\"de-DE\",\"potentialAction\":[{\"@type\":\"ReadAction\",\"target\":[\"https:\\\/\\\/www.gcx.com\\\/de\\\/support\\\/unterstuetzung-der-vhm-serie\\\/wartung-der-wandmontagearme-der-vhm-serie\\\/\"]}]},{\"@type\":\"BreadcrumbList\",\"@id\":\"https:\\\/\\\/www.gcx.com\\\/de\\\/support\\\/unterstuetzung-der-vhm-serie\\\/wartung-der-wandmontagearme-der-vhm-serie\\\/#breadcrumb\",\"itemListElement\":[{\"@type\":\"ListItem\",\"position\":1,\"name\":\"Home\",\"item\":\"https:\\\/\\\/www.gcx.com\\\/de\\\/\"},{\"@type\":\"ListItem\",\"position\":2,\"name\":\"Unterst\u00fctzen Sie\",\"item\":\"https:\\\/\\\/www.gcx.com\\\/de\\\/support\\\/\"},{\"@type\":\"ListItem\",\"position\":3,\"name\":\"Unterst\u00fctzung der VHM-Serie\",\"item\":\"https:\\\/\\\/www.gcx.com\\\/de\\\/support\\\/unterstuetzung-der-vhm-serie\\\/\"},{\"@type\":\"ListItem\",\"position\":4,\"name\":\"Wartung der Wandmontagearme der VHM-Serie\"}]},{\"@type\":\"WebSite\",\"@id\":\"https:\\\/\\\/www.gcx.com\\\/de\\\/#website\",\"url\":\"https:\\\/\\\/www.gcx.com\\\/de\\\/\",\"name\":\"GCX Medical Mounting Solutions\",\"description\":\"\",\"publisher\":{\"@id\":\"https:\\\/\\\/www.gcx.com\\\/de\\\/#organization\"},\"alternateName\":\"GCX\",\"potentialAction\":[{\"@type\":\"SearchAction\",\"target\":{\"@type\":\"EntryPoint\",\"urlTemplate\":\"https:\\\/\\\/www.gcx.com\\\/de\\\/?s={search_term_string}\"},\"query-input\":{\"@type\":\"PropertyValueSpecification\",\"valueRequired\":true,\"valueName\":\"search_term_string\"}}],\"inLanguage\":\"de-DE\"},{\"@type\":\"Organization\",\"@id\":\"https:\\\/\\\/www.gcx.com\\\/de\\\/#organization\",\"name\":\"GCX Medical Mounting Solutions\",\"alternateName\":\"GCX\",\"url\":\"https:\\\/\\\/www.gcx.com\\\/de\\\/\",\"logo\":{\"@type\":\"ImageObject\",\"inLanguage\":\"de-DE\",\"@id\":\"https:\\\/\\\/www.gcx.com\\\/de\\\/#\\\/schema\\\/logo\\\/image\\\/\",\"url\":\"https:\\\/\\\/www.gcx.com\\\/wp-content\\\/uploads\\\/2024\\\/02\\\/gcx_logo.png\",\"contentUrl\":\"https:\\\/\\\/www.gcx.com\\\/wp-content\\\/uploads\\\/2024\\\/02\\\/gcx_logo.png\",\"width\":400,\"height\":166,\"caption\":\"GCX Medical Mounting Solutions\"},\"image\":{\"@id\":\"https:\\\/\\\/www.gcx.com\\\/de\\\/#\\\/schema\\\/logo\\\/image\\\/\"},\"sameAs\":[\"https:\\\/\\\/www.facebook.com\\\/GCXMountingSolutions\\\/\",\"https:\\\/\\\/x.com\\\/gcxcorp\",\"https:\\\/\\\/linkedin.com\\\/company\\\/gcx\",\"https:\\\/\\\/www.instagram.com\\\/gcxcorp\",\"https:\\\/\\\/www.youtube.com\\\/gcxcorp\"]}]}<\/script>\n<!-- \/ Yoast SEO plugin. -->","yoast_head_json":{"title":"Wartung der Wandmontagearme der VHM-Serie | GCX Medical Mounting Solutions","description":"-Meta-Beschreibung nicht gesetzt.","robots":{"index":"index","follow":"follow","max-snippet":"max-snippet:-1","max-image-preview":"max-image-preview:large","max-video-preview":"max-video-preview:-1"},"canonical":"https:\/\/www.gcx.com\/de\/support\/unterstuetzung-der-vhm-serie\/wartung-der-wandmontagearme-der-vhm-serie\/","og_locale":"de_DE","og_type":"article","og_title":"Wartung der Wandmontagearme der VHM-Serie | GCX Medical Mounting Solutions","og_description":"-Meta-Beschreibung nicht gesetzt.","og_url":"https:\/\/www.gcx.com\/de\/support\/unterstuetzung-der-vhm-serie\/wartung-der-wandmontagearme-der-vhm-serie\/","og_site_name":"GCX Medizinische Befestigungsl\u00f6sungen","article_publisher":"https:\/\/www.facebook.com\/GCXMountingSolutions\/","article_modified_time":"2024-04-25T15:27:13+00:00","og_image":[{"width":400,"height":166,"url":"https:\/\/www.gcx.com\/wp-content\/uploads\/2024\/02\/gcx_logo.png","type":"image\/png"}],"twitter_card":"summary_large_image","twitter_site":"@gcxcorp","schema":{"@context":"https:\/\/schema.org","@graph":[{"@type":"WebPage","@id":"https:\/\/www.gcx.com\/de\/support\/unterstuetzung-der-vhm-serie\/wartung-der-wandmontagearme-der-vhm-serie\/","url":"https:\/\/www.gcx.com\/de\/support\/unterstuetzung-der-vhm-serie\/wartung-der-wandmontagearme-der-vhm-serie\/","name":"Wartung der Wandmontagearme der VHM-Serie | GCX Medical Mounting Solutions","isPartOf":{"@id":"https:\/\/www.gcx.com\/de\/#website"},"datePublished":"2024-02-23T09:29:29+00:00","dateModified":"2024-04-25T15:27:13+00:00","description":"-Meta-Beschreibung nicht gesetzt.","breadcrumb":{"@id":"https:\/\/www.gcx.com\/de\/support\/unterstuetzung-der-vhm-serie\/wartung-der-wandmontagearme-der-vhm-serie\/#breadcrumb"},"inLanguage":"de-DE","potentialAction":[{"@type":"ReadAction","target":["https:\/\/www.gcx.com\/de\/support\/unterstuetzung-der-vhm-serie\/wartung-der-wandmontagearme-der-vhm-serie\/"]}]},{"@type":"BreadcrumbList","@id":"https:\/\/www.gcx.com\/de\/support\/unterstuetzung-der-vhm-serie\/wartung-der-wandmontagearme-der-vhm-serie\/#breadcrumb","itemListElement":[{"@type":"ListItem","position":1,"name":"Home","item":"https:\/\/www.gcx.com\/de\/"},{"@type":"ListItem","position":2,"name":"Unterst\u00fctzen Sie","item":"https:\/\/www.gcx.com\/de\/support\/"},{"@type":"ListItem","position":3,"name":"Unterst\u00fctzung der VHM-Serie","item":"https:\/\/www.gcx.com\/de\/support\/unterstuetzung-der-vhm-serie\/"},{"@type":"ListItem","position":4,"name":"Wartung der Wandmontagearme der VHM-Serie"}]},{"@type":"WebSite","@id":"https:\/\/www.gcx.com\/de\/#website","url":"https:\/\/www.gcx.com\/de\/","name":"GCX Medical Mounting Solutions","description":"","publisher":{"@id":"https:\/\/www.gcx.com\/de\/#organization"},"alternateName":"GCX","potentialAction":[{"@type":"SearchAction","target":{"@type":"EntryPoint","urlTemplate":"https:\/\/www.gcx.com\/de\/?s={search_term_string}"},"query-input":{"@type":"PropertyValueSpecification","valueRequired":true,"valueName":"search_term_string"}}],"inLanguage":"de-DE"},{"@type":"Organization","@id":"https:\/\/www.gcx.com\/de\/#organization","name":"GCX Medical Mounting Solutions","alternateName":"GCX","url":"https:\/\/www.gcx.com\/de\/","logo":{"@type":"ImageObject","inLanguage":"de-DE","@id":"https:\/\/www.gcx.com\/de\/#\/schema\/logo\/image\/","url":"https:\/\/www.gcx.com\/wp-content\/uploads\/2024\/02\/gcx_logo.png","contentUrl":"https:\/\/www.gcx.com\/wp-content\/uploads\/2024\/02\/gcx_logo.png","width":400,"height":166,"caption":"GCX Medical Mounting Solutions"},"image":{"@id":"https:\/\/www.gcx.com\/de\/#\/schema\/logo\/image\/"},"sameAs":["https:\/\/www.facebook.com\/GCXMountingSolutions\/","https:\/\/x.com\/gcxcorp","https:\/\/linkedin.com\/company\/gcx","https:\/\/www.instagram.com\/gcxcorp","https:\/\/www.youtube.com\/gcxcorp"]}]}},"_links":{"self":[{"href":"https:\/\/www.gcx.com\/de\/wp-json\/wp\/v2\/pages\/114812","targetHints":{"allow":["GET"]}}],"collection":[{"href":"https:\/\/www.gcx.com\/de\/wp-json\/wp\/v2\/pages"}],"about":[{"href":"https:\/\/www.gcx.com\/de\/wp-json\/wp\/v2\/types\/page"}],"author":[{"embeddable":true,"href":"https:\/\/www.gcx.com\/de\/wp-json\/wp\/v2\/users\/1"}],"replies":[{"embeddable":true,"href":"https:\/\/www.gcx.com\/de\/wp-json\/wp\/v2\/comments?post=114812"}],"version-history":[{"count":0,"href":"https:\/\/www.gcx.com\/de\/wp-json\/wp\/v2\/pages\/114812\/revisions"}],"up":[{"embeddable":true,"href":"https:\/\/www.gcx.com\/de\/wp-json\/wp\/v2\/pages\/114818"}],"wp:attachment":[{"href":"https:\/\/www.gcx.com\/de\/wp-json\/wp\/v2\/media?parent=114812"}],"curies":[{"name":"wp","href":"https:\/\/api.w.org\/{rel}","templated":true}]}}