{"id":111363,"date":"2024-02-23T09:29:36","date_gmt":"2024-02-23T09:29:36","guid":{"rendered":"https:\/\/www.gcx.com\/garantie-und-zertifizierungen\/"},"modified":"2024-04-12T17:53:20","modified_gmt":"2024-04-12T17:53:20","slug":"garantie-und-zertifizierungen","status":"publish","type":"page","link":"https:\/\/www.gcx.com\/de\/ueber-gcx\/garantie-und-zertifizierungen\/","title":{"rendered":"Garantie und Zertifizierungen"},"content":{"rendered":"\n<section id=\"certifications-block_f0fc0ded9ac48a08d35c9c8e477ef01b\" class=\"certifications pb-5\" class=\"\">\n  <div class=\"container\">\n    <div class=\"row\">\n      <div class=\"col-12\">\n        <div class=\"text-editor mb-4\">\n          <p><h2>GCX Produkt-Garantie<\/h2>\n<p>F\u00fcr GCX-Produkte wird f\u00fcr einen Zeitraum von f\u00fcnf (5) Jahren ab Lieferdatum garantiert, dass sie frei von Material- und Verarbeitungsfehlern sind. Alle Einzelheiten finden Sie in der untenstehenden Garantieerkl\u00e4rung.<\/p>\n<\/p>\n                                                    <a class=\"me-1 btn btn-primary btn-sm\" href=\"\/wp-content\/uploads\/2024\/02\/GCX-Garantie.pdf\" target=\"_blank\"><i class=\"fa-regular fa-file-pdf fa-lg me-1\"><\/i> GCX Produkt-Garantie<\/a>                                            <\/div>\n        <h2>Zertifizierungen<\/h2>\n<p>GCX hat es sich zur Aufgabe gemacht, Qualit\u00e4tsprodukte zu liefern und sich gleichzeitig auf unsere Umweltverantwortung zu konzentrieren. Wir halten uns an branchenf\u00fchrende Standards f\u00fcr beste Gesch\u00e4ftspraktiken, um eine sichere Produktionsumgebung und einen hervorragenden Service zu schaffen. Unser Engagement f\u00fcr hervorragende Leistungen wird durch die unten aufgef\u00fchrten Zertifizierungen von Dritten belegt.<\/p>\n                  <div class=\"row row-cols-md-2 g-3\">\n                          <div>\n                <div class=\"card border-0 h-100\">\n                  <div class=\"card-body\">\n                    <div class=\"row g-3\">\n                                              <div class=\"col-3\">\n                          <img decoding=\"async\" src=\"https:\/\/www.gcx.com\/wp-content\/uploads\/2024\/02\/iso-1.png\" alt=\"Iso\" class=\"img-fluid\">\n                        <\/div>\n                                            <div class=\"col-9\">\n                        <h3 class=\"mb-1\">ISO 13485<\/h3>\n                        <p class=\"mb-0\">Das GCX-Qualit\u00e4tsmanagementsystem ist nach ISO 13485 zertifiziert und bei TUV USA, einem unabh\u00e4ngigen Zertifizierungsunternehmen, registriert. ISO 13485 ist eine internationale Norm, die die Anforderungen an ein Qualit\u00e4tsmanagementsystem f\u00fcr die Entwicklung, die Herstellung und den Vertrieb von Medizinprodukten definiert.<\/p>\n                        <div class=\"mt-2 mb-n1\">\n                                                      <a target=\"_blank\" href=\"https:\/\/www.gcx.com\/wp-content\/uploads\/2024\/02\/GCX-ISO-13485-19-1602-Q-Ed-4-Exp-2025.01.16.pdf\" class=\"btn btn btn-outline-secondary btn-sm mb-1\"><i class=\"fa-regular fa-file-pdf fa-lg me-1\"><\/i>PDF anzeigen<\/a>\n                                                                                <a\n                              target=\"_blank\"\n                              href=\"http:\/\/www.iso.org\/\"\n                              class=\"btn btn btn-outline-secondary btn-sm mb-1\"\n                              rel=\"nofollow\"                            >\n                              <i class=\"fa-solid fa-up-right-from-square fa-lg me-1\"><\/i>Website                            <\/a>\n                                                  <\/div>\n                      <\/div>\n                    <\/div>\n                  <\/div>\n                <\/div>\n              <\/div>\n                          <div>\n                <div class=\"card border-0 h-100\">\n                  <div class=\"card-body\">\n                    <div class=\"row g-3\">\n                                              <div class=\"col-3\">\n                          <img decoding=\"async\" src=\"https:\/\/www.gcx.com\/wp-content\/uploads\/2024\/02\/ce.png\" alt=\"Ce\" class=\"img-fluid\">\n                        <\/div>\n                                            <div class=\"col-9\">\n                        <h3 class=\"mb-1\">CE<\/h3>\n                        <p class=\"mb-0\">Viele GCX-Produkte tragen das CE-Zeichen, das die Konformit\u00e4t mit den geltenden Sicherheits-, Gesundheits- und Umweltanforderungen der Europ\u00e4ischen Union\/EWR best\u00e4tigt.<\/p>\n                        <div class=\"mt-2 mb-n1\">\n                                                      <a target=\"_blank\" href=\"https:\/\/www.gcx.com\/wp-content\/uploads\/2024\/02\/GCX-Declaration-of-Conformity-Redacted_Mar-29-2022.pdf\" class=\"btn btn btn-outline-secondary btn-sm mb-1\"><i class=\"fa-regular fa-file-pdf fa-lg me-1\"><\/i>PDF anzeigen<\/a>\n                                                                            <\/div>\n                      <\/div>\n                    <\/div>\n                  <\/div>\n                <\/div>\n              <\/div>\n                          <div>\n                <div class=\"card border-0 h-100\">\n                  <div class=\"card-body\">\n                    <div class=\"row g-3\">\n                                              <div class=\"col-3\">\n                          <img decoding=\"async\" src=\"https:\/\/www.gcx.com\/wp-content\/uploads\/2024\/02\/osha.png\" alt=\"Osha\" class=\"img-fluid\">\n                        <\/div>\n                                            <div class=\"col-9\">\n                        <h3 class=\"mb-1\">OSHA<\/h3>\n                        <p class=\"mb-0\">Wir halten uns an die OSHA-Vorschriften zur Verh\u00fctung von arbeitsbedingten Verletzungen und Krankheiten. Die Occupational Safety and Health Administration wurde 1970 gegr\u00fcndet, ein Jahr vor der Gr\u00fcndung von GCX.<\/p>\n                        <div class=\"mt-2 mb-n1\">\n                                                                                <a\n                              target=\"_blank\"\n                              href=\"https:\/\/www.osha.gov\/\"\n                              class=\"btn btn btn-outline-secondary btn-sm mb-1\"\n                              rel=\"nofollow\"                            >\n                              <i class=\"fa-solid fa-up-right-from-square fa-lg me-1\"><\/i>Website                            <\/a>\n                                                  <\/div>\n                      <\/div>\n                    <\/div>\n                  <\/div>\n                <\/div>\n              <\/div>\n                          <div>\n                <div class=\"card border-0 h-100\">\n                  <div class=\"card-body\">\n                    <div class=\"row g-3\">\n                                              <div class=\"col-3\">\n                          <img decoding=\"async\" src=\"https:\/\/www.gcx.com\/wp-content\/uploads\/2024\/02\/fsc.png\" alt=\"Fsc\" class=\"img-fluid\">\n                        <\/div>\n                                            <div class=\"col-9\">\n                        <h3 class=\"mb-1\">Forest Stewardship Council<\/h3>\n                        <p class=\"mb-0\">Wir sind stolz darauf, FSC-zertifiziertes Papier zu verwenden. Der Forest Stewardship Council ist eine unabh\u00e4ngige, nichtstaatliche, gemeinn\u00fctzige Organisation, die gegr\u00fcndet wurde, um die verantwortungsvolle Bewirtschaftung der W\u00e4lder der Welt zu f\u00f6rdern.<\/p>\n                        <div class=\"mt-2 mb-n1\">\n                                                                                <a\n                              target=\"_blank\"\n                              href=\"https:\/\/us.fsc.org\/en-us\"\n                              class=\"btn btn btn-outline-secondary btn-sm mb-1\"\n                              rel=\"nofollow\"                            >\n                              <i class=\"fa-solid fa-up-right-from-square fa-lg me-1\"><\/i>Website                            <\/a>\n                                                  <\/div>\n                      <\/div>\n                    <\/div>\n                  <\/div>\n                <\/div>\n              <\/div>\n                          <div>\n                <div class=\"card border-0 h-100\">\n                  <div class=\"card-body\">\n                    <div class=\"row g-3\">\n                                              <div class=\"col-3\">\n                          <img decoding=\"async\" src=\"https:\/\/www.gcx.com\/wp-content\/uploads\/2024\/02\/bagb.png\" alt=\"Bagb\" class=\"img-fluid\">\n                        <\/div>\n                                            <div class=\"col-9\">\n                        <h3 class=\"mb-1\">Sonoma County Green Business<\/h3>\n                        <p class=\"mb-0\">Wir sind stolz darauf, vom Sonoma County Green Business Program zertifiziert worden zu sein, da wir alle Umweltvorschriften und die Standards des Programms f\u00fcr die Erhaltung von Ressourcen, die Vermeidung von Umweltverschmutzung und die Minimierung von Abfall erf\u00fcllen. Der Schutz der Umweltqualit\u00e4t ist ein integraler Bestandteil unserer organisatorischen Abl\u00e4ufe.<\/p>\n                        <div class=\"mt-2 mb-n1\">\n                                                                                <a\n                              target=\"_blank\"\n                              href=\"https:\/\/sonomacounty.ca.gov\/\"\n                              class=\"btn btn btn-outline-secondary btn-sm mb-1\"\n                              rel=\"nofollow\"                            >\n                              <i class=\"fa-solid fa-up-right-from-square fa-lg me-1\"><\/i>Website                            <\/a>\n                                                  <\/div>\n                      <\/div>\n                    <\/div>\n                  <\/div>\n                <\/div>\n              <\/div>\n                          <div>\n                <div class=\"card border-0 h-100\">\n                  <div class=\"card-body\">\n                    <div class=\"row g-3\">\n                                              <div class=\"col-3\">\n                          <img decoding=\"async\" src=\"https:\/\/www.gcx.com\/wp-content\/uploads\/2024\/03\/GBB-Dk-Platinum-2024.png\" alt=\"\" class=\"img-fluid\">\n                        <\/div>\n                                            <div class=\"col-9\">\n                        <h3 class=\"mb-1\">Green Business Bureau<\/h3>\n                        <p class=\"mb-0\">GCX hat die Anforderungen erf\u00fcllt, um das vom Green Business Bureau verliehene Platinum Green Certificate zu erhalten. Die Verringerung unseres CO2-Fu\u00dfabdrucks bei gleichzeitiger verst\u00e4rkter Nutzung umweltfreundlicher Technologien ist Teil unseres kontinuierlichen Engagements f\u00fcr den Umweltschutz.<\/p>\n                        <div class=\"mt-2 mb-n1\">\n                                                                                <a\n                              target=\"_blank\"\n                              href=\"https:\/\/greenbusinessbureau.com\/gbb-profile\/?id=1754\"\n                              class=\"btn btn btn-outline-secondary btn-sm mb-1\"\n                              rel=\"nofollow\"                            >\n                              <i class=\"fa-solid fa-up-right-from-square fa-lg me-1\"><\/i>Website                            <\/a>\n                                                  <\/div>\n                      <\/div>\n                    <\/div>\n                  <\/div>\n                <\/div>\n              <\/div>\n                      <\/div>\n              <\/div>\n    <\/div>\n<\/section>\n","protected":false},"excerpt":{"rendered":"<p>Erfahren Sie mehr \u00fcber die GCX-Produktabdeckung und offizielle Zertifizierungen.<\/p>\n","protected":false},"author":1,"featured_media":0,"parent":113984,"menu_order":0,"comment_status":"open","ping_status":"open","template":"","meta":{"_acf_changed":false,"content-type":"","footnotes":""},"class_list":["post-111363","page","type-page","status-publish","hentry"],"acf":[],"yoast_head":"<!-- This site is optimized with the Yoast SEO plugin v27.3 - https:\/\/yoast.com\/product\/yoast-seo-wordpress\/ -->\n<title>Garantie und Zertifizierungen | GCX Medizinische Befestigungsl\u00f6sungen<\/title>\n<meta name=\"robots\" content=\"index, follow, max-snippet:-1, max-image-preview:large, max-video-preview:-1\" \/>\n<link rel=\"canonical\" href=\"https:\/\/www.gcx.com\/de\/ueber-gcx\/garantie-und-zertifizierungen\/\" \/>\n<meta property=\"og:locale\" content=\"de_DE\" \/>\n<meta property=\"og:type\" content=\"article\" \/>\n<meta property=\"og:title\" content=\"Garantie und Zertifizierungen | GCX Medizinische Befestigungsl\u00f6sungen\" \/>\n<meta property=\"og:description\" content=\"Erfahren Sie mehr \u00fcber die GCX-Produktabdeckung und offizielle Zertifizierungen.\" \/>\n<meta property=\"og:url\" content=\"https:\/\/www.gcx.com\/de\/ueber-gcx\/garantie-und-zertifizierungen\/\" \/>\n<meta property=\"og:site_name\" content=\"GCX Medizinische Befestigungsl\u00f6sungen\" \/>\n<meta property=\"article:publisher\" content=\"https:\/\/www.facebook.com\/GCXMountingSolutions\/\" \/>\n<meta property=\"article:modified_time\" content=\"2024-04-12T17:53:20+00:00\" \/>\n<meta property=\"og:image\" content=\"https:\/\/www.gcx.com\/wp-content\/uploads\/2024\/02\/gcx_logo.png\" \/>\n\t<meta property=\"og:image:width\" content=\"400\" \/>\n\t<meta property=\"og:image:height\" content=\"166\" \/>\n\t<meta property=\"og:image:type\" content=\"image\/png\" \/>\n<meta name=\"twitter:card\" content=\"summary_large_image\" \/>\n<meta name=\"twitter:site\" content=\"@gcxcorp\" \/>\n<script type=\"application\/ld+json\" class=\"yoast-schema-graph\">{\"@context\":\"https:\\\/\\\/schema.org\",\"@graph\":[{\"@type\":\"WebPage\",\"@id\":\"https:\\\/\\\/www.gcx.com\\\/de\\\/ueber-gcx\\\/garantie-und-zertifizierungen\\\/\",\"url\":\"https:\\\/\\\/www.gcx.com\\\/de\\\/ueber-gcx\\\/garantie-und-zertifizierungen\\\/\",\"name\":\"Garantie und Zertifizierungen | GCX Medizinische Befestigungsl\u00f6sungen\",\"isPartOf\":{\"@id\":\"https:\\\/\\\/www.gcx.com\\\/de\\\/#website\"},\"datePublished\":\"2024-02-23T09:29:36+00:00\",\"dateModified\":\"2024-04-12T17:53:20+00:00\",\"breadcrumb\":{\"@id\":\"https:\\\/\\\/www.gcx.com\\\/de\\\/ueber-gcx\\\/garantie-und-zertifizierungen\\\/#breadcrumb\"},\"inLanguage\":\"de-DE\",\"potentialAction\":[{\"@type\":\"ReadAction\",\"target\":[\"https:\\\/\\\/www.gcx.com\\\/de\\\/ueber-gcx\\\/garantie-und-zertifizierungen\\\/\"]}]},{\"@type\":\"BreadcrumbList\",\"@id\":\"https:\\\/\\\/www.gcx.com\\\/de\\\/ueber-gcx\\\/garantie-und-zertifizierungen\\\/#breadcrumb\",\"itemListElement\":[{\"@type\":\"ListItem\",\"position\":1,\"name\":\"Home\",\"item\":\"https:\\\/\\\/www.gcx.com\\\/de\\\/\"},{\"@type\":\"ListItem\",\"position\":2,\"name\":\"\u00dcber GCX\",\"item\":\"https:\\\/\\\/www.gcx.com\\\/de\\\/ueber-gcx\\\/\"},{\"@type\":\"ListItem\",\"position\":3,\"name\":\"Garantie und Zertifizierungen\"}]},{\"@type\":\"WebSite\",\"@id\":\"https:\\\/\\\/www.gcx.com\\\/de\\\/#website\",\"url\":\"https:\\\/\\\/www.gcx.com\\\/de\\\/\",\"name\":\"GCX Medical Mounting Solutions\",\"description\":\"\",\"publisher\":{\"@id\":\"https:\\\/\\\/www.gcx.com\\\/de\\\/#organization\"},\"alternateName\":\"GCX\",\"potentialAction\":[{\"@type\":\"SearchAction\",\"target\":{\"@type\":\"EntryPoint\",\"urlTemplate\":\"https:\\\/\\\/www.gcx.com\\\/de\\\/?s={search_term_string}\"},\"query-input\":{\"@type\":\"PropertyValueSpecification\",\"valueRequired\":true,\"valueName\":\"search_term_string\"}}],\"inLanguage\":\"de-DE\"},{\"@type\":\"Organization\",\"@id\":\"https:\\\/\\\/www.gcx.com\\\/de\\\/#organization\",\"name\":\"GCX Medical Mounting Solutions\",\"alternateName\":\"GCX\",\"url\":\"https:\\\/\\\/www.gcx.com\\\/de\\\/\",\"logo\":{\"@type\":\"ImageObject\",\"inLanguage\":\"de-DE\",\"@id\":\"https:\\\/\\\/www.gcx.com\\\/de\\\/#\\\/schema\\\/logo\\\/image\\\/\",\"url\":\"https:\\\/\\\/www.gcx.com\\\/wp-content\\\/uploads\\\/2024\\\/02\\\/gcx_logo.png\",\"contentUrl\":\"https:\\\/\\\/www.gcx.com\\\/wp-content\\\/uploads\\\/2024\\\/02\\\/gcx_logo.png\",\"width\":400,\"height\":166,\"caption\":\"GCX Medical Mounting Solutions\"},\"image\":{\"@id\":\"https:\\\/\\\/www.gcx.com\\\/de\\\/#\\\/schema\\\/logo\\\/image\\\/\"},\"sameAs\":[\"https:\\\/\\\/www.facebook.com\\\/GCXMountingSolutions\\\/\",\"https:\\\/\\\/x.com\\\/gcxcorp\",\"https:\\\/\\\/linkedin.com\\\/company\\\/gcx\",\"https:\\\/\\\/www.instagram.com\\\/gcxcorp\",\"https:\\\/\\\/www.youtube.com\\\/gcxcorp\"]}]}<\/script>\n<!-- \/ Yoast SEO plugin. -->","yoast_head_json":{"title":"Garantie und Zertifizierungen | GCX Medizinische Befestigungsl\u00f6sungen","robots":{"index":"index","follow":"follow","max-snippet":"max-snippet:-1","max-image-preview":"max-image-preview:large","max-video-preview":"max-video-preview:-1"},"canonical":"https:\/\/www.gcx.com\/de\/ueber-gcx\/garantie-und-zertifizierungen\/","og_locale":"de_DE","og_type":"article","og_title":"Garantie und Zertifizierungen | GCX Medizinische Befestigungsl\u00f6sungen","og_description":"Erfahren Sie mehr \u00fcber die GCX-Produktabdeckung und offizielle Zertifizierungen.","og_url":"https:\/\/www.gcx.com\/de\/ueber-gcx\/garantie-und-zertifizierungen\/","og_site_name":"GCX Medizinische Befestigungsl\u00f6sungen","article_publisher":"https:\/\/www.facebook.com\/GCXMountingSolutions\/","article_modified_time":"2024-04-12T17:53:20+00:00","og_image":[{"width":400,"height":166,"url":"https:\/\/www.gcx.com\/wp-content\/uploads\/2024\/02\/gcx_logo.png","type":"image\/png"}],"twitter_card":"summary_large_image","twitter_site":"@gcxcorp","schema":{"@context":"https:\/\/schema.org","@graph":[{"@type":"WebPage","@id":"https:\/\/www.gcx.com\/de\/ueber-gcx\/garantie-und-zertifizierungen\/","url":"https:\/\/www.gcx.com\/de\/ueber-gcx\/garantie-und-zertifizierungen\/","name":"Garantie und Zertifizierungen | GCX Medizinische Befestigungsl\u00f6sungen","isPartOf":{"@id":"https:\/\/www.gcx.com\/de\/#website"},"datePublished":"2024-02-23T09:29:36+00:00","dateModified":"2024-04-12T17:53:20+00:00","breadcrumb":{"@id":"https:\/\/www.gcx.com\/de\/ueber-gcx\/garantie-und-zertifizierungen\/#breadcrumb"},"inLanguage":"de-DE","potentialAction":[{"@type":"ReadAction","target":["https:\/\/www.gcx.com\/de\/ueber-gcx\/garantie-und-zertifizierungen\/"]}]},{"@type":"BreadcrumbList","@id":"https:\/\/www.gcx.com\/de\/ueber-gcx\/garantie-und-zertifizierungen\/#breadcrumb","itemListElement":[{"@type":"ListItem","position":1,"name":"Home","item":"https:\/\/www.gcx.com\/de\/"},{"@type":"ListItem","position":2,"name":"\u00dcber GCX","item":"https:\/\/www.gcx.com\/de\/ueber-gcx\/"},{"@type":"ListItem","position":3,"name":"Garantie und Zertifizierungen"}]},{"@type":"WebSite","@id":"https:\/\/www.gcx.com\/de\/#website","url":"https:\/\/www.gcx.com\/de\/","name":"GCX Medical Mounting Solutions","description":"","publisher":{"@id":"https:\/\/www.gcx.com\/de\/#organization"},"alternateName":"GCX","potentialAction":[{"@type":"SearchAction","target":{"@type":"EntryPoint","urlTemplate":"https:\/\/www.gcx.com\/de\/?s={search_term_string}"},"query-input":{"@type":"PropertyValueSpecification","valueRequired":true,"valueName":"search_term_string"}}],"inLanguage":"de-DE"},{"@type":"Organization","@id":"https:\/\/www.gcx.com\/de\/#organization","name":"GCX Medical Mounting Solutions","alternateName":"GCX","url":"https:\/\/www.gcx.com\/de\/","logo":{"@type":"ImageObject","inLanguage":"de-DE","@id":"https:\/\/www.gcx.com\/de\/#\/schema\/logo\/image\/","url":"https:\/\/www.gcx.com\/wp-content\/uploads\/2024\/02\/gcx_logo.png","contentUrl":"https:\/\/www.gcx.com\/wp-content\/uploads\/2024\/02\/gcx_logo.png","width":400,"height":166,"caption":"GCX Medical Mounting Solutions"},"image":{"@id":"https:\/\/www.gcx.com\/de\/#\/schema\/logo\/image\/"},"sameAs":["https:\/\/www.facebook.com\/GCXMountingSolutions\/","https:\/\/x.com\/gcxcorp","https:\/\/linkedin.com\/company\/gcx","https:\/\/www.instagram.com\/gcxcorp","https:\/\/www.youtube.com\/gcxcorp"]}]}},"_links":{"self":[{"href":"https:\/\/www.gcx.com\/de\/wp-json\/wp\/v2\/pages\/111363","targetHints":{"allow":["GET"]}}],"collection":[{"href":"https:\/\/www.gcx.com\/de\/wp-json\/wp\/v2\/pages"}],"about":[{"href":"https:\/\/www.gcx.com\/de\/wp-json\/wp\/v2\/types\/page"}],"author":[{"embeddable":true,"href":"https:\/\/www.gcx.com\/de\/wp-json\/wp\/v2\/users\/1"}],"replies":[{"embeddable":true,"href":"https:\/\/www.gcx.com\/de\/wp-json\/wp\/v2\/comments?post=111363"}],"version-history":[{"count":0,"href":"https:\/\/www.gcx.com\/de\/wp-json\/wp\/v2\/pages\/111363\/revisions"}],"up":[{"embeddable":true,"href":"https:\/\/www.gcx.com\/de\/wp-json\/wp\/v2\/pages\/113984"}],"wp:attachment":[{"href":"https:\/\/www.gcx.com\/de\/wp-json\/wp\/v2\/media?parent=111363"}],"curies":[{"name":"wp","href":"https:\/\/api.w.org\/{rel}","templated":true}]}}